{"id":73763,"date":"2024-11-12T17:52:08","date_gmt":"2024-11-12T16:52:08","guid":{"rendered":"https:\/\/europe.thermoking.new.local\/?page_id=73763"},"modified":"2024-11-26T17:41:24","modified_gmt":"2024-11-26T16:41:24","slug":"about","status":"publish","type":"page","link":"https:\/\/www.staging.europe.thermoking.com\/it\/about","title":{"rendered":"Informazioni"},"content":{"rendered":"\n\n<div class=\"wp-block-cover alignfull has-custom-content-position is-position-bottom-left\"><span aria-hidden=\"true\" class=\"wp-block-cover__background has-background-dim-100 has-background-dim wp-block-cover__gradient-background has-background-gradient has-cover-5050-vertical-gradient-background\"><\/span><img decoding=\"async\" class=\"wp-block-cover__image-background wp-image-70396\" alt=\"\" src=\"https:\/\/europe-thermoking.s3.eu-west-3.amazonaws.com\/wp-content\/uploads\/2024\/07\/16190726\/v2-about.jpg\" data-object-fit=\"cover\"\/><div class=\"wp-block-cover__inner-container is-layout-flow wp-block-cover-is-layout-flow\">\n<p class=\"has-white-color has-text-color has-link-color has-2-xl-font-size wp-elements-f7f9f6e09e5cb101fd6051c77d9f49a9\" style=\"margin-bottom:0\">Chi siamo<\/p>\n\n\n\n<h1 class=\"wp-block-heading alignwide has-white-color has-text-color has-link-color wp-elements-01cc3e472f91d5ca2d01dd76b7f3cc4e\">Da oltre 80 anni leader nei trasporti a temperatura controllata<\/h1>\n<\/div><\/div>\n\n\n\n\n<section class=\"wp-block-group\"><div class=\"wp-block-group__inner-container is-layout-flow wp-block-group-is-layout-flow\">\n<h2 class=\"wp-block-heading\">Sulla<br>strada pi\u00f9 a lungo<\/h2>\n\n\n\n<p class=\"has-2-xl-font-size\">Thermo King&nbsp;ha aperto la strada al trasporto a temperatura controllata nel 1938 e da allora continua ad essere leader nel settore. Oggi le nostre soluzioni includono sistemi di controllo della temperatura per furgoni, autocarri, semirimorchi, vagoni ferroviari, container aerei, marittimi e intermodali. E inoltre: sistemi di riscaldamento, ventilazione e climatizzazione (HVAC) per carrozze della metropolitana, vagoni ferroviari e autobus. Tutti i prodotti&nbsp;Thermo King&nbsp;sono supportati da una vasta rete di concessionari che mettono a disposizione i loro tecnici dell\u2019assistenza esperti e qualificati e una linea completa di ricambi originali a prezzi competitivi<\/p>\n\n\n\n<div style=\"height:var(--wp--preset--spacing--0400)\" aria-hidden=\"true\" class=\"wp-block-spacer\"><\/div>\n\n\n\n<h2 class=\"wp-block-heading\">Settore alimentare, farmaceutico e non solo<\/h2>\n\n\n\n<p class=\"has-2-xl-font-size\">Le nostre soluzioni migliorano la qualit\u00e0 della vita attraverso la protezione e la cura dei prodotti che sono importanti per le persone in tutto il mondo. Oltre al cibo che mangiamo (prodotti freschi, refrigerati e congelati) anche farmaci, fiori, auto di lusso, vernici, componenti di computer, prodotti elettronici, strumenti musicali e molto altro ancora. La nostra tecnologia di refrigerazione e controllo della temperatura mantiene questi prodotti termosensibili alla loro temperatura ottimale indipendentemente dalle condizioni ambientali. Inoltre, i nostri prodotti di riscaldamento, ventilazione e climatizzazione per i passeggeri di autobus e treni aiutano a garantisce viaggi confortevoli.<\/p>\n<\/div><\/section>\n\n\n\n<section class=\"wp-block-group alignwide\" style=\"padding-top:var(--wp--preset--spacing--section-as-parent-vertical-offset);padding-bottom:var(--wp--preset--spacing--section-as-parent-vertical-offset)\"><div class=\"wp-block-group__inner-container is-layout-constrained wp-block-group-is-layout-constrained\">\n<section class=\"wp-block-group alignwide has-innovation-blue-background-color has-background\"><div class=\"wp-block-group__inner-container is-layout-flow wp-block-group-is-layout-flow\">\n<h3 class=\"wp-block-heading alignwide has-white-color has-text-color has-link-color wp-elements-06f0cdcb9ac17c1f7825bf278c2b8124\" style=\"margin-top:0;margin-right:var(--wp--preset--spacing--0300);margin-bottom:var(--wp--preset--spacing--0400);margin-left:var(--wp--preset--spacing--0300)\">Mettiamo al primo posto ci\u00f2 che conta davvero<\/h3>\n\n\n\n<div style=\"height:var(--wp--preset--spacing--55)\" aria-hidden=\"true\" class=\"wp-block-spacer\"><\/div>\n\n\n\n<div class=\"wp-block-columns alignwide tw-gap-16 md-tw-gap-32 is-layout-flex wp-container-core-columns-is-layout-9d6595d7 wp-block-columns-is-layout-flex\">\n<div class=\"wp-block-column is-layout-flow wp-block-column-is-layout-flow\"><div class=\"wp-block-image\">\n<figure class=\"aligncenter size-full is-resized\"><img decoding=\"async\" src=\"https:\/\/europe-thermoking.s3.eu-west-3.amazonaws.com\/wp-content\/uploads\/2024\/07\/23122308\/v2-icon-globe-duotone.png\" alt=\"\" class=\"wp-image-70601\" style=\"width:60px\"\/><\/figure><\/div>\n\n\n<p class=\"has-text-align-center has-white-color has-text-color has-link-color has-2-xl-font-size wp-elements-104e8dde45eeaef13a4277841b9ef244\" style=\"margin-top:var(--wp--preset--spacing--40);margin-bottom:var(--wp--preset--spacing--40);font-style:normal;font-weight:600;line-height:1.3\">Prestazioni e valore<\/p>\n\n\n\n<p class=\"has-text-align-center has-white-color has-text-color has-link-color wp-elements-cc295dbe49a23e1b989d36225d9f32b3\" style=\"font-style:normal;font-weight:500\">massima produttivit\u00e0 e affidabilit\u00e0<\/p>\n<\/div>\n\n\n\n<div class=\"wp-block-column is-layout-flow wp-block-column-is-layout-flow\"><div class=\"wp-block-image\">\n<figure class=\"aligncenter size-full is-resized\"><img decoding=\"async\" src=\"https:\/\/europe-thermoking.s3.eu-west-3.amazonaws.com\/wp-content\/uploads\/2024\/07\/23122359\/v2-icon-user-headset-duotone.png\" alt=\"\" class=\"wp-image-70616\" style=\"width:60px\"\/><\/figure><\/div>\n\n\n<p class=\"has-text-align-center has-white-color has-text-color has-link-color has-2-xl-font-size wp-elements-54e4693689ce04b187da2a10bb6b5d8e\" style=\"margin-top:var(--wp--preset--spacing--40);margin-bottom:var(--wp--preset--spacing--40);font-style:normal;font-weight:600;line-height:1.3\"><strong>Risparmi integrati&nbsp;<\/strong><\/p>\n\n\n\n<p class=\"has-text-align-center has-white-color has-text-color has-link-color wp-elements-aeb512b49a7171f830afe823573aefd7\" style=\"font-style:normal;font-weight:500\">costi totali di propriet\u00e0 ridotti al minimo<\/p>\n<\/div>\n\n\n\n<div class=\"wp-block-column is-layout-flow wp-block-column-is-layout-flow\"><div class=\"wp-block-image\">\n<figure class=\"aligncenter size-full is-resized\"><img decoding=\"async\" src=\"https:\/\/europe-thermoking.s3.eu-west-3.amazonaws.com\/wp-content\/uploads\/2024\/07\/23122427\/v2-icon-assistance-duotone.png\" alt=\"\" class=\"wp-image-70631\" style=\"width:60px\"\/><\/figure><\/div>\n\n\n<p class=\"has-text-align-center has-white-color has-text-color has-link-color has-2-xl-font-size wp-elements-3d0325e856161a03720dbbd2942beec3\" style=\"margin-top:var(--wp--preset--spacing--40);margin-bottom:var(--wp--preset--spacing--40);font-style:normal;font-weight:600;line-height:1.3\">Assistenza e supporto competenti<\/p>\n\n\n\n<p class=\"has-text-align-center has-white-color has-text-color has-link-color wp-elements-942cb9cc0a4f80ee361ce001c91e5d71\" style=\"font-style:normal;font-weight:500\">rete di concessionari ampia ed esperta<\/p>\n<\/div>\n\n\n\n<div class=\"wp-block-column is-layout-flow wp-block-column-is-layout-flow\"><div class=\"wp-block-image\">\n<figure class=\"aligncenter size-full is-resized\"><img decoding=\"async\" src=\"https:\/\/europe-thermoking.s3.eu-west-3.amazonaws.com\/wp-content\/uploads\/2024\/07\/23124236\/v2-icon-sun-duotone.png\" alt=\"\" class=\"wp-image-70657\" style=\"width:60px\"\/><\/figure><\/div>\n\n\n<p class=\"has-text-align-center has-white-color has-text-color has-link-color has-2-xl-font-size wp-elements-0d23fefab3b57a91af41fe7388f2f9dc\" style=\"margin-top:var(--wp--preset--spacing--40);margin-bottom:var(--wp--preset--spacing--40);font-style:normal;font-weight:600;line-height:1.3\">Sostenibilit\u00e0 mirata<\/p>\n\n\n\n<p class=\"has-text-align-center has-white-color has-text-color has-link-color wp-elements-6b0a9b88872c0215ecb3c1fc185e2a3d\" style=\"font-style:normal;font-weight:500\">soluzioni sostenibili all\u2019avanguardia per le imprese<\/p>\n<\/div>\n<\/div>\n<\/div><\/section>\n<\/div><\/section>\n\n\n\n<section class=\"wp-block-group\"><div class=\"wp-block-group__inner-container is-layout-flow wp-block-group-is-layout-flow\">\n<div class=\"wp-block-columns tw-gap-16 tw-md-gap-32 is-layout-flex wp-container-core-columns-is-layout-9d6595d7 wp-block-columns-is-layout-flex\">\n<div class=\"wp-block-column is-layout-flow wp-block-column-is-layout-flow\">\n<h3 class=\"wp-block-heading\">Prestazioni e valore<\/h3>\n\n\n\n<p>Quando le apparecchiature per il trasporto funzionano in modo affidabile ed efficiente si proteggono i profitti.&nbsp;Le apparecchiature&nbsp;Thermo King&nbsp;dimostrano la massima affidabilit\u00e0 e i nostri prodotti mantengono il loro valore meglio di qualunque altro marchio nel settore.<\/p>\n\n\n\n<div style=\"height:var(--wp--preset--spacing--0200)\" aria-hidden=\"true\" class=\"wp-block-spacer\"><\/div>\n\n\n\n<h3 class=\"wp-block-heading\">Risparmi integrati<\/h3>\n\n\n\n<p>Il design migliorato offre un costo totale di propriet\u00e0 ridotto. La struttura robusta, insieme all\u2019affidabilit\u00e0 e all\u2019efficienza comprovate fanno risparmiare sui costi per l\u2019assistenza e la manutenzione. La sostenibilit\u00e0 dei nostri design consente di ridurre il consumo di energia. Le nostre verifiche di qualit\u00e0 migliorano le prestazioni e la produttivit\u00e0 dei prodotti. Inoltre, gli intervalli prolungati per la manutenzione fanno risparmiare tempo e denaro.<\/p>\n<\/div>\n\n\n\n<div class=\"wp-block-column is-layout-flow wp-block-column-is-layout-flow\">\n<div style=\"height:var(--wp--preset--spacing--0400)\" aria-hidden=\"true\" class=\"wp-block-spacer\"><\/div>\n\n\n\n<h3 class=\"wp-block-heading\">Assistenza e supporto competenti<\/h3>\n\n\n\n<p>La rete di concessionari&nbsp;Thermo King&nbsp;\u00e8 all\u2019avanguardia a livello globale per quanto riguarda l\u2019assistenza e il supporto ai clienti. Oltre 500 punti di assistenza in 75 paesi impiegano pi\u00f9 di 1400 tecnici&nbsp;Thermo King&nbsp;qualificati e certificati. Non importa dove vi trovate, raramente sarete a pi\u00f9 di due ore di distanza da un punto di assistenza 24 ore su 24, disponibile tramite una linea di assistenza telefonica multilingue. E con le&nbsp;soluzioni di assistenza&nbsp;e&nbsp;manutenzione ThermoKare, \u00e8 possibile scegliere il programma di assistenza che si adatta meglio alle vostre esigenze aziendali.<\/p>\n\n\n\n<div style=\"height:var(--wp--preset--spacing--0200)\" aria-hidden=\"true\" class=\"wp-block-spacer\"><\/div>\n\n\n\n<h3 class=\"wp-block-heading\">Sostenibilit\u00e0 mirata<\/h3>\n\n\n\n<p>Le nostre soluzioni sostenibili sono studiate per avere un impatto positivo sull\u2019ambiente \u2013 e sui vostri profitti. Per questo offriamo motori diesel pi\u00f9 efficienti e a emissioni ridotte che riducono la produzione di CO<sub>2<\/sub>&nbsp;e fanno risparmiare sui costi per il carburante. Offriamo il controllo della temperatura completamente elettrico, la refrigerazione ibrida diesel\/elettrica, che riducono i costi per il carburante, sono conformi alle normative pi\u00f9 recenti e a quelle di prossima attuazione e consentono di operare in modo pi\u00f9 efficiente.<\/p>\n<\/div>\n<\/div>\n<\/div><\/section>\n\n\n\n<section class=\"wp-block-group alignfull\"><div class=\"wp-block-group__inner-container is-layout-constrained wp-block-group-is-layout-constrained\">\n\n<h2 class=\"wp-block-heading\" style=\"font-style:normal;font-weight:500\">Innovazione basata sulle esigenze dei clienti<\/h2>\n\n\n\n<p>Thermo King&nbsp;\u00e8 nata quando qualcuno ha chiesto a Joe Numero se poteva far qualcosa per mantenere fresco un carico di polli durante il trasporto. Ha accettato la sfida avvalendosi del genio ingegneristico di Frederick M. Jones, con il quale ha dato vita all\u2019azienda&nbsp;Thermo King. Non abbiamo mai dimenticato che l\u2019innovazione inizia ascoltando le esigenze dei clienti.<\/p>\n\n<\/div><\/section>\n\n\n\n<section class=\"wp-block-group alignfull has-white-smoke-background-color has-background\"><div class=\"wp-block-group__inner-container is-layout-constrained wp-block-group-is-layout-constrained\">\n\n<h2 class=\"wp-block-heading\" style=\"font-style:normal;font-weight:500;letter-spacing:-1px\">Ricerca e sviluppo avanzati<\/h2>\n\n\n\n<p>La qualit\u00e0 dei prodotti \u00e8 essenziale per ottimizzare i profitti e avere la massima tranquillit\u00e0. I nostri stabilimenti all&#8217;avanguardia sono attrezzati a questo scopo con le tecnologie e i processi pi\u00f9 avanzati del settore. Qui, lavorando a stretto contatto con i nostri gruppi di progettazione, capiamo in che modo la tecnologia influisce sulle caratteristiche critiche dei prodotti.<\/p>\n\n<\/div><\/section>\n\n\n\n<section class=\"wp-block-group\"><div class=\"wp-block-group__inner-container is-layout-constrained wp-block-group-is-layout-constrained\">\n<h2 class=\"wp-block-heading\">I tecnici pi\u00f9 qualificati<\/h2>\n\n\n\n<p class=\"has-xl-font-size\">Quando Joe Numero ha fondato la&nbsp;Thermo King&nbsp;Corporation&nbsp;nel 1938, ha sottolineato l\u2019importanza di avere un prodotto di alta qualit\u00e0 supportato da un servizio di alta qualit\u00e0. Egli riteneva che l\u2019eccellenza della formazione dei tecnici fosse l\u2019elemento chiave per fornire ai clienti&nbsp;Thermo King&nbsp;un servizio di assistenza di livello superiore. Oggi, il centro di formazione&nbsp;Thermo King&nbsp;\u00e8 leader nel settore della formazione e l\u2019istruzione dei tecnici. I corsi destinati ai tecnici sono studiati per migliorare:<\/p>\n\n\n\n<p class=\"has-xl-font-size\">I corsi sono tenuti da un team di professionisti qualificati con le conoscenze che derivano da anni di esperienza sul campo.<\/p>\n\n\n\n<ul class=\"wp-block-list\">\n<li class=\"has-xl-font-size\">La conoscenza tecnica dell\u2019unit\u00e0 e del settore<\/li>\n\n\n\n<li class=\"has-xl-font-size\">Le capacit\u00e0 di pensiero critico per le procedure di diagnostica e manutenzione<\/li>\n\n\n\n<li class=\"has-xl-font-size\">La capacit\u00e0 e la competenza per l\u2019assistenza, la manutenzione e le riparazioni<\/li>\n<\/ul>\n\n\n\n<figure class=\"wp-block-image size-full\"><img decoding=\"async\" src=\"https:\/\/europe-thermoking.s3.eu-west-3.amazonaws.com\/wp-content\/uploads\/2024\/05\/29102211\/dsn-certificates.png\" alt=\"\" class=\"wp-image-70175\"\/><\/figure>\n<\/div><\/section>\n","protected":false},"excerpt":{"rendered":"<p>Sullastrada pi\u00f9 a lungo Thermo King&nbsp;ha aperto la strada al trasporto a temperatura controllata nel 1938 e da allora continua ad essere leader nel settore. Oggi le nostre soluzioni includono sistemi di controllo della temperatura per furgoni, autocarri, semirimorchi, vagoni ferroviari, container aerei, marittimi e intermodali. E inoltre: sistemi di riscaldamento, ventilazione e climatizzazione (HVAC) [&hellip;]<\/p>\n","protected":false},"author":1,"featured_media":0,"parent":0,"menu_order":0,"comment_status":"closed","ping_status":"closed","template":"","meta":{"_acf_changed":false,"footnotes":""},"class_list":["post-73763","page","type-page","status-publish","hentry"],"acf":[],"_links":{"self":[{"href":"https:\/\/www.staging.europe.thermoking.com\/it\/wp-json\/wp\/v2\/pages\/73763","targetHints":{"allow":["GET"]}}],"collection":[{"href":"https:\/\/www.staging.europe.thermoking.com\/it\/wp-json\/wp\/v2\/pages"}],"about":[{"href":"https:\/\/www.staging.europe.thermoking.com\/it\/wp-json\/wp\/v2\/types\/page"}],"author":[{"embeddable":true,"href":"https:\/\/www.staging.europe.thermoking.com\/it\/wp-json\/wp\/v2\/users\/1"}],"replies":[{"embeddable":true,"href":"https:\/\/www.staging.europe.thermoking.com\/it\/wp-json\/wp\/v2\/comments?post=73763"}],"version-history":[{"count":3,"href":"https:\/\/www.staging.europe.thermoking.com\/it\/wp-json\/wp\/v2\/pages\/73763\/revisions"}],"predecessor-version":[{"id":74182,"href":"https:\/\/www.staging.europe.thermoking.com\/it\/wp-json\/wp\/v2\/pages\/73763\/revisions\/74182"}],"wp:attachment":[{"href":"https:\/\/www.staging.europe.thermoking.com\/it\/wp-json\/wp\/v2\/media?parent=73763"}],"curies":[{"name":"wp","href":"https:\/\/api.w.org\/{rel}","templated":true}]}}