{"id":68827,"date":"2024-02-27T11:03:27","date_gmt":"2024-02-27T10:03:27","guid":{"rendered":"https:\/\/europe.thermoking.new.local\/?page_id=68827"},"modified":"2024-11-22T11:34:19","modified_gmt":"2024-11-22T10:34:19","slug":"technologies","status":"publish","type":"page","link":"https:\/\/www.staging.europe.thermoking.com\/it\/technologies","title":{"rendered":"Tecnologie"},"content":{"rendered":"\n\n<div class=\"wp-block-cover alignfull has-custom-content-position is-position-bottom-left\"><span aria-hidden=\"true\" class=\"wp-block-cover__background has-background-dim-100 has-background-dim wp-block-cover__gradient-background has-background-gradient has-cover-5050-vertical-gradient-background\"><\/span><img decoding=\"async\" class=\"wp-block-cover__image-background wp-image-70455\" alt=\"\" src=\"https:\/\/europe-thermoking.s3.eu-west-3.amazonaws.com\/wp-content\/uploads\/2024\/07\/17102947\/v2-technologies.jpg\" style=\"object-position:50% 50%\" data-object-fit=\"cover\" data-object-position=\"50% 50%\"\/><div class=\"wp-block-cover__inner-container is-layout-flow wp-block-cover-is-layout-flow\">\n<p class=\"has-white-color has-text-color has-link-color has-2-xl-font-size wp-elements-82a06cc9c03bd081eb87a36d3c12252b\" style=\"margin-bottom:0\">Technologies<\/p>\n\n\n\n<h1 class=\"wp-block-heading has-white-color has-text-color has-link-color wp-elements-56f2a15e5a7e9d973397b16ba1186a01\">Tecnologie innovative e sostenibili per il trasporto refrigerato<\/h1>\n<\/div><\/div>\n\n\n\n\n<section class=\"wp-block-group\"><div class=\"wp-block-group__inner-container is-layout-constrained wp-block-group-is-layout-constrained\">\n<h2 class=\"wp-block-heading\">La rivoluzione della catena del freddo<\/h2>\n\n\n\n<p class=\"has-2-xl-font-size\">Oltre 80 anni fa, i nostri motocompressori hanno iniziato a rivoluzionare la catena del freddo.<\/p>\n\n\n\n<p class=\"has-2-xl-font-size\">Oggi,&nbsp;Thermo King&nbsp;apre la strada verso soluzioni di raffreddamento pi\u00f9 sostenibili proponendo un numero sempre crescente di fonti di energia alternative e innovative che superano le capacit\u00e0 dei combustibili fossili.<\/p>\n<\/div><\/section>\n\n\n\n<section class=\"wp-block-group alignwide\"><div class=\"wp-block-group__inner-container is-layout-flow wp-block-group-is-layout-flow\">\n<div class=\"wp-block-columns alignfull has-innovation-blue-background-color has-background is-layout-flex wp-container-core-columns-is-layout-cfe8cdbd wp-block-columns-is-layout-flex\" style=\"padding-top:0;padding-right:0;padding-bottom:0;padding-left:0\">\n<div class=\"wp-block-column is-layout-flow wp-block-column-is-layout-flow\" style=\"flex-basis:66.66%\">\n<div style=\"padding:56.25% 0 0 0;position:relative;\"><iframe src=\"https:\/\/player.vimeo.com\/video\/901452699?badge=0&amp;autopause=0&amp;player_id=0&amp;app_id=58479\" frameborder=\"0\" allow=\"autoplay; fullscreen; picture-in-picture; clipboard-write\" style=\"position:absolute;top:0;left:0;width:100%;height:100%;\" title=\"Thermo King Alternative Energy Animation EN\"><\/iframe><\/div><script src=\"https:\/\/player.vimeo.com\/api\/player.js\"><\/script>\n<\/div>\n\n\n\n<div class=\"wp-block-column is-vertically-aligned-center is-layout-flow wp-block-column-is-layout-flow\" style=\"padding-top:var(--wp--preset--spacing--0400);padding-right:var(--wp--preset--spacing--0300);padding-bottom:var(--wp--preset--spacing--0400);padding-left:var(--wp--preset--spacing--0300);flex-basis:33.33%\">\n<p class=\"has-white-color has-text-color has-link-color has-4-xl-font-size wp-elements-7f9a6d359c64a2cb4d5580279d143207\" style=\"font-style:normal;font-weight:500;line-height:1.25\">Tecnologie innovative e sostenibili per il trasporto refrigerato<\/p>\n<\/div>\n<\/div>\n<\/div><\/section>\n\n\n\n<div class=\"wp-block-group alignfull js-sticky-nav\" id=\"evolve\" style=\"border-bottom-color:var(--wp--preset--color--neutral-gray);border-bottom-width:1px\"><div class=\"wp-block-group__inner-container is-layout-constrained wp-block-group-is-layout-constrained\">\n<section class=\"wp-block-group alignwide\" style=\"border-bottom-color:var(--wp--preset--color--neutral-gray);padding-top:var(--wp--preset--spacing--40);padding-bottom:var(--wp--preset--spacing--40)\"><div class=\"wp-block-group__inner-container is-layout-flow wp-block-group-is-layout-flow\">\n<div class=\"wp-block-group alignwide tw-gap-8 is-nowrap is-layout-flex wp-container-core-group-is-layout-ad2f72ca wp-block-group-is-layout-flex\">\n<div class=\"wp-block-group\" style=\"border-right-color:var(--wp--preset--color--innovation-blue);border-right-width:1px;padding-right:var(--wp--preset--spacing--0200)\"><div class=\"wp-block-group__inner-container is-layout-constrained wp-container-core-group-is-layout-4b25f6e1 wp-block-group-is-layout-constrained\">\n<h4 class=\"wp-block-heading has-innovation-blue-color has-text-color has-link-color wp-elements-0d8597500b0d91a0eb8654505414d952\" style=\"margin-top:0;margin-bottom:0;line-height:1\">Evolve<\/h4>\n<\/div><\/div>\n\n\n\n<p class=\"js-scroll has-innovation-blue-color has-text-color has-link-color has-xl-font-size wp-elements-cad07d7cf4503dac16b208bdd1a4c98c\" style=\"font-style:normal;font-weight:600\"><a href=\"#fuel-driven-technologies\" data-type=\"internal\" data-id=\"#fuel-driven-technologies\">Tecnologie alimentate dal carburante<\/a><\/p>\n\n\n\n<p class=\"js-scroll has-innovation-blue-color has-text-color has-link-color wp-elements-4fda8a7e07382f0e1c17489b8f27e9e5\"><a href=\"#fuel-driven-technologies\" data-type=\"internal\" data-id=\"#fuel-driven-technologies\">[tkicon icon=&#8221;arrow-down&#8221;]<\/a><\/p>\n<\/div>\n\n\n\n<div class=\"wp-block-group alignwide tw-gap-4 tw-md-gap-8 has-lg-font-size is-layout-flex wp-block-group-is-layout-flex\" style=\"margin-top:var(--wp--preset--spacing--0100);font-style:normal;font-weight:500\">\n<p class=\"js-scroll has-innovation-blue-color has-text-color has-link-color wp-elements-d428c4db64ca5b540f11e2e2db89b1b9\"><a href=\"#axlepower\" data-type=\"internal\" data-id=\"#axlepower\">AxlePower<\/a><\/p>\n\n\n\n<p class=\"js-scroll has-innovation-blue-color has-text-color has-link-color wp-elements-e73c8cbd7ef522fbb489eb14a67683c7\"><a href=\"#hybriddrive\">HybridDrive<\/a><\/p>\n\n\n\n<p class=\"js-scroll has-innovation-blue-color has-text-color has-link-color wp-elements-e70f1a21a8d8b9d98c66412188fb076f\"><a href=\"#envirodrive\">EnviroDrive<\/a><\/p>\n\n\n\n<p class=\"js-scroll has-innovation-blue-color has-text-color has-link-color wp-elements-df72cf4b3b0e631b7c0fd2a304cbb0fa\"><a href=\"#be-tech\">BE-Tech<\/a><\/p>\n<\/div>\n<\/div><\/section>\n<\/div><\/div>\n\n\n\n<section class=\"wp-block-group\"><div class=\"wp-block-group__inner-container is-layout-constrained wp-block-group-is-layout-constrained\">\n<figure class=\"wp-block-image size-tk-logo\" id=\"evolve\"><img loading=\"lazy\" decoding=\"async\" width=\"160\" height=\"33\" src=\"https:\/\/europe-thermoking.s3.eu-west-3.amazonaws.com\/wp-content\/uploads\/2024\/02\/27110057\/evolve-logo-160x33.png\" alt=\"\" class=\"wp-image-68658\" srcset=\"https:\/\/europe-thermoking.s3.eu-west-3.amazonaws.com\/wp-content\/uploads\/2024\/02\/27110057\/evolve-logo-160x33.png 160w, https:\/\/europe-thermoking.s3.eu-west-3.amazonaws.com\/wp-content\/uploads\/2024\/02\/27110057\/evolve-logo-320x67.png 320w, https:\/\/europe-thermoking.s3.eu-west-3.amazonaws.com\/wp-content\/uploads\/2024\/02\/27110057\/evolve-logo-40x8.png 40w, https:\/\/europe-thermoking.s3.eu-west-3.amazonaws.com\/wp-content\/uploads\/2024\/02\/27110057\/evolve-logo-80x17.png 80w, https:\/\/europe-thermoking.s3.eu-west-3.amazonaws.com\/wp-content\/uploads\/2024\/02\/27110057\/evolve-logo-640x133.png 640w, https:\/\/europe-thermoking.s3.eu-west-3.amazonaws.com\/wp-content\/uploads\/2024\/02\/27110057\/evolve-logo-960x200.png 960w, https:\/\/europe-thermoking.s3.eu-west-3.amazonaws.com\/wp-content\/uploads\/2024\/02\/27110057\/evolve-logo.png 962w\" sizes=\"auto, (max-width: 160px) 100vw, 160px\" \/><\/figure>\n\n\n\n<div style=\"height:var(--wp--preset--spacing--40)\" aria-hidden=\"true\" class=\"wp-block-spacer\"><\/div>\n\n\n\n<div style=\"height:1rem\" aria-hidden=\"true\" class=\"wp-block-spacer\"><\/div>\n\n\n\n<h2 class=\"wp-block-heading has-copr-color has-text-color has-link-color wp-elements-42eba3815acc7720a07e556254d464f6\">Refrigerazione Totalmente Elettrica<\/h2>\n\n\n\n<p class=\"has-2-xl-font-size\">Rendi sostenibile il tuo parco veicoli scegliendo evolve&#x2122;, le soluzioni di refrigerazione completamente elettrica che&nbsp;Thermo King&nbsp;propone per&nbsp;autocarri, semirimorchi, furgoni e veicoli commerciali leggeri. Con una soluzione per&nbsp;ogni segmento della catena del freddo,&nbsp;la gamma&nbsp;Thermo Kingevolve&#x2122;&nbsp;riesce a soddisfare qualsiasi esigenza.<\/p>\n<\/div><\/section>\n\n\n\n<section class=\"wp-block-group\" style=\"padding-top:2rem\"><div class=\"wp-block-group__inner-container is-layout-constrained wp-block-group-is-layout-constrained\">\n<h5 class=\"wp-block-heading\" id=\"axlepower\">AxlePower<\/h5>\n\n\n\n<h2 class=\"wp-block-heading has-copr-color has-text-color has-link-color wp-elements-6acd987e6a7ce96f5bbd6b3d7beb8dff\">Sistema intelligente di recupero energetico per la refrigerazione dei semirimorchi<\/h2>\n\n\n\n<p class=\"has-2-xl-font-size\">Un sistema di recupero energetico intelligente, montato sul semirimorchio, che consente una&nbsp;<strong>refrigerazione davvero senza emissioni.<\/strong>&nbsp;L\u2019assale ePower di BPW recupera l\u2019energia che altrimenti andrebbe sprecata e la immagazzina nell\u2019Energ-e Pack. Questa riserva di energia pu\u00f2 essere utilizzata per alimentare l\u2019unit\u00e0 di refrigerazione senza azionare il motore.<\/p>\n<\/div><\/section>\n\n\n\n<figure class=\"wp-block-embed is-type-video is-provider-vimeo wp-block-embed-vimeo wp-embed-aspect-16-9 wp-has-aspect-ratio\" style=\"margin-bottom:var(--wp--preset--spacing--0400)\"><div class=\"wp-block-embed__wrapper\">\n<iframe loading=\"lazy\" title=\"English - AxlePower Technical Video\" src=\"https:\/\/player.vimeo.com\/video\/821932172?dnt=1&amp;app_id=122963\" width=\"500\" height=\"281\" frameborder=\"0\" allow=\"autoplay; fullscreen; picture-in-picture; clipboard-write\"><\/iframe>\n<\/div><\/figure>\n\n\n\n<section class=\"wp-block-group\"><div class=\"wp-block-group__inner-container is-layout-constrained wp-block-group-is-layout-constrained\">\n<h5 class=\"wp-block-heading\" id=\"hybriddrive\">HybridDrive<\/h5>\n\n\n\n<h2 class=\"wp-block-heading has-copr-color has-text-color has-link-color wp-elements-7b96eb4719d0f89ff68b3d2384070d0f\">Energia elettrica e carburante insieme<\/h2>\n\n\n\n<p class=\"has-2-xl-font-size\">Una fonte di energia progettata per la&nbsp;<strong>flessibilit\u00e0<\/strong>. La tecnologia pu\u00f2 funzionare sia con il diesel che con l\u2019energia elettrica. Utilizzando la potenza del geofencing, HybridDrive passa automaticamente alla modalit\u00e0 PIEK, sostenibile e ultra silenziosa, quando il veicolo entra in zone a emissioni zero e a bassa rumorosit\u00e0. In questo modo autocarri, semirimorchi o autocarri rigidi funzioneranno sempre al meglio, sia in autostrada che nelle aree urbane.<\/p>\n<\/div><\/section>\n\n\n\n<figure class=\"wp-block-embed is-type-video is-provider-vimeo wp-block-embed-vimeo wp-embed-aspect-16-9 wp-has-aspect-ratio\" style=\"margin-bottom:var(--wp--preset--spacing--0400)\"><div class=\"wp-block-embed__wrapper\">\n<iframe loading=\"lazy\" title=\"Hybriddrive_Technical Animation_EN\" src=\"https:\/\/player.vimeo.com\/video\/817265695?dnt=1&amp;app_id=122963\" width=\"500\" height=\"281\" frameborder=\"0\" allow=\"autoplay; fullscreen; picture-in-picture; clipboard-write\"><\/iframe>\n<\/div><\/figure>\n\n\n\n<section class=\"wp-block-group\"><div class=\"wp-block-group__inner-container is-layout-constrained wp-block-group-is-layout-constrained\">\n<h5 class=\"wp-block-heading\" id=\"envirodrive\">EnviroDrive<\/h5>\n\n\n\n<h2 class=\"wp-block-heading has-copr-color has-text-color has-link-color wp-elements-f806a0ff620f04f9c004c29c5243fa9a\" style=\"margin-bottom:0\">Tecnologia dell&#8217;alternatore<\/h2>\n\n\n\n<p class=\"has-innovation-blue-color has-text-color has-link-color has-2-xl-font-size wp-elements-3a79f05baab6849ca61bee8fe4f7faef\" style=\"margin-top:-0.25rem;margin-bottom:var(--wp--preset--spacing--0200)\">sviluppata da Frigoblock<\/p>\n\n\n\n<p class=\"has-2-xl-font-size\">Energia dell\u2019alternatore generata dal motore del veicolo. La tecnologia dell\u2019alternatore sviluppata da Frigoblock funziona con un\u2019efficienza superiore al 90% e con una&nbsp;minima perdita di trasferimento di energia&nbsp;per contenere i costi del carburante e le emissioni di carbonio.<\/p>\n\n\n\n<div style=\"height:var(--wp--preset--spacing--55)\" aria-hidden=\"true\" class=\"wp-block-spacer\"><\/div>\n<\/div><\/section>\n\n\n\n<figure class=\"wp-block-embed is-type-video is-provider-vimeo wp-block-embed-vimeo wp-embed-aspect-16-9 wp-has-aspect-ratio\" style=\"margin-bottom:var(--wp--preset--spacing--0400)\"><div class=\"wp-block-embed__wrapper\">\n<iframe loading=\"lazy\" title=\"Envirodrive_Technical Animation_EN\" src=\"https:\/\/player.vimeo.com\/video\/817266814?dnt=1&amp;app_id=122963\" width=\"500\" height=\"281\" frameborder=\"0\" allow=\"autoplay; fullscreen; picture-in-picture; clipboard-write\"><\/iframe>\n<\/div><\/figure>\n\n\n\n<section class=\"wp-block-group\"><div class=\"wp-block-group__inner-container is-layout-constrained wp-block-group-is-layout-constrained\">\n<h5 class=\"wp-block-heading\" id=\"be-tech\">BE-Tech<\/h5>\n\n\n\n<h2 class=\"wp-block-heading has-copr-color has-text-color has-link-color wp-elements-7e7a2817b55d1962ea1372269d180d04\">L\u2019innovazione a batteria<\/h2>\n\n\n\n<p class=\"has-2-xl-font-size\">Tecnologia per il trasporto refrigerato completamente elettrica che trae energia dalla batteria del veicolo. Grazie a studi approfonditi e sviluppi all\u2019avanguardia, lo scambio di energia \u00e8&nbsp;altamente efficiente&nbsp;per garantire il minor impatto possibile sull\u2019autonomia del veicolo.<\/p>\n<\/div><\/section>\n\n\n\n<figure class=\"wp-block-embed is-type-video is-provider-vimeo wp-block-embed-vimeo wp-embed-aspect-16-9 wp-has-aspect-ratio\" style=\"margin-bottom:var(--wp--preset--spacing--0400)\"><div class=\"wp-block-embed__wrapper\">\n<iframe loading=\"lazy\" title=\"BEtech_Technical Animation_EN\" src=\"https:\/\/player.vimeo.com\/video\/817266130?dnt=1&amp;app_id=122963\" width=\"500\" height=\"281\" frameborder=\"0\" allow=\"autoplay; fullscreen; picture-in-picture; clipboard-write\"><\/iframe>\n<\/div><\/figure>\n\n\n\n<div style=\"height:var(--wp--preset--spacing--80)\" aria-hidden=\"true\" class=\"wp-block-spacer\"><\/div>\n\n\n\n<div class=\"wp-block-group alignfull js-sticky-nav\" id=\"fuel-driven-technologies\" style=\"border-bottom-color:var(--wp--preset--color--neutral-gray);border-bottom-width:1px\"><div class=\"wp-block-group__inner-container is-layout-constrained wp-block-group-is-layout-constrained\">\n<section class=\"wp-block-group alignwide\" style=\"border-bottom-color:var(--wp--preset--color--neutral-gray);padding-top:var(--wp--preset--spacing--40);padding-bottom:var(--wp--preset--spacing--40)\"><div class=\"wp-block-group__inner-container is-layout-flow wp-block-group-is-layout-flow\">\n<div class=\"wp-block-group alignwide tw-gap-8 is-nowrap is-layout-flex wp-container-core-group-is-layout-ad2f72ca wp-block-group-is-layout-flex\">\n<div class=\"wp-block-group\" style=\"border-right-color:var(--wp--preset--color--innovation-blue);border-right-width:1px;padding-right:var(--wp--preset--spacing--0200)\"><div class=\"wp-block-group__inner-container is-layout-constrained wp-container-core-group-is-layout-4b25f6e1 wp-block-group-is-layout-constrained\">\n<h4 class=\"wp-block-heading has-innovation-blue-color has-text-color has-link-color wp-elements-c0205fe22c8d231f56df33f3959b22d8\" style=\"margin-top:0;margin-bottom:0;line-height:1\">Tecnologie alimentate dal carburante<\/h4>\n<\/div><\/div>\n\n\n\n<p class=\"js-scroll has-innovation-blue-color has-text-color has-link-color has-xl-font-size wp-elements-15e2f6a73b21b56b4c0c7a18bab16b0e\" style=\"font-style:normal;font-weight:600\"><a href=\"#evolve\" data-type=\"internal\" data-id=\"#evolve\">Evolve<\/a><\/p>\n\n\n\n<p class=\"js-scroll has-innovation-blue-color has-text-color has-link-color wp-elements-567d4b2ccb29a42dba7d6146f475eb02\"><a href=\"#evolve\" data-type=\"internal\" data-id=\"#evolve\">[tkicon icon=&#8221;arrow-up&#8221;]<\/a><\/p>\n<\/div>\n\n\n\n<div class=\"wp-block-group alignwide tw-gap-4 tw-md-gap-8 has-lg-font-size is-layout-flex wp-block-group-is-layout-flex\" style=\"margin-top:var(--wp--preset--spacing--0100);font-style:normal;font-weight:500\">\n<p class=\"js-scroll has-innovation-blue-color has-text-color has-link-color wp-elements-35bf1ecef72bd6945b85ae80d31d6131\"><a href=\"#greentech\" data-type=\"internal\" data-id=\"#greentech\">GreenTech<\/a><a href=\"#axlepower\" data-type=\"internal\" data-id=\"#axlepower\"><\/a><\/p>\n\n\n\n<p class=\"js-scroll has-innovation-blue-color has-text-color has-link-color wp-elements-8a25f14754fec98e1d5952c34beb98f5\"><a href=\"#directdrive\">DirectDrive<\/a><a href=\"#hybriddrive\"><\/a><\/p>\n<\/div>\n<\/div><\/section>\n<\/div><\/div>\n\n\n\n<section class=\"wp-block-group\"><div class=\"wp-block-group__inner-container is-layout-constrained wp-block-group-is-layout-constrained\">\n<h5 class=\"wp-block-heading\" id=\"greentech\">GreenTech<\/h5>\n\n\n\n<h2 class=\"wp-block-heading has-copr-color has-text-color has-link-color wp-elements-eba2629de15127d7131cb355432883d5\">Tecnologia a carburante, a basse emissioni<\/h2>\n\n\n\n<p class=\"has-2-xl-font-size\">La tecnologia di controllo della temperatura alimentata dal carburante pi\u00f9 efficiente sul mercato. GreenTech offre le emissioni pi\u00f9 basse fra le unit\u00e0 alimentate a carburante e un\u2019affidabilit\u00e0 senza compromessi. La compatibilit\u00e0 con biodiesel, HVO-XTL e altri carburanti alternativi rende il parco veicoli alimentati a carburante davvero a prova di futuro.<\/p>\n\n\n\n<div style=\"height:var(--wp--preset--spacing--55)\" aria-hidden=\"true\" class=\"wp-block-spacer\"><\/div>\n<\/div><\/section>\n\n\n\n<figure class=\"wp-block-embed is-type-video is-provider-vimeo wp-block-embed-vimeo wp-embed-aspect-16-9 wp-has-aspect-ratio\" style=\"margin-bottom:var(--wp--preset--spacing--0400)\"><div class=\"wp-block-embed__wrapper\">\n<iframe loading=\"lazy\" title=\"Greentech_Technical Animation_EN\" src=\"https:\/\/player.vimeo.com\/video\/817265169?dnt=1&amp;app_id=122963\" width=\"500\" height=\"281\" frameborder=\"0\" allow=\"autoplay; fullscreen; picture-in-picture; clipboard-write\"><\/iframe>\n<\/div><\/figure>\n\n\n\n<section class=\"wp-block-group\"><div class=\"wp-block-group__inner-container is-layout-constrained wp-block-group-is-layout-constrained\">\n<h5 class=\"wp-block-heading\" id=\"directdrive\">DirectDrive<\/h5>\n\n\n\n<h2 class=\"wp-block-heading has-copr-color has-text-color has-link-color wp-elements-74c8630d9be8477a4cac13edd80d7f38\">Raffreddamento con compressore<\/h2>\n\n\n\n<p class=\"has-2-xl-font-size\">Meno rumore e meno emissioni con la tecnologia a compressore per il raffreddamento senza motore. L\u2019assenza di un motore aggiuntivo riduce i costi del carburante e le emissioni, oltre a garantire la silenziosit\u00e0 che occorre per le consegne nelle aree urbane.<\/p>\n<\/div><\/section>\n\n\n\n<figure class=\"wp-block-embed is-type-video is-provider-vimeo wp-block-embed-vimeo wp-embed-aspect-16-9 wp-has-aspect-ratio\"><div class=\"wp-block-embed__wrapper\">\n<iframe loading=\"lazy\" title=\"Direct Drive_Technical Animation_EN\" src=\"https:\/\/player.vimeo.com\/video\/817266500?dnt=1&amp;app_id=122963\" width=\"500\" height=\"281\" frameborder=\"0\" allow=\"autoplay; fullscreen; picture-in-picture; clipboard-write\"><\/iframe>\n<\/div><\/figure>\n\n\n\n<div style=\"height:var(--wp--preset--spacing--60)\" aria-hidden=\"true\" class=\"wp-block-spacer\"><\/div>\n","protected":false},"excerpt":{"rendered":"<p>La rivoluzione della catena del freddo Oltre 80 anni fa, i nostri motocompressori hanno iniziato a rivoluzionare la catena del freddo. Oggi,&nbsp;Thermo King&nbsp;apre la strada verso soluzioni di raffreddamento pi\u00f9 sostenibili proponendo un numero sempre crescente di fonti di energia alternative e innovative che superano le capacit\u00e0 dei combustibili fossili. Tecnologie innovative e sostenibili per [&hellip;]<\/p>\n","protected":false},"author":1,"featured_media":68814,"parent":0,"menu_order":0,"comment_status":"closed","ping_status":"closed","template":"","meta":{"_acf_changed":false,"footnotes":""},"class_list":["post-68827","page","type-page","status-publish","has-post-thumbnail","hentry"],"acf":[],"_links":{"self":[{"href":"https:\/\/www.staging.europe.thermoking.com\/it\/wp-json\/wp\/v2\/pages\/68827","targetHints":{"allow":["GET"]}}],"collection":[{"href":"https:\/\/www.staging.europe.thermoking.com\/it\/wp-json\/wp\/v2\/pages"}],"about":[{"href":"https:\/\/www.staging.europe.thermoking.com\/it\/wp-json\/wp\/v2\/types\/page"}],"author":[{"embeddable":true,"href":"https:\/\/www.staging.europe.thermoking.com\/it\/wp-json\/wp\/v2\/users\/1"}],"replies":[{"embeddable":true,"href":"https:\/\/www.staging.europe.thermoking.com\/it\/wp-json\/wp\/v2\/comments?post=68827"}],"version-history":[{"count":4,"href":"https:\/\/www.staging.europe.thermoking.com\/it\/wp-json\/wp\/v2\/pages\/68827\/revisions"}],"predecessor-version":[{"id":74154,"href":"https:\/\/www.staging.europe.thermoking.com\/it\/wp-json\/wp\/v2\/pages\/68827\/revisions\/74154"}],"wp:featuredmedia":[{"embeddable":true,"href":"https:\/\/www.staging.europe.thermoking.com\/it\/wp-json\/wp\/v2\/media\/68814"}],"wp:attachment":[{"href":"https:\/\/www.staging.europe.thermoking.com\/it\/wp-json\/wp\/v2\/media?parent=68827"}],"curies":[{"name":"wp","href":"https:\/\/api.w.org\/{rel}","templated":true}]}}