{"id":64740,"date":"2023-08-22T13:45:45","date_gmt":"2023-08-22T11:45:45","guid":{"rendered":"https:\/\/europe.thermoking.new.local\/?page_id=64740"},"modified":"2023-11-17T11:22:19","modified_gmt":"2023-11-17T10:22:19","slug":"e-500e","status":"publish","type":"page","link":"https:\/\/www.staging.europe.thermoking.com\/it\/direct-drive\/e-series\/e-500e","title":{"rendered":"E-500e"},"content":{"rendered":"\n\n\n<div class=\"wp-block-columns has-2-columns is-layout-flex wp-container-core-columns-is-layout-9d6595d7 wp-block-columns-is-layout-flex\">\n<div class=\"wp-block-column col-md-9 is-layout-flow wp-block-column-is-layout-flow\">\n<h1 class=\"wp-block-heading\"><\/h1>\n<\/div>\n\n\n\n<div class=\"wp-block-column col-md-3 is-layout-flow wp-block-column-is-layout-flow\"><\/div>\n<\/div>\n\n\n\n<p><strong><strong>Il modello di punta della serie E \u00e8 lo standard leader nella refrigerazione completamente elettrica per veicoli commerciali leggeri elettrici (eLCV), specializzato nelle consegne dell&#8217;ultimo miglio e nella distribuzione urbana.<\/strong><\/strong><\/p>\n\n\n\n<p>Adatto per furgoni, autocarri con telaio cabinato e altri tipi di eLCV.<\/p>\n\n\n\n<div style=\"height:100px\" aria-hidden=\"true\" class=\"wp-block-spacer\"><\/div>\n\n\n\n<div class=\"wp-block-columns is-layout-flex wp-container-core-columns-is-layout-9d6595d7 wp-block-columns-is-layout-flex\">\n<div class=\"wp-block-column is-layout-flow wp-block-column-is-layout-flow\">\n<figure class=\"wp-block-image size-full is-resized mb-m1\"><img loading=\"lazy\" decoding=\"async\" width=\"108\" height=\"68\" src=\"https:\/\/europe-thermoking.s3.eu-west-3.amazonaws.com\/wp-content\/uploads\/2023\/08\/22140922\/icon-leaf-bolt.png\" alt=\"\" class=\"wp-image-64657\" style=\"width:54px;height:34px\" srcset=\"https:\/\/europe-thermoking.s3.eu-west-3.amazonaws.com\/wp-content\/uploads\/2023\/08\/22140922\/icon-leaf-bolt.png 108w, https:\/\/europe-thermoking.s3.eu-west-3.amazonaws.com\/wp-content\/uploads\/2023\/08\/22140922\/icon-leaf-bolt-40x25.png 40w, https:\/\/europe-thermoking.s3.eu-west-3.amazonaws.com\/wp-content\/uploads\/2023\/08\/22140922\/icon-leaf-bolt-80x50.png 80w\" sizes=\"auto, (max-width: 108px) 100vw, 108px\" \/><\/figure>\n\n\n\n<p><strong><strong>Guida pi\u00f9 a lungo<\/strong><\/strong><br>Il nuovo design efficiente in termini energetici riduce l&#8217;impatto sulla batteria del BEV<\/p>\n<\/div>\n\n\n\n<div class=\"wp-block-column is-layout-flow wp-block-column-is-layout-flow\">\n<figure class=\"wp-block-image size-full is-resized mb-m1\"><img loading=\"lazy\" decoding=\"async\" width=\"108\" height=\"68\" src=\"https:\/\/europe-thermoking.s3.eu-west-3.amazonaws.com\/wp-content\/uploads\/2023\/08\/22140957\/icon-cost-slice.png\" alt=\"\" class=\"wp-image-64679\" style=\"width:54px;height:34px\" srcset=\"https:\/\/europe-thermoking.s3.eu-west-3.amazonaws.com\/wp-content\/uploads\/2023\/08\/22140957\/icon-cost-slice.png 108w, https:\/\/europe-thermoking.s3.eu-west-3.amazonaws.com\/wp-content\/uploads\/2023\/08\/22140957\/icon-cost-slice-40x25.png 40w, https:\/\/europe-thermoking.s3.eu-west-3.amazonaws.com\/wp-content\/uploads\/2023\/08\/22140957\/icon-cost-slice-80x50.png 80w\" sizes=\"auto, (max-width: 108px) 100vw, 108px\" \/><\/figure>\n\n\n\n<p><strong><strong>Riduci i costi<\/strong><\/strong><br>Con un design pi\u00f9 efficiente, costi operativi inferiori e margini giornalieri pi\u00f9 elevati<br><\/p>\n<\/div>\n\n\n\n<div class=\"wp-block-column is-layout-flow wp-block-column-is-layout-flow\">\n<figure class=\"wp-block-image size-full is-resized mb-m1\"><img loading=\"lazy\" decoding=\"async\" width=\"108\" height=\"68\" src=\"https:\/\/europe-thermoking.s3.eu-west-3.amazonaws.com\/wp-content\/uploads\/2023\/08\/22141021\/icon-apt-building.png\" alt=\"\" class=\"wp-image-64700\" style=\"width:54px;height:34px\" srcset=\"https:\/\/europe-thermoking.s3.eu-west-3.amazonaws.com\/wp-content\/uploads\/2023\/08\/22141021\/icon-apt-building.png 108w, https:\/\/europe-thermoking.s3.eu-west-3.amazonaws.com\/wp-content\/uploads\/2023\/08\/22141021\/icon-apt-building-40x25.png 40w, https:\/\/europe-thermoking.s3.eu-west-3.amazonaws.com\/wp-content\/uploads\/2023\/08\/22141021\/icon-apt-building-80x50.png 80w\" sizes=\"auto, (max-width: 108px) 100vw, 108px\" \/><\/figure>\n\n\n\n<p><strong><strong>Accedi alle zone a emissioni zero<\/strong><\/strong><br>Operazioni completamente elettriche per accedere liberamente al centro citt\u00e0<\/p>\n<\/div>\n<\/div>\n\n\n\n<div style=\"height:100px\" aria-hidden=\"true\" class=\"wp-block-spacer\"><\/div>\n\n\n\n<h2 class=\"wp-block-heading has-copr-color has-text-color\">Raffreddamento potente e completamente elettrico<\/h2>\n\n\n\n<p>Raffreddamento ad alta capacit\u00e0 e costante grazie a un compressore ermetico senza spazzole ad alta velocit\u00e0 controllato da un inverter di ultima generazione. Aumenta la velocit\u00e0 del compressore indipendentemente dal veicolo e mantieni una temperatura costante lungo tutto il percorso di consegna. Che faccia caldo o freddo, l&#8217;E-500e gestisce la situazione senza difficolt\u00e0.<\/p>\n\n\n\n<p>Una ePTO (electric Power Take Off) intelligente consente l&#8217;alimentazione diretta dalla batteria del veicolo e, a seconda del tipo di e-LCV, mantiene l&#8217;unit\u00e0 operativa e il carico protetto, anche se il veicolo \u00e8 in carica o spento.<\/p>\n\n\n\n<div style=\"height:100px\" aria-hidden=\"true\" class=\"wp-block-spacer\"><\/div>\n\n\n\n<div class=\"wp-block-cover is-light\"><span aria-hidden=\"true\" class=\"wp-block-cover__background has-background-dim-0 has-background-dim\"><\/span><img loading=\"lazy\" decoding=\"async\" width=\"1208\" height=\"616\" class=\"wp-block-cover__image-background wp-image-64561\" alt=\"\" src=\"https:\/\/europe-thermoking.s3.eu-west-3.amazonaws.com\/wp-content\/uploads\/2023\/08\/22134220\/e-500e-cover-1.jpg\" data-object-fit=\"cover\" srcset=\"https:\/\/europe-thermoking.s3.eu-west-3.amazonaws.com\/wp-content\/uploads\/2023\/08\/22134220\/e-500e-cover-1.jpg 1208w, https:\/\/europe-thermoking.s3.eu-west-3.amazonaws.com\/wp-content\/uploads\/2023\/08\/22134220\/e-500e-cover-1-300x153.jpg 300w, https:\/\/europe-thermoking.s3.eu-west-3.amazonaws.com\/wp-content\/uploads\/2023\/08\/22134220\/e-500e-cover-1-1024x522.jpg 1024w, https:\/\/europe-thermoking.s3.eu-west-3.amazonaws.com\/wp-content\/uploads\/2023\/08\/22134220\/e-500e-cover-1-768x392.jpg 768w, https:\/\/europe-thermoking.s3.eu-west-3.amazonaws.com\/wp-content\/uploads\/2023\/08\/22134220\/e-500e-cover-1-160x82.jpg 160w, https:\/\/europe-thermoking.s3.eu-west-3.amazonaws.com\/wp-content\/uploads\/2023\/08\/22134220\/e-500e-cover-1-320x163.jpg 320w, https:\/\/europe-thermoking.s3.eu-west-3.amazonaws.com\/wp-content\/uploads\/2023\/08\/22134220\/e-500e-cover-1-40x20.jpg 40w, https:\/\/europe-thermoking.s3.eu-west-3.amazonaws.com\/wp-content\/uploads\/2023\/08\/22134220\/e-500e-cover-1-80x41.jpg 80w, https:\/\/europe-thermoking.s3.eu-west-3.amazonaws.com\/wp-content\/uploads\/2023\/08\/22134220\/e-500e-cover-1-706x360.jpg 706w, https:\/\/europe-thermoking.s3.eu-west-3.amazonaws.com\/wp-content\/uploads\/2023\/08\/22134220\/e-500e-cover-1-882x450.jpg 882w, https:\/\/europe-thermoking.s3.eu-west-3.amazonaws.com\/wp-content\/uploads\/2023\/08\/22134220\/e-500e-cover-1-640x326.jpg 640w, https:\/\/europe-thermoking.s3.eu-west-3.amazonaws.com\/wp-content\/uploads\/2023\/08\/22134220\/e-500e-cover-1-960x490.jpg 960w\" sizes=\"auto, (max-width: 1208px) 100vw, 1208px\" \/><div class=\"wp-block-cover__inner-container is-layout-flow wp-block-cover-is-layout-flow\">\n<p class=\"has-text-align-center has-large-font-size\"><\/p>\n<\/div><\/div>\n\n\n\n<div style=\"height:100px\" aria-hidden=\"true\" class=\"wp-block-spacer\"><\/div>\n\n\n\n<h2 class=\"wp-block-heading has-copr-color has-text-color\">Raffreddamento con impatto minimo sulla batteria<\/h2>\n\n\n\n<p>La tecnologia con inverter progettata su misura, un sistema di controllo della potenza brevettato e una comunicazione intelligente e in tempo reale tra l&#8217;unit\u00e0 e il veicolo rendono l&#8217;E-500e l&#8217;unit\u00e0 di refrigerazione per il trasporto pi\u00f9 efficiente dal punto di vista energetico oggi sul mercato, con il minor impatto possibile sull&#8217;autonomia del veicolo elettrico.<\/p>\n\n\n\n<div style=\"height:100px\" aria-hidden=\"true\" class=\"wp-block-spacer\"><\/div>\n\n\n\n<h2 class=\"wp-block-heading has-copr-color has-text-color\">Costi di manutenzione ridotti<\/h2>\n\n\n\n<p>Il design moderno, pi\u00f9 snello e pi\u00f9 efficiente rende l&#8217;E-500e estremamente leggera: meno della met\u00e0 del peso dei modelli precedenti. Queste dimensioni e peso ridotti significano pi\u00f9 spazio di carico ad ogni ciclo di consegna, mentre meno parti significano minore usura, riducendo significativamente i costi e gli intervalli di manutenzione.<\/p>\n\n\n\n<div style=\"height:100px\" aria-hidden=\"true\" class=\"wp-block-spacer\"><\/div>\n\n\n\n<h2 class=\"wp-block-heading has-copr-color has-text-color\">Opzioni di installazione flessibili<\/h2>\n\n\n\n<p>L&#8217;E500-e \u00e8 completamente alimentata dal BEV. Ci\u00f2 significa nessuna batteria aggiuntiva da installare o nessuna infrastruttura di ricarica aggiuntiva da configurare.<\/p>\n\n\n\n<p>Inoltre, l&#8217;unit\u00e0 \u00e8 disponibile in svariate configurazioni di montaggio:<\/p>\n\n\n\n<ul class=\"wp-block-list\">\n<li>Montaggio con pod<\/li>\n\n\n\n<li>Montaggio su tetto<\/li>\n\n\n\n<li>Montaggio anteriore<\/li>\n<\/ul>\n\n\n\n<div style=\"height:100px\" aria-hidden=\"true\" class=\"wp-block-spacer\"><\/div>\n\n\n\n<figure class=\"wp-block-image size-large\"><img loading=\"lazy\" decoding=\"async\" width=\"1024\" height=\"522\" src=\"https:\/\/europe-thermoking.s3.eu-west-3.amazonaws.com\/wp-content\/uploads\/2023\/08\/22134356\/e-500e-cover-2-1024x522.jpg\" alt=\"\" class=\"wp-image-64576\" srcset=\"https:\/\/europe-thermoking.s3.eu-west-3.amazonaws.com\/wp-content\/uploads\/2023\/08\/22134356\/e-500e-cover-2-1024x522.jpg 1024w, https:\/\/europe-thermoking.s3.eu-west-3.amazonaws.com\/wp-content\/uploads\/2023\/08\/22134356\/e-500e-cover-2-300x153.jpg 300w, https:\/\/europe-thermoking.s3.eu-west-3.amazonaws.com\/wp-content\/uploads\/2023\/08\/22134356\/e-500e-cover-2-768x392.jpg 768w, https:\/\/europe-thermoking.s3.eu-west-3.amazonaws.com\/wp-content\/uploads\/2023\/08\/22134356\/e-500e-cover-2-160x82.jpg 160w, https:\/\/europe-thermoking.s3.eu-west-3.amazonaws.com\/wp-content\/uploads\/2023\/08\/22134356\/e-500e-cover-2-320x163.jpg 320w, https:\/\/europe-thermoking.s3.eu-west-3.amazonaws.com\/wp-content\/uploads\/2023\/08\/22134356\/e-500e-cover-2-40x20.jpg 40w, https:\/\/europe-thermoking.s3.eu-west-3.amazonaws.com\/wp-content\/uploads\/2023\/08\/22134356\/e-500e-cover-2-80x41.jpg 80w, https:\/\/europe-thermoking.s3.eu-west-3.amazonaws.com\/wp-content\/uploads\/2023\/08\/22134356\/e-500e-cover-2-706x360.jpg 706w, https:\/\/europe-thermoking.s3.eu-west-3.amazonaws.com\/wp-content\/uploads\/2023\/08\/22134356\/e-500e-cover-2-882x450.jpg 882w, https:\/\/europe-thermoking.s3.eu-west-3.amazonaws.com\/wp-content\/uploads\/2023\/08\/22134356\/e-500e-cover-2-640x326.jpg 640w, https:\/\/europe-thermoking.s3.eu-west-3.amazonaws.com\/wp-content\/uploads\/2023\/08\/22134356\/e-500e-cover-2-960x490.jpg 960w, https:\/\/europe-thermoking.s3.eu-west-3.amazonaws.com\/wp-content\/uploads\/2023\/08\/22134356\/e-500e-cover-2.jpg 1208w\" sizes=\"auto, (max-width: 1024px) 100vw, 1024px\" \/><\/figure>\n\n\n\n<div style=\"height:100px\" aria-hidden=\"true\" class=\"wp-block-spacer\"><\/div>\n\n\n\n<h2 class=\"wp-block-heading has-copr-color has-text-color\">Massimizza la flessibilit\u00e0 operativa della flotta<\/h2>\n\n\n\n<p>Multifunzionale e ultra versatile, l&#8217;E500-e consente alle flotte l&#8217;accesso alle aree soggette a regolamentazione del rumore, alle zone a zero e bassissime emissioni e alle aree vietate ai motori diesel, sia di giorno che di notte.<\/p>\n\n\n\n<p>Le funzionalit\u00e0 multitemperatura consentono alla flotta di superare tutti i limiti e gestire qualsiasi consegna urbana e in centro citt\u00e0.<\/p>\n\n\n\n<div class=\"wp-block-cover is-light\" style=\"min-height:240px;aspect-ratio:unset;\"><span aria-hidden=\"true\" class=\"wp-block-cover__background has-background-dim-0 has-background-dim\"><\/span><img loading=\"lazy\" decoding=\"async\" width=\"1200\" height=\"456\" class=\"wp-block-cover__image-background wp-image-64591\" alt=\"\" src=\"https:\/\/europe-thermoking.s3.eu-west-3.amazonaws.com\/wp-content\/uploads\/2023\/08\/22134523\/e-500e-cta.png\" data-object-fit=\"cover\" srcset=\"https:\/\/europe-thermoking.s3.eu-west-3.amazonaws.com\/wp-content\/uploads\/2023\/08\/22134523\/e-500e-cta.png 1200w, https:\/\/europe-thermoking.s3.eu-west-3.amazonaws.com\/wp-content\/uploads\/2023\/08\/22134523\/e-500e-cta-300x114.png 300w, https:\/\/europe-thermoking.s3.eu-west-3.amazonaws.com\/wp-content\/uploads\/2023\/08\/22134523\/e-500e-cta-1024x389.png 1024w, https:\/\/europe-thermoking.s3.eu-west-3.amazonaws.com\/wp-content\/uploads\/2023\/08\/22134523\/e-500e-cta-768x292.png 768w, https:\/\/europe-thermoking.s3.eu-west-3.amazonaws.com\/wp-content\/uploads\/2023\/08\/22134523\/e-500e-cta-160x61.png 160w, https:\/\/europe-thermoking.s3.eu-west-3.amazonaws.com\/wp-content\/uploads\/2023\/08\/22134523\/e-500e-cta-320x122.png 320w, https:\/\/europe-thermoking.s3.eu-west-3.amazonaws.com\/wp-content\/uploads\/2023\/08\/22134523\/e-500e-cta-40x15.png 40w, https:\/\/europe-thermoking.s3.eu-west-3.amazonaws.com\/wp-content\/uploads\/2023\/08\/22134523\/e-500e-cta-80x30.png 80w, https:\/\/europe-thermoking.s3.eu-west-3.amazonaws.com\/wp-content\/uploads\/2023\/08\/22134523\/e-500e-cta-947x360.png 947w, https:\/\/europe-thermoking.s3.eu-west-3.amazonaws.com\/wp-content\/uploads\/2023\/08\/22134523\/e-500e-cta-1184x450.png 1184w, https:\/\/europe-thermoking.s3.eu-west-3.amazonaws.com\/wp-content\/uploads\/2023\/08\/22134523\/e-500e-cta-640x243.png 640w, https:\/\/europe-thermoking.s3.eu-west-3.amazonaws.com\/wp-content\/uploads\/2023\/08\/22134523\/e-500e-cta-960x365.png 960w\" sizes=\"auto, (max-width: 1200px) 100vw, 1200px\" \/><div class=\"wp-block-cover__inner-container is-layout-flow wp-block-cover-is-layout-flow\">\n<p class=\"has-white-white-color has-text-color\"><strong><strong><strong>Ottieni il vantaggio elettrico e<\/strong><\/strong><\/strong><br><strong><strong><strong>contatta subito il concessionario pi\u00f9 vicino<\/strong><\/strong><\/strong><\/p>\n\n\n\n<div class=\"wp-block-buttons is-layout-flex wp-block-buttons-is-layout-flex\">\n<div class=\"wp-block-button is-style-fill\"><a class=\"wp-block-button__link has-coba-background-color has-background wp-element-button\" href=\"https:\/\/www.staging.europe.thermoking.com\/dealer-service-network\/\" target=\"_blank\" rel=\"noreferrer noopener\">Contattaci<\/a><\/div>\n<\/div>\n<\/div><\/div>\n","protected":false},"excerpt":{"rendered":"<p>Il modello di punta della serie E \u00e8 lo standard leader nella refrigerazione completamente elettrica per veicoli commerciali leggeri elettrici (eLCV), specializzato nelle consegne dell&#8217;ultimo miglio e nella distribuzione urbana. Adatto per furgoni, autocarri con telaio cabinato e altri tipi di eLCV. Guida pi\u00f9 a lungoIl nuovo design efficiente in termini energetici riduce l&#8217;impatto sulla [&hellip;]<\/p>\n","protected":false},"author":1,"featured_media":0,"parent":7562,"menu_order":0,"comment_status":"closed","ping_status":"closed","template":"","meta":{"_acf_changed":false,"footnotes":""},"class_list":["post-64740","page","type-page","status-publish","hentry"],"acf":[],"_links":{"self":[{"href":"https:\/\/www.staging.europe.thermoking.com\/it\/wp-json\/wp\/v2\/pages\/64740","targetHints":{"allow":["GET"]}}],"collection":[{"href":"https:\/\/www.staging.europe.thermoking.com\/it\/wp-json\/wp\/v2\/pages"}],"about":[{"href":"https:\/\/www.staging.europe.thermoking.com\/it\/wp-json\/wp\/v2\/types\/page"}],"author":[{"embeddable":true,"href":"https:\/\/www.staging.europe.thermoking.com\/it\/wp-json\/wp\/v2\/users\/1"}],"replies":[{"embeddable":true,"href":"https:\/\/www.staging.europe.thermoking.com\/it\/wp-json\/wp\/v2\/comments?post=64740"}],"version-history":[{"count":0,"href":"https:\/\/www.staging.europe.thermoking.com\/it\/wp-json\/wp\/v2\/pages\/64740\/revisions"}],"up":[{"embeddable":true,"href":"https:\/\/www.staging.europe.thermoking.com\/it\/wp-json\/wp\/v2\/pages\/7562"}],"wp:attachment":[{"href":"https:\/\/www.staging.europe.thermoking.com\/it\/wp-json\/wp\/v2\/media?parent=64740"}],"curies":[{"name":"wp","href":"https:\/\/api.w.org\/{rel}","templated":true}]}}