{"id":64420,"date":"2023-07-11T12:51:12","date_gmt":"2023-07-11T10:51:12","guid":{"rendered":"https:\/\/europe.thermoking.new.local\/?page_id=64420"},"modified":"2025-03-10T15:25:13","modified_gmt":"2025-03-10T14:25:13","slug":"axlepower-alimentato-dalla-strada","status":"publish","type":"page","link":"https:\/\/www.staging.europe.thermoking.com\/it\/power-solutions\/axlepower-alimentato-dalla-strada","title":{"rendered":"AxlePower &#8211; Alimentato dalla strada"},"content":{"rendered":"\n\n\n<div class=\"wp-block-columns is-layout-flex wp-container-core-columns-is-layout-9d6595d7 wp-block-columns-is-layout-flex\">\n<div class=\"wp-block-column is-layout-flow wp-block-column-is-layout-flow\">\n<h1 class=\"wp-block-heading\"><\/h1>\n<\/div>\n\n\n\n<div class=\"wp-block-column is-layout-flow wp-block-column-is-layout-flow\"><\/div>\n<\/div>\n\n\n\n<p class=\"has-2-xl-font-size\">AxlePower elimina qualsiasi spreco di energia. Questa soluzione montata sul semirimorchio recupera e immagazzina l&#8217;energia generata dalla frenata e dalla guida in discesa in modo da poter alimentare l&#8217;unit\u00e0 di refrigerazione con energia sostenibile.<\/p>\n\n\n\n<div style=\"height:100px\" aria-hidden=\"true\" class=\"wp-block-spacer\"><\/div>\n\n\n\n<h2 class=\"wp-block-heading has-copr-color has-text-color\">Refrigerazione a zero emissioni<\/h2>\n\n\n\n<figure class=\"wp-block-image size-169-md\"><img loading=\"lazy\" decoding=\"async\" width=\"960\" height=\"540\" src=\"https:\/\/europe-thermoking.s3.eu-west-3.amazonaws.com\/wp-content\/uploads\/2023\/07\/11122717\/e-200-vehicle-960x540.jpg\" alt=\"\" class=\"wp-image-64103\" srcset=\"https:\/\/europe-thermoking.s3.eu-west-3.amazonaws.com\/wp-content\/uploads\/2023\/07\/11122717\/e-200-vehicle-960x540.jpg 960w, https:\/\/europe-thermoking.s3.eu-west-3.amazonaws.com\/wp-content\/uploads\/2023\/07\/11122717\/e-200-vehicle-320x180.jpg 320w, https:\/\/europe-thermoking.s3.eu-west-3.amazonaws.com\/wp-content\/uploads\/2023\/07\/11122717\/e-200-vehicle-640x360.jpg 640w\" sizes=\"auto, (max-width: 960px) 100vw, 960px\" \/><\/figure>\n\n\n\n<div style=\"height:100px\" aria-hidden=\"true\" class=\"wp-block-spacer\"><\/div>\n\n\n\n<div class=\"wp-block-columns is-layout-flex wp-container-core-columns-is-layout-9d6595d7 wp-block-columns-is-layout-flex\">\n<div class=\"wp-block-column is-layout-flow wp-block-column-is-layout-flow\">\n<p><strong>A-500e<\/strong><br>Spegni il motore della tua unit\u00e0 e alimentalo elettricamente con energia sostenibile.<\/p>\n<\/div>\n\n\n\n<div class=\"wp-block-column is-layout-flow wp-block-column-is-layout-flow\">\n<p><strong>Pacco batterie Energ-e<\/strong><br>L&#8217;energia viene immagazzinata in una batteria ad alta tensione, posizionata sotto il semirimorchio Minimo due ore di funzionamento autonomo.<\/p>\n<\/div>\n\n\n\n<div class=\"wp-block-column is-layout-flow wp-block-column-is-layout-flow\">\n<p><strong>Assale ePower di BPW<\/strong><br>Il nuovo design ad alta efficienza energetica riduce l&#8217;impatto sulla batteria del tuo veicolo.<\/p>\n<\/div>\n<\/div>\n\n\n\n<div style=\"height:100px\" aria-hidden=\"true\" class=\"wp-block-spacer\"><\/div>\n\n\n\n<h2 class=\"wp-block-heading has-copr-color has-text-color\">Completamente indipendente dalla motrice<\/h2>\n\n\n\n<p>L&#8217;intero sistema \u00e8 <strong>montato sul semirimorchio. <\/strong>Sul semirimorchio AxlePower pu\u00f2 essere installata qualsiasi motrice, alimentata da qualsiasi fonte di alimentazione, sia essa HVO, biodiesel o batteria.<\/p>\n\n\n\n<div style=\"height:100px\" aria-hidden=\"true\" class=\"wp-block-spacer\"><\/div>\n\n\n\n<h2 class=\"wp-block-heading has-copr-color has-text-color\">Gestione intelligente dell&#8217;alimentazione<\/h2>\n\n\n\n<p>Il nostro esclusivo sistema di ricarica intelligente passa automaticamente tra 3 modalit\u00e0 per un&#8217;efficienza di ricarica ottimale e la massima facilit\u00e0 d&#8217;uso, senza l&#8217;intervento del conducente.<\/p>\n\n\n\n<div style=\"height:100px\" aria-hidden=\"true\" class=\"wp-block-spacer\"><\/div>\n\n\n\n<figure class=\"wp-block-image size-169-md\"><img loading=\"lazy\" decoding=\"async\" width=\"960\" height=\"540\" src=\"https:\/\/europe-thermoking.s3.eu-west-3.amazonaws.com\/wp-content\/uploads\/2023\/07\/11123355\/e-200-vehicle-2-960x540.jpg\" alt=\"\" class=\"wp-image-64124\" srcset=\"https:\/\/europe-thermoking.s3.eu-west-3.amazonaws.com\/wp-content\/uploads\/2023\/07\/11123355\/e-200-vehicle-2-960x540.jpg 960w, https:\/\/europe-thermoking.s3.eu-west-3.amazonaws.com\/wp-content\/uploads\/2023\/07\/11123355\/e-200-vehicle-2-320x180.jpg 320w, https:\/\/europe-thermoking.s3.eu-west-3.amazonaws.com\/wp-content\/uploads\/2023\/07\/11123355\/e-200-vehicle-2-640x360.jpg 640w\" sizes=\"auto, (max-width: 960px) 100vw, 960px\" \/><\/figure>\n\n\n\n<div style=\"height:100px\" aria-hidden=\"true\" class=\"wp-block-spacer\"><\/div>\n\n\n\n<div class=\"wp-block-columns is-layout-flex wp-container-core-columns-is-layout-9d6595d7 wp-block-columns-is-layout-flex\">\n<div class=\"wp-block-column is-layout-flow wp-block-column-is-layout-flow\">\n<p><strong>Modalit\u00e0 di recupero<\/strong><br>Energia recuperata dalla frenata e dalla guida in discesa, senza alcun impatto sul consumo di carburante della motrice.<\/p>\n<\/div>\n\n\n\n<div class=\"wp-block-column is-layout-flow wp-block-column-is-layout-flow\">\n<p><strong>Modalit\u00e0 passiva<\/strong><br>Si utilizza quando la batteria \u00e8 sufficientemente carica o quando si trasportano prodotti non sensibili alla temperatura.<\/p>\n<\/div>\n\n\n\n<div class=\"wp-block-column is-layout-flow wp-block-column-is-layout-flow\">\n<p><strong>Modalit\u00e0 attiva<\/strong><br>Impiegata quando il sistema rileva la necessit\u00e0 di generare pi\u00f9 carica della batteria per alimentare l&#8217;unit\u00e0.<\/p>\n<\/div>\n<\/div>\n\n\n\n<div style=\"height:100px\" aria-hidden=\"true\" class=\"wp-block-spacer\"><\/div>\n\n\n\n<p><strong><strong>Guarda come funziona il nostro esclusivo sistema di gestione intelligente dell&#8217;alimentazione<\/strong><\/strong>:<\/p>\n\n\n\n<figure class=\"wp-block-image size-169-md\"><a href=\"https:\/\/vimeo.com\/manage\/videos\/821932479\" target=\"_blank\" rel=\"noreferrer noopener\"><img loading=\"lazy\" decoding=\"async\" width=\"960\" height=\"540\" src=\"https:\/\/europe-thermoking.s3.eu-west-3.amazonaws.com\/wp-content\/uploads\/2023\/07\/11123728\/axlepower-movie-960x540.jpg\" alt=\"\" class=\"wp-image-64145\" srcset=\"https:\/\/europe-thermoking.s3.eu-west-3.amazonaws.com\/wp-content\/uploads\/2023\/07\/11123728\/axlepower-movie-960x540.jpg 960w, https:\/\/europe-thermoking.s3.eu-west-3.amazonaws.com\/wp-content\/uploads\/2023\/07\/11123728\/axlepower-movie-320x180.jpg 320w, https:\/\/europe-thermoking.s3.eu-west-3.amazonaws.com\/wp-content\/uploads\/2023\/07\/11123728\/axlepower-movie-640x360.jpg 640w\" sizes=\"auto, (max-width: 960px) 100vw, 960px\" \/><\/a><\/figure>\n\n\n\n<div style=\"height:100px\" aria-hidden=\"true\" class=\"wp-block-spacer\"><\/div>\n\n\n\n<h2 class=\"wp-block-heading has-copr-color has-text-color\">TracKing-e<\/h2>\n\n\n\n<p>Tieni sotto controllo la tua soluzione AxlePower ed elimina l&#8217;ansia da autonomia con un&#8217;estensione completamente elettrica della nostra piattaforma TracKing. Grazie alle funzionalit\u00e0 telematiche online estese, sarai sempre al corrente dello <strong>stato della batteria, delle prestazioni e dell&#8217;autonomia residua<\/strong>! Inoltre, avrai accesso a una quantit\u00e0 significativa di informazioni cruciali per le tue prestazioni:<\/p>\n\n\n\n<ul class=\"wp-block-list\">\n<li>Setpoint\/Punto di riferimento<\/li>\n\n\n\n<li>Prestazioni del sistema<\/li>\n\n\n\n<li>Tempo di carica della batteria<\/li>\n<\/ul>\n\n\n\n<p>Le nuove funzionalit\u00e0 ti consentono di ottimizzare le impostazioni di AxlePower da remoto e automatizzare la gestione della batteria.<\/p>\n\n\n\n<ul class=\"wp-block-list\">\n<li>Parametri del pacchetto Energ-e<\/li>\n\n\n\n<li>Livelli di utilizzo del parco veicoli<\/li>\n<\/ul>\n\n\n\n<div class=\"wp-block-cover is-light\" style=\"min-height:240px;aspect-ratio:unset;\"><span aria-hidden=\"true\" class=\"wp-block-cover__background has-background-dim-0 has-background-dim\"><\/span><img loading=\"lazy\" decoding=\"async\" width=\"1200\" height=\"456\" class=\"wp-block-cover__image-background wp-image-64166\" alt=\"\" src=\"https:\/\/europe-thermoking.s3.eu-west-3.amazonaws.com\/wp-content\/uploads\/2023\/07\/11124045\/axlepower-cta.jpg\" style=\"object-position:50% 50%\" data-object-fit=\"cover\" data-object-position=\"50% 50%\" srcset=\"https:\/\/europe-thermoking.s3.eu-west-3.amazonaws.com\/wp-content\/uploads\/2023\/07\/11124045\/axlepower-cta.jpg 1200w, https:\/\/europe-thermoking.s3.eu-west-3.amazonaws.com\/wp-content\/uploads\/2023\/07\/11124045\/axlepower-cta-300x114.jpg 300w, https:\/\/europe-thermoking.s3.eu-west-3.amazonaws.com\/wp-content\/uploads\/2023\/07\/11124045\/axlepower-cta-1024x389.jpg 1024w, https:\/\/europe-thermoking.s3.eu-west-3.amazonaws.com\/wp-content\/uploads\/2023\/07\/11124045\/axlepower-cta-768x292.jpg 768w, https:\/\/europe-thermoking.s3.eu-west-3.amazonaws.com\/wp-content\/uploads\/2023\/07\/11124045\/axlepower-cta-160x61.jpg 160w, https:\/\/europe-thermoking.s3.eu-west-3.amazonaws.com\/wp-content\/uploads\/2023\/07\/11124045\/axlepower-cta-320x122.jpg 320w, https:\/\/europe-thermoking.s3.eu-west-3.amazonaws.com\/wp-content\/uploads\/2023\/07\/11124045\/axlepower-cta-40x15.jpg 40w, https:\/\/europe-thermoking.s3.eu-west-3.amazonaws.com\/wp-content\/uploads\/2023\/07\/11124045\/axlepower-cta-80x30.jpg 80w, https:\/\/europe-thermoking.s3.eu-west-3.amazonaws.com\/wp-content\/uploads\/2023\/07\/11124045\/axlepower-cta-947x360.jpg 947w, https:\/\/europe-thermoking.s3.eu-west-3.amazonaws.com\/wp-content\/uploads\/2023\/07\/11124045\/axlepower-cta-1184x450.jpg 1184w, https:\/\/europe-thermoking.s3.eu-west-3.amazonaws.com\/wp-content\/uploads\/2023\/07\/11124045\/axlepower-cta-640x243.jpg 640w, https:\/\/europe-thermoking.s3.eu-west-3.amazonaws.com\/wp-content\/uploads\/2023\/07\/11124045\/axlepower-cta-960x365.jpg 960w\" sizes=\"auto, (max-width: 1200px) 100vw, 1200px\" \/><div class=\"wp-block-cover__inner-container is-layout-flow wp-block-cover-is-layout-flow\">\n<p><strong>Chiedi al tuo concessionario<\/strong><br><strong>informazioni su Advancer AxlePower<\/strong><\/p>\n\n\n\n<div class=\"wp-block-buttons is-layout-flex wp-block-buttons-is-layout-flex\">\n<div class=\"wp-block-button is-style-fill\"><a class=\"wp-block-button__link has-coba-background-color has-background wp-element-button\" href=\"https:\/\/www.staging.europe.thermoking.com\/dealer-service-network\/\" target=\"_blank\" rel=\"noreferrer noopener\">Contattaci<\/a><\/div>\n<\/div>\n<\/div><\/div>\n\n\n\n<div style=\"height:100px\" aria-hidden=\"true\" class=\"wp-block-spacer\"><\/div>\n","protected":false},"excerpt":{"rendered":"<p>AxlePower elimina qualsiasi spreco di energia. Questa soluzione montata sul semirimorchio recupera e immagazzina l&#8217;energia generata dalla frenata e dalla guida in discesa in modo da poter alimentare l&#8217;unit\u00e0 di refrigerazione con energia sostenibile. Refrigerazione a zero emissioni A-500eSpegni il motore della tua unit\u00e0 e alimentalo elettricamente con energia sostenibile. Pacco batterie Energ-eL&#8217;energia viene immagazzinata [&hellip;]<\/p>\n","protected":false},"author":1,"featured_media":0,"parent":76376,"menu_order":0,"comment_status":"closed","ping_status":"closed","template":"","meta":{"_acf_changed":false,"footnotes":""},"class_list":["post-64420","page","type-page","status-publish","hentry"],"acf":[],"_links":{"self":[{"href":"https:\/\/www.staging.europe.thermoking.com\/it\/wp-json\/wp\/v2\/pages\/64420","targetHints":{"allow":["GET"]}}],"collection":[{"href":"https:\/\/www.staging.europe.thermoking.com\/it\/wp-json\/wp\/v2\/pages"}],"about":[{"href":"https:\/\/www.staging.europe.thermoking.com\/it\/wp-json\/wp\/v2\/types\/page"}],"author":[{"embeddable":true,"href":"https:\/\/www.staging.europe.thermoking.com\/it\/wp-json\/wp\/v2\/users\/1"}],"replies":[{"embeddable":true,"href":"https:\/\/www.staging.europe.thermoking.com\/it\/wp-json\/wp\/v2\/comments?post=64420"}],"version-history":[{"count":2,"href":"https:\/\/www.staging.europe.thermoking.com\/it\/wp-json\/wp\/v2\/pages\/64420\/revisions"}],"predecessor-version":[{"id":76649,"href":"https:\/\/www.staging.europe.thermoking.com\/it\/wp-json\/wp\/v2\/pages\/64420\/revisions\/76649"}],"up":[{"embeddable":true,"href":"https:\/\/www.staging.europe.thermoking.com\/it\/wp-json\/wp\/v2\/pages\/76376"}],"wp:attachment":[{"href":"https:\/\/www.staging.europe.thermoking.com\/it\/wp-json\/wp\/v2\/media?parent=64420"}],"curies":[{"name":"wp","href":"https:\/\/api.w.org\/{rel}","templated":true}]}}