{"id":40172,"date":"2020-10-06T11:01:37","date_gmt":"2020-10-06T09:01:37","guid":{"rendered":"https:\/\/europe.thermoking.new.local\/?page_id=40172"},"modified":"2024-12-02T14:11:13","modified_gmt":"2024-12-02T13:11:13","slug":"operativita","status":"publish","type":"page","link":"https:\/\/www.staging.europe.thermoking.com\/it\/operativita","title":{"rendered":"Operativit\u00e0"},"content":{"rendered":"\n\n\n<h2 class=\"wp-block-heading has-rich-electric-blue-color has-text-color\">Blue Track: un programma che garantisce l&#8217;operativit\u00e0 dei veicoli  <\/h2>\n\n\n\n<p>Blue Track \u00e8 una vasta<strong> gamma di iniziative di assistenza all&#8217;avanguardia<\/strong> <strong>concepite per incrementare l&#8217;operativit\u00e0<\/strong>, assicurare in ogni momento il massimo comfort per i conducenti e consentirvi di essere sempre un passo avanti.<\/p>\n\n\n<p>[spacer]<\/p>\n\n\n\n<div class=\"wp-block-group has-white-smoke-background-color has-background\"><div class=\"wp-block-group__inner-container is-layout-flow wp-block-group-is-layout-flow\">\n<div class=\"wp-block-columns is-layout-flex wp-container-core-columns-is-layout-9d6595d7 wp-block-columns-is-layout-flex\">\n<div class=\"wp-block-column is-layout-flow wp-block-column-is-layout-flow\"><div class=\"wp-block-image icon-circle icon-border-primary bg-white mb-m0\">\n<figure class=\"alignleft size-large is-resized\"><img loading=\"lazy\" decoding=\"async\" width=\"40\" height=\"40\" src=\"https:\/\/europe-thermoking.s3.eu-west-3.amazonaws.com\/wp-content\/uploads\/2020\/10\/17144928\/icon-uptime-247.png\" alt=\"\" class=\"wp-image-39132\" style=\"width:40px;height:40px\"\/><\/figure><\/div>\n\n\n<p>Monitoraggio degli allarmi associati al parco veicoli 24 ore su 24, 7 giorni su 7<\/p>\n<\/div>\n\n\n\n<div class=\"wp-block-column is-layout-flow wp-block-column-is-layout-flow\"><div class=\"wp-block-image icon-circle icon-border-primary bg-white mb-m0\">\n<figure class=\"alignleft size-large is-resized\"><img loading=\"lazy\" decoding=\"async\" width=\"40\" height=\"40\" src=\"https:\/\/europe-thermoking.s3.eu-west-3.amazonaws.com\/wp-content\/uploads\/2020\/10\/17144903\/icon-uptime-remote-triage.png\" alt=\"\" class=\"wp-image-39149\" style=\"width:40px;height:40px\"\/><\/figure><\/div>\n\n\n<p>Triage a distanza e assistenza istantanea <\/p>\n<\/div>\n\n\n\n<div class=\"wp-block-column is-layout-flow wp-block-column-is-layout-flow\"><div class=\"wp-block-image icon-circle icon-border-primary bg-white mb-m0\">\n<figure class=\"alignleft size-large is-resized\"><img loading=\"lazy\" decoding=\"async\" width=\"40\" height=\"40\" src=\"https:\/\/europe-thermoking.s3.eu-west-3.amazonaws.com\/wp-content\/uploads\/2020\/10\/17144903\/icon-uptime-maintenance.png\" alt=\"\" class=\"wp-image-39155\" style=\"width:40px;height:40px\"\/><\/figure><\/div>\n\n\n<p>Interventi proattivi di manutenzione e riparazione <\/p>\n<\/div>\n\n\n\n<div class=\"wp-block-column is-layout-flow wp-block-column-is-layout-flow\"><div class=\"wp-block-image icon-circle icon-border-primary bg-white mb-m0\">\n<figure class=\"alignleft size-large is-resized\"><img loading=\"lazy\" decoding=\"async\" width=\"40\" height=\"40\" src=\"https:\/\/europe-thermoking.s3.eu-west-3.amazonaws.com\/wp-content\/uploads\/2020\/10\/17144902\/icon-uptime-diagnosis.png\" alt=\"\" class=\"wp-image-39161\" style=\"width:40px;height:40px\"\/><\/figure><\/div>\n\n\n<p>Diagnosi pi\u00f9 rapide, riparazioni pi\u00f9 veloci e risoluzione immediata dei problemi<\/p>\n<\/div>\n<\/div>\n\n\n\n<div class=\"wp-block-columns is-layout-flex wp-container-core-columns-is-layout-9d6595d7 wp-block-columns-is-layout-flex\">\n<div class=\"wp-block-column is-layout-flow wp-block-column-is-layout-flow\"><div class=\"wp-block-image icon-circle icon-border-primary bg-white mb-m0\">\n<figure class=\"alignleft size-large is-resized\"><img loading=\"lazy\" decoding=\"async\" width=\"40\" height=\"40\" src=\"https:\/\/europe-thermoking.s3.eu-west-3.amazonaws.com\/wp-content\/uploads\/2020\/10\/17144902\/icon-uptime-service.png\" alt=\"\" class=\"wp-image-39167\" style=\"width:40px;height:40px\"\/><\/figure><\/div>\n\n\n<p>Servizio di assistenza assiduo<\/p>\n<\/div>\n\n\n\n<div class=\"wp-block-column is-layout-flow wp-block-column-is-layout-flow\"><div class=\"wp-block-image icon-circle icon-border-primary bg-white mb-m0\">\n<figure class=\"alignleft size-large is-resized\"><img loading=\"lazy\" decoding=\"async\" width=\"40\" height=\"40\" src=\"https:\/\/europe-thermoking.s3.eu-west-3.amazonaws.com\/wp-content\/uploads\/2020\/10\/17144902\/icon-uptime-communication.png\" alt=\"\" class=\"wp-image-39173\" style=\"width:40px;height:40px\"\/><\/figure><\/div>\n\n\n<p>Migliore comunicazione con i clienti <\/p>\n<\/div>\n\n\n\n<div class=\"wp-block-column is-layout-flow wp-block-column-is-layout-flow\"><div class=\"wp-block-image icon-circle icon-border-primary bg-white mb-m0\">\n<figure class=\"alignleft size-large is-resized\"><img loading=\"lazy\" decoding=\"async\" width=\"40\" height=\"40\" src=\"https:\/\/europe-thermoking.s3.eu-west-3.amazonaws.com\/wp-content\/uploads\/2020\/10\/17144902\/icon-uptime-analytics.png\" alt=\"\" class=\"wp-image-39179\" style=\"width:40px;height:40px\"\/><\/figure><\/div>\n\n\n<p>Analisi dell&#8217;utilizzo del parco veicoli  <\/p>\n<\/div>\n\n\n\n<div class=\"wp-block-column is-layout-flow wp-block-column-is-layout-flow\"><\/div>\n<\/div>\n<\/div><\/div>\n\n\n<p>[spacer]<\/p>\n\n\n\n<h2 class=\"wp-block-heading has-rich-electric-blue-color has-text-color\">Tempi di fermo = dimezzamento dei costi<\/h2>\n\n\n\n<p>La capacit\u00e0 di ridurre i tempi di fermo, sia programmati che imprevisti, e di ottimizzare l&#8217;utilizzo dei veicoli rappresenta un aspetto essenziale per qualsiasi societ\u00e0 di trasporto.<\/p>\n\n\n\n<p>Si stima infatti che il <strong>50% dei costi sostenuti dai parchi veicoli di trasporto sia correlato a tempi di fermo non programmati<\/strong>, che implicano perdita del carico, utilizzo inefficiente e aumento dei costi relativi ai conducenti.<\/p>\n\n\n\n<p>Il nostro team di esperti di operativit\u00e0 Blue Track \u00e8 lieto di offrire soluzioni alle vostre pressanti problematiche quotidiane. Esso \u00e8 sempre al vostro fianco per aiutarvi a incrementare l&#8217;operativit\u00e0, supportando nel contempo i conducenti affinch\u00e9 diano il meglio di s\u00e9.<\/p>\n\n\n\n<figure class=\"wp-block-image size-full\"><img loading=\"lazy\" decoding=\"async\" width=\"950\" height=\"320\" src=\"https:\/\/europe-thermoking.s3.eu-west-3.amazonaws.com\/wp-content\/uploads\/2020\/10\/17144903\/uptime-1.jpg\" alt=\"\" class=\"wp-image-39126\" srcset=\"https:\/\/europe-thermoking.s3.eu-west-3.amazonaws.com\/wp-content\/uploads\/2020\/10\/17144903\/uptime-1.jpg 950w, https:\/\/europe-thermoking.s3.eu-west-3.amazonaws.com\/wp-content\/uploads\/2020\/10\/17144903\/uptime-1-300x101.jpg 300w, https:\/\/europe-thermoking.s3.eu-west-3.amazonaws.com\/wp-content\/uploads\/2020\/10\/17144903\/uptime-1-768x259.jpg 768w, https:\/\/europe-thermoking.s3.eu-west-3.amazonaws.com\/wp-content\/uploads\/2020\/10\/17144903\/uptime-1-160x54.jpg 160w, https:\/\/europe-thermoking.s3.eu-west-3.amazonaws.com\/wp-content\/uploads\/2020\/10\/17144903\/uptime-1-320x108.jpg 320w\" sizes=\"auto, (max-width: 950px) 100vw, 950px\" \/><\/figure>\n\n\n<p>[spacer]<\/p>\n\n\n\n<h2 class=\"wp-block-heading has-rich-electric-blue-color has-text-color\">\u201cCi faremo in quattro per voi\u201d&nbsp;<\/h2>\n\n\n\n<p>Con il programma Blue Track di Thermo King, <strong>il nostro team si impegna a mantenere il vostro parco veicoli sulla strada, incrementandone operativit\u00e0 e redditivit\u00e0<\/strong>. Si tratta di un programma di aggiornamento studiato per contribuire a trasformare la disponibilit\u00e0 dei veicoli refrigerati tramite una serie di funzionalit\u00e0 complementari:<\/p>\n\n\n\n<div class=\"wp-block-columns is-layout-flex wp-container-core-columns-is-layout-9d6595d7 wp-block-columns-is-layout-flex\">\n<div class=\"wp-block-column is-layout-flow wp-block-column-is-layout-flow\" style=\"flex-basis:50%\">\n<ol class=\"wp-block-list li-blue-circle\">\n<li><strong>\u201cVi aiuto a prevedere e risolvere potenziali problemi.\u201d<br><\/strong>Interventi proattivi di manutenzione e riparazione 24 ore su 24, 7 giorni su 7, ovunque occorra <\/li>\n\n\n\n<li><strong>\u201cFaccio fruttare il vostro investimento.\u201d\u00a0<br><\/strong>Ottimizzazione del ROI e aumento dell&#8217;utilizzo del parco veicoli del 5% <\/li>\n\n\n\n<li><strong>\u201cProlungo l&#8217;operativit\u00e0 delle vostre unit\u00e0.\u201d \u00a0<br><\/strong>Riduzione dei tempi di fermo programmati e non del 15-20% <\/li>\n\n\n\n<li><strong>\u201cMetto al vostro servizio le mie competenze dove pi\u00f9 servono.\u201d\u00a0<br><\/strong>Accesso immediato al pi\u00f9 recente know-how diagnostico <\/li>\n\n\n\n<li><strong>\u201cTrasformo in meglio il servizio di assistenza.\u201d\u00a0<br><\/strong>Velocizzazione degli interventi di assistenza<\/li>\n<\/ol>\n<\/div>\n\n\n\n<div class=\"wp-block-column is-vertically-aligned-center is-layout-flow wp-block-column-is-layout-flow\" style=\"flex-basis:50%\">\n<figure class=\"wp-block-image size-large\"><img loading=\"lazy\" decoding=\"async\" width=\"1024\" height=\"709\" src=\"https:\/\/europe-thermoking.s3.eu-west-3.amazonaws.com\/wp-content\/uploads\/2020\/10\/17144859\/uptime-2-1024x709.jpg\" alt=\"\" class=\"wp-image-39199\" srcset=\"https:\/\/europe-thermoking.s3.eu-west-3.amazonaws.com\/wp-content\/uploads\/2020\/10\/17144859\/uptime-2-1024x709.jpg 1024w, https:\/\/europe-thermoking.s3.eu-west-3.amazonaws.com\/wp-content\/uploads\/2020\/10\/17144859\/uptime-2-300x208.jpg 300w, https:\/\/europe-thermoking.s3.eu-west-3.amazonaws.com\/wp-content\/uploads\/2020\/10\/17144859\/uptime-2-768x532.jpg 768w, https:\/\/europe-thermoking.s3.eu-west-3.amazonaws.com\/wp-content\/uploads\/2020\/10\/17144859\/uptime-2-160x111.jpg 160w, https:\/\/europe-thermoking.s3.eu-west-3.amazonaws.com\/wp-content\/uploads\/2020\/10\/17144859\/uptime-2-320x222.jpg 320w, https:\/\/europe-thermoking.s3.eu-west-3.amazonaws.com\/wp-content\/uploads\/2020\/10\/17144859\/uptime-2.jpg 1040w\" sizes=\"auto, (max-width: 1024px) 100vw, 1024px\" \/><\/figure>\n<\/div>\n<\/div>\n\n\n<p>[spacer]<\/p>\n\n\n\n<h2 class=\"wp-block-heading has-rich-electric-blue-color has-text-color\">Concessionari Blue Track Select: un nuovo livello nel servizio di trasporto <\/h2>\n\n\n<div class=\"wp-block-image\">\n<figure class=\"alignright size-large is-resized\"><img loading=\"lazy\" decoding=\"async\" width=\"370\" height=\"174\" src=\"https:\/\/europe-thermoking.s3.eu-west-3.amazonaws.com\/wp-content\/uploads\/2020\/10\/17144859\/logo-blue-track-select.png\" alt=\"\" class=\"wp-image-39208\" style=\"width:185px;height:87px\" srcset=\"https:\/\/europe-thermoking.s3.eu-west-3.amazonaws.com\/wp-content\/uploads\/2020\/10\/17144859\/logo-blue-track-select.png 370w, https:\/\/europe-thermoking.s3.eu-west-3.amazonaws.com\/wp-content\/uploads\/2020\/10\/17144859\/logo-blue-track-select-300x141.png 300w, https:\/\/europe-thermoking.s3.eu-west-3.amazonaws.com\/wp-content\/uploads\/2020\/10\/17144859\/logo-blue-track-select-160x75.png 160w, https:\/\/europe-thermoking.s3.eu-west-3.amazonaws.com\/wp-content\/uploads\/2020\/10\/17144859\/logo-blue-track-select-320x150.png 320w\" sizes=\"auto, (max-width: 370px) 100vw, 370px\" \/><\/figure><\/div>\n\n\n<p>All&#8217;interno della nostra vasta rete di assistenza formata da oltre 500 centri di assistenza autorizzati in 75 paesi, potete usufruire di <strong>un nuovo livello di eccellenza del servizio<\/strong> grazie ai concessionari certificati Blue Track Select di Thermo King. <\/p>\n\n\n\n<ul class=\"wp-block-list circle\">\n<li><strong>AMPIA COPERTURA: <\/strong>Con oltre 500 centri di assistenza autorizzati in 75 paesi<br><\/li>\n\n\n\n<li><strong>DISPONIBILIT\u00c0 24 ORE SU 24, 7 GIORNI SU 7: <\/strong>\u00c8 possibile chiedere assistenza a qualsiasi ora del giorno o della notte<br><\/li>\n\n\n\n<li><strong>COMPETENZA TECNICA: <\/strong>I concessionari Thermo King possono contare su un ampio ventaglio di strumenti diagnostici all&#8217;avanguardia<br><\/li>\n\n\n\n<li><strong>CONOSCENZA DEI PRODOTTI: <\/strong>I nostri tecnici sono estremamente competenti in tutti i prodotti per il trasporto refrigerato, inclusi i veicoli diesel ed elettrici<br><\/li>\n\n\n\n<li><strong>ACCESSIBILIT\u00c0 COSTANTE: <\/strong>Con Blue Track, basta una telefonata o un messaggio per ricevere l&#8217;assistenza di tecnici qualificati<br><\/li>\n\n\n\n<li><strong>RICAMBI ORIGINALI: <\/strong>Si pu\u00f2 stare certi che ogni ricambio utilizzato dai nostri concessionari \u00e8 stato ampiamente testato ed \u00e8 conforme agli standard internazionali<\/li>\n<\/ul>\n\n\n<p>[spacer]<\/p>\n\n\n\n<h2 class=\"wp-block-heading has-rich-electric-blue-color has-text-color\">Il biglietto d&#8217;ingresso per una moltitudine di vantaggi Blue Track<\/h2>\n\n\n\n<p>Aggiungete un &#8220;pacchetto zero rischi&#8221; capace di assicurare la massima tranquillit\u00e0 con costi fissi predefiniti e la garanzia di livelli di assistenza sempre eccezionali in tutta Europa.<\/p>\n\n\n\n<div class=\"wp-block-group mt-m4 mb-m4 has-rich-electric-blue-background-color has-background\"><div class=\"wp-block-group__inner-container is-layout-flow wp-block-group-is-layout-flow\">\n<div class=\"wp-block-columns are-vertically-aligned-center is-layout-flex wp-container-core-columns-is-layout-9d6595d7 wp-block-columns-is-layout-flex\">\n<div class=\"wp-block-column is-vertically-aligned-center is-layout-flow wp-block-column-is-layout-flow\">\n<div class=\"wp-block-group\"><div class=\"wp-block-group__inner-container is-layout-flow wp-block-group-is-layout-flow\">\n<figure class=\"wp-block-image size-large is-resized icon-circle icon-border-white mb-m1\"><img loading=\"lazy\" decoding=\"async\" width=\"160\" height=\"160\" src=\"https:\/\/europe-thermoking.s3.eu-west-3.amazonaws.com\/wp-content\/uploads\/2020\/10\/17144852\/icon-uptime-fleet.png\" alt=\"\" class=\"wp-image-39253\" style=\"width:60px;height:60px\" srcset=\"https:\/\/europe-thermoking.s3.eu-west-3.amazonaws.com\/wp-content\/uploads\/2020\/10\/17144852\/icon-uptime-fleet.png 160w, https:\/\/europe-thermoking.s3.eu-west-3.amazonaws.com\/wp-content\/uploads\/2020\/10\/17144852\/icon-uptime-fleet-150x150.png 150w\" sizes=\"auto, (max-width: 160px) 100vw, 160px\" \/><\/figure>\n\n\n\n<p class=\"has-white-color has-text-color\">Ottimizzazione dell&#8217;efficienza del parco veicoli<\/p>\n<\/div><\/div>\n<\/div>\n\n\n\n<div class=\"wp-block-column is-vertically-aligned-center is-layout-flow wp-block-column-is-layout-flow\">\n<div class=\"wp-block-group\"><div class=\"wp-block-group__inner-container is-layout-flow wp-block-group-is-layout-flow\">\n<figure class=\"wp-block-image size-large is-resized icon-circle icon-border-white mb-m1\"><img loading=\"lazy\" decoding=\"async\" width=\"160\" height=\"160\" src=\"https:\/\/europe-thermoking.s3.eu-west-3.amazonaws.com\/wp-content\/uploads\/2020\/10\/17144851\/icon-uptime-operating-costs.png\" alt=\"\" class=\"wp-image-39260\" style=\"width:60px;height:60px\" srcset=\"https:\/\/europe-thermoking.s3.eu-west-3.amazonaws.com\/wp-content\/uploads\/2020\/10\/17144851\/icon-uptime-operating-costs.png 160w, https:\/\/europe-thermoking.s3.eu-west-3.amazonaws.com\/wp-content\/uploads\/2020\/10\/17144851\/icon-uptime-operating-costs-150x150.png 150w\" sizes=\"auto, (max-width: 160px) 100vw, 160px\" \/><\/figure>\n\n\n\n<p class=\"has-white-color has-text-color\">Riduzione al minimo dei costi operativi<\/p>\n<\/div><\/div>\n<\/div>\n\n\n\n<div class=\"wp-block-column is-vertically-aligned-center is-layout-flow wp-block-column-is-layout-flow\">\n<div class=\"wp-block-group\"><div class=\"wp-block-group__inner-container is-layout-flow wp-block-group-is-layout-flow\">\n<figure class=\"wp-block-image size-large is-resized icon-circle icon-border-white mb-m1\"><img loading=\"lazy\" decoding=\"async\" width=\"160\" height=\"160\" src=\"https:\/\/europe-thermoking.s3.eu-west-3.amazonaws.com\/wp-content\/uploads\/2020\/10\/17144851\/icon-uptime-resale.png\" alt=\"\" class=\"wp-image-39266\" style=\"width:60px;height:60px\" srcset=\"https:\/\/europe-thermoking.s3.eu-west-3.amazonaws.com\/wp-content\/uploads\/2020\/10\/17144851\/icon-uptime-resale.png 160w, https:\/\/europe-thermoking.s3.eu-west-3.amazonaws.com\/wp-content\/uploads\/2020\/10\/17144851\/icon-uptime-resale-150x150.png 150w\" sizes=\"auto, (max-width: 160px) 100vw, 160px\" \/><\/figure>\n\n\n\n<p class=\"has-white-color has-text-color\">Garanzia del valore di rivendita delle risorse<\/p>\n<\/div><\/div>\n<\/div>\n\n\n\n<div class=\"wp-block-column is-vertically-aligned-center is-layout-flow wp-block-column-is-layout-flow\">\n<figure class=\"wp-block-image size-large is-resized mt-m-4 mb-m-4\"><img loading=\"lazy\" decoding=\"async\" width=\"300\" height=\"700\" src=\"https:\/\/europe-thermoking.s3.eu-west-3.amazonaws.com\/wp-content\/uploads\/2020\/10\/17144857\/uptime-3.png\" alt=\"\" class=\"wp-image-39217\" style=\"width:150px;height:350px\" srcset=\"https:\/\/europe-thermoking.s3.eu-west-3.amazonaws.com\/wp-content\/uploads\/2020\/10\/17144857\/uptime-3.png 300w, https:\/\/europe-thermoking.s3.eu-west-3.amazonaws.com\/wp-content\/uploads\/2020\/10\/17144857\/uptime-3-129x300.png 129w, https:\/\/europe-thermoking.s3.eu-west-3.amazonaws.com\/wp-content\/uploads\/2020\/10\/17144857\/uptime-3-160x373.png 160w\" sizes=\"auto, (max-width: 300px) 100vw, 300px\" \/><\/figure>\n<\/div>\n<\/div>\n<\/div><\/div>\n\n\n<p>[spacer]<\/p>\n\n\n\n<div class=\"wp-block-group mt-m4 mb-m12 has-white-smoke-background-color has-background\"><div class=\"wp-block-group__inner-container is-layout-flow wp-block-group-is-layout-flow\">\n<div class=\"wp-block-columns is-layout-flex wp-container-core-columns-is-layout-9d6595d7 wp-block-columns-is-layout-flex\">\n<div class=\"wp-block-column is-layout-flow wp-block-column-is-layout-flow\">\n<figure class=\"wp-block-image size-large mt-m-4 mb-m-12\"><img loading=\"lazy\" decoding=\"async\" width=\"560\" height=\"760\" src=\"https:\/\/europe-thermoking.s3.eu-west-3.amazonaws.com\/wp-content\/uploads\/2020\/10\/17144852\/uptime-4.png\" alt=\"\" class=\"wp-image-39227\" srcset=\"https:\/\/europe-thermoking.s3.eu-west-3.amazonaws.com\/wp-content\/uploads\/2020\/10\/17144852\/uptime-4.png 560w, https:\/\/europe-thermoking.s3.eu-west-3.amazonaws.com\/wp-content\/uploads\/2020\/10\/17144852\/uptime-4-221x300.png 221w, https:\/\/europe-thermoking.s3.eu-west-3.amazonaws.com\/wp-content\/uploads\/2020\/10\/17144852\/uptime-4-160x217.png 160w, https:\/\/europe-thermoking.s3.eu-west-3.amazonaws.com\/wp-content\/uploads\/2020\/10\/17144852\/uptime-4-320x434.png 320w\" sizes=\"auto, (max-width: 560px) 100vw, 560px\" \/><\/figure>\n<\/div>\n\n\n\n<div class=\"wp-block-column is-vertically-aligned-center is-layout-flow wp-block-column-is-layout-flow\">\n<div class=\"wp-block-group\"><div class=\"wp-block-group__inner-container is-layout-flow wp-block-group-is-layout-flow\">\n<div class=\"wp-block-button\"><a class=\"wp-block-button__link wp-element-button\" href=\"https:\/\/www.staging.europe.thermoking.com\/it\/assetlink\/blue-track-brochure\/\" target=\"_blank\" rel=\"noreferrer noopener\">Aprite la brochure Blue Track<\/a><\/div>\n\n\n\n<p><\/p>\n\n\n\n<div class=\"wp-block-button\"><a class=\"wp-block-button__link wp-element-button\" href=\"https:\/\/www.staging.europe.thermoking.com\/dealer-locator\/\/\">Contattate il vostro concessionario<\/a><\/div>\n<\/div><\/div>\n<\/div>\n<\/div>\n<\/div><\/div>\n","protected":false},"excerpt":{"rendered":"<p>Blue Track: un programma che garantisce l&#8217;operativit\u00e0 dei veicoli Blue Track \u00e8 una vasta gamma di iniziative di assistenza all&#8217;avanguardia concepite per incrementare l&#8217;operativit\u00e0, assicurare in ogni momento il massimo comfort per i conducenti e consentirvi di essere sempre un passo avanti. Monitoraggio degli allarmi associati al parco veicoli 24 ore su 24, 7 giorni [&hellip;]<\/p>\n","protected":false},"author":1,"featured_media":0,"parent":0,"menu_order":0,"comment_status":"closed","ping_status":"closed","template":"","meta":{"_acf_changed":false,"footnotes":""},"class_list":["post-40172","page","type-page","status-publish","hentry"],"acf":[],"_links":{"self":[{"href":"https:\/\/www.staging.europe.thermoking.com\/it\/wp-json\/wp\/v2\/pages\/40172","targetHints":{"allow":["GET"]}}],"collection":[{"href":"https:\/\/www.staging.europe.thermoking.com\/it\/wp-json\/wp\/v2\/pages"}],"about":[{"href":"https:\/\/www.staging.europe.thermoking.com\/it\/wp-json\/wp\/v2\/types\/page"}],"author":[{"embeddable":true,"href":"https:\/\/www.staging.europe.thermoking.com\/it\/wp-json\/wp\/v2\/users\/1"}],"replies":[{"embeddable":true,"href":"https:\/\/www.staging.europe.thermoking.com\/it\/wp-json\/wp\/v2\/comments?post=40172"}],"version-history":[{"count":1,"href":"https:\/\/www.staging.europe.thermoking.com\/it\/wp-json\/wp\/v2\/pages\/40172\/revisions"}],"predecessor-version":[{"id":74435,"href":"https:\/\/www.staging.europe.thermoking.com\/it\/wp-json\/wp\/v2\/pages\/40172\/revisions\/74435"}],"wp:attachment":[{"href":"https:\/\/www.staging.europe.thermoking.com\/it\/wp-json\/wp\/v2\/media?parent=40172"}],"curies":[{"name":"wp","href":"https:\/\/api.w.org\/{rel}","templated":true}]}}