{"id":3666,"date":"2019-11-08T06:00:00","date_gmt":"2019-11-08T05:00:00","guid":{"rendered":"http:\/\/europe.thermoking.new.local\/home\/"},"modified":"2025-01-10T10:08:20","modified_gmt":"2025-01-10T09:08:20","slug":"home-2","status":"publish","type":"page","link":"https:\/\/www.staging.europe.thermoking.com\/it","title":{"rendered":"Thermo King"},"content":{"rendered":"\n\n<div class=\"wp-block-cover alignfull is-light has-custom-content-position is-position-bottom-left has-white-color has-text-color has-link-color wp-elements-6173ee430b4d828d66195ee14123e6a9\"><span aria-hidden=\"true\" class=\"wp-block-cover__background has-background-dim wp-block-cover__gradient-background has-background-gradient has-cover-b-100-40-0-vertical-gradient-background\"><\/span><img decoding=\"async\" class=\"wp-block-cover__image-background wp-image-71194\" alt=\"\" src=\"https:\/\/europe-thermoking.s3.eu-west-3.amazonaws.com\/wp-content\/uploads\/2024\/10\/25092335\/v2-home-cover.jpg\" data-object-fit=\"cover\"\/><div class=\"wp-block-cover__inner-container is-layout-flow wp-block-cover-is-layout-flow\">\n<h1 class=\"wp-block-heading has-white-color has-text-color has-link-color wp-elements-11467971512e859f2a90d5b700bed69d\">Il futuro \u00e8 elettrico<\/h1>\n\n\n\n<p class=\"has-2-xl-font-size\" style=\"text-transform:none\">Ridurre la dipendenza dai combustibili fossili ed elettrificare il parco veicoli<\/p>\n\n\n\n<div class=\"wp-block-buttons is-layout-flex wp-block-buttons-is-layout-flex\">\n<div class=\"wp-block-button has-custom-font-size is-style-outline tw-hidden has-lg-font-size is-style-outline--1\"><a class=\"wp-block-button__link wp-element-button\" style=\"border-style:none;border-width:0px;padding-top:0;padding-right:0;padding-bottom:0;padding-left:0\">Leggi di pi\u00f9<\/a><\/div>\n<\/div>\n<\/div><\/div>\n\n\n\n\n<section class=\"wp-block-group alignwide\"><div class=\"wp-block-group__inner-container is-layout-flow wp-block-group-is-layout-flow\">\n<h2 class=\"wp-block-heading has-innovation-blue-color has-text-color has-link-color wp-elements-ed3328bf74e1eb0402da6fd7d23950e1\" style=\"margin-right:var(--wp--preset--spacing--0400);margin-bottom:var(--wp--preset--spacing--0400);margin-left:var(--wp--preset--spacing--0400)\">In primo piano<\/h2>\n\n\n\n<div class=\"wp-block-columns tw-gap-6 is-layout-flex wp-container-core-columns-is-layout-9d6595d7 wp-block-columns-is-layout-flex\">\n<div class=\"wp-block-column is-layout-flow wp-block-column-is-layout-flow\"><\/div>\n\n\n\n<div class=\"wp-block-column is-layout-flow wp-block-column-is-layout-flow\"><\/div>\n\n\n\n<div class=\"wp-block-column is-layout-flow wp-block-column-is-layout-flow\"><\/div>\n<\/div>\n<\/div><\/section>\n\n\n\n\n\n<h5 class=\"wp-block-heading has-white-color has-text-color has-link-color wp-elements-f36bb5429417303ac5f8f6d1f3c1e258\">Connectivity<\/h5>\n\n\n\n<h4 class=\"wp-block-heading has-white-color has-text-color has-link-color wp-elements-828adb9add1f6a71173b3db9e0930634\">Connected<br>Solutions<\/h4>\n\n\n\n<p class=\"has-white-color has-text-color has-link-color wp-elements-c668395936f9879ac9d1b41302b88365\">Thermo King&nbsp;offre una gamma completa di prodotti progettati specificamente per il settore del controllo della temperatura nei trasporti. La ricerca e lo sviluppo di soluzioni innovative leader sul mercato sono il nostro orgoglio. Sono queste che ci permettono di continuare ad offrire ai nostri clienti i prodotti pi\u00f9 affidabili, efficienti e funzionali.<\/p>\n\n\n\n<p class=\"has-white-color has-text-color has-link-color wp-elements-6627e652aeb62b744745eb872bb39930\">Grazie alla collaborazione con Frigoblock, disponiamo della gamma pi\u00f9 completa di prodotti e servizi nel settore del trasporto refrigerato. Ovunque vi porti la vostra attivit\u00e0, i nostri servizi di assistenza e supporto vi seguiranno.&nbsp;Thermo King&nbsp;offre la pi\u00f9 ampia rete a livello mondiale di tecnici certificati per il servizio di assistenza per le unit\u00e0 di refrigerazione per autobus, autocarri, semirimorchi, vetture su rotaia e container marittimi.<\/p>\n\n\n\n<div class=\"wp-block-buttons is-layout-flex wp-block-buttons-is-layout-flex\">\n<div class=\"wp-block-button\"><a class=\"wp-block-button__link has-ice-blue-background-color has-background wp-element-button\" href=\"https:\/\/www.staging.europe.thermoking.com\/it\/applicazioni\/connected-solutions\">Scopri<\/a><\/div>\n<\/div>\n\n\n\n\n<div class=\"wp-block-cover alignfull\"><span aria-hidden=\"true\" class=\"wp-block-cover__background has-background-dim-0 has-background-dim\"><\/span><img decoding=\"async\" class=\"wp-block-cover__image-background wp-image-70309\" alt=\"\" src=\"https:\/\/europe-thermoking.s3.eu-west-3.amazonaws.com\/wp-content\/uploads\/2024\/07\/16152208\/v2-cs-cover.jpg\" style=\"object-position:50% 50%\" data-object-fit=\"cover\" data-object-position=\"50% 50%\"\/><div class=\"wp-block-cover__inner-container is-layout-flow wp-block-cover-is-layout-flow\">\n<p class=\"has-text-align-center has-large-font-size\"><\/p>\n<\/div><\/div>\n\n\n\n\n<section class=\"wp-block-group alignwide\" style=\"padding-bottom:var(--wp--preset--spacing--section-vertical-offset)\"><div class=\"wp-block-group__inner-container is-layout-constrained wp-block-group-is-layout-constrained\">\n\n\n<h4 class=\"wp-block-heading has-white-color has-text-color has-link-color wp-elements-d09ab9fdcf344ecbd0bb09caf8bd85f3\">Grandi passi in avanti per la riduzione delle emissioni<\/h4>\n\n\n\n<p class=\"has-white-color has-text-color has-link-color wp-elements-961e738a0b81be5020bcaee2ced7d491\">Leader nel settore del trasporto refrigerato, Thermo King sente da tempo il dovere di stabilire i pi\u00f9 elevati standard ambientali. Ogni nostro prodotto \u00e8 frutto dell&#8217;ambizione. Tecnologia CO2 di ultima generazione, prima sul mercato a proporre il refrigerante R-452A a basso GWP, opzioni a bassissima rumorosit\u00e0, emissioni eccezionalmente basse e funzionalit\u00e0 all&#8217;avanguardia per un impatto ridotto.<\/p>\n\n\n\n<div class=\"wp-block-buttons is-layout-flex wp-block-buttons-is-layout-flex\">\n<div class=\"wp-block-button is-style-outline is-style-outline--2\"><a class=\"wp-block-button__link has-white-color has-text-color has-link-color wp-element-button\" href=\"https:\/\/www.staging.europe.thermoking.com\/it\/sustainable-solutions\" style=\"border-style:none;border-width:0px;padding-top:0;padding-right:0;padding-bottom:0;padding-left:0\">Scopri di pi\u00f9<\/a><\/div>\n<\/div>\n\n\n\n\n<div class=\"wp-block-cover alignfull is-light\" style=\"padding-top:0;padding-right:0;padding-bottom:0;padding-left:0\"><span aria-hidden=\"true\" class=\"wp-block-cover__background has-background-dim-0 has-background-dim\" style=\"background-color:#FFF\"><\/span><img loading=\"lazy\" decoding=\"async\" width=\"1600\" height=\"1332\" class=\"wp-block-cover__image-background wp-image-73704\" alt=\"\" src=\"https:\/\/europe-thermoking.s3.eu-west-3.amazonaws.com\/wp-content\/uploads\/2024\/11\/15125704\/Thermoking-sustainability.jpg\" data-object-fit=\"cover\" srcset=\"https:\/\/europe-thermoking.s3.eu-west-3.amazonaws.com\/wp-content\/uploads\/2024\/11\/15125704\/Thermoking-sustainability.jpg 1600w, https:\/\/europe-thermoking.s3.eu-west-3.amazonaws.com\/wp-content\/uploads\/2024\/11\/15125704\/Thermoking-sustainability-160x133.jpg 160w, https:\/\/europe-thermoking.s3.eu-west-3.amazonaws.com\/wp-content\/uploads\/2024\/11\/15125704\/Thermoking-sustainability-320x266.jpg 320w, https:\/\/europe-thermoking.s3.eu-west-3.amazonaws.com\/wp-content\/uploads\/2024\/11\/15125704\/Thermoking-sustainability-40x33.jpg 40w, https:\/\/europe-thermoking.s3.eu-west-3.amazonaws.com\/wp-content\/uploads\/2024\/11\/15125704\/Thermoking-sustainability-80x67.jpg 80w, https:\/\/europe-thermoking.s3.eu-west-3.amazonaws.com\/wp-content\/uploads\/2024\/11\/15125704\/Thermoking-sustainability-432x360.jpg 432w, https:\/\/europe-thermoking.s3.eu-west-3.amazonaws.com\/wp-content\/uploads\/2024\/11\/15125704\/Thermoking-sustainability-541x450.jpg 541w, https:\/\/europe-thermoking.s3.eu-west-3.amazonaws.com\/wp-content\/uploads\/2024\/11\/15125704\/Thermoking-sustainability-640x533.jpg 640w, https:\/\/europe-thermoking.s3.eu-west-3.amazonaws.com\/wp-content\/uploads\/2024\/11\/15125704\/Thermoking-sustainability-960x799.jpg 960w, https:\/\/europe-thermoking.s3.eu-west-3.amazonaws.com\/wp-content\/uploads\/2024\/11\/15125704\/Thermoking-sustainability-1024x852.jpg 1024w, https:\/\/europe-thermoking.s3.eu-west-3.amazonaws.com\/wp-content\/uploads\/2024\/11\/15125704\/Thermoking-sustainability-1280x1066.jpg 1280w\" sizes=\"auto, (max-width: 1600px) 100vw, 1600px\" \/><div class=\"wp-block-cover__inner-container is-layout-flow wp-block-cover-is-layout-flow\">\n<p class=\"has-text-align-center has-large-font-size\"><\/p>\n<\/div><\/div>\n\n<\/div><\/section>\n\n\n\n<section class=\"wp-block-group alignfull has-white-smoke-background-color has-background\"><div class=\"wp-block-group__inner-container is-layout-constrained wp-block-group-is-layout-constrained\">\n\n<h3 class=\"wp-block-heading\">La nostra rete di concessionari per l\u2019assistenza. Disponibile ovunque e in qualsiasi momento<\/h3>\n\n\n\n<p>I clienti&nbsp;Thermo King&nbsp;possono avvalersi dell\u2019assistenza della rete di concessionari pi\u00f9 estesa del settore. Per ricevere la consulenza di un esperto \u00e8 sufficiente una telefonata, in qualunque momento. Ovunque vadano i tuoi veicoli, non viaggeranno mai da soli.<\/p>\n\n\n\n<ul class=\"wp-block-list\">\n<li>Assistenza disponibile 24 ore su 24, 7 giorni su 7<\/li>\n\n\n\n<li>Oltre 500 punti di assistenza autorizzati in 75 paesi<\/li>\n\n\n\n<li>Oltre 1400 tecnici certificati<\/li>\n<\/ul>\n\n<\/div><\/section>\n","protected":false},"excerpt":{"rendered":"<p>In primo piano<\/p>\n","protected":false},"author":1,"featured_media":0,"parent":0,"menu_order":0,"comment_status":"closed","ping_status":"open","template":"","meta":{"_acf_changed":false,"footnotes":""},"class_list":["post-3666","page","type-page","status-publish","hentry"],"acf":[],"_links":{"self":[{"href":"https:\/\/www.staging.europe.thermoking.com\/it\/wp-json\/wp\/v2\/pages\/3666","targetHints":{"allow":["GET"]}}],"collection":[{"href":"https:\/\/www.staging.europe.thermoking.com\/it\/wp-json\/wp\/v2\/pages"}],"about":[{"href":"https:\/\/www.staging.europe.thermoking.com\/it\/wp-json\/wp\/v2\/types\/page"}],"author":[{"embeddable":true,"href":"https:\/\/www.staging.europe.thermoking.com\/it\/wp-json\/wp\/v2\/users\/1"}],"replies":[{"embeddable":true,"href":"https:\/\/www.staging.europe.thermoking.com\/it\/wp-json\/wp\/v2\/comments?post=3666"}],"version-history":[{"count":13,"href":"https:\/\/www.staging.europe.thermoking.com\/it\/wp-json\/wp\/v2\/pages\/3666\/revisions"}],"predecessor-version":[{"id":74915,"href":"https:\/\/www.staging.europe.thermoking.com\/it\/wp-json\/wp\/v2\/pages\/3666\/revisions\/74915"}],"wp:attachment":[{"href":"https:\/\/www.staging.europe.thermoking.com\/it\/wp-json\/wp\/v2\/media?parent=3666"}],"curies":[{"name":"wp","href":"https:\/\/api.w.org\/{rel}","templated":true}]}}