{"id":2945,"date":"2018-06-08T14:26:55","date_gmt":"2018-06-08T12:26:55","guid":{"rendered":"http:\/\/europe.thermoking.new.local\/thermolite-solar-panels\/"},"modified":"2023-01-27T15:44:46","modified_gmt":"2023-01-27T14:44:46","slug":"thermolite-solar-panels","status":"publish","type":"page","link":"https:\/\/www.staging.europe.thermoking.com\/it\/power-solutions\/thermolite-solar-panels","title":{"rendered":"Pannelli solari Thermo King"},"content":{"rendered":"\n<div class=\"wp-block-columns has-2-columns is-layout-flex wp-container-core-columns-is-layout-9d6595d7 wp-block-columns-is-layout-flex\">\n<div class=\"wp-block-column is-layout-flow wp-block-column-is-layout-flow\">\n<h1 class=\"wp-block-heading\">Pannelli solari Thermo King<\/h1>\n<\/div>\n\n\n\n<div class=\"wp-block-column is-layout-flow wp-block-column-is-layout-flow\"><\/div>\n<\/div>\n\n\n\n<h6 class=\"wp-block-heading\">Soluzione di gestione energetica per tempi di attivit\u00e0 pi\u00f9 estesi e consumi ridotti<\/h6>\n\n\n<div class=\"wp-block-image\">\n<figure class=\"alignright\"><img loading=\"lazy\" decoding=\"async\" width=\"580\" height=\"423\" src=\"https:\/\/europe-thermoking.s3.eu-west-3.amazonaws.com\/wp-content\/uploads\/2019\/07\/17154617\/unit-solar-panel-2.png\" alt=\"\" class=\"wp-image-11695\" srcset=\"https:\/\/europe-thermoking.s3.eu-west-3.amazonaws.com\/wp-content\/uploads\/2019\/07\/17154617\/unit-solar-panel-2.png 580w, https:\/\/europe-thermoking.s3.eu-west-3.amazonaws.com\/wp-content\/uploads\/2019\/07\/17154617\/unit-solar-panel-2-40x29.png 40w, https:\/\/europe-thermoking.s3.eu-west-3.amazonaws.com\/wp-content\/uploads\/2019\/07\/17154617\/unit-solar-panel-2-80x58.png 80w, https:\/\/europe-thermoking.s3.eu-west-3.amazonaws.com\/wp-content\/uploads\/2019\/07\/17154617\/unit-solar-panel-2-494x360.png 494w, https:\/\/europe-thermoking.s3.eu-west-3.amazonaws.com\/wp-content\/uploads\/2019\/07\/17154617\/unit-solar-panel-2-160x117.png 160w, https:\/\/europe-thermoking.s3.eu-west-3.amazonaws.com\/wp-content\/uploads\/2019\/07\/17154617\/unit-solar-panel-2-320x233.png 320w, https:\/\/europe-thermoking.s3.eu-west-3.amazonaws.com\/wp-content\/uploads\/2019\/07\/17154617\/unit-solar-panel-2-300x219.png 300w\" sizes=\"auto, (max-width: 580px) 100vw, 580px\" \/><\/figure><\/div>\n\n\n<p>I pannelli solari Thermo King offrono una soluzione di gestione energetica sostenibile per le unit\u00e0 di refrigerazione per autocarri e semirimorchi, prolungando la durata della batteria e riducendo il consumo di carburante e le emissioni.<br>I pannelli, robusti e impermeabili, assorbono l&#8217;energia solare anche quando la luminosit\u00e0 \u00e8 insufficiente a mantenere la batteria in condizioni ottimali. Non sar\u00e0 pi\u00f9 necessario tenere il motore acceso per caricare la batteria, riducendo in tal modo i consumi di carburante e le emissioni di CO<sub>2<\/sub> e favorendo il raggiungimento degli obiettivi di sostenibilit\u00e0.<\/p>\n\n\n\n<p><\/p>\n\n\n\n<p><\/p>\n\n\n\n<p><\/p>\n\n\n\n<p><\/p>\n\n\n\n<p><\/p>\n\n\n\n<p><\/p>\n\n\n\n<p><\/p>\n\n\n\n<p><\/p>\n\n\n\n<p><\/p>\n\n\n\n<h2 class=\"wp-block-heading\">Applicazioni<\/h2>\n\n\n\n<p>I pannelli solari ThermoLite&#x2122; sono particolarmente adatti a queste 4 applicazioni:<\/p>\n\n\n\n<div class=\"wp-block-columns has-2-columns is-layout-flex wp-container-core-columns-is-layout-9d6595d7 wp-block-columns-is-layout-flex\">\n<div class=\"wp-block-column is-layout-flow wp-block-column-is-layout-flow\">\n<p><\/p>\n\n\n\n<ol class=\"li-blue-circle wp-block-list\">\n<li><strong><strong>Per la nostra unit\u00e0 di refrigerazione Thermo King (12 V):<\/strong><\/strong><br><br>Sempre connessi, per estendere la durata della batteria, risparmiare carburante e ridurre le emissioni di CO2. <br>Fino a 110 W<\/li>\n\n\n\n<li><strong><strong>Per la batteria della motrice \u2013 tetto della motrice (24V)<\/strong><\/strong><br><br>Per estendere la durata della batteria della motrice e risparmiare su sostituzioni, riparazioni e consumo di carburante.<br>Da 80 W (2 x 40 W) a 220 W (2 x 110 W).<\/li>\n\n\n\n<li><strong>Per montacarichi (24 V):<\/strong><br><br>Mantiene il montacarichi in funzione e le batterie cariche.<br>Fino a 220 W (2 x 110 W).<\/li>\n\n\n\n<li>Come estensione del pannello solare Advancer<\/li>\n<\/ol>\n<\/div>\n<\/div>\n\n\n\n<div class=\"wp-block-columns has-2-columns is-layout-flex wp-container-core-columns-is-layout-9d6595d7 wp-block-columns-is-layout-flex\">\n<div class=\"wp-block-column is-layout-flow wp-block-column-is-layout-flow\"><\/div>\n<\/div>\n\n\n\n<p><\/p>\n\n\n\n<figure class=\"wp-block-image size-full\"><img loading=\"lazy\" decoding=\"async\" width=\"668\" height=\"232\" src=\"https:\/\/europe-thermoking.s3.eu-west-3.amazonaws.com\/wp-content\/uploads\/2023\/01\/17105201\/Solar-Panel-applications-on-trailer.png\" alt=\"\" class=\"wp-image-61296\" srcset=\"https:\/\/europe-thermoking.s3.eu-west-3.amazonaws.com\/wp-content\/uploads\/2023\/01\/17105201\/Solar-Panel-applications-on-trailer.png 668w, https:\/\/europe-thermoking.s3.eu-west-3.amazonaws.com\/wp-content\/uploads\/2023\/01\/17105201\/Solar-Panel-applications-on-trailer-300x104.png 300w, https:\/\/europe-thermoking.s3.eu-west-3.amazonaws.com\/wp-content\/uploads\/2023\/01\/17105201\/Solar-Panel-applications-on-trailer-160x56.png 160w, https:\/\/europe-thermoking.s3.eu-west-3.amazonaws.com\/wp-content\/uploads\/2023\/01\/17105201\/Solar-Panel-applications-on-trailer-320x111.png 320w, https:\/\/europe-thermoking.s3.eu-west-3.amazonaws.com\/wp-content\/uploads\/2023\/01\/17105201\/Solar-Panel-applications-on-trailer-40x14.png 40w, https:\/\/europe-thermoking.s3.eu-west-3.amazonaws.com\/wp-content\/uploads\/2023\/01\/17105201\/Solar-Panel-applications-on-trailer-80x28.png 80w, https:\/\/europe-thermoking.s3.eu-west-3.amazonaws.com\/wp-content\/uploads\/2023\/01\/17105201\/Solar-Panel-applications-on-trailer-640x222.png 640w\" sizes=\"auto, (max-width: 668px) 100vw, 668px\" \/><\/figure>\n\n\n\n<h2 class=\"wp-block-heading\">Variet\u00e0 di scelta<\/h2>\n\n\n\n<p>I pannelli solari Thermo King sono disponibili in varie misure e capacit\u00e0. Scegline uno o combinali fra loro per soddisfare al meglio le tue esigenze.<\/p>\n\n\n\n<p><\/p>\n\n\n\n<ul class=\"wp-block-list\">\n<li>PANNELLO SOLARE THERMOLITE&#x2122; da 12 volt per unit\u00e0 di refrigerazione per autocarri e semirimorchi \u2013 40 W\/110 W<\/li>\n\n\n\n<li>PANNELLO SOLARE THERMOLITE&#x2122; da 24 volt \u2013 40 W\/110 W<\/li>\n\n\n\n<li>PANNELLI SOLARI THERMOLITE&#x2122; per Advancer \u2013 40 W e 50 W<\/li>\n<\/ul>\n\n\n\n<h2 class=\"wp-block-heading\">Funzioni<\/h2>\n\n\n\n<ul class=\"wp-block-list\">\n<li>Possibilit\u00e0 di generare una corrente di carica sufficiente anche in condizioni di luminosit\u00e0 ridotta, garantendo costantemente la carica della batteria dell&#8217;unit\u00e0 persino in inverno.<\/li>\n\n\n\n<li>Eccezionale livello di efficienza, garantisce una carica maggiore rispetto ai sistemi della concorrenza.<\/li>\n\n\n\n<li>Struttura dal profilo ribassato per agevolare l&#8217;installazione anche in caso di altezza limitata.<\/li>\n\n\n\n<li>Installazione semplice e rapida in soli 60 minuti in qualsiasi applicazione. Un solo numero parte per il kit con tutti i componenti necessari.<\/li>\n\n\n\n<li>Test svolti in condizioni meteorologiche estreme confermano l&#8217;eccezionale durata dell&#8217;elettronica a chiusura ermetica e delle celle a polimeri flessibili.<\/li>\n\n\n\n<li>Estrema durata e resistenza al lavaggio e al processo di pulizia chimica del semirimorchio.<\/li>\n<\/ul>\n\n\n\n<figure class=\"wp-block-image alignwide\"><img decoding=\"async\" src=\"https:\/\/europe-thermoking.s3.eu-west-3.amazonaws.com\/wp-content\/uploads\/2019\/07\/17154550\/Graphic_IT.png\" alt=\"\" class=\"wp-image-11707\"\/><\/figure>\n\n\n\n<p><\/p>\n\n\n\n<h2 class=\"wp-block-heading\">L&#8217;investimento migliore<\/h2>\n\n\n\n<p>Avere un&#8217;unit\u00e0 Thermo King significa scegliere l&#8217;investimento migliore per te che cerchi soprattutto affidabilit\u00e0, prestazioni e sostenibilit\u00e0 a un costo totale di propriet\u00e0 competitivo.<\/p>\n\n\n\n<div class=\"wp-block-columns is-layout-flex wp-container-core-columns-is-layout-9d6595d7 wp-block-columns-is-layout-flex\">\n<div class=\"wp-block-column is-layout-flow wp-block-column-is-layout-flow\">\n<figure class=\"wp-block-image size-full is-resized\"><img loading=\"lazy\" decoding=\"async\" src=\"https:\/\/europe-thermoking.s3.eu-west-3.amazonaws.com\/wp-content\/uploads\/2023\/01\/17105358\/TK_Genuine-Parts-Icon-1.png\" alt=\"\" class=\"wp-image-61342\" width=\"100\" height=\"100\" srcset=\"https:\/\/europe-thermoking.s3.eu-west-3.amazonaws.com\/wp-content\/uploads\/2023\/01\/17105358\/TK_Genuine-Parts-Icon-1.png 911w, https:\/\/europe-thermoking.s3.eu-west-3.amazonaws.com\/wp-content\/uploads\/2023\/01\/17105358\/TK_Genuine-Parts-Icon-1-300x300.png 300w, https:\/\/europe-thermoking.s3.eu-west-3.amazonaws.com\/wp-content\/uploads\/2023\/01\/17105358\/TK_Genuine-Parts-Icon-1-150x150.png 150w, https:\/\/europe-thermoking.s3.eu-west-3.amazonaws.com\/wp-content\/uploads\/2023\/01\/17105358\/TK_Genuine-Parts-Icon-1-768x767.png 768w, https:\/\/europe-thermoking.s3.eu-west-3.amazonaws.com\/wp-content\/uploads\/2023\/01\/17105358\/TK_Genuine-Parts-Icon-1-160x160.png 160w, https:\/\/europe-thermoking.s3.eu-west-3.amazonaws.com\/wp-content\/uploads\/2023\/01\/17105358\/TK_Genuine-Parts-Icon-1-320x320.png 320w, https:\/\/europe-thermoking.s3.eu-west-3.amazonaws.com\/wp-content\/uploads\/2023\/01\/17105358\/TK_Genuine-Parts-Icon-1-40x40.png 40w, https:\/\/europe-thermoking.s3.eu-west-3.amazonaws.com\/wp-content\/uploads\/2023\/01\/17105358\/TK_Genuine-Parts-Icon-1-80x80.png 80w, https:\/\/europe-thermoking.s3.eu-west-3.amazonaws.com\/wp-content\/uploads\/2023\/01\/17105358\/TK_Genuine-Parts-Icon-1-360x360.png 360w, https:\/\/europe-thermoking.s3.eu-west-3.amazonaws.com\/wp-content\/uploads\/2023\/01\/17105358\/TK_Genuine-Parts-Icon-1-450x450.png 450w, https:\/\/europe-thermoking.s3.eu-west-3.amazonaws.com\/wp-content\/uploads\/2023\/01\/17105358\/TK_Genuine-Parts-Icon-1-321x321.png 321w, https:\/\/europe-thermoking.s3.eu-west-3.amazonaws.com\/wp-content\/uploads\/2023\/01\/17105358\/TK_Genuine-Parts-Icon-1-322x322.png 322w, https:\/\/europe-thermoking.s3.eu-west-3.amazonaws.com\/wp-content\/uploads\/2023\/01\/17105358\/TK_Genuine-Parts-Icon-1-640x639.png 640w, https:\/\/europe-thermoking.s3.eu-west-3.amazonaws.com\/wp-content\/uploads\/2023\/01\/17105358\/TK_Genuine-Parts-Icon-1-641x641.png 641w, https:\/\/europe-thermoking.s3.eu-west-3.amazonaws.com\/wp-content\/uploads\/2023\/01\/17105358\/TK_Genuine-Parts-Icon-1-642x642.png 642w, https:\/\/europe-thermoking.s3.eu-west-3.amazonaws.com\/wp-content\/uploads\/2023\/01\/17105358\/TK_Genuine-Parts-Icon-1-900x910.png 900w\" sizes=\"auto, (max-width: 100px) 100vw, 100px\" \/><\/figure>\n\n\n\n<p><strong><strong>Pannelli solari ThermoLite&#x2122;<\/strong><\/strong><\/p>\n\n\n\n<p>In Thermo King ogni componente viene sottoposto a un processo di convalida completo che include materiali, progettazione, produzione e verifica della durata accelerata. Solo quando il componente soddisfa gli stessi standard elevati che applichiamo alla nostra produzione lo approviamo per l&#8217;uso come parte di ricambio, cos\u00ec le sue prestazioni sono sempre garantite. I ricambi ORIGINALI Thermo King hanno 2 anni di garanzia.<\/p>\n<\/div>\n\n\n\n<div class=\"wp-block-column is-layout-flow wp-block-column-is-layout-flow\">\n<figure class=\"wp-block-image size-full is-resized\"><img loading=\"lazy\" decoding=\"async\" src=\"https:\/\/europe-thermoking.s3.eu-west-3.amazonaws.com\/wp-content\/uploads\/2023\/01\/17105407\/TK_Select-Part-Icon-1.png\" alt=\"\" class=\"wp-image-61357\" width=\"100\" height=\"100\" srcset=\"https:\/\/europe-thermoking.s3.eu-west-3.amazonaws.com\/wp-content\/uploads\/2023\/01\/17105407\/TK_Select-Part-Icon-1.png 910w, https:\/\/europe-thermoking.s3.eu-west-3.amazonaws.com\/wp-content\/uploads\/2023\/01\/17105407\/TK_Select-Part-Icon-1-300x300.png 300w, https:\/\/europe-thermoking.s3.eu-west-3.amazonaws.com\/wp-content\/uploads\/2023\/01\/17105407\/TK_Select-Part-Icon-1-150x150.png 150w, https:\/\/europe-thermoking.s3.eu-west-3.amazonaws.com\/wp-content\/uploads\/2023\/01\/17105407\/TK_Select-Part-Icon-1-768x768.png 768w, https:\/\/europe-thermoking.s3.eu-west-3.amazonaws.com\/wp-content\/uploads\/2023\/01\/17105407\/TK_Select-Part-Icon-1-160x160.png 160w, https:\/\/europe-thermoking.s3.eu-west-3.amazonaws.com\/wp-content\/uploads\/2023\/01\/17105407\/TK_Select-Part-Icon-1-320x320.png 320w, https:\/\/europe-thermoking.s3.eu-west-3.amazonaws.com\/wp-content\/uploads\/2023\/01\/17105407\/TK_Select-Part-Icon-1-40x40.png 40w, https:\/\/europe-thermoking.s3.eu-west-3.amazonaws.com\/wp-content\/uploads\/2023\/01\/17105407\/TK_Select-Part-Icon-1-80x80.png 80w, https:\/\/europe-thermoking.s3.eu-west-3.amazonaws.com\/wp-content\/uploads\/2023\/01\/17105407\/TK_Select-Part-Icon-1-360x360.png 360w, https:\/\/europe-thermoking.s3.eu-west-3.amazonaws.com\/wp-content\/uploads\/2023\/01\/17105407\/TK_Select-Part-Icon-1-450x450.png 450w, https:\/\/europe-thermoking.s3.eu-west-3.amazonaws.com\/wp-content\/uploads\/2023\/01\/17105407\/TK_Select-Part-Icon-1-321x321.png 321w, https:\/\/europe-thermoking.s3.eu-west-3.amazonaws.com\/wp-content\/uploads\/2023\/01\/17105407\/TK_Select-Part-Icon-1-322x322.png 322w, https:\/\/europe-thermoking.s3.eu-west-3.amazonaws.com\/wp-content\/uploads\/2023\/01\/17105407\/TK_Select-Part-Icon-1-640x640.png 640w, https:\/\/europe-thermoking.s3.eu-west-3.amazonaws.com\/wp-content\/uploads\/2023\/01\/17105407\/TK_Select-Part-Icon-1-641x641.png 641w, https:\/\/europe-thermoking.s3.eu-west-3.amazonaws.com\/wp-content\/uploads\/2023\/01\/17105407\/TK_Select-Part-Icon-1-642x642.png 642w, https:\/\/europe-thermoking.s3.eu-west-3.amazonaws.com\/wp-content\/uploads\/2023\/01\/17105407\/TK_Select-Part-Icon-1-900x910.png 900w\" sizes=\"auto, (max-width: 100px) 100vw, 100px\" \/><\/figure>\n\n\n\n<p><strong>Thermo King SELECT Parts<\/strong><\/p>\n\n\n\n<p>I pannelli solari Thermo King sono disponibili anche nella gamma Thermo King SELECT Parts. Questi componenti vengono forniti per garantire affidabilit\u00e0 in condizioni estreme in una fascia di prezzo inferiore rispetto alle attrezzature originali (OE) utilizzate nella produzione. I componenti Thermo King SELECT Parts sono sottoposti agli stessi test rigorosi applicati ai ricambi originali e sono coperti da una garanzia di 1 anno.<\/p>\n<\/div>\n<\/div>\n\n\n\n<p>[spacer]<\/p>\n\n\n\n<div class=\"wp-block-columns has-3-columns is-layout-flex wp-container-core-columns-is-layout-9d6595d7 wp-block-columns-is-layout-flex\">\n<div class=\"wp-block-column is-layout-flow wp-block-column-is-layout-flow\"><\/div>\n\n\n\n<div class=\"wp-block-column is-layout-flow wp-block-column-is-layout-flow\"><\/div>\n\n\n\n<div class=\"wp-block-column is-layout-flow wp-block-column-is-layout-flow\"><\/div>\n<\/div>\n","protected":false},"excerpt":{"rendered":"<p>Pannelli solari Thermo King Soluzione di gestione energetica per tempi di attivit\u00e0 pi\u00f9 estesi e consumi ridotti I pannelli solari Thermo King offrono una soluzione di gestione energetica sostenibile per le unit\u00e0 di refrigerazione per autocarri e semirimorchi, prolungando la durata della batteria e riducendo il consumo di carburante e le emissioni.I pannelli, robusti e [&hellip;]<\/p>\n","protected":false},"author":1,"featured_media":0,"parent":76376,"menu_order":0,"comment_status":"closed","ping_status":"closed","template":"","meta":{"_acf_changed":false,"footnotes":""},"class_list":["post-2945","page","type-page","status-publish","hentry"],"acf":[],"_links":{"self":[{"href":"https:\/\/www.staging.europe.thermoking.com\/it\/wp-json\/wp\/v2\/pages\/2945","targetHints":{"allow":["GET"]}}],"collection":[{"href":"https:\/\/www.staging.europe.thermoking.com\/it\/wp-json\/wp\/v2\/pages"}],"about":[{"href":"https:\/\/www.staging.europe.thermoking.com\/it\/wp-json\/wp\/v2\/types\/page"}],"author":[{"embeddable":true,"href":"https:\/\/www.staging.europe.thermoking.com\/it\/wp-json\/wp\/v2\/users\/1"}],"replies":[{"embeddable":true,"href":"https:\/\/www.staging.europe.thermoking.com\/it\/wp-json\/wp\/v2\/comments?post=2945"}],"version-history":[{"count":0,"href":"https:\/\/www.staging.europe.thermoking.com\/it\/wp-json\/wp\/v2\/pages\/2945\/revisions"}],"up":[{"embeddable":true,"href":"https:\/\/www.staging.europe.thermoking.com\/it\/wp-json\/wp\/v2\/pages\/76376"}],"wp:attachment":[{"href":"https:\/\/www.staging.europe.thermoking.com\/it\/wp-json\/wp\/v2\/media?parent=2945"}],"curies":[{"name":"wp","href":"https:\/\/api.w.org\/{rel}","templated":true}]}}