{"id":2675,"date":"2018-06-07T10:46:03","date_gmt":"2018-06-07T08:46:03","guid":{"rendered":"http:\/\/europe.thermoking.new.local\/sustainable-solutions\/"},"modified":"2022-10-18T09:22:53","modified_gmt":"2022-10-18T07:22:53","slug":"sustainable-solutions","status":"publish","type":"page","link":"https:\/\/www.staging.europe.thermoking.com\/it\/sustainable-solutions","title":{"rendered":"Soluzioni Sostenibili"},"content":{"rendered":"\n\n\n<div class=\"wp-block-columns has-2-columns is-layout-flex wp-container-core-columns-is-layout-9d6595d7 wp-block-columns-is-layout-flex\">\n<div class=\"wp-block-column is-layout-flow wp-block-column-is-layout-flow\">\n<h1 class=\"co-maygreen has-may-green-color has-text-color wp-block-heading\">SOLUZIONI SOSTENIBILI THERMO KING<\/h1>\n<\/div>\n\n\n\n<div class=\"wp-block-column is-layout-flow wp-block-column-is-layout-flow\"><\/div>\n<\/div>\n\n\n\n<p>Una soluzione sostenibile deve fare due cose: deve offrire un vantaggio misurabile all&#8217;utilizzatore; deve farlo in modo da ridurre al minimo l&#8217;impatto ambientale. Ecco alcuni modi in cui le nostre soluzioni sostenibili e innovative possono portarvi vantaggi.<\/p>\n\n\n\n<h2 class=\"co-maygreen has-may-green-color has-text-color wp-block-heading\">MOTORI DIESEL PI\u00d9 EFFICIENTI E A EMISSIONI RIDOTTE<\/h2>\n\n\n\n<p>Uno dei modi pi\u00f9 veloci ed efficaci per ridurre l&#8217;impatto ambientale della vostra azienda consiste nel ridurre la quantit\u00e0 di carburante consumato dalle unit\u00e0 di controllo della temperatura per il trasporto. La riduzione del consumo di carburante \u00e8 positiva anche per i profitti. Oltre a farvi risparmiare, i motori che utilizziamo per le nostre unit\u00e0 di refrigerazione diesel convenzionali funzionano in modo pi\u00f9 efficiente: le emissioni di gas di scarico, le emissioni di CO<sub>2<\/sub>&nbsp;e la rumorosit\u00e0 risultano ridotte.<\/p>\n\n\n\n<h2 class=\"co-maygreen has-may-green-color has-text-color wp-block-heading\">CONTROLLO DELLA TEMPERATURA COMPLETAMENTE ELETTRICO<\/h2>\n\n\n\n<p>Ma i vantaggi non finiscono qui. Negli ultimi anni abbiamo anche investito molto nello sviluppo di alternative al motore diesel, tra cui gli alternatori elettrici alimentati dal motore del veicolo. Vantaggi:<\/p>\n\n\n\n<ul class=\"wp-block-list\"><li>Fino a 5.000 litri all&#8217;anno di carburante risparmiato<\/li><li>Riduzione sostanziale della rumorosit\u00e0<\/li><li>Possibilit\u00e0 di entrare nelle aree urbane sensibili all&#8217;inquinamento acustico<\/li><\/ul>\n\n\n\n<p>Sui veicoli pi\u00f9 piccoli, possiamo fornire una soluzione compatta, completamente elettrica, a batteria che non richiede modifiche al veicolo ed \u00e8 in grado di offrire:<\/p>\n\n\n\n<ul class=\"wp-block-list\"><li>Installazione rapida e semplice<\/li><li>Prestazioni leader nella categoria<\/li><li>Tecnologia semplice ma efficace<\/li><li>Funzionamento silenzioso<\/li><\/ul>\n\n\n\n<h2 class=\"co-maygreen has-may-green-color has-text-color wp-block-heading\">REFRIGERAZIONE IBRIDA PER SEMIRIMORCHI<\/h2>\n\n\n\n<p>La nostra soluzione di refrigerazione ibrida combina le tecnologie Thermo King e Frigoblock per creare un veicolo in grado di accedere anche alle zone ULEZ (Ultra Low Emission Zone). \u00c8 ideale per le zone a bassa e bassissima emissione di inquinamento (LEZ e ULEZ) e per le citt\u00e0 che stanno passando al divieto totale di circolazione per i motori diesel. Durante il trasporto su lunghe distanze, l&#8217;unit\u00e0 di refrigerazione funziona a diesel. Sulle brevi distanze in centro citt\u00e0, l&#8217;unit\u00e0 passa all&#8217;alimentazione elettrica. E, grazie al geo-fencing, ci\u00f2 avviene automaticamente, senza alcuna azione necessaria da parte del conducente.<\/p>\n\n\n\n<h2 class=\"co-maygreen has-may-green-color has-text-color wp-block-heading\">R-452A: UN&#8217;ALTERNATIVA AI REFRIGERANTI HFC<\/h2>\n\n\n\n<p>Con l&#8217;eliminazione graduale dei refrigeranti HFC, possiamo preparare la vostra azienda al futuro offrendo il refrigerante R-452A su tutte le nostre gamme di prodotti. Questa alternativa all&#8217;R-404A garantisce:<\/p>\n\n\n\n<ul class=\"wp-block-list\"><li>Impatto sull&#8217;ambiente ridotto fino al 45%<\/li><li>Conformit\u00e0 preventiva con le imminenti normative sui gas fluorurati (2020)<\/li><li>Costi operativi inferiori<\/li><li>Facile conversione senza sostituzione di componenti<\/li><\/ul>\n\n\n\n<p>L&#8217;R-452A \u00e8 di serie su tutte le unit\u00e0 di refrigerazione&nbsp;Thermo King&nbsp;per furgoni, autocarri e semirimorchi.<\/p>\n\n\n\n<h2 class=\"wp-block-heading\">Date un&#8217;occhiata all&#8217;animazione sull&#8217;R-452A<\/h2>\n\n\n","protected":false},"excerpt":{"rendered":"<p>SOLUZIONI SOSTENIBILI THERMO KING Una soluzione sostenibile deve fare due cose: deve offrire un vantaggio misurabile all&#8217;utilizzatore; deve farlo in modo da ridurre al minimo l&#8217;impatto ambientale. Ecco alcuni modi in cui le nostre soluzioni sostenibili e innovative possono portarvi vantaggi. MOTORI DIESEL PI\u00d9 EFFICIENTI E A EMISSIONI RIDOTTE Uno dei modi pi\u00f9 veloci ed [&hellip;]<\/p>\n","protected":false},"author":1,"featured_media":0,"parent":0,"menu_order":0,"comment_status":"closed","ping_status":"closed","template":"","meta":{"_acf_changed":false,"footnotes":""},"class_list":["post-2675","page","type-page","status-publish","hentry"],"acf":[],"_links":{"self":[{"href":"https:\/\/www.staging.europe.thermoking.com\/it\/wp-json\/wp\/v2\/pages\/2675","targetHints":{"allow":["GET"]}}],"collection":[{"href":"https:\/\/www.staging.europe.thermoking.com\/it\/wp-json\/wp\/v2\/pages"}],"about":[{"href":"https:\/\/www.staging.europe.thermoking.com\/it\/wp-json\/wp\/v2\/types\/page"}],"author":[{"embeddable":true,"href":"https:\/\/www.staging.europe.thermoking.com\/it\/wp-json\/wp\/v2\/users\/1"}],"replies":[{"embeddable":true,"href":"https:\/\/www.staging.europe.thermoking.com\/it\/wp-json\/wp\/v2\/comments?post=2675"}],"version-history":[{"count":0,"href":"https:\/\/www.staging.europe.thermoking.com\/it\/wp-json\/wp\/v2\/pages\/2675\/revisions"}],"wp:attachment":[{"href":"https:\/\/www.staging.europe.thermoking.com\/it\/wp-json\/wp\/v2\/media?parent=2675"}],"curies":[{"name":"wp","href":"https:\/\/api.w.org\/{rel}","templated":true}]}}