{"id":2178,"date":"2018-06-08T13:33:47","date_gmt":"2018-06-08T12:33:47","guid":{"rendered":"http:\/\/europe.thermoking.new.local\/usb-data-collector\/"},"modified":"2019-10-02T10:47:11","modified_gmt":"2019-10-02T09:47:11","slug":"usb-data-collector","status":"publish","type":"page","link":"https:\/\/www.staging.europe.thermoking.com\/it\/applicazioni\/connected-solutions\/usb-data-collector","title":{"rendered":"Collettore dati USB"},"content":{"rendered":"\n<h1 class=\"wp-block-heading\">Collettore dati USB<\/h1>\n\n\n\n<div class=\"wp-block-image\"><figure class=\"alignright is-resized\"><img decoding=\"async\" src=\"https:\/\/europe-thermoking.s3.eu-west-3.amazonaws.com\/wp-content\/uploads\/2019\/10\/17153839\/1.png\" alt=\"\" class=\"wp-image-17796\" width=\"320\" srcset=\"https:\/\/europe-thermoking.s3.eu-west-3.amazonaws.com\/wp-content\/uploads\/2019\/10\/17153839\/1.png 300w, https:\/\/europe-thermoking.s3.eu-west-3.amazonaws.com\/wp-content\/uploads\/2019\/10\/17153839\/1-160x111.png 160w, https:\/\/europe-thermoking.s3.eu-west-3.amazonaws.com\/wp-content\/uploads\/2019\/10\/17153839\/1-40x28.png 40w, https:\/\/europe-thermoking.s3.eu-west-3.amazonaws.com\/wp-content\/uploads\/2019\/10\/17153839\/1-80x55.png 80w\" sizes=\"(max-width: 300px) 100vw, 300px\" \/><\/figure><\/div>\n\n\n\n<p>Il Collettore dati consente di integrare alla perfezione i registratori dati USB. Questo dispositivo USB \u00e8 in grado di raccogliere i dati relativi ad un massimo di 500 registratori dati USB &#8220;in movimento&#8221;, senza cavi o connessioni aggiuntive. La porta mini USB consente di trasferire sul PC i file raccolti dal collettore dati in un secondo momento e con la massima semplicit\u00e0.<\/p>\n\n\n\n<p>Il collettore dati \u00e8 dotato di uno schermo tattile LCD a colori che consente una navigazione semplificata e una chiara visualizzazione grafica della temperatura. Il dispositivo \u00e8 dotato di una batteria al litio con una durata fino a 8 ore, che pu\u00f2 essere ricaricata tramite PC. Questo strumento \u00e8 ideale per l&#8217;attivazione, l&#8217;impostazione e il download sul campo di qualsiasi registratore dati USB Thermo King.<\/p>\n","protected":false},"excerpt":{"rendered":"<p>Collettore dati USB Il Collettore dati consente di integrare alla perfezione i registratori dati USB. Questo dispositivo USB \u00e8 in grado di raccogliere i dati relativi ad un massimo di 500 registratori dati USB &#8220;in movimento&#8221;, senza cavi o connessioni aggiuntive. La porta mini USB consente di trasferire sul PC i file raccolti dal collettore [&hellip;]<\/p>\n","protected":false},"author":1,"featured_media":0,"parent":2657,"menu_order":0,"comment_status":"closed","ping_status":"closed","template":"","meta":{"_acf_changed":false,"footnotes":""},"class_list":["post-2178","page","type-page","status-publish","hentry"],"acf":[],"_links":{"self":[{"href":"https:\/\/www.staging.europe.thermoking.com\/it\/wp-json\/wp\/v2\/pages\/2178","targetHints":{"allow":["GET"]}}],"collection":[{"href":"https:\/\/www.staging.europe.thermoking.com\/it\/wp-json\/wp\/v2\/pages"}],"about":[{"href":"https:\/\/www.staging.europe.thermoking.com\/it\/wp-json\/wp\/v2\/types\/page"}],"author":[{"embeddable":true,"href":"https:\/\/www.staging.europe.thermoking.com\/it\/wp-json\/wp\/v2\/users\/1"}],"replies":[{"embeddable":true,"href":"https:\/\/www.staging.europe.thermoking.com\/it\/wp-json\/wp\/v2\/comments?post=2178"}],"version-history":[{"count":0,"href":"https:\/\/www.staging.europe.thermoking.com\/it\/wp-json\/wp\/v2\/pages\/2178\/revisions"}],"up":[{"embeddable":true,"href":"https:\/\/www.staging.europe.thermoking.com\/it\/wp-json\/wp\/v2\/pages\/2657"}],"wp:attachment":[{"href":"https:\/\/www.staging.europe.thermoking.com\/it\/wp-json\/wp\/v2\/media?parent=2178"}],"curies":[{"name":"wp","href":"https:\/\/api.w.org\/{rel}","templated":true}]}}