{"id":8227,"date":"2018-08-27T14:28:44","date_gmt":"2018-08-27T12:28:44","guid":{"rendered":"https:\/\/europe.thermoking.new.local\/?page_id=8227"},"modified":"2024-11-18T14:27:14","modified_gmt":"2024-11-18T13:27:14","slug":"video-collection","status":"publish","type":"page","link":"https:\/\/www.staging.europe.thermoking.com\/fr\/media-room\/video-collection","title":{"rendered":"Collection de vid\u00e9os TK"},"content":{"rendered":"\n<section class=\"wp-block-group alignwide\"><div class=\"wp-block-group__inner-container is-layout-flow wp-block-group-is-layout-flow\">\n<div class=\"wp-block-columns alignfull is-layout-flex wp-container-core-columns-is-layout-3058809c wp-block-columns-is-layout-flex\">\n<div class=\"wp-block-column is-layout-flow wp-block-column-is-layout-flow\" style=\"flex-basis:20%\"><\/div>\n\n\n\n<div class=\"wp-block-column is-layout-flow wp-block-column-is-layout-flow\" style=\"flex-basis:80%\">\n<h2 class=\"wp-block-heading alignfull\">Collection de vid\u00e9os TK<\/h2>\n\n\n\n<p class=\"has-2-xl-font-size\">Regardez les vid\u00e9os de votre choix \u00e0 partir de notre vaste biblioth\u00e8que.<\/p>\n<\/div>\n<\/div>\n<\/div><\/section>\n\n\n","protected":false},"excerpt":{"rendered":"<p>Collection de vid\u00e9os TK Regardez les vid\u00e9os de votre choix \u00e0 partir de notre vaste biblioth\u00e8que.<\/p>\n","protected":false},"author":1,"featured_media":7264,"parent":3525,"menu_order":0,"comment_status":"closed","ping_status":"closed","template":"","meta":{"_acf_changed":false,"footnotes":""},"class_list":["post-8227","page","type-page","status-publish","has-post-thumbnail","hentry"],"acf":[],"_links":{"self":[{"href":"https:\/\/www.staging.europe.thermoking.com\/fr\/wp-json\/wp\/v2\/pages\/8227","targetHints":{"allow":["GET"]}}],"collection":[{"href":"https:\/\/www.staging.europe.thermoking.com\/fr\/wp-json\/wp\/v2\/pages"}],"about":[{"href":"https:\/\/www.staging.europe.thermoking.com\/fr\/wp-json\/wp\/v2\/types\/page"}],"author":[{"embeddable":true,"href":"https:\/\/www.staging.europe.thermoking.com\/fr\/wp-json\/wp\/v2\/users\/1"}],"replies":[{"embeddable":true,"href":"https:\/\/www.staging.europe.thermoking.com\/fr\/wp-json\/wp\/v2\/comments?post=8227"}],"version-history":[{"count":2,"href":"https:\/\/www.staging.europe.thermoking.com\/fr\/wp-json\/wp\/v2\/pages\/8227\/revisions"}],"predecessor-version":[{"id":73863,"href":"https:\/\/www.staging.europe.thermoking.com\/fr\/wp-json\/wp\/v2\/pages\/8227\/revisions\/73863"}],"up":[{"embeddable":true,"href":"https:\/\/www.staging.europe.thermoking.com\/fr\/wp-json\/wp\/v2\/pages\/3525"}],"wp:featuredmedia":[{"embeddable":true,"href":"https:\/\/www.staging.europe.thermoking.com\/fr\/wp-json\/wp\/v2\/media\/7264"}],"wp:attachment":[{"href":"https:\/\/www.staging.europe.thermoking.com\/fr\/wp-json\/wp\/v2\/media?parent=8227"}],"curies":[{"name":"wp","href":"https:\/\/api.w.org\/{rel}","templated":true}]}}