{"id":73761,"date":"2024-11-12T17:52:08","date_gmt":"2024-11-12T16:52:08","guid":{"rendered":"https:\/\/europe.thermoking.new.local\/?page_id=73761"},"modified":"2024-11-26T17:41:32","modified_gmt":"2024-11-26T16:41:32","slug":"about","status":"publish","type":"page","link":"https:\/\/www.staging.europe.thermoking.com\/fr\/about","title":{"rendered":"\u00c0 propos"},"content":{"rendered":"\n\n<div class=\"wp-block-cover alignfull has-custom-content-position is-position-bottom-left\"><span aria-hidden=\"true\" class=\"wp-block-cover__background has-background-dim-100 has-background-dim wp-block-cover__gradient-background has-background-gradient has-cover-5050-vertical-gradient-background\"><\/span><img decoding=\"async\" class=\"wp-block-cover__image-background wp-image-70396\" alt=\"\" src=\"https:\/\/europe-thermoking.s3.eu-west-3.amazonaws.com\/wp-content\/uploads\/2024\/07\/16190726\/v2-about.jpg\" data-object-fit=\"cover\"\/><div class=\"wp-block-cover__inner-container is-layout-flow wp-block-cover-is-layout-flow\">\n<p class=\"has-white-color has-text-color has-link-color has-2-xl-font-size wp-elements-eee8eca29fbb75d0a6a2f8383254b385\" style=\"margin-bottom:0\">\u00c0 propos de notre entreprise<\/p>\n\n\n\n<h1 class=\"wp-block-heading alignwide has-white-color has-text-color has-link-color wp-elements-24c5919d44640de7b3d7274c1fc4e822\">Nous sommes les leaders du transport sous temp\u00e9rature dirig\u00e9e depuis plus de 80 ans<\/h1>\n<\/div><\/div>\n\n\n\n\n<section class=\"wp-block-group\"><div class=\"wp-block-group__inner-container is-layout-flow wp-block-group-is-layout-flow\">\n<h2 class=\"wp-block-heading\">Nous vous permettons de rester<br>sur la route plus longtemps<\/h2>\n\n\n\n<p class=\"has-2-xl-font-size\">En 1938, Thermo&nbsp;King a ouvert la voie au transport \u00e0 temp\u00e9rature contr\u00f4l\u00e9e et depuis, le fabricant a conserv\u00e9 sa place de leader mondial dans ce secteur. Aujourd\u2019hui, nos solutions comprennent des syst\u00e8mes \u00e0 temp\u00e9rature contr\u00f4l\u00e9e pour les VUL, les semi-remorques, les porteurs, les wagons ferroviaires ainsi que les conteneurs a\u00e9riens, maritimes et intermodaux. \u00c0 cela s\u2019ajoutent des produits HVAC (chauffage, ventilation et climatisation d\u2019air) pour les rames de m\u00e9tro, les wagons de train et les bus. Tous les produits&nbsp;Thermo&nbsp;King&nbsp;font l\u2019objet d\u2019une assistance assur\u00e9e par un r\u00e9seau de concessionnaires \u00e9tendu, qui fournit un service apr\u00e8s-vente performant, form\u00e9 en usine, ainsi qu\u2019une gamme compl\u00e8te de pi\u00e8ces d\u2019origine \u00e0 des prix comp\u00e9titifs.<\/p>\n\n\n\n<div style=\"height:var(--wp--preset--spacing--0400)\" aria-hidden=\"true\" class=\"wp-block-spacer\"><\/div>\n\n\n\n<h2 class=\"wp-block-heading\">Secteurs alimentaire, pharmaceutique et bien plus encore<\/h2>\n\n\n\n<p class=\"has-2-xl-font-size\">Nos solutions am\u00e9liorent la qualit\u00e9 de vie en prot\u00e9geant et prenant soin des produits qui comptent pour chacun d\u2019entre nous partout dans le monde. Des aliments que nous consommons (frais, congel\u00e9s et surgel\u00e9s) aux produits pharmaceutiques, aux fleurs, aux voitures de luxe, \u00e0 la peinture, aux composants informatiques, aux pi\u00e8ces \u00e9lectroniques, aux instruments de musique et bien davantage. Notre technologie de r\u00e9frig\u00e9ration et \u00e0 temp\u00e9rature contr\u00f4l\u00e9e permet de conserver des produits sensibles \u00e0 leur temp\u00e9rature optimale, quelles que soient les conditions ambiantes. Nos produits de chauffage, ventilation et climatisation destin\u00e9s aux bus et trains permettent \u00e9galement aux passagers de voyager de mani\u00e8re confortable.<\/p>\n<\/div><\/section>\n\n\n\n<section class=\"wp-block-group alignwide\" style=\"padding-top:var(--wp--preset--spacing--section-as-parent-vertical-offset);padding-bottom:var(--wp--preset--spacing--section-as-parent-vertical-offset)\"><div class=\"wp-block-group__inner-container is-layout-constrained wp-block-group-is-layout-constrained\">\n<section class=\"wp-block-group alignwide has-innovation-blue-background-color has-background\"><div class=\"wp-block-group__inner-container is-layout-flow wp-block-group-is-layout-flow\">\n<h3 class=\"wp-block-heading alignwide has-white-color has-text-color has-link-color wp-elements-8d7fc38eb0cf210e81f7d7472fc23ba8\" style=\"margin-top:0;margin-right:var(--wp--preset--spacing--0300);margin-bottom:var(--wp--preset--spacing--0400);margin-left:var(--wp--preset--spacing--0300)\">Toujours se concentrer sur ce qui compte<\/h3>\n\n\n\n<div style=\"height:var(--wp--preset--spacing--55)\" aria-hidden=\"true\" class=\"wp-block-spacer\"><\/div>\n\n\n\n<div class=\"wp-block-columns alignwide tw-gap-16 md-tw-gap-32 is-layout-flex wp-container-core-columns-is-layout-9d6595d7 wp-block-columns-is-layout-flex\">\n<div class=\"wp-block-column is-layout-flow wp-block-column-is-layout-flow\"><div class=\"wp-block-image\">\n<figure class=\"aligncenter size-full is-resized\"><img decoding=\"async\" src=\"https:\/\/europe-thermoking.s3.eu-west-3.amazonaws.com\/wp-content\/uploads\/2024\/07\/23122308\/v2-icon-globe-duotone.png\" alt=\"\" class=\"wp-image-70601\" style=\"width:60px\"\/><\/figure><\/div>\n\n\n<p class=\"has-text-align-center has-white-color has-text-color has-link-color has-2-xl-font-size wp-elements-96211a09b3e340c1807a0f6126dfcffc\" style=\"margin-top:var(--wp--preset--spacing--40);margin-bottom:var(--wp--preset--spacing--40);font-style:normal;font-weight:600;line-height:1.3\">Performance et valeur<\/p>\n\n\n\n<p class=\"has-text-align-center has-white-color has-text-color has-link-color wp-elements-2265cc039fdb58142be0882631ee1e6e\" style=\"font-style:normal;font-weight:500\">un temps de disponibilit\u00e9 et une fiabilit\u00e9 des plus \u00e9lev\u00e9s<\/p>\n<\/div>\n\n\n\n<div class=\"wp-block-column is-layout-flow wp-block-column-is-layout-flow\"><div class=\"wp-block-image\">\n<figure class=\"aligncenter size-full is-resized\"><img decoding=\"async\" src=\"https:\/\/europe-thermoking.s3.eu-west-3.amazonaws.com\/wp-content\/uploads\/2024\/07\/23122359\/v2-icon-user-headset-duotone.png\" alt=\"\" class=\"wp-image-70616\" style=\"width:60px\"\/><\/figure><\/div>\n\n\n<p class=\"has-text-align-center has-white-color has-text-color has-link-color has-2-xl-font-size wp-elements-614d9eac7744bd546db9c9f9b70f6ba6\" style=\"margin-top:var(--wp--preset--spacing--40);margin-bottom:var(--wp--preset--spacing--40);font-style:normal;font-weight:600;line-height:1.3\">\u00c9conomies int\u00e9gr\u00e9es<\/p>\n\n\n\n<p class=\"has-text-align-center has-white-color has-text-color has-link-color wp-elements-5b0a6e96804566131e984ca8f1c0b0e6\" style=\"font-style:normal;font-weight:500\">le co\u00fbt total de propri\u00e9t\u00e9 (CTP) le plus faible du march\u00e9<\/p>\n<\/div>\n\n\n\n<div class=\"wp-block-column is-layout-flow wp-block-column-is-layout-flow\"><div class=\"wp-block-image\">\n<figure class=\"aligncenter size-full is-resized\"><img decoding=\"async\" src=\"https:\/\/europe-thermoking.s3.eu-west-3.amazonaws.com\/wp-content\/uploads\/2024\/07\/23122427\/v2-icon-assistance-duotone.png\" alt=\"\" class=\"wp-image-70631\" style=\"width:60px\"\/><\/figure><\/div>\n\n\n<p class=\"has-text-align-center has-white-color has-text-color has-link-color has-2-xl-font-size wp-elements-c0017e255f3e73afb9d61739bb33af77\" style=\"margin-top:var(--wp--preset--spacing--40);margin-bottom:var(--wp--preset--spacing--40);font-style:normal;font-weight:600;line-height:1.3\">Entretien et assistance sp\u00e9cialis\u00e9s<\/p>\n\n\n\n<p class=\"has-text-align-center has-white-color has-text-color has-link-color wp-elements-2824798b047cc5cbd431344b3c05caa8\" style=\"font-style:normal;font-weight:500\">le r\u00e9seau de concessionnaires le plus \u00e9tendu offrant la meilleure expertise<\/p>\n<\/div>\n\n\n\n<div class=\"wp-block-column is-layout-flow wp-block-column-is-layout-flow\"><div class=\"wp-block-image\">\n<figure class=\"aligncenter size-full is-resized\"><img decoding=\"async\" src=\"https:\/\/europe-thermoking.s3.eu-west-3.amazonaws.com\/wp-content\/uploads\/2024\/07\/23124236\/v2-icon-sun-duotone.png\" alt=\"\" class=\"wp-image-70657\" style=\"width:60px\"\/><\/figure><\/div>\n\n\n<p class=\"has-text-align-center has-white-color has-text-color has-link-color has-2-xl-font-size wp-elements-4345dda3ad1af66e82736ba758b2ad12\" style=\"margin-top:var(--wp--preset--spacing--40);margin-bottom:var(--wp--preset--spacing--40);font-style:normal;font-weight:600;line-height:1.3\">Accent mis sur le d\u00e9veloppement durable<\/p>\n\n\n\n<p class=\"has-text-align-center has-white-color has-text-color has-link-color wp-elements-eeed2216543409b28ee503fb1e28782e\" style=\"font-style:normal;font-weight:500\">des solutions durables de pointe pour l\u2019entreprise<\/p>\n<\/div>\n<\/div>\n<\/div><\/section>\n<\/div><\/section>\n\n\n\n<section class=\"wp-block-group\"><div class=\"wp-block-group__inner-container is-layout-flow wp-block-group-is-layout-flow\">\n<div class=\"wp-block-columns tw-gap-16 tw-md-gap-32 is-layout-flex wp-container-core-columns-is-layout-9d6595d7 wp-block-columns-is-layout-flex\">\n<div class=\"wp-block-column is-layout-flow wp-block-column-is-layout-flow\">\n<h3 class=\"wp-block-heading\">Performance et valeur<\/h3>\n\n\n\n<p>Un fonctionnement fiable et efficace de votre \u00e9quipement de transport a un effet positif sur votre r\u00e9sultat net. Les \u00e9quipements de&nbsp;Thermo&nbsp;King&nbsp;ont fait leurs preuves en termes de fiabilit\u00e9 et nos produits conservent leur valeur mieux que ceux de quiconque dans le secteur.<\/p>\n\n\n\n<div style=\"height:var(--wp--preset--spacing--0200)\" aria-hidden=\"true\" class=\"wp-block-spacer\"><\/div>\n\n\n\n<h3 class=\"wp-block-heading\">\u00c9conomies int\u00e9gr\u00e9es<\/h3>\n\n\n\n<p>Une meilleure conception assure un co\u00fbt total de propri\u00e9t\u00e9 plus faible. Une fabrication solide associ\u00e9e \u00e0 une fiabilit\u00e9 et une efficacit\u00e9 \u00e9prouv\u00e9es vous permettent de r\u00e9aliser des \u00e9conomies au niveau des co\u00fbts d\u2019entretien et de maintenance. Nos conceptions durables se traduisent par une consommation \u00e9nerg\u00e9tique r\u00e9duite. Nos tests de qualit\u00e9 am\u00e9liorent les performances et le temps de disponibilit\u00e9 des produits. Et nos cycles de maintenance plus longs vous permettent d\u2019\u00e9conomiser du temps et de l\u2019argent.<\/p>\n<\/div>\n\n\n\n<div class=\"wp-block-column is-layout-flow wp-block-column-is-layout-flow\">\n<div style=\"height:var(--wp--preset--spacing--0400)\" aria-hidden=\"true\" class=\"wp-block-spacer\"><\/div>\n\n\n\n<h3 class=\"wp-block-heading\">Entretien et assistance sp\u00e9cialis\u00e9s<\/h3>\n\n\n\n<p>Le r\u00e9seau de concessionnaires de Thermo&nbsp;King est une r\u00e9f\u00e9rence mondiale en termes de service apr\u00e8s-vente. Plus de 500&nbsp;points d\u2019entretien \u00e0 travers 75&nbsp;pays emploient plus de 1&nbsp;400&nbsp;techniciens form\u00e9s et certifi\u00e9s Thermo&nbsp;King. O\u00f9 que vous alliez, vous vous trouverez rarement \u00e0 plus de deux heures de route d\u2019un atelier de r\u00e9paration ouvert 24&nbsp;h\/24, disponible via une ligne d\u2019assistance multilingue. Avec&nbsp;ThermoKare Service&nbsp;et&nbsp;Maintenance Solutions, vous pouvez choisir le contrat d\u2019entretien qui correspond le mieux \u00e0 vos besoins.<\/p>\n\n\n\n<div style=\"height:var(--wp--preset--spacing--0200)\" aria-hidden=\"true\" class=\"wp-block-spacer\"><\/div>\n\n\n\n<h3 class=\"wp-block-heading\">Accent mis sur le d\u00e9veloppement durable<\/h3>\n\n\n\n<p>Nos solutions durables sont ax\u00e9es sur la volont\u00e9 de fournir un impact positif sur l\u2019environnement et sur votre r\u00e9sultat net. Ainsi, nous proposons des moteurs thermiques plus efficaces et produisant moins d\u2019\u00e9missions afin de r\u00e9duire les \u00e9missions de CO<sub>2<\/sub>&nbsp;et vous permettre de r\u00e9aliser des \u00e9conomies sur vos factures de carburant. Nous proposons des solutions de transport \u00e0 temp\u00e9rature contr\u00f4l\u00e9e enti\u00e8rement \u00e9lectriques ainsi que des syst\u00e8mes frigorifiques hybrides thermique\/\u00e9lectrique qui r\u00e9duisent les factures de carburant, r\u00e9pondent aux derni\u00e8res r\u00e9glementations et celles \u00e0 venir et vous garantissent une exploitation plus efficace.<\/p>\n<\/div>\n<\/div>\n<\/div><\/section>\n\n\n\n<section class=\"wp-block-group alignfull\"><div class=\"wp-block-group__inner-container is-layout-constrained wp-block-group-is-layout-constrained\">\n\n<h2 class=\"wp-block-heading\" style=\"font-style:normal;font-weight:500\">Une innovation orient\u00e9e client<\/h2>\n\n\n\n<p>Thermo&nbsp;King est n\u00e9 lorsqu\u2019une personne a demand\u00e9 \u00e0 Joe Numero s\u2019il pouvait conserver au frais un chargement de poulets alors qu\u2019ils se rendaient au march\u00e9. Il a accept\u00e9 le d\u00e9fi et avec l\u2019ing\u00e9nieur de g\u00e9nie Frederick M. Jones, ils ont cr\u00e9\u00e9&nbsp;Thermo&nbsp;King. Nous n\u2019oublions jamais que l\u2019innovation commence avec les besoins du client.<\/p>\n\n<\/div><\/section>\n\n\n\n<section class=\"wp-block-group alignfull has-white-smoke-background-color has-background\"><div class=\"wp-block-group__inner-container is-layout-constrained wp-block-group-is-layout-constrained\">\n\n<h2 class=\"wp-block-heading\" style=\"font-style:normal;font-weight:500;letter-spacing:-1px\">Recherche et d\u00e9veloppement avanc\u00e9s<\/h2>\n\n\n\n<p>Vous comptez sur des produits de qualit\u00e9 pour optimiser vos b\u00e9n\u00e9fices tout en gardant une tranquillit\u00e9 d&#8217;esprit. Nos installations ultra-modernes sont \u00e9quip\u00e9es de mani\u00e8re \u00e0 proposer les technologies et processus les plus r\u00e9cents et les plus avanc\u00e9s. En travaillant \u00e9troitement avec nos \u00e9quipes d&#8217;ing\u00e9nieurs, nous examinons la mani\u00e8re dont la technologie affecte les caract\u00e9ristiques essentielles d&#8217;un produit.<\/p>\n\n<\/div><\/section>\n\n\n\n<section class=\"wp-block-group\"><div class=\"wp-block-group__inner-container is-layout-constrained wp-block-group-is-layout-constrained\">\n<h2 class=\"wp-block-heading\">Les techniciens les mieux form\u00e9s<\/h2>\n\n\n\n<p class=\"has-xl-font-size\">Lorsque Joe Numero a cr\u00e9\u00e9&nbsp;Thermo&nbsp;King&nbsp;Corporation en 1938, il a mis l\u2019accent sur l\u2019importance d\u2019avoir un produit de grande qualit\u00e9, soutenu par un service apr\u00e8s-vente de grande qualit\u00e9. Il estimait que proposer aux techniciens la meilleure formation \u00e9tait la cl\u00e9 pour offrir un service apr\u00e8s-vente de qualit\u00e9 sup\u00e9rieure aux clients de&nbsp;Thermo&nbsp;King. Aujourd\u2019hui, le centre de formation&nbsp;Thermo&nbsp;King&nbsp;est leader du secteur en termes de formation des techniciens. Les cours qui y sont propos\u00e9s sont mis au point de mani\u00e8re \u00e0 am\u00e9liorer les comp\u00e9tences des techniciens, et plus pr\u00e9cis\u00e9ment&nbsp;:<\/p>\n\n\n\n<p class=\"has-xl-font-size\">Une \u00e9quipe de professionnels form\u00e9s assure l\u2019enseignement des cours gr\u00e2ce \u00e0 des connaissances qui sont le fruit de plusieurs ann\u00e9es d\u2019exp\u00e9rience sur le terrain.<\/p>\n\n\n\n<ul class=\"wp-block-list\">\n<li class=\"has-xl-font-size\">Connaissances techniques des groupes frigorifiques et du secteur<\/li>\n\n\n\n<li class=\"has-xl-font-size\">Capacit\u00e9s de r\u00e9flexion essentielles pour les diagnostics et les proc\u00e9dures d\u2019entretien<\/li>\n\n\n\n<li class=\"has-xl-font-size\">Comp\u00e9tences et expertise pour l\u2019entretien, la maintenance et la r\u00e9paration<\/li>\n<\/ul>\n\n\n\n<figure class=\"wp-block-image size-full\"><img decoding=\"async\" src=\"https:\/\/europe-thermoking.s3.eu-west-3.amazonaws.com\/wp-content\/uploads\/2024\/05\/29102211\/dsn-certificates.png\" alt=\"\" class=\"wp-image-70175\"\/><\/figure>\n<\/div><\/section>\n","protected":false},"excerpt":{"rendered":"<p>Nous vous permettons de restersur la route plus longtemps En 1938, Thermo&nbsp;King a ouvert la voie au transport \u00e0 temp\u00e9rature contr\u00f4l\u00e9e et depuis, le fabricant a conserv\u00e9 sa place de leader mondial dans ce secteur. Aujourd\u2019hui, nos solutions comprennent des syst\u00e8mes \u00e0 temp\u00e9rature contr\u00f4l\u00e9e pour les VUL, les semi-remorques, les porteurs, les wagons ferroviaires ainsi [&hellip;]<\/p>\n","protected":false},"author":1,"featured_media":0,"parent":0,"menu_order":0,"comment_status":"closed","ping_status":"closed","template":"","meta":{"_acf_changed":false,"footnotes":""},"class_list":["post-73761","page","type-page","status-publish","hentry"],"acf":[],"_links":{"self":[{"href":"https:\/\/www.staging.europe.thermoking.com\/fr\/wp-json\/wp\/v2\/pages\/73761","targetHints":{"allow":["GET"]}}],"collection":[{"href":"https:\/\/www.staging.europe.thermoking.com\/fr\/wp-json\/wp\/v2\/pages"}],"about":[{"href":"https:\/\/www.staging.europe.thermoking.com\/fr\/wp-json\/wp\/v2\/types\/page"}],"author":[{"embeddable":true,"href":"https:\/\/www.staging.europe.thermoking.com\/fr\/wp-json\/wp\/v2\/users\/1"}],"replies":[{"embeddable":true,"href":"https:\/\/www.staging.europe.thermoking.com\/fr\/wp-json\/wp\/v2\/comments?post=73761"}],"version-history":[{"count":3,"href":"https:\/\/www.staging.europe.thermoking.com\/fr\/wp-json\/wp\/v2\/pages\/73761\/revisions"}],"predecessor-version":[{"id":74179,"href":"https:\/\/www.staging.europe.thermoking.com\/fr\/wp-json\/wp\/v2\/pages\/73761\/revisions\/74179"}],"wp:attachment":[{"href":"https:\/\/www.staging.europe.thermoking.com\/fr\/wp-json\/wp\/v2\/media?parent=73761"}],"curies":[{"name":"wp","href":"https:\/\/api.w.org\/{rel}","templated":true}]}}