{"id":68832,"date":"2024-02-27T11:03:27","date_gmt":"2024-02-27T10:03:27","guid":{"rendered":"https:\/\/europe.thermoking.new.local\/?page_id=68832"},"modified":"2024-11-22T11:33:21","modified_gmt":"2024-11-22T10:33:21","slug":"technologies","status":"publish","type":"page","link":"https:\/\/www.staging.europe.thermoking.com\/fr\/technologies","title":{"rendered":"Technologies"},"content":{"rendered":"\n\n<div class=\"wp-block-cover alignfull has-custom-content-position is-position-bottom-left\"><span aria-hidden=\"true\" class=\"wp-block-cover__background has-background-dim-100 has-background-dim wp-block-cover__gradient-background has-background-gradient has-cover-5050-vertical-gradient-background\"><\/span><img decoding=\"async\" class=\"wp-block-cover__image-background wp-image-70455\" alt=\"\" src=\"https:\/\/europe-thermoking.s3.eu-west-3.amazonaws.com\/wp-content\/uploads\/2024\/07\/17102947\/v2-technologies.jpg\" style=\"object-position:50% 50%\" data-object-fit=\"cover\" data-object-position=\"50% 50%\"\/><div class=\"wp-block-cover__inner-container is-layout-flow wp-block-cover-is-layout-flow\">\n<p class=\"has-white-color has-text-color has-link-color has-2-xl-font-size wp-elements-82a06cc9c03bd081eb87a36d3c12252b\" style=\"margin-bottom:0\">Technologies<\/p>\n\n\n\n<h1 class=\"wp-block-heading has-white-color has-text-color has-link-color wp-elements-46498ffb98d9f3458872e5c760c8dc06\">Technologies innovantes et durables pour le transport frigorifique<\/h1>\n<\/div><\/div>\n\n\n\n\n<section class=\"wp-block-group\"><div class=\"wp-block-group__inner-container is-layout-constrained wp-block-group-is-layout-constrained\">\n<h2 class=\"wp-block-heading\">La r\u00e9volution de la cha\u00eene du froid<\/h2>\n\n\n\n<p class=\"has-2-xl-font-size\">Il y a plus de 80 ans, nos compresseurs \u00e0 entra\u00eenement par moteur thermique a r\u00e9volutionn\u00e9 la cha\u00eene du froid.<\/p>\n\n\n\n<p class=\"has-2-xl-font-size\">Aujourd\u2019hui,&nbsp;Thermo King&nbsp;ouvre la voie \u00e0 un refroidissement plus durable avec un nombre toujours croissant de sources d\u2019\u00e9nergie alternatives innovantes, d\u00e9passant les capacit\u00e9s des combustibles fossiles.<\/p>\n<\/div><\/section>\n\n\n\n<section class=\"wp-block-group alignwide\"><div class=\"wp-block-group__inner-container is-layout-flow wp-block-group-is-layout-flow\">\n<div class=\"wp-block-columns alignfull has-innovation-blue-background-color has-background is-layout-flex wp-container-core-columns-is-layout-cfe8cdbd wp-block-columns-is-layout-flex\" style=\"padding-top:0;padding-right:0;padding-bottom:0;padding-left:0\">\n<div class=\"wp-block-column is-layout-flow wp-block-column-is-layout-flow\" style=\"flex-basis:66.66%\">\n<div style=\"padding:56.25% 0 0 0;position:relative;\"><iframe src=\"https:\/\/player.vimeo.com\/video\/901452699?badge=0&amp;autopause=0&amp;player_id=0&amp;app_id=58479\" frameborder=\"0\" allow=\"autoplay; fullscreen; picture-in-picture; clipboard-write\" style=\"position:absolute;top:0;left:0;width:100%;height:100%;\" title=\"Thermo King Alternative Energy Animation EN\"><\/iframe><\/div><script src=\"https:\/\/player.vimeo.com\/api\/player.js\"><\/script>\n<\/div>\n\n\n\n<div class=\"wp-block-column is-vertically-aligned-center is-layout-flow wp-block-column-is-layout-flow\" style=\"padding-top:var(--wp--preset--spacing--0400);padding-right:var(--wp--preset--spacing--0300);padding-bottom:var(--wp--preset--spacing--0400);padding-left:var(--wp--preset--spacing--0300);flex-basis:33.33%\">\n<p class=\"has-white-color has-text-color has-link-color has-4-xl-font-size wp-elements-1a962425456c609ff3f2544fa5de8898\" style=\"font-style:normal;font-weight:500;line-height:1.25\">Technologies innovantes et durables pour le transport frigorifique<br><\/p>\n<\/div>\n<\/div>\n<\/div><\/section>\n\n\n\n<div class=\"wp-block-group alignfull js-sticky-nav\" id=\"evolve\" style=\"border-bottom-color:var(--wp--preset--color--neutral-gray);border-bottom-width:1px\"><div class=\"wp-block-group__inner-container is-layout-constrained wp-block-group-is-layout-constrained\">\n<section class=\"wp-block-group alignwide\" style=\"border-bottom-color:var(--wp--preset--color--neutral-gray);padding-top:var(--wp--preset--spacing--40);padding-bottom:var(--wp--preset--spacing--40)\"><div class=\"wp-block-group__inner-container is-layout-flow wp-block-group-is-layout-flow\">\n<div class=\"wp-block-group alignwide tw-gap-8 is-nowrap is-layout-flex wp-container-core-group-is-layout-ad2f72ca wp-block-group-is-layout-flex\">\n<div class=\"wp-block-group\" style=\"border-right-color:var(--wp--preset--color--innovation-blue);border-right-width:1px;padding-right:var(--wp--preset--spacing--0200)\"><div class=\"wp-block-group__inner-container is-layout-constrained wp-container-core-group-is-layout-4b25f6e1 wp-block-group-is-layout-constrained\">\n<h4 class=\"wp-block-heading has-innovation-blue-color has-text-color has-link-color wp-elements-0d8597500b0d91a0eb8654505414d952\" style=\"margin-top:0;margin-bottom:0;line-height:1\">Evolve<\/h4>\n<\/div><\/div>\n\n\n\n<p class=\"js-scroll has-innovation-blue-color has-text-color has-link-color has-xl-font-size wp-elements-07ed2321fc9ade3b4b34907b14ef064f\" style=\"font-style:normal;font-weight:600\"><a href=\"#fuel-driven-technologies\" data-type=\"internal\" data-id=\"#fuel-driven-technologies\">Technologies bas\u00e9es sur le carburant<\/a><\/p>\n\n\n\n<p class=\"js-scroll has-innovation-blue-color has-text-color has-link-color wp-elements-4fda8a7e07382f0e1c17489b8f27e9e5\"><a href=\"#fuel-driven-technologies\" data-type=\"internal\" data-id=\"#fuel-driven-technologies\">[tkicon icon=&#8221;arrow-down&#8221;]<\/a><\/p>\n<\/div>\n\n\n\n<div class=\"wp-block-group alignwide tw-gap-4 tw-md-gap-8 has-lg-font-size is-layout-flex wp-block-group-is-layout-flex\" style=\"margin-top:var(--wp--preset--spacing--0100);font-style:normal;font-weight:500\">\n<p class=\"js-scroll has-innovation-blue-color has-text-color has-link-color wp-elements-d428c4db64ca5b540f11e2e2db89b1b9\"><a href=\"#axlepower\" data-type=\"internal\" data-id=\"#axlepower\">AxlePower<\/a><\/p>\n\n\n\n<p class=\"js-scroll has-innovation-blue-color has-text-color has-link-color wp-elements-e73c8cbd7ef522fbb489eb14a67683c7\"><a href=\"#hybriddrive\">HybridDrive<\/a><\/p>\n\n\n\n<p class=\"js-scroll has-innovation-blue-color has-text-color has-link-color wp-elements-e70f1a21a8d8b9d98c66412188fb076f\"><a href=\"#envirodrive\">EnviroDrive<\/a><\/p>\n\n\n\n<p class=\"js-scroll has-innovation-blue-color has-text-color has-link-color wp-elements-df72cf4b3b0e631b7c0fd2a304cbb0fa\"><a href=\"#be-tech\">BE-Tech<\/a><\/p>\n<\/div>\n<\/div><\/section>\n<\/div><\/div>\n\n\n\n<section class=\"wp-block-group\"><div class=\"wp-block-group__inner-container is-layout-constrained wp-block-group-is-layout-constrained\">\n<figure class=\"wp-block-image size-tk-logo\" id=\"evolve\"><img loading=\"lazy\" decoding=\"async\" width=\"160\" height=\"33\" src=\"https:\/\/europe-thermoking.s3.eu-west-3.amazonaws.com\/wp-content\/uploads\/2024\/02\/27110057\/evolve-logo-160x33.png\" alt=\"\" class=\"wp-image-68658\" srcset=\"https:\/\/europe-thermoking.s3.eu-west-3.amazonaws.com\/wp-content\/uploads\/2024\/02\/27110057\/evolve-logo-160x33.png 160w, https:\/\/europe-thermoking.s3.eu-west-3.amazonaws.com\/wp-content\/uploads\/2024\/02\/27110057\/evolve-logo-320x67.png 320w, https:\/\/europe-thermoking.s3.eu-west-3.amazonaws.com\/wp-content\/uploads\/2024\/02\/27110057\/evolve-logo-40x8.png 40w, https:\/\/europe-thermoking.s3.eu-west-3.amazonaws.com\/wp-content\/uploads\/2024\/02\/27110057\/evolve-logo-80x17.png 80w, https:\/\/europe-thermoking.s3.eu-west-3.amazonaws.com\/wp-content\/uploads\/2024\/02\/27110057\/evolve-logo-640x133.png 640w, https:\/\/europe-thermoking.s3.eu-west-3.amazonaws.com\/wp-content\/uploads\/2024\/02\/27110057\/evolve-logo-960x200.png 960w, https:\/\/europe-thermoking.s3.eu-west-3.amazonaws.com\/wp-content\/uploads\/2024\/02\/27110057\/evolve-logo.png 962w\" sizes=\"auto, (max-width: 160px) 100vw, 160px\" \/><\/figure>\n\n\n\n<div style=\"height:var(--wp--preset--spacing--40)\" aria-hidden=\"true\" class=\"wp-block-spacer\"><\/div>\n\n\n\n<div style=\"height:1rem\" aria-hidden=\"true\" class=\"wp-block-spacer\"><\/div>\n\n\n\n<h2 class=\"wp-block-heading has-copr-color has-text-color has-link-color wp-elements-bc3f9e1839c5a4b136170d3006509c0a\">R\u00e9frig\u00e9ration Enti\u00e8rement \u00c9lectrique<\/h2>\n\n\n\n<p class=\"has-2-xl-font-size\">Inscrivez votre flotte dans le mouvement du d\u00e9veloppement durable avec evolve&#x2122;, la gamme de syst\u00e8mes de r\u00e9frig\u00e9ration enti\u00e8rement \u00e9lectriques de&nbsp;Thermo King&nbsp;pour&nbsp;porteurs, semi-remorques, fourgonnettes et v\u00e9hicule utilitaire l\u00e9gers. Avec une solution frigorifique disponible pour&nbsp;chaque segment de la cha\u00eene du froid,&nbsp;vous trouverez la solution id\u00e9ale dans la gamme evolve&#x2122;&nbsp;de&nbsp;Thermo King.<\/p>\n<\/div><\/section>\n\n\n\n<section class=\"wp-block-group\" style=\"padding-top:2rem\"><div class=\"wp-block-group__inner-container is-layout-constrained wp-block-group-is-layout-constrained\">\n<h5 class=\"wp-block-heading\" id=\"axlepower\">AxlePower<\/h5>\n\n\n\n<h2 class=\"wp-block-heading has-copr-color has-text-color has-link-color wp-elements-31995e14920237e6e267dc6aa3c37cb2\">Syst\u00e8me intelligent de r\u00e9cup\u00e9ration d\u2019\u00e9nergie pour la r\u00e9frig\u00e9ration des semi-remorques<\/h2>\n\n\n\n<p class=\"has-2-xl-font-size\">Un syst\u00e8me de r\u00e9cup\u00e9ration d\u2019\u00e9nergie intelligent mont\u00e9 sur semi-remorque qui permet v\u00e9ritablement une<strong>&nbsp;r\u00e9frig\u00e9ration z\u00e9ro \u00e9mission.<\/strong>&nbsp;L\u2019essieu ePower de BPW r\u00e9cup\u00e8re l\u2019\u00e9nergie qui serait autrement perdue et la stocke dans l\u2019Energ\u2014e pack. Cette r\u00e9serve d\u2019\u00e9nergie peut \u00eatre utilis\u00e9e pour alimenter votre groupe frigorifique sans faire tourner son moteur.<\/p>\n<\/div><\/section>\n\n\n\n<figure class=\"wp-block-embed is-type-video is-provider-vimeo wp-block-embed-vimeo wp-embed-aspect-16-9 wp-has-aspect-ratio\" style=\"margin-bottom:var(--wp--preset--spacing--0400)\"><div class=\"wp-block-embed__wrapper\">\n<iframe loading=\"lazy\" title=\"English - AxlePower Technical Video\" src=\"https:\/\/player.vimeo.com\/video\/821932172?dnt=1&amp;app_id=122963\" width=\"500\" height=\"281\" frameborder=\"0\" allow=\"autoplay; fullscreen; picture-in-picture; clipboard-write\"><\/iframe>\n<\/div><\/figure>\n\n\n\n<section class=\"wp-block-group\"><div class=\"wp-block-group__inner-container is-layout-constrained wp-block-group-is-layout-constrained\">\n<h5 class=\"wp-block-heading\" id=\"hybriddrive\">HybridDrive<\/h5>\n\n\n\n<h2 class=\"wp-block-heading has-copr-color has-text-color has-link-color wp-elements-b6b66d44621252523d2ae2b61f4cab74\">Combinez l\u2019\u00e9lectricit\u00e9 avec une alimentation carburant<\/h2>\n\n\n\n<p class=\"has-2-xl-font-size\">Une source d\u2019alimentation con\u00e7ue pour garantir&nbsp;la flexibilit\u00e9. La technologie peut fonctionner \u00e0 la fois au diesel et \u00e0 l\u2019\u00e9lectricit\u00e9. Gr\u00e2ce \u00e0 la puissance du g\u00e9ofencing, HybridDrive passe automatiquement en mode PIEK durable et ultra-silencieux lors de l\u2019entr\u00e9e dans les zones z\u00e9ro \u00e9mission et les zones dans lesquelles le niveau sonore est limit\u00e9. De cette fa\u00e7on, votre porteur, semi-remorque ou porteur rigide est toujours performant(e), que ce soit sur les autoroutes ou en milieu urbain.<\/p>\n<\/div><\/section>\n\n\n\n<figure class=\"wp-block-embed is-type-video is-provider-vimeo wp-block-embed-vimeo wp-embed-aspect-16-9 wp-has-aspect-ratio\" style=\"margin-bottom:var(--wp--preset--spacing--0400)\"><div class=\"wp-block-embed__wrapper\">\n<iframe loading=\"lazy\" title=\"Hybriddrive_Technical Animation_EN\" src=\"https:\/\/player.vimeo.com\/video\/817265695?dnt=1&amp;app_id=122963\" width=\"500\" height=\"281\" frameborder=\"0\" allow=\"autoplay; fullscreen; picture-in-picture; clipboard-write\"><\/iframe>\n<\/div><\/figure>\n\n\n\n<section class=\"wp-block-group\"><div class=\"wp-block-group__inner-container is-layout-constrained wp-block-group-is-layout-constrained\">\n<h5 class=\"wp-block-heading\" id=\"envirodrive\">EnviroDrive<\/h5>\n\n\n\n<h2 class=\"wp-block-heading has-copr-color has-text-color has-link-color wp-elements-087d0642c986da7c4c1a92705cf30547\" style=\"margin-bottom:0\">Technologie du filtre-variateur<\/h2>\n\n\n\n<p class=\"has-innovation-blue-color has-text-color has-link-color has-2-xl-font-size wp-elements-0f53e56b8936abcc163836c0dfff670e\" style=\"margin-top:-0.25rem;margin-bottom:var(--wp--preset--spacing--0200)\">aliment\u00e9e par Frigoblock<\/p>\n\n\n\n<p class=\"has-2-xl-font-size\">Un filtre-variateur haute performance, entra\u00een\u00e9 par le moteur du v\u00e9hicule. La technologie du filtre-variateur de Frigoblock fonctionne avec un rendement sup\u00e9rieur \u00e0 90 %, pour&nbsp;une perte de transfert d\u2019\u00e9nergie minimale&nbsp;visant \u00e0 maintenir vos factures de carburant et vos \u00e9missions de carbone \u00e0 un faible niveau.<\/p>\n\n\n\n<div style=\"height:var(--wp--preset--spacing--55)\" aria-hidden=\"true\" class=\"wp-block-spacer\"><\/div>\n<\/div><\/section>\n\n\n\n<figure class=\"wp-block-embed is-type-video is-provider-vimeo wp-block-embed-vimeo wp-embed-aspect-16-9 wp-has-aspect-ratio\" style=\"margin-bottom:var(--wp--preset--spacing--0400)\"><div class=\"wp-block-embed__wrapper\">\n<iframe loading=\"lazy\" title=\"Envirodrive_Technical Animation_EN\" src=\"https:\/\/player.vimeo.com\/video\/817266814?dnt=1&amp;app_id=122963\" width=\"500\" height=\"281\" frameborder=\"0\" allow=\"autoplay; fullscreen; picture-in-picture; clipboard-write\"><\/iframe>\n<\/div><\/figure>\n\n\n\n<section class=\"wp-block-group\"><div class=\"wp-block-group__inner-container is-layout-constrained wp-block-group-is-layout-constrained\">\n<h5 class=\"wp-block-heading\" id=\"be-tech\">BE-Tech<\/h5>\n\n\n\n<h2 class=\"wp-block-heading has-copr-color has-text-color has-link-color wp-elements-e5293e91161fa86f4ddcb243fd0427fd\">Innovation aliment\u00e9e par batterie<\/h2>\n\n\n\n<p class=\"has-2-xl-font-size\">Technologie de r\u00e9frig\u00e9ration de transport enti\u00e8rement \u00e9lectrique qui est aliment\u00e9e par la batterie du v\u00e9hicule. Utilisant les derni\u00e8res connaissances et d\u00e9veloppements, cet \u00e9change d\u2019\u00e9nergie est&nbsp;tr\u00e8s efficace&nbsp;pour garantir le plus faible impact possible sur l\u2019autonomie du v\u00e9hicule.<\/p>\n<\/div><\/section>\n\n\n\n<figure class=\"wp-block-embed is-type-video is-provider-vimeo wp-block-embed-vimeo wp-embed-aspect-16-9 wp-has-aspect-ratio\" style=\"margin-bottom:var(--wp--preset--spacing--0400)\"><div class=\"wp-block-embed__wrapper\">\n<iframe loading=\"lazy\" title=\"BEtech_Technical Animation_EN\" src=\"https:\/\/player.vimeo.com\/video\/817266130?dnt=1&amp;app_id=122963\" width=\"500\" height=\"281\" frameborder=\"0\" allow=\"autoplay; fullscreen; picture-in-picture; clipboard-write\"><\/iframe>\n<\/div><\/figure>\n\n\n\n<div style=\"height:var(--wp--preset--spacing--80)\" aria-hidden=\"true\" class=\"wp-block-spacer\"><\/div>\n\n\n\n<div class=\"wp-block-group alignfull js-sticky-nav\" id=\"fuel-driven-technologies\" style=\"border-bottom-color:var(--wp--preset--color--neutral-gray);border-bottom-width:1px\"><div class=\"wp-block-group__inner-container is-layout-constrained wp-block-group-is-layout-constrained\">\n<section class=\"wp-block-group alignwide\" style=\"border-bottom-color:var(--wp--preset--color--neutral-gray);padding-top:var(--wp--preset--spacing--40);padding-bottom:var(--wp--preset--spacing--40)\"><div class=\"wp-block-group__inner-container is-layout-flow wp-block-group-is-layout-flow\">\n<div class=\"wp-block-group alignwide tw-gap-8 is-nowrap is-layout-flex wp-container-core-group-is-layout-ad2f72ca wp-block-group-is-layout-flex\">\n<div class=\"wp-block-group\" style=\"border-right-color:var(--wp--preset--color--innovation-blue);border-right-width:1px;padding-right:var(--wp--preset--spacing--0200)\"><div class=\"wp-block-group__inner-container is-layout-constrained wp-container-core-group-is-layout-4b25f6e1 wp-block-group-is-layout-constrained\">\n<h4 class=\"wp-block-heading has-innovation-blue-color has-text-color has-link-color wp-elements-416c5eff8bdda8657fa7515de5f8375d\" style=\"margin-top:0;margin-bottom:0;line-height:1\">Technologies bas\u00e9es sur le carburant<\/h4>\n<\/div><\/div>\n\n\n\n<p class=\"js-scroll has-innovation-blue-color has-text-color has-link-color has-xl-font-size wp-elements-15e2f6a73b21b56b4c0c7a18bab16b0e\" style=\"font-style:normal;font-weight:600\"><a href=\"#evolve\" data-type=\"internal\" data-id=\"#evolve\">Evolve<\/a><\/p>\n\n\n\n<p class=\"js-scroll has-innovation-blue-color has-text-color has-link-color wp-elements-567d4b2ccb29a42dba7d6146f475eb02\"><a href=\"#evolve\" data-type=\"internal\" data-id=\"#evolve\">[tkicon icon=&#8221;arrow-up&#8221;]<\/a><\/p>\n<\/div>\n\n\n\n<div class=\"wp-block-group alignwide tw-gap-4 tw-md-gap-8 has-lg-font-size is-layout-flex wp-block-group-is-layout-flex\" style=\"margin-top:var(--wp--preset--spacing--0100);font-style:normal;font-weight:500\">\n<p class=\"js-scroll has-innovation-blue-color has-text-color has-link-color wp-elements-35bf1ecef72bd6945b85ae80d31d6131\"><a href=\"#greentech\" data-type=\"internal\" data-id=\"#greentech\">GreenTech<\/a><a href=\"#axlepower\" data-type=\"internal\" data-id=\"#axlepower\"><\/a><\/p>\n\n\n\n<p class=\"js-scroll has-innovation-blue-color has-text-color has-link-color wp-elements-8a25f14754fec98e1d5952c34beb98f5\"><a href=\"#directdrive\">DirectDrive<\/a><a href=\"#hybriddrive\"><\/a><\/p>\n<\/div>\n<\/div><\/section>\n<\/div><\/div>\n\n\n\n<section class=\"wp-block-group\"><div class=\"wp-block-group__inner-container is-layout-constrained wp-block-group-is-layout-constrained\">\n<h5 class=\"wp-block-heading\" id=\"greentech\">GreenTech<\/h5>\n\n\n\n<h2 class=\"wp-block-heading has-copr-color has-text-color has-link-color wp-elements-1ae9a625a6db361e1e9d3c536b0697e6\">Solution thermique, \u00e0 faibles \u00e9missions<\/h2>\n\n\n\n<p class=\"has-2-xl-font-size\">La technologie de contr\u00f4le de la temp\u00e9rature bas\u00e9e sur le carburant la plus efficace du march\u00e9. GreenTech offre les \u00e9missions les plus faibles de tous les groupes thermiques et une fiabilit\u00e9 sans compromis. Gr\u00e2ce \u00e0 la compatibilit\u00e9 avec le biodiesel, le HVO-XTL et d\u2019autres carburants alternatifs, votre flotte est v\u00e9ritablement \u00e9volutive, m\u00eame lorsqu\u2019elle est aliment\u00e9e par du carburant.<\/p>\n\n\n\n<div style=\"height:var(--wp--preset--spacing--55)\" aria-hidden=\"true\" class=\"wp-block-spacer\"><\/div>\n<\/div><\/section>\n\n\n\n<figure class=\"wp-block-embed is-type-video is-provider-vimeo wp-block-embed-vimeo wp-embed-aspect-16-9 wp-has-aspect-ratio\" style=\"margin-bottom:var(--wp--preset--spacing--0400)\"><div class=\"wp-block-embed__wrapper\">\n<iframe loading=\"lazy\" title=\"Greentech_Technical Animation_EN\" src=\"https:\/\/player.vimeo.com\/video\/817265169?dnt=1&amp;app_id=122963\" width=\"500\" height=\"281\" frameborder=\"0\" allow=\"autoplay; fullscreen; picture-in-picture; clipboard-write\"><\/iframe>\n<\/div><\/figure>\n\n\n\n<section class=\"wp-block-group\"><div class=\"wp-block-group__inner-container is-layout-constrained wp-block-group-is-layout-constrained\">\n<h5 class=\"wp-block-heading\" id=\"directdrive\">DirectDrive<\/h5>\n\n\n\n<h2 class=\"wp-block-heading has-copr-color has-text-color has-link-color wp-elements-1091133541ae94180788102f7e9dd070\">Refroidissement aliment\u00e9 par compresseur<\/h2>\n\n\n\n<p class=\"has-2-xl-font-size\">R\u00e9duisez le bruit et les \u00e9missions gr\u00e2ce \u00e0 une technologie entra\u00een\u00e9e par compresseur pour un refroidissement sans moteur. L\u2019absence de moteur suppl\u00e9mentaire signifie une r\u00e9duction des co\u00fbts de carburant et des \u00e9missions, ainsi qu\u2019un refroidissement silencieux \u2013 parfait pour les livraisons urbaines.<\/p>\n<\/div><\/section>\n\n\n\n<figure class=\"wp-block-embed is-type-video is-provider-vimeo wp-block-embed-vimeo wp-embed-aspect-16-9 wp-has-aspect-ratio\"><div class=\"wp-block-embed__wrapper\">\n<iframe loading=\"lazy\" title=\"Direct Drive_Technical Animation_EN\" src=\"https:\/\/player.vimeo.com\/video\/817266500?dnt=1&amp;app_id=122963\" width=\"500\" height=\"281\" frameborder=\"0\" allow=\"autoplay; fullscreen; picture-in-picture; clipboard-write\"><\/iframe>\n<\/div><\/figure>\n\n\n\n<div style=\"height:var(--wp--preset--spacing--60)\" aria-hidden=\"true\" class=\"wp-block-spacer\"><\/div>\n","protected":false},"excerpt":{"rendered":"<p>La r\u00e9volution de la cha\u00eene du froid Il y a plus de 80 ans, nos compresseurs \u00e0 entra\u00eenement par moteur thermique a r\u00e9volutionn\u00e9 la cha\u00eene du froid. Aujourd\u2019hui,&nbsp;Thermo King&nbsp;ouvre la voie \u00e0 un refroidissement plus durable avec un nombre toujours croissant de sources d\u2019\u00e9nergie alternatives innovantes, d\u00e9passant les capacit\u00e9s des combustibles fossiles. Technologies innovantes et [&hellip;]<\/p>\n","protected":false},"author":1,"featured_media":68812,"parent":0,"menu_order":0,"comment_status":"closed","ping_status":"closed","template":"","meta":{"_acf_changed":false,"footnotes":""},"class_list":["post-68832","page","type-page","status-publish","has-post-thumbnail","hentry"],"acf":[],"_links":{"self":[{"href":"https:\/\/www.staging.europe.thermoking.com\/fr\/wp-json\/wp\/v2\/pages\/68832","targetHints":{"allow":["GET"]}}],"collection":[{"href":"https:\/\/www.staging.europe.thermoking.com\/fr\/wp-json\/wp\/v2\/pages"}],"about":[{"href":"https:\/\/www.staging.europe.thermoking.com\/fr\/wp-json\/wp\/v2\/types\/page"}],"author":[{"embeddable":true,"href":"https:\/\/www.staging.europe.thermoking.com\/fr\/wp-json\/wp\/v2\/users\/1"}],"replies":[{"embeddable":true,"href":"https:\/\/www.staging.europe.thermoking.com\/fr\/wp-json\/wp\/v2\/comments?post=68832"}],"version-history":[{"count":4,"href":"https:\/\/www.staging.europe.thermoking.com\/fr\/wp-json\/wp\/v2\/pages\/68832\/revisions"}],"predecessor-version":[{"id":74151,"href":"https:\/\/www.staging.europe.thermoking.com\/fr\/wp-json\/wp\/v2\/pages\/68832\/revisions\/74151"}],"wp:featuredmedia":[{"embeddable":true,"href":"https:\/\/www.staging.europe.thermoking.com\/fr\/wp-json\/wp\/v2\/media\/68812"}],"wp:attachment":[{"href":"https:\/\/www.staging.europe.thermoking.com\/fr\/wp-json\/wp\/v2\/media?parent=68832"}],"curies":[{"name":"wp","href":"https:\/\/api.w.org\/{rel}","templated":true}]}}