{"id":67017,"date":"2023-11-29T12:08:54","date_gmt":"2023-11-29T11:08:54","guid":{"rendered":"https:\/\/europe.thermoking.new.local\/?page_id=67017"},"modified":"2023-12-06T09:47:41","modified_gmt":"2023-12-06T08:47:41","slug":"max-your-cool","status":"publish","type":"page","link":"https:\/\/www.staging.europe.thermoking.com\/fr\/max-your-cool","title":{"rendered":"Max Your Cool"},"content":{"rendered":"\n\n\n<section class=\"wp-block-group\"><div class=\"wp-block-group__inner-container is-layout-constrained wp-block-group-is-layout-constrained\">\n<p><strong>Pourquoi vous contentez de moins, quand vous pouvez obtenir le maximum. Avec <strong>une gamme compl\u00e8te de services et de solutions<\/strong>, Thermo King vous aide \u00e0 maximiser la disponibilit\u00e9, la durabilit\u00e9, les \u00e9conomies et le contr\u00f4le tout au long de vos op\u00e9rations. Conservez les performances de votre groupe frigorifique \u00e0 leur maximum pour un minimum de pr\u00e9occupations. Toute la journ\u00e9e, tous les jours.<\/strong><\/p>\n\n\n\n<div class=\"wp-block-buttons is-layout-flex wp-block-buttons-is-layout-flex\">\n<div class=\"wp-block-button cc scrollTo\"><a class=\"wp-block-button__link wp-element-button\" href=\"#overview\">Services and solutions overview<\/a><\/div>\n<\/div>\n<\/div><\/section>\n\n\n\n<div style=\"height:100px\" aria-hidden=\"true\" class=\"wp-block-spacer\"><\/div>\n\n\n\n<section id=\"overview\" class=\"wp-block-group\"><div class=\"wp-block-group__inner-container is-layout-constrained wp-block-group-is-layout-constrained\">\n<h2 class=\"wp-block-heading\"><strong>Take it to the Max<\/strong><\/h2>\n\n\n\n<div class=\"wp-block-columns is-layout-flex wp-container-core-columns-is-layout-9d6595d7 wp-block-columns-is-layout-flex\">\n<div class=\"wp-block-column is-layout-flow wp-block-column-is-layout-flow\"><\/div>\n\n\n\n<div class=\"wp-block-column is-layout-flow wp-block-column-is-layout-flow\"><\/div>\n<\/div>\n\n\n\n<div class=\"wp-block-columns is-layout-flex wp-container-core-columns-is-layout-9d6595d7 wp-block-columns-is-layout-flex\">\n<div class=\"wp-block-column is-layout-flow wp-block-column-is-layout-flow\"><\/div>\n\n\n\n<div class=\"wp-block-column is-layout-flow wp-block-column-is-layout-flow\"><\/div>\n<\/div>\n<\/div><\/section>\n\n\n\n<div style=\"height:100px\" aria-hidden=\"true\" class=\"wp-block-spacer\"><\/div>\n\n\n\n<section class=\"wp-block-group\"><div class=\"wp-block-group__inner-container is-layout-constrained wp-block-group-is-layout-constrained\">\n<h2 class=\"wp-block-heading\"><strong>Mix &amp; Max<\/strong><\/h2>\n\n\n\n<p>D\u00e9couvrez les \u00e9l\u00e9ments constitutifs de notre portefeuille de services et de solutions.<\/p>\n\n\n\n\n\n\n\n\n<\/div><\/section>\n\n\n\n<div class=\"wp-block-group\"><div class=\"wp-block-group__inner-container is-layout-constrained wp-block-group-is-layout-constrained\">\n<div style=\"height:100px\" aria-hidden=\"true\" class=\"wp-block-spacer\"><\/div>\n\n\n\n<h2 class=\"wp-block-heading\"><strong>Obtenez une assistance maximale<\/strong><br><strong>de notre r\u00e9seau mondial de concessionnaires<\/strong><\/h2>\n\n\n\n<figure class=\"wp-block-image size-large\"><img loading=\"lazy\" decoding=\"async\" width=\"1024\" height=\"424\" src=\"https:\/\/europe-thermoking.s3.eu-west-3.amazonaws.com\/wp-content\/uploads\/2023\/11\/30114122\/myc-footer-cta-1024x424.png\" alt=\"\" class=\"wp-image-66037\" srcset=\"https:\/\/europe-thermoking.s3.eu-west-3.amazonaws.com\/wp-content\/uploads\/2023\/11\/30114122\/myc-footer-cta-1024x424.png 1024w, https:\/\/europe-thermoking.s3.eu-west-3.amazonaws.com\/wp-content\/uploads\/2023\/11\/30114122\/myc-footer-cta-300x124.png 300w, https:\/\/europe-thermoking.s3.eu-west-3.amazonaws.com\/wp-content\/uploads\/2023\/11\/30114122\/myc-footer-cta-768x318.png 768w, https:\/\/europe-thermoking.s3.eu-west-3.amazonaws.com\/wp-content\/uploads\/2023\/11\/30114122\/myc-footer-cta-160x66.png 160w, https:\/\/europe-thermoking.s3.eu-west-3.amazonaws.com\/wp-content\/uploads\/2023\/11\/30114122\/myc-footer-cta-320x133.png 320w, https:\/\/europe-thermoking.s3.eu-west-3.amazonaws.com\/wp-content\/uploads\/2023\/11\/30114122\/myc-footer-cta-40x17.png 40w, https:\/\/europe-thermoking.s3.eu-west-3.amazonaws.com\/wp-content\/uploads\/2023\/11\/30114122\/myc-footer-cta-80x33.png 80w, https:\/\/europe-thermoking.s3.eu-west-3.amazonaws.com\/wp-content\/uploads\/2023\/11\/30114122\/myc-footer-cta-869x360.png 869w, https:\/\/europe-thermoking.s3.eu-west-3.amazonaws.com\/wp-content\/uploads\/2023\/11\/30114122\/myc-footer-cta-1086x450.png 1086w, https:\/\/europe-thermoking.s3.eu-west-3.amazonaws.com\/wp-content\/uploads\/2023\/11\/30114122\/myc-footer-cta-640x265.png 640w, https:\/\/europe-thermoking.s3.eu-west-3.amazonaws.com\/wp-content\/uploads\/2023\/11\/30114122\/myc-footer-cta-960x398.png 960w, https:\/\/europe-thermoking.s3.eu-west-3.amazonaws.com\/wp-content\/uploads\/2023\/11\/30114122\/myc-footer-cta-1280x530.png 1280w, https:\/\/europe-thermoking.s3.eu-west-3.amazonaws.com\/wp-content\/uploads\/2023\/11\/30114122\/myc-footer-cta.png 1400w\" sizes=\"auto, (max-width: 1024px) 100vw, 1024px\" \/><\/figure>\n\n\n\n<p>\u00cates-vous pr\u00eat \u00e0 concr\u00e9tiser notre slogan \u00ab Max your cool \u00bb et \u00e0 am\u00e9liorer les performances de groupe frigorifique ? Laissez nos concessionnaires vous aider \u00e0 trouver le service ou la solution id\u00e9al(e) pour r\u00e9pondre \u00e0 vos besoins et maximiser votre disponibilit\u00e9, votre durabilit\u00e9, vos \u00e9conomies et votre contr\u00f4le.<\/p>\n\n\n\n<div class=\"wp-block-buttons is-layout-flex wp-block-buttons-is-layout-flex\">\n<div class=\"wp-block-button\"><a class=\"wp-block-button__link wp-element-button\" href=\"https:\/\/www.staging.europe.thermoking.com\/dealer-service-network\">Trouvez le concessionnaire le plus proche de chez vous<\/a><\/div>\n<\/div>\n<\/div><\/div>\n","protected":false},"excerpt":{"rendered":"<p>Pourquoi vous contentez de moins, quand vous pouvez obtenir le maximum. Avec une gamme compl\u00e8te de services et de solutions, Thermo King vous aide \u00e0 maximiser la disponibilit\u00e9, la durabilit\u00e9, les \u00e9conomies et le contr\u00f4le tout au long de vos op\u00e9rations. Conservez les performances de votre groupe frigorifique \u00e0 leur maximum pour un minimum de [&hellip;]<\/p>\n","protected":false},"author":1,"featured_media":0,"parent":0,"menu_order":0,"comment_status":"closed","ping_status":"closed","template":"","meta":{"_acf_changed":false,"footnotes":""},"class_list":["post-67017","page","type-page","status-publish","hentry"],"acf":[],"_links":{"self":[{"href":"https:\/\/www.staging.europe.thermoking.com\/fr\/wp-json\/wp\/v2\/pages\/67017","targetHints":{"allow":["GET"]}}],"collection":[{"href":"https:\/\/www.staging.europe.thermoking.com\/fr\/wp-json\/wp\/v2\/pages"}],"about":[{"href":"https:\/\/www.staging.europe.thermoking.com\/fr\/wp-json\/wp\/v2\/types\/page"}],"author":[{"embeddable":true,"href":"https:\/\/www.staging.europe.thermoking.com\/fr\/wp-json\/wp\/v2\/users\/1"}],"replies":[{"embeddable":true,"href":"https:\/\/www.staging.europe.thermoking.com\/fr\/wp-json\/wp\/v2\/comments?post=67017"}],"version-history":[{"count":0,"href":"https:\/\/www.staging.europe.thermoking.com\/fr\/wp-json\/wp\/v2\/pages\/67017\/revisions"}],"wp:attachment":[{"href":"https:\/\/www.staging.europe.thermoking.com\/fr\/wp-json\/wp\/v2\/media?parent=67017"}],"curies":[{"name":"wp","href":"https:\/\/api.w.org\/{rel}","templated":true}]}}