{"id":64732,"date":"2023-08-22T13:45:45","date_gmt":"2023-08-22T11:45:45","guid":{"rendered":"https:\/\/europe.thermoking.new.local\/?page_id=64732"},"modified":"2023-11-17T11:22:10","modified_gmt":"2023-11-17T10:22:10","slug":"e-500e","status":"publish","type":"page","link":"https:\/\/www.staging.europe.thermoking.com\/fr\/direct-drive\/e-series\/e-500e","title":{"rendered":"E-500e"},"content":{"rendered":"\n\n\n<div class=\"wp-block-columns has-2-columns is-layout-flex wp-container-core-columns-is-layout-9d6595d7 wp-block-columns-is-layout-flex\">\n<div class=\"wp-block-column col-md-9 is-layout-flow wp-block-column-is-layout-flow\">\n<h1 class=\"wp-block-heading\"><\/h1>\n<\/div>\n\n\n\n<div class=\"wp-block-column col-md-3 is-layout-flow wp-block-column-is-layout-flow\"><\/div>\n<\/div>\n\n\n\n<p><strong><strong>Le mod\u00e8le phare de la s\u00e9rie E est la r\u00e9f\u00e9rence en mati\u00e8re de r\u00e9frig\u00e9ration enti\u00e8rement \u00e9lectrique pour les v\u00e9hicules utilitaires l\u00e9gers \u00e9lectriques (VULe) sp\u00e9cialis\u00e9s dans la livraison du dernier kilom\u00e8tre et la distribution urbaine.<\/strong><\/strong><\/p>\n\n\n\n<p>Convient aux fourgonnettes t\u00f4l\u00e9es, aux porteurs \u00e0 ch\u00e2ssis-cabine et aux autres types de VULe.<\/p>\n\n\n\n<div style=\"height:100px\" aria-hidden=\"true\" class=\"wp-block-spacer\"><\/div>\n\n\n\n<div class=\"wp-block-columns is-layout-flex wp-container-core-columns-is-layout-9d6595d7 wp-block-columns-is-layout-flex\">\n<div class=\"wp-block-column is-layout-flow wp-block-column-is-layout-flow\">\n<figure class=\"wp-block-image size-full is-resized mb-m1\"><img loading=\"lazy\" decoding=\"async\" width=\"108\" height=\"68\" src=\"https:\/\/europe-thermoking.s3.eu-west-3.amazonaws.com\/wp-content\/uploads\/2023\/08\/22140922\/icon-leaf-bolt.png\" alt=\"\" class=\"wp-image-64657\" style=\"width:54px;height:34px\" srcset=\"https:\/\/europe-thermoking.s3.eu-west-3.amazonaws.com\/wp-content\/uploads\/2023\/08\/22140922\/icon-leaf-bolt.png 108w, https:\/\/europe-thermoking.s3.eu-west-3.amazonaws.com\/wp-content\/uploads\/2023\/08\/22140922\/icon-leaf-bolt-40x25.png 40w, https:\/\/europe-thermoking.s3.eu-west-3.amazonaws.com\/wp-content\/uploads\/2023\/08\/22140922\/icon-leaf-bolt-80x50.png 80w\" sizes=\"auto, (max-width: 108px) 100vw, 108px\" \/><\/figure>\n\n\n\n<p><strong><strong>Roulez plus longtemps<\/strong><\/strong><br>La nouvelle conception \u00e9co\u00e9nerg\u00e9tique r\u00e9duit l&#8217;impact sur la batterie de votre BEV<\/p>\n<\/div>\n\n\n\n<div class=\"wp-block-column is-layout-flow wp-block-column-is-layout-flow\">\n<figure class=\"wp-block-image size-full is-resized mb-m1\"><img loading=\"lazy\" decoding=\"async\" width=\"108\" height=\"68\" src=\"https:\/\/europe-thermoking.s3.eu-west-3.amazonaws.com\/wp-content\/uploads\/2023\/08\/22140957\/icon-cost-slice.png\" alt=\"\" class=\"wp-image-64679\" style=\"width:54px;height:34px\" srcset=\"https:\/\/europe-thermoking.s3.eu-west-3.amazonaws.com\/wp-content\/uploads\/2023\/08\/22140957\/icon-cost-slice.png 108w, https:\/\/europe-thermoking.s3.eu-west-3.amazonaws.com\/wp-content\/uploads\/2023\/08\/22140957\/icon-cost-slice-40x25.png 40w, https:\/\/europe-thermoking.s3.eu-west-3.amazonaws.com\/wp-content\/uploads\/2023\/08\/22140957\/icon-cost-slice-80x50.png 80w\" sizes=\"auto, (max-width: 108px) 100vw, 108px\" \/><\/figure>\n\n\n\n<p><strong><strong>R\u00e9duisez vos co\u00fbts<\/strong><\/strong><br>Avec une conception \u00e9pur\u00e9e, des co\u00fbts d&#8217;exploitation r\u00e9duits et des marges quotidiennes plus \u00e9lev\u00e9es<br><\/p>\n<\/div>\n\n\n\n<div class=\"wp-block-column is-layout-flow wp-block-column-is-layout-flow\">\n<figure class=\"wp-block-image size-full is-resized mb-m1\"><img loading=\"lazy\" decoding=\"async\" width=\"108\" height=\"68\" src=\"https:\/\/europe-thermoking.s3.eu-west-3.amazonaws.com\/wp-content\/uploads\/2023\/08\/22141021\/icon-apt-building.png\" alt=\"\" class=\"wp-image-64700\" style=\"width:54px;height:34px\" srcset=\"https:\/\/europe-thermoking.s3.eu-west-3.amazonaws.com\/wp-content\/uploads\/2023\/08\/22141021\/icon-apt-building.png 108w, https:\/\/europe-thermoking.s3.eu-west-3.amazonaws.com\/wp-content\/uploads\/2023\/08\/22141021\/icon-apt-building-40x25.png 40w, https:\/\/europe-thermoking.s3.eu-west-3.amazonaws.com\/wp-content\/uploads\/2023\/08\/22141021\/icon-apt-building-80x50.png 80w\" sizes=\"auto, (max-width: 108px) 100vw, 108px\" \/><\/figure>\n\n\n\n<p><strong><strong>Acc\u00e9dez aux zones \u00e0 z\u00e9ro \u00e9mission<\/strong><\/strong><br>Des livraisons enti\u00e8rement \u00e9lectriques pour acc\u00e9der aux centres-villes<\/p>\n<\/div>\n<\/div>\n\n\n\n<div style=\"height:100px\" aria-hidden=\"true\" class=\"wp-block-spacer\"><\/div>\n\n\n\n<h2 class=\"wp-block-heading has-copr-color has-text-color\">Grande capacit\u00e9 de r\u00e9frig\u00e9ration 100% \u00e9lectrique<\/h2>\n\n\n\n<p>Refroidissement constant et de grande capacit\u00e9 gr\u00e2ce \u00e0 un compresseur herm\u00e9tique sans balais et \u00e0 grande vitesse contr\u00f4l\u00e9 par un filtre-variateur derni\u00e8re g\u00e9n\u00e9ration. Augmentez la vitesse de votre compresseur ind\u00e9pendamment du v\u00e9hicule et maintenez une temp\u00e9rature constante tout au long de votre itin\u00e9raire de livraison. Qu&#8217;il fasse chaud ou froid, le mod\u00e8le E-500e s&#8217;occupe de tout.<\/p>\n\n\n\n<p>Une ePTO (prise de mouvement \u00e9lectrique) intelligente permet une alimentation directe \u00e0 partir de la batterie du v\u00e9hicule et, selon votre type de VULe, maintient votre groupe frigorifique op\u00e9rationnel et votre chargement prot\u00e9g\u00e9, m\u00eame si votre v\u00e9hicule est en charge ou \u00e9teint.<\/p>\n\n\n\n<div style=\"height:100px\" aria-hidden=\"true\" class=\"wp-block-spacer\"><\/div>\n\n\n\n<div class=\"wp-block-cover is-light\"><span aria-hidden=\"true\" class=\"wp-block-cover__background has-background-dim-0 has-background-dim\"><\/span><img loading=\"lazy\" decoding=\"async\" width=\"1208\" height=\"616\" class=\"wp-block-cover__image-background wp-image-64561\" alt=\"\" src=\"https:\/\/europe-thermoking.s3.eu-west-3.amazonaws.com\/wp-content\/uploads\/2023\/08\/22134220\/e-500e-cover-1.jpg\" data-object-fit=\"cover\" srcset=\"https:\/\/europe-thermoking.s3.eu-west-3.amazonaws.com\/wp-content\/uploads\/2023\/08\/22134220\/e-500e-cover-1.jpg 1208w, https:\/\/europe-thermoking.s3.eu-west-3.amazonaws.com\/wp-content\/uploads\/2023\/08\/22134220\/e-500e-cover-1-300x153.jpg 300w, https:\/\/europe-thermoking.s3.eu-west-3.amazonaws.com\/wp-content\/uploads\/2023\/08\/22134220\/e-500e-cover-1-1024x522.jpg 1024w, https:\/\/europe-thermoking.s3.eu-west-3.amazonaws.com\/wp-content\/uploads\/2023\/08\/22134220\/e-500e-cover-1-768x392.jpg 768w, https:\/\/europe-thermoking.s3.eu-west-3.amazonaws.com\/wp-content\/uploads\/2023\/08\/22134220\/e-500e-cover-1-160x82.jpg 160w, https:\/\/europe-thermoking.s3.eu-west-3.amazonaws.com\/wp-content\/uploads\/2023\/08\/22134220\/e-500e-cover-1-320x163.jpg 320w, https:\/\/europe-thermoking.s3.eu-west-3.amazonaws.com\/wp-content\/uploads\/2023\/08\/22134220\/e-500e-cover-1-40x20.jpg 40w, https:\/\/europe-thermoking.s3.eu-west-3.amazonaws.com\/wp-content\/uploads\/2023\/08\/22134220\/e-500e-cover-1-80x41.jpg 80w, https:\/\/europe-thermoking.s3.eu-west-3.amazonaws.com\/wp-content\/uploads\/2023\/08\/22134220\/e-500e-cover-1-706x360.jpg 706w, https:\/\/europe-thermoking.s3.eu-west-3.amazonaws.com\/wp-content\/uploads\/2023\/08\/22134220\/e-500e-cover-1-882x450.jpg 882w, https:\/\/europe-thermoking.s3.eu-west-3.amazonaws.com\/wp-content\/uploads\/2023\/08\/22134220\/e-500e-cover-1-640x326.jpg 640w, https:\/\/europe-thermoking.s3.eu-west-3.amazonaws.com\/wp-content\/uploads\/2023\/08\/22134220\/e-500e-cover-1-960x490.jpg 960w\" sizes=\"auto, (max-width: 1208px) 100vw, 1208px\" \/><div class=\"wp-block-cover__inner-container is-layout-flow wp-block-cover-is-layout-flow\">\n<p class=\"has-text-align-center has-large-font-size\"><\/p>\n<\/div><\/div>\n\n\n\n<div style=\"height:100px\" aria-hidden=\"true\" class=\"wp-block-spacer\"><\/div>\n\n\n\n<h2 class=\"wp-block-heading has-copr-color has-text-color\">R\u00e9frig\u00e9ration avec un impact minimal sur la batterie<\/h2>\n\n\n\n<p>La technologie de filtre-variateur con\u00e7ue sur mesure, un syst\u00e8me de contr\u00f4le de puissance brevet\u00e9 et une communication intelligente en temps r\u00e9el entre le groupe frigorifique et le v\u00e9hicule font du E-500e le TRU le plus \u00e9co\u00e9nerg\u00e9tique sur le march\u00e9 aujourd&#8217;hui, avec l&#8217;impact le plus faible possible sur l&#8217;autonomie de votre e-v\u00e9hicule.<\/p>\n\n\n\n<div style=\"height:100px\" aria-hidden=\"true\" class=\"wp-block-spacer\"><\/div>\n\n\n\n<h2 class=\"wp-block-heading has-copr-color has-text-color\">R\u00e9duction des frais d&#8217;entretien<\/h2>\n\n\n\n<p>Gr\u00e2ce \u00e0 sa conception moderne, \u00e9pur\u00e9e et plus efficace, l&#8217;E-500e est extr\u00eamement l\u00e9ger, moins de la moiti\u00e9 du poids des mod\u00e8les pr\u00e9c\u00e9dents. Ces dimensions et ce poids r\u00e9duits signifient plus d&#8217;espace de chargement \u00e0 chaque cycle de livraison, tandis que moins de pi\u00e8ces signifient moins d&#8217;usure, ce qui diminue consid\u00e9rablement les co\u00fbts et les intervalles d&#8217;entretien.<\/p>\n\n\n\n<div style=\"height:100px\" aria-hidden=\"true\" class=\"wp-block-spacer\"><\/div>\n\n\n\n<h2 class=\"wp-block-heading has-copr-color has-text-color\">Options d&#8217;installation flexibles<\/h2>\n\n\n\n<p>L&#8217;E500-e est enti\u00e8rement aliment\u00e9 par le VULe. Cela signifie qu&#8217;il n&#8217;y a pas de batterie suppl\u00e9mentaire \u00e0 installer ni d&#8217;infrastructure de charge suppl\u00e9mentaire \u00e0 mettre en place.<\/p>\n\n\n\n<p>De plus, le groupe frigorifique est disponible dans plusieurs configurations de montage :<strong><br><\/strong><\/p>\n\n\n\n<ul class=\"wp-block-list\">\n<li>Montage encapsul\u00e9<\/li>\n\n\n\n<li>Montage en pavillon<\/li>\n\n\n\n<li>Montage en face avant<\/li>\n<\/ul>\n\n\n\n<div style=\"height:100px\" aria-hidden=\"true\" class=\"wp-block-spacer\"><\/div>\n\n\n\n<figure class=\"wp-block-image size-large\"><img loading=\"lazy\" decoding=\"async\" width=\"1024\" height=\"522\" src=\"https:\/\/europe-thermoking.s3.eu-west-3.amazonaws.com\/wp-content\/uploads\/2023\/08\/22134356\/e-500e-cover-2-1024x522.jpg\" alt=\"\" class=\"wp-image-64576\" srcset=\"https:\/\/europe-thermoking.s3.eu-west-3.amazonaws.com\/wp-content\/uploads\/2023\/08\/22134356\/e-500e-cover-2-1024x522.jpg 1024w, https:\/\/europe-thermoking.s3.eu-west-3.amazonaws.com\/wp-content\/uploads\/2023\/08\/22134356\/e-500e-cover-2-300x153.jpg 300w, https:\/\/europe-thermoking.s3.eu-west-3.amazonaws.com\/wp-content\/uploads\/2023\/08\/22134356\/e-500e-cover-2-768x392.jpg 768w, https:\/\/europe-thermoking.s3.eu-west-3.amazonaws.com\/wp-content\/uploads\/2023\/08\/22134356\/e-500e-cover-2-160x82.jpg 160w, https:\/\/europe-thermoking.s3.eu-west-3.amazonaws.com\/wp-content\/uploads\/2023\/08\/22134356\/e-500e-cover-2-320x163.jpg 320w, https:\/\/europe-thermoking.s3.eu-west-3.amazonaws.com\/wp-content\/uploads\/2023\/08\/22134356\/e-500e-cover-2-40x20.jpg 40w, https:\/\/europe-thermoking.s3.eu-west-3.amazonaws.com\/wp-content\/uploads\/2023\/08\/22134356\/e-500e-cover-2-80x41.jpg 80w, https:\/\/europe-thermoking.s3.eu-west-3.amazonaws.com\/wp-content\/uploads\/2023\/08\/22134356\/e-500e-cover-2-706x360.jpg 706w, https:\/\/europe-thermoking.s3.eu-west-3.amazonaws.com\/wp-content\/uploads\/2023\/08\/22134356\/e-500e-cover-2-882x450.jpg 882w, https:\/\/europe-thermoking.s3.eu-west-3.amazonaws.com\/wp-content\/uploads\/2023\/08\/22134356\/e-500e-cover-2-640x326.jpg 640w, https:\/\/europe-thermoking.s3.eu-west-3.amazonaws.com\/wp-content\/uploads\/2023\/08\/22134356\/e-500e-cover-2-960x490.jpg 960w, https:\/\/europe-thermoking.s3.eu-west-3.amazonaws.com\/wp-content\/uploads\/2023\/08\/22134356\/e-500e-cover-2.jpg 1208w\" sizes=\"auto, (max-width: 1024px) 100vw, 1024px\" \/><\/figure>\n\n\n\n<div style=\"height:100px\" aria-hidden=\"true\" class=\"wp-block-spacer\"><\/div>\n\n\n\n<h2 class=\"wp-block-heading has-copr-color has-text-color\">Optimisez la flexibilit\u00e9 op\u00e9rationnelle de votre flotte<\/h2>\n\n\n\n<p>Ultra-polyvalent et ultra-puissant, l&#8217;E500-e permet \u00e0 vos flottes d&#8217;acc\u00e9der aux zones r\u00e9glement\u00e9es en mati\u00e8re de bruit, aux zones \u00e0 \u00e9missions nulles et ultra-faibles et aux zones interdites aux v\u00e9hicules diesel, de jour comme de nuit.<\/p>\n\n\n\n<p>Les capacit\u00e9s multi-temp\u00e9ratures signifient que votre flotte peut d\u00e9passer toutes les limites et assurer n&#8217;importe quelle livraison urbaine et en centre-ville.<\/p>\n\n\n\n<div class=\"wp-block-cover is-light\" style=\"min-height:240px;aspect-ratio:unset;\"><span aria-hidden=\"true\" class=\"wp-block-cover__background has-background-dim-0 has-background-dim\"><\/span><img loading=\"lazy\" decoding=\"async\" width=\"1200\" height=\"456\" class=\"wp-block-cover__image-background wp-image-64591\" alt=\"\" src=\"https:\/\/europe-thermoking.s3.eu-west-3.amazonaws.com\/wp-content\/uploads\/2023\/08\/22134523\/e-500e-cta.png\" data-object-fit=\"cover\" srcset=\"https:\/\/europe-thermoking.s3.eu-west-3.amazonaws.com\/wp-content\/uploads\/2023\/08\/22134523\/e-500e-cta.png 1200w, https:\/\/europe-thermoking.s3.eu-west-3.amazonaws.com\/wp-content\/uploads\/2023\/08\/22134523\/e-500e-cta-300x114.png 300w, https:\/\/europe-thermoking.s3.eu-west-3.amazonaws.com\/wp-content\/uploads\/2023\/08\/22134523\/e-500e-cta-1024x389.png 1024w, https:\/\/europe-thermoking.s3.eu-west-3.amazonaws.com\/wp-content\/uploads\/2023\/08\/22134523\/e-500e-cta-768x292.png 768w, https:\/\/europe-thermoking.s3.eu-west-3.amazonaws.com\/wp-content\/uploads\/2023\/08\/22134523\/e-500e-cta-160x61.png 160w, https:\/\/europe-thermoking.s3.eu-west-3.amazonaws.com\/wp-content\/uploads\/2023\/08\/22134523\/e-500e-cta-320x122.png 320w, https:\/\/europe-thermoking.s3.eu-west-3.amazonaws.com\/wp-content\/uploads\/2023\/08\/22134523\/e-500e-cta-40x15.png 40w, https:\/\/europe-thermoking.s3.eu-west-3.amazonaws.com\/wp-content\/uploads\/2023\/08\/22134523\/e-500e-cta-80x30.png 80w, https:\/\/europe-thermoking.s3.eu-west-3.amazonaws.com\/wp-content\/uploads\/2023\/08\/22134523\/e-500e-cta-947x360.png 947w, https:\/\/europe-thermoking.s3.eu-west-3.amazonaws.com\/wp-content\/uploads\/2023\/08\/22134523\/e-500e-cta-1184x450.png 1184w, https:\/\/europe-thermoking.s3.eu-west-3.amazonaws.com\/wp-content\/uploads\/2023\/08\/22134523\/e-500e-cta-640x243.png 640w, https:\/\/europe-thermoking.s3.eu-west-3.amazonaws.com\/wp-content\/uploads\/2023\/08\/22134523\/e-500e-cta-960x365.png 960w\" sizes=\"auto, (max-width: 1200px) 100vw, 1200px\" \/><div class=\"wp-block-cover__inner-container is-layout-flow wp-block-cover-is-layout-flow\">\n<p class=\"has-white-white-color has-text-color\"><strong><strong><strong>Franchissez le pas vers le tout-\u00e9lectrique<\/strong><\/strong><\/strong><br><strong><strong><strong>en contactant votre concessionnaire le plus proche d\u00e8s maintenant<\/strong><\/strong><\/strong><\/p>\n\n\n\n<div class=\"wp-block-buttons is-layout-flex wp-block-buttons-is-layout-flex\">\n<div class=\"wp-block-button is-style-fill\"><a class=\"wp-block-button__link has-coba-background-color has-background wp-element-button\" href=\"https:\/\/www.staging.europe.thermoking.com\/dealer-service-network\/\" target=\"_blank\" rel=\"noreferrer noopener\">Prendre contact<\/a><\/div>\n<\/div>\n<\/div><\/div>\n","protected":false},"excerpt":{"rendered":"<p>Le mod\u00e8le phare de la s\u00e9rie E est la r\u00e9f\u00e9rence en mati\u00e8re de r\u00e9frig\u00e9ration enti\u00e8rement \u00e9lectrique pour les v\u00e9hicules utilitaires l\u00e9gers \u00e9lectriques (VULe) sp\u00e9cialis\u00e9s dans la livraison du dernier kilom\u00e8tre et la distribution urbaine. Convient aux fourgonnettes t\u00f4l\u00e9es, aux porteurs \u00e0 ch\u00e2ssis-cabine et aux autres types de VULe. Roulez plus longtempsLa nouvelle conception \u00e9co\u00e9nerg\u00e9tique r\u00e9duit [&hellip;]<\/p>\n","protected":false},"author":1,"featured_media":0,"parent":7559,"menu_order":0,"comment_status":"closed","ping_status":"closed","template":"","meta":{"_acf_changed":false,"footnotes":""},"class_list":["post-64732","page","type-page","status-publish","hentry"],"acf":[],"_links":{"self":[{"href":"https:\/\/www.staging.europe.thermoking.com\/fr\/wp-json\/wp\/v2\/pages\/64732","targetHints":{"allow":["GET"]}}],"collection":[{"href":"https:\/\/www.staging.europe.thermoking.com\/fr\/wp-json\/wp\/v2\/pages"}],"about":[{"href":"https:\/\/www.staging.europe.thermoking.com\/fr\/wp-json\/wp\/v2\/types\/page"}],"author":[{"embeddable":true,"href":"https:\/\/www.staging.europe.thermoking.com\/fr\/wp-json\/wp\/v2\/users\/1"}],"replies":[{"embeddable":true,"href":"https:\/\/www.staging.europe.thermoking.com\/fr\/wp-json\/wp\/v2\/comments?post=64732"}],"version-history":[{"count":0,"href":"https:\/\/www.staging.europe.thermoking.com\/fr\/wp-json\/wp\/v2\/pages\/64732\/revisions"}],"up":[{"embeddable":true,"href":"https:\/\/www.staging.europe.thermoking.com\/fr\/wp-json\/wp\/v2\/pages\/7559"}],"wp:attachment":[{"href":"https:\/\/www.staging.europe.thermoking.com\/fr\/wp-json\/wp\/v2\/media?parent=64732"}],"curies":[{"name":"wp","href":"https:\/\/api.w.org\/{rel}","templated":true}]}}