{"id":64414,"date":"2023-07-11T12:51:12","date_gmt":"2023-07-11T10:51:12","guid":{"rendered":"https:\/\/europe.thermoking.new.local\/?page_id=64414"},"modified":"2025-03-10T15:25:00","modified_gmt":"2025-03-10T14:25:00","slug":"axlepower-alimente-par-la-route","status":"publish","type":"page","link":"https:\/\/www.staging.europe.thermoking.com\/fr\/solutions-dalimentation\/axlepower-alimente-par-la-route","title":{"rendered":"AxlePower &#8211; Aliment\u00e9 par la route"},"content":{"rendered":"\n\n\n<div class=\"wp-block-columns is-layout-flex wp-container-core-columns-is-layout-9d6595d7 wp-block-columns-is-layout-flex\">\n<div class=\"wp-block-column is-layout-flow wp-block-column-is-layout-flow\">\n<h1 class=\"wp-block-heading\"><\/h1>\n<\/div>\n\n\n\n<div class=\"wp-block-column is-layout-flow wp-block-column-is-layout-flow\"><\/div>\n<\/div>\n\n\n\n<p class=\"has-2-xl-font-size\">L&#8217;AxlePower veille \u00e0 ce qu&#8217;aucune \u00e9nergie ne soit gaspill\u00e9e ! Cette solution mont\u00e9e sur semi-remorque r\u00e9cup\u00e8re et stocke l&#8217;\u00e9nergie g\u00e9n\u00e9r\u00e9e par le freinage et la conduite en descente afin que vous puissiez alimenter votre groupe frigorifique avec une \u00e9nergie durable.<\/p>\n\n\n\n<div style=\"height:100px\" aria-hidden=\"true\" class=\"wp-block-spacer\"><\/div>\n\n\n\n<h2 class=\"wp-block-heading has-copr-color has-text-color\">R\u00e9frig\u00e9ration z\u00e9ro-\u00e9mission<\/h2>\n\n\n\n<figure class=\"wp-block-image size-169-md\"><img loading=\"lazy\" decoding=\"async\" width=\"960\" height=\"540\" src=\"https:\/\/europe-thermoking.s3.eu-west-3.amazonaws.com\/wp-content\/uploads\/2023\/07\/11122717\/e-200-vehicle-960x540.jpg\" alt=\"\" class=\"wp-image-64103\" srcset=\"https:\/\/europe-thermoking.s3.eu-west-3.amazonaws.com\/wp-content\/uploads\/2023\/07\/11122717\/e-200-vehicle-960x540.jpg 960w, https:\/\/europe-thermoking.s3.eu-west-3.amazonaws.com\/wp-content\/uploads\/2023\/07\/11122717\/e-200-vehicle-320x180.jpg 320w, https:\/\/europe-thermoking.s3.eu-west-3.amazonaws.com\/wp-content\/uploads\/2023\/07\/11122717\/e-200-vehicle-640x360.jpg 640w\" sizes=\"auto, (max-width: 960px) 100vw, 960px\" \/><\/figure>\n\n\n\n<div style=\"height:100px\" aria-hidden=\"true\" class=\"wp-block-spacer\"><\/div>\n\n\n\n<div class=\"wp-block-columns is-layout-flex wp-container-core-columns-is-layout-9d6595d7 wp-block-columns-is-layout-flex\">\n<div class=\"wp-block-column is-layout-flow wp-block-column-is-layout-flow\">\n<p><strong>A-500e<\/strong><br>\u00c9teignez le moteur de votre groupe frigorifique et alimentez-le \u00e9lectriquement avec une \u00e9nergie durable.<\/p>\n<\/div>\n\n\n\n<div class=\"wp-block-column is-layout-flow wp-block-column-is-layout-flow\">\n<p><strong>Pack batterie Energ-e<\/strong><br><\/p>\n\n\n\n<p>L&#8217;\u00e9nergie est stock\u00e9e dans une batterie haute tension, plac\u00e9e sous votre semi-remorque Au moins deux heures de fonctionnement autonome.<\/p>\n<\/div>\n\n\n\n<div class=\"wp-block-column is-layout-flow wp-block-column-is-layout-flow\">\n<p><strong>ePower Axle par BPW<\/strong><br>La nouvelle conception \u00e9co\u00e9nerg\u00e9tique r\u00e9duit l&#8217;impact sur la batterie de votre BEV.<\/p>\n<\/div>\n<\/div>\n\n\n\n<div style=\"height:100px\" aria-hidden=\"true\" class=\"wp-block-spacer\"><\/div>\n\n\n\n<h2 class=\"wp-block-heading has-copr-color has-text-color\">Ind\u00e9pendance totale du tracteur<\/h2>\n\n\n\n<p>L&#8217;ensemble du syst\u00e8me est<strong> mont\u00e9 sur la semi-remorque. <\/strong>Tout tracteur, entra\u00een\u00e9 par n&#8217;importe quelle source d&#8217;alimentation, qu&#8217;il s&#8217;agisse de HVO, de biodiesel ou de la batterie, peut \u00eatre install\u00e9 sur votre semi-remorque AxlePower.<\/p>\n\n\n\n<div style=\"height:100px\" aria-hidden=\"true\" class=\"wp-block-spacer\"><\/div>\n\n\n\n<h2 class=\"wp-block-heading has-copr-color has-text-color\">Smart Power Management<\/h2>\n\n\n\n<p>Notre syst\u00e8me de charge intelligent unique bascule automatiquement entre 3 modes pour une efficacit\u00e9 de charge optimale et une facilit\u00e9 d&#8217;utilisation, sans intervention du conducteur.<\/p>\n\n\n\n<div style=\"height:100px\" aria-hidden=\"true\" class=\"wp-block-spacer\"><\/div>\n\n\n\n<figure class=\"wp-block-image size-169-md\"><img loading=\"lazy\" decoding=\"async\" width=\"960\" height=\"540\" src=\"https:\/\/europe-thermoking.s3.eu-west-3.amazonaws.com\/wp-content\/uploads\/2023\/07\/11123355\/e-200-vehicle-2-960x540.jpg\" alt=\"\" class=\"wp-image-64124\" srcset=\"https:\/\/europe-thermoking.s3.eu-west-3.amazonaws.com\/wp-content\/uploads\/2023\/07\/11123355\/e-200-vehicle-2-960x540.jpg 960w, https:\/\/europe-thermoking.s3.eu-west-3.amazonaws.com\/wp-content\/uploads\/2023\/07\/11123355\/e-200-vehicle-2-320x180.jpg 320w, https:\/\/europe-thermoking.s3.eu-west-3.amazonaws.com\/wp-content\/uploads\/2023\/07\/11123355\/e-200-vehicle-2-640x360.jpg 640w\" sizes=\"auto, (max-width: 960px) 100vw, 960px\" \/><\/figure>\n\n\n\n<div style=\"height:100px\" aria-hidden=\"true\" class=\"wp-block-spacer\"><\/div>\n\n\n\n<div class=\"wp-block-columns is-layout-flex wp-container-core-columns-is-layout-9d6595d7 wp-block-columns-is-layout-flex\">\n<div class=\"wp-block-column is-layout-flow wp-block-column-is-layout-flow\">\n<p><strong>Mode de r\u00e9cup\u00e9ration<\/strong><br>R\u00e9cup\u00e9ration d&#8217;\u00e9nergie du freinage et de la conduite en descente, sans impact sur la consommation de carburant du tracteur.<\/p>\n<\/div>\n\n\n\n<div class=\"wp-block-column is-layout-flow wp-block-column-is-layout-flow\">\n<p><strong>Mode Passif<\/strong><br>Utilis\u00e9 lorsque la charge de la batterie est suffisante ou lors du transport de produits non sensibles \u00e0 la temp\u00e9rature.<\/p>\n<\/div>\n\n\n\n<div class=\"wp-block-column is-layout-flow wp-block-column-is-layout-flow\">\n<p><strong>Mode Actif<\/strong><br>Utilis\u00e9 lorsque le syst\u00e8me d\u00e9tecte le besoin de g\u00e9n\u00e9rer plus de charge de batterie pour alimenter votre groupe frigorifique.<\/p>\n<\/div>\n<\/div>\n\n\n\n<div style=\"height:100px\" aria-hidden=\"true\" class=\"wp-block-spacer\"><\/div>\n\n\n\n<p><strong><strong>Regardez comment fonctionne notre syst\u00e8me Smart Power Management<\/strong>:<\/strong><\/p>\n\n\n\n<figure class=\"wp-block-image size-169-md\"><a href=\"https:\/\/vimeo.com\/manage\/videos\/821932442\" target=\"_blank\" rel=\"noreferrer noopener\"><img loading=\"lazy\" decoding=\"async\" width=\"960\" height=\"540\" src=\"https:\/\/europe-thermoking.s3.eu-west-3.amazonaws.com\/wp-content\/uploads\/2023\/07\/11123728\/axlepower-movie-960x540.jpg\" alt=\"\" class=\"wp-image-64145\" srcset=\"https:\/\/europe-thermoking.s3.eu-west-3.amazonaws.com\/wp-content\/uploads\/2023\/07\/11123728\/axlepower-movie-960x540.jpg 960w, https:\/\/europe-thermoking.s3.eu-west-3.amazonaws.com\/wp-content\/uploads\/2023\/07\/11123728\/axlepower-movie-320x180.jpg 320w, https:\/\/europe-thermoking.s3.eu-west-3.amazonaws.com\/wp-content\/uploads\/2023\/07\/11123728\/axlepower-movie-640x360.jpg 640w\" sizes=\"auto, (max-width: 960px) 100vw, 960px\" \/><\/a><\/figure>\n\n\n\n<div style=\"height:100px\" aria-hidden=\"true\" class=\"wp-block-spacer\"><\/div>\n\n\n\n<h2 class=\"wp-block-heading has-copr-color has-text-color\">TracKing-e<\/h2>\n\n\n\n<p>Gardez un \u0153il sur votre solution AxlePower et ne stressez plus au sujet de l&#8217;autonomie gr\u00e2ce \u00e0 une extension enti\u00e8rement \u00e9lectrique de notre plateforme TracKing. Gr\u00e2ce aux capacit\u00e9s t\u00e9l\u00e9matiques en ligne \u00e9tendues, vous resterez toujours inform\u00e9 de <strong>l&#8217;\u00e9tat, des performances et de l&#8217;autonomie restante de votre batterie<\/strong> ! De plus, vous aurez acc\u00e8s \u00e0 de nombreuses informations cruciales pour vos performances :<\/p>\n\n\n\n<ul class=\"wp-block-list\">\n<li>Point de consigne<\/li>\n\n\n\n<li>Performances du syst\u00e8me<\/li>\n\n\n\n<li>Temps de charge de la batterie<\/li>\n<\/ul>\n\n\n\n<p>De nouvelles fonctionnalit\u00e9s vous permettent d&#8217;optimiser vos r\u00e9glages AxlePower \u00e0 distance et d&#8217;automatiser la gestion de votre batterie.<\/p>\n\n\n\n<ul class=\"wp-block-list\">\n<li>Param\u00e8tres du pack Energ-e<\/li>\n\n\n\n<li>Niveaux d&#8217;utilisation de la flotte<\/li>\n<\/ul>\n\n\n\n<div class=\"wp-block-cover is-light\" style=\"min-height:240px;aspect-ratio:unset;\"><span aria-hidden=\"true\" class=\"wp-block-cover__background has-background-dim-0 has-background-dim\"><\/span><img loading=\"lazy\" decoding=\"async\" width=\"1200\" height=\"456\" class=\"wp-block-cover__image-background wp-image-64166\" alt=\"\" src=\"https:\/\/europe-thermoking.s3.eu-west-3.amazonaws.com\/wp-content\/uploads\/2023\/07\/11124045\/axlepower-cta.jpg\" style=\"object-position:50% 50%\" data-object-fit=\"cover\" data-object-position=\"50% 50%\" srcset=\"https:\/\/europe-thermoking.s3.eu-west-3.amazonaws.com\/wp-content\/uploads\/2023\/07\/11124045\/axlepower-cta.jpg 1200w, https:\/\/europe-thermoking.s3.eu-west-3.amazonaws.com\/wp-content\/uploads\/2023\/07\/11124045\/axlepower-cta-300x114.jpg 300w, https:\/\/europe-thermoking.s3.eu-west-3.amazonaws.com\/wp-content\/uploads\/2023\/07\/11124045\/axlepower-cta-1024x389.jpg 1024w, https:\/\/europe-thermoking.s3.eu-west-3.amazonaws.com\/wp-content\/uploads\/2023\/07\/11124045\/axlepower-cta-768x292.jpg 768w, https:\/\/europe-thermoking.s3.eu-west-3.amazonaws.com\/wp-content\/uploads\/2023\/07\/11124045\/axlepower-cta-160x61.jpg 160w, https:\/\/europe-thermoking.s3.eu-west-3.amazonaws.com\/wp-content\/uploads\/2023\/07\/11124045\/axlepower-cta-320x122.jpg 320w, https:\/\/europe-thermoking.s3.eu-west-3.amazonaws.com\/wp-content\/uploads\/2023\/07\/11124045\/axlepower-cta-40x15.jpg 40w, https:\/\/europe-thermoking.s3.eu-west-3.amazonaws.com\/wp-content\/uploads\/2023\/07\/11124045\/axlepower-cta-80x30.jpg 80w, https:\/\/europe-thermoking.s3.eu-west-3.amazonaws.com\/wp-content\/uploads\/2023\/07\/11124045\/axlepower-cta-947x360.jpg 947w, https:\/\/europe-thermoking.s3.eu-west-3.amazonaws.com\/wp-content\/uploads\/2023\/07\/11124045\/axlepower-cta-1184x450.jpg 1184w, https:\/\/europe-thermoking.s3.eu-west-3.amazonaws.com\/wp-content\/uploads\/2023\/07\/11124045\/axlepower-cta-640x243.jpg 640w, https:\/\/europe-thermoking.s3.eu-west-3.amazonaws.com\/wp-content\/uploads\/2023\/07\/11124045\/axlepower-cta-960x365.jpg 960w\" sizes=\"auto, (max-width: 1200px) 100vw, 1200px\" \/><div class=\"wp-block-cover__inner-container is-layout-flow wp-block-cover-is-layout-flow\">\n<p><strong>Renseignez-vous aupr\u00e8s de votre<\/strong><br><strong>concessionnaire sur l&#8217;Advancer AxlePower<\/strong><\/p>\n\n\n\n<div class=\"wp-block-buttons is-layout-flex wp-block-buttons-is-layout-flex\">\n<div class=\"wp-block-button is-style-fill\"><a class=\"wp-block-button__link has-coba-background-color has-background wp-element-button\" href=\"https:\/\/www.staging.europe.thermoking.com\/fr\/dealer-service-network\" target=\"_blank\" rel=\"noreferrer noopener\">Contactez-nous<\/a><\/div>\n<\/div>\n<\/div><\/div>\n\n\n\n<div style=\"height:100px\" aria-hidden=\"true\" class=\"wp-block-spacer\"><\/div>\n","protected":false},"excerpt":{"rendered":"<p>L&#8217;AxlePower veille \u00e0 ce qu&#8217;aucune \u00e9nergie ne soit gaspill\u00e9e ! Cette solution mont\u00e9e sur semi-remorque r\u00e9cup\u00e8re et stocke l&#8217;\u00e9nergie g\u00e9n\u00e9r\u00e9e par le freinage et la conduite en descente afin que vous puissiez alimenter votre groupe frigorifique avec une \u00e9nergie durable. R\u00e9frig\u00e9ration z\u00e9ro-\u00e9mission A-500e\u00c9teignez le moteur de votre groupe frigorifique et alimentez-le \u00e9lectriquement avec une \u00e9nergie [&hellip;]<\/p>\n","protected":false},"author":1,"featured_media":0,"parent":76373,"menu_order":0,"comment_status":"closed","ping_status":"closed","template":"","meta":{"_acf_changed":false,"footnotes":""},"class_list":["post-64414","page","type-page","status-publish","hentry"],"acf":[],"_links":{"self":[{"href":"https:\/\/www.staging.europe.thermoking.com\/fr\/wp-json\/wp\/v2\/pages\/64414","targetHints":{"allow":["GET"]}}],"collection":[{"href":"https:\/\/www.staging.europe.thermoking.com\/fr\/wp-json\/wp\/v2\/pages"}],"about":[{"href":"https:\/\/www.staging.europe.thermoking.com\/fr\/wp-json\/wp\/v2\/types\/page"}],"author":[{"embeddable":true,"href":"https:\/\/www.staging.europe.thermoking.com\/fr\/wp-json\/wp\/v2\/users\/1"}],"replies":[{"embeddable":true,"href":"https:\/\/www.staging.europe.thermoking.com\/fr\/wp-json\/wp\/v2\/comments?post=64414"}],"version-history":[{"count":2,"href":"https:\/\/www.staging.europe.thermoking.com\/fr\/wp-json\/wp\/v2\/pages\/64414\/revisions"}],"predecessor-version":[{"id":76647,"href":"https:\/\/www.staging.europe.thermoking.com\/fr\/wp-json\/wp\/v2\/pages\/64414\/revisions\/76647"}],"up":[{"embeddable":true,"href":"https:\/\/www.staging.europe.thermoking.com\/fr\/wp-json\/wp\/v2\/pages\/76373"}],"wp:attachment":[{"href":"https:\/\/www.staging.europe.thermoking.com\/fr\/wp-json\/wp\/v2\/media?parent=64414"}],"curies":[{"name":"wp","href":"https:\/\/api.w.org\/{rel}","templated":true}]}}