{"id":42990,"date":"2021-03-23T12:13:09","date_gmt":"2021-03-23T12:13:09","guid":{"rendered":"https:\/\/europe.thermoking.new.local\/?page_id=42990"},"modified":"2021-04-01T08:51:13","modified_gmt":"2021-04-01T07:51:13","slug":"offre-speciale-garantie-de-remboursement","status":"publish","type":"page","link":"https:\/\/www.staging.europe.thermoking.com\/fr\/advancer\/offre-speciale-garantie-de-remboursement","title":{"rendered":"Offre sp\u00e9ciale : garantie de remboursement"},"content":{"rendered":"\n\n\n<h2 class=\"wp-block-heading\">Des \u00e9conomies spectaculaires. 100 % garanties.<\/h2>\n\n\n\n<p>L&#8217;architecture hybride l\u00e9g\u00e8re 48 V CC de l&#8217;Advancer, enti\u00e8rement repens\u00e9e et combin\u00e9e \u00e0 des innovations \u00e9tonnantes, telles que le d\u00e9bit d&#8217;air enti\u00e8rement variable, a d\u00e9bloqu\u00e9 des <strong>niveaux de rendement \u00e9nerg\u00e9tiques in\u00e9dits<\/strong>.<\/p>\n\n\n\n<p>Nous croyons au potentiel de notre nouveau groupe frigorifique pour semi-remorques \u00e0 vous faire r\u00e9aliser des \u00e9conomies de carburant, au rendement du syst\u00e8me et \u00e0 sa disponibilit\u00e9 in\u00e9gal\u00e9e, et sommes pr\u00eats \u00e0 <strong>vous rembourser la diff\u00e9rence<\/strong> si l&#8217;Advancer n&#8217;atteint pas son objectif d&#8217;\u00e9conomie de carburant apr\u00e8s un an.<\/p>\n\n\n\n<div style=\"height:100px\" aria-hidden=\"true\" class=\"wp-block-spacer\"><\/div>\n\n\n\n<div class=\"wp-block-cover has-background-dim\" style=\"background-image:url(https:\/\/europe-thermoking.s3.eu-west-3.amazonaws.com\/wp-content\/uploads\/2021\/03\/17144613\/tk-fuel-savings-cover-cta.jpg)\"><div class=\"wp-block-cover__inner-container is-layout-flow wp-block-cover-is-layout-flow\">\n<blockquote class=\"wp-block-quote is-layout-flow wp-block-quote-is-layout-flow\"><p>Si vos nouveaux groupes frigorifiques Advancer n&#8217;atteignent pas leurs objectifs d&#8217;\u00e9conomie de carburant apr\u00e8s la premi\u00e8re ann\u00e9e, nous vous rembourserons la diff\u00e9rence.<\/p><\/blockquote>\n<\/div><\/div>\n\n\n\n<div style=\"height:100px\" aria-hidden=\"true\" class=\"wp-block-spacer\"><\/div>\n\n\n\n<h2 class=\"wp-block-heading\">Estimez vos \u00e9conomies de carburant en ligne<\/h2>\n\n\n\n<p>Rendez-vous sur notre calculateur en ligne, indiquez votre consommation totale de carburant par an et obtenez une estimation de la quantit\u00e9 de carburant que vous pourriez \u00e9conomiser en optant pour l&#8217;Advancer !<\/p>\n\n\n\n<div class=\"wp-block-button\"><a class=\"wp-block-button__link\" href=\"https:\/\/www.tkadvancer.com\/en\/fuel\" target=\"_blank\" rel=\"noreferrer noopener\">Obtenir une estimation maintenant<\/a><\/div>\n\n\n\n<div style=\"height:100px\" aria-hidden=\"true\" class=\"wp-block-spacer\"><\/div>\n\n\n\n<h2 class=\"wp-block-heading\">Fixez votre garantie de remboursement<\/h2>\n\n\n\n<p><strong>Le calcul pr\u00e9cis de vos \u00e9conomies de carburant potentielles comprend, \u00e9videmment, beaucoup plus de d\u00e9tails<\/strong>. Lorsque vous vous rendrez chez votre concessionnaire pour vous inscrire \u00e0 notre programme d&#8217;\u00e9conomie de carburant, nous examinerons la temp\u00e9rature ambiante moyenne \u00e0 laquelle fonctionne votre syst\u00e8me et si vous transportez principalement des produits frais ou surgel\u00e9s, entre autres variables. <\/p>\n\n\n\n<p>\u00c0 la fin, vous recevrez un calcul final, accompagn\u00e9 de <strong>notre engagement \u00e0 ce que vous r\u00e9alisiez vos \u00e9conomies de carburant<\/strong>. Un engagement si fort que nous vous rembourserons la diff\u00e9rence si l&#8217;Advancer n&#8217;atteint pas son objectif.<\/p>\n\n\n\n<p>Rendez-vous chez votre concessionnaire Thermo King pour que nous remplissions, ensemble, les donn\u00e9es sur l&#8217;application TK SmartSaver.<\/p>\n\n\n\n<div class=\"wp-block-button\"><a class=\"wp-block-button__link\" href=\"http:\/\/dealers.thermoking.com\/\" target=\"_blank\" rel=\"noreferrer noopener\">Contactez votre concessionnaire pour commencer<\/a><\/div>\n","protected":false},"excerpt":{"rendered":"<p>Des \u00e9conomies spectaculaires. 100 % garanties. L&#8217;architecture hybride l\u00e9g\u00e8re 48 V CC de l&#8217;Advancer, enti\u00e8rement repens\u00e9e et combin\u00e9e \u00e0 des innovations \u00e9tonnantes, telles que le d\u00e9bit d&#8217;air enti\u00e8rement variable, a d\u00e9bloqu\u00e9 des niveaux de rendement \u00e9nerg\u00e9tiques in\u00e9dits. Nous croyons au potentiel de notre nouveau groupe frigorifique pour semi-remorques \u00e0 vous faire r\u00e9aliser des \u00e9conomies de [&hellip;]<\/p>\n","protected":false},"author":1,"featured_media":0,"parent":29401,"menu_order":0,"comment_status":"closed","ping_status":"closed","template":"","meta":{"_acf_changed":false,"footnotes":""},"class_list":["post-42990","page","type-page","status-publish","hentry"],"acf":[],"_links":{"self":[{"href":"https:\/\/www.staging.europe.thermoking.com\/fr\/wp-json\/wp\/v2\/pages\/42990","targetHints":{"allow":["GET"]}}],"collection":[{"href":"https:\/\/www.staging.europe.thermoking.com\/fr\/wp-json\/wp\/v2\/pages"}],"about":[{"href":"https:\/\/www.staging.europe.thermoking.com\/fr\/wp-json\/wp\/v2\/types\/page"}],"author":[{"embeddable":true,"href":"https:\/\/www.staging.europe.thermoking.com\/fr\/wp-json\/wp\/v2\/users\/1"}],"replies":[{"embeddable":true,"href":"https:\/\/www.staging.europe.thermoking.com\/fr\/wp-json\/wp\/v2\/comments?post=42990"}],"version-history":[{"count":0,"href":"https:\/\/www.staging.europe.thermoking.com\/fr\/wp-json\/wp\/v2\/pages\/42990\/revisions"}],"up":[{"embeddable":true,"href":"https:\/\/www.staging.europe.thermoking.com\/fr\/wp-json\/wp\/v2\/pages\/29401"}],"wp:attachment":[{"href":"https:\/\/www.staging.europe.thermoking.com\/fr\/wp-json\/wp\/v2\/media?parent=42990"}],"curies":[{"name":"wp","href":"https:\/\/api.w.org\/{rel}","templated":true}]}}