{"id":40382,"date":"2020-10-06T11:01:37","date_gmt":"2020-10-06T09:01:37","guid":{"rendered":"https:\/\/europe.thermoking.new.local\/?page_id=40382"},"modified":"2024-12-02T14:11:09","modified_gmt":"2024-12-02T13:11:09","slug":"temps-de-disponibilite","status":"publish","type":"page","link":"https:\/\/www.staging.europe.thermoking.com\/fr\/temps-de-disponibilite","title":{"rendered":"Temps de disponibilit\u00e9"},"content":{"rendered":"\n\n\n<h2 class=\"wp-block-heading has-rich-electric-blue-color has-text-color\"> Blue Track : Un programme de temps de disponibilit\u00e9 qui vous maintient sur la route <\/h2>\n\n\n\n<p>Blue Track est un <strong>ensemble d&#8217;initiatives d&#8217;entretien de pointe<\/strong> <strong>con\u00e7u pour optimiser votre temps de disponibilit\u00e9<\/strong>. Pour assurer, en tout temps, le confort de vos chauffeurs. Pour que vous ayez toujours une longueur d&#8217;avance.<\/p>\n\n\n<p>[spacer]<\/p>\n\n\n\n<div class=\"wp-block-group has-white-smoke-background-color has-background\"><div class=\"wp-block-group__inner-container is-layout-flow wp-block-group-is-layout-flow\">\n<div class=\"wp-block-columns is-layout-flex wp-container-core-columns-is-layout-9d6595d7 wp-block-columns-is-layout-flex\">\n<div class=\"wp-block-column is-layout-flow wp-block-column-is-layout-flow\"><div class=\"wp-block-image icon-circle icon-border-primary bg-white mb-m0\">\n<figure class=\"alignleft size-large is-resized\"><img loading=\"lazy\" decoding=\"async\" width=\"40\" height=\"40\" src=\"https:\/\/europe-thermoking.s3.eu-west-3.amazonaws.com\/wp-content\/uploads\/2020\/10\/17144928\/icon-uptime-247.png\" alt=\"\" class=\"wp-image-39132\" style=\"width:40px;height:40px\"\/><\/figure><\/div>\n\n\n<p>Surveillance des alarmes du parc 24h\/24 et 7j\/7 <\/p>\n<\/div>\n\n\n\n<div class=\"wp-block-column is-layout-flow wp-block-column-is-layout-flow\"><div class=\"wp-block-image icon-circle icon-border-primary bg-white mb-m0\">\n<figure class=\"alignleft size-large is-resized\"><img loading=\"lazy\" decoding=\"async\" width=\"40\" height=\"40\" src=\"https:\/\/europe-thermoking.s3.eu-west-3.amazonaws.com\/wp-content\/uploads\/2020\/10\/17144903\/icon-uptime-remote-triage.png\" alt=\"\" class=\"wp-image-39149\" style=\"width:40px;height:40px\"\/><\/figure><\/div>\n\n\n<p>Tri \u00e0 distance et service express <\/p>\n<\/div>\n\n\n\n<div class=\"wp-block-column is-layout-flow wp-block-column-is-layout-flow\"><div class=\"wp-block-image icon-circle icon-border-primary bg-white mb-m0\">\n<figure class=\"alignleft size-large is-resized\"><img loading=\"lazy\" decoding=\"async\" width=\"40\" height=\"40\" src=\"https:\/\/europe-thermoking.s3.eu-west-3.amazonaws.com\/wp-content\/uploads\/2020\/10\/17144903\/icon-uptime-maintenance.png\" alt=\"\" class=\"wp-image-39155\" style=\"width:40px;height:40px\"\/><\/figure><\/div>\n\n\n<p>Maintenance et r\u00e9paration proactives <\/p>\n<\/div>\n\n\n\n<div class=\"wp-block-column is-layout-flow wp-block-column-is-layout-flow\"><div class=\"wp-block-image icon-circle icon-border-primary bg-white mb-m0\">\n<figure class=\"alignleft size-large is-resized\"><img loading=\"lazy\" decoding=\"async\" width=\"40\" height=\"40\" src=\"https:\/\/europe-thermoking.s3.eu-west-3.amazonaws.com\/wp-content\/uploads\/2020\/10\/17144902\/icon-uptime-diagnosis.png\" alt=\"\" class=\"wp-image-39161\" style=\"width:40px;height:40px\"\/><\/figure><\/div>\n\n\n<p>Diagnostic et r\u00e9parations plus rapides, solution novatrice <\/p>\n<\/div>\n<\/div>\n\n\n\n<div class=\"wp-block-columns is-layout-flex wp-container-core-columns-is-layout-9d6595d7 wp-block-columns-is-layout-flex\">\n<div class=\"wp-block-column is-layout-flow wp-block-column-is-layout-flow\"><div class=\"wp-block-image icon-circle icon-border-primary bg-white mb-m0\">\n<figure class=\"alignleft size-large is-resized\"><img loading=\"lazy\" decoding=\"async\" width=\"40\" height=\"40\" src=\"https:\/\/europe-thermoking.s3.eu-west-3.amazonaws.com\/wp-content\/uploads\/2020\/10\/17144902\/icon-uptime-service.png\" alt=\"\" class=\"wp-image-39167\" style=\"width:40px;height:40px\"\/><\/figure><\/div>\n\n\n<p>Service apr\u00e8s-vente coh\u00e9rent <\/p>\n<\/div>\n\n\n\n<div class=\"wp-block-column is-layout-flow wp-block-column-is-layout-flow\"><div class=\"wp-block-image icon-circle icon-border-primary bg-white mb-m0\">\n<figure class=\"alignleft size-large is-resized\"><img loading=\"lazy\" decoding=\"async\" width=\"40\" height=\"40\" src=\"https:\/\/europe-thermoking.s3.eu-west-3.amazonaws.com\/wp-content\/uploads\/2020\/10\/17144902\/icon-uptime-communication.png\" alt=\"\" class=\"wp-image-39173\" style=\"width:40px;height:40px\"\/><\/figure><\/div>\n\n\n<p>Communication am\u00e9lior\u00e9e avec les clients <\/p>\n<\/div>\n\n\n\n<div class=\"wp-block-column is-layout-flow wp-block-column-is-layout-flow\"><div class=\"wp-block-image icon-circle icon-border-primary bg-white mb-m0\">\n<figure class=\"alignleft size-large is-resized\"><img loading=\"lazy\" decoding=\"async\" width=\"40\" height=\"40\" src=\"https:\/\/europe-thermoking.s3.eu-west-3.amazonaws.com\/wp-content\/uploads\/2020\/10\/17144902\/icon-uptime-analytics.png\" alt=\"\" class=\"wp-image-39179\" style=\"width:40px;height:40px\"\/><\/figure><\/div>\n\n\n<p>Donn\u00e9es analytiques de l&#8217;utilisation du parc  <\/p>\n<\/div>\n\n\n\n<div class=\"wp-block-column is-layout-flow wp-block-column-is-layout-flow\"><\/div>\n<\/div>\n<\/div><\/div>\n\n\n<p>[spacer]<\/p>\n\n\n\n<h2 class=\"wp-block-heading has-rich-electric-blue-color has-text-color\">Temps d&#8217;immobilisation = la moiti\u00e9 de vos co\u00fbts<\/h2>\n\n\n\n<p>Pouvoir r\u00e9duire les temps d&#8217;immobilisation, pr\u00e9vus et impr\u00e9vus, et optimiser l&#8217;utilisation des v\u00e9hicules est vital pour toutes les entreprises de transport.<\/p>\n\n\n\n<p>On estime que <strong>50 % des co\u00fbts encourus par les parcs routiers sont li\u00e9s aux temps d&#8217;immobilisation impr\u00e9vus<\/strong>, y compris les pertes de cargaison, une mauvaise utilisation, et des co\u00fbts excessifs relatifs aux chauffeurs.<\/p>\n\n\n\n<p>Notre \u00e9quipe d&#8217;experts en temps de disponibilit\u00e9 Blue Track se fera un plaisir de vous offrir des solutions pour vos probl\u00e8mes urgents quotidiens. Nos experts vous accompagneront continuellement pour optimiser votre temps de disponibilit\u00e9 tout en aidant vos chauffeurs \u00e0 donner le meilleur d&#8217;eux-m\u00eames.<\/p>\n\n\n\n<figure class=\"wp-block-image size-full\"><img loading=\"lazy\" decoding=\"async\" width=\"950\" height=\"320\" src=\"https:\/\/europe-thermoking.s3.eu-west-3.amazonaws.com\/wp-content\/uploads\/2020\/10\/17144903\/uptime-1.jpg\" alt=\"\" class=\"wp-image-39126\" srcset=\"https:\/\/europe-thermoking.s3.eu-west-3.amazonaws.com\/wp-content\/uploads\/2020\/10\/17144903\/uptime-1.jpg 950w, https:\/\/europe-thermoking.s3.eu-west-3.amazonaws.com\/wp-content\/uploads\/2020\/10\/17144903\/uptime-1-300x101.jpg 300w, https:\/\/europe-thermoking.s3.eu-west-3.amazonaws.com\/wp-content\/uploads\/2020\/10\/17144903\/uptime-1-768x259.jpg 768w, https:\/\/europe-thermoking.s3.eu-west-3.amazonaws.com\/wp-content\/uploads\/2020\/10\/17144903\/uptime-1-160x54.jpg 160w, https:\/\/europe-thermoking.s3.eu-west-3.amazonaws.com\/wp-content\/uploads\/2020\/10\/17144903\/uptime-1-320x108.jpg 320w\" sizes=\"auto, (max-width: 950px) 100vw, 950px\" \/><\/figure>\n\n\n<p>[spacer]<\/p>\n\n\n\n<h2 class=\"wp-block-heading has-rich-electric-blue-color has-text-color\">\u00ab Nous nous surpasserons, pour que vous n&#8217;ayez pas \u00e0 le faire \u00bb<\/h2>\n\n\n\n<p>Avec le programme Blue Track de Thermo King, <strong>notre \u00e9quipe s&#8217;engage \u00e0 maintenir votre parc de v\u00e9hicules sur la route, en roulant plus longtemps et vous rapportant plus, plus longtemps<\/strong>. C&#8217;est un programme de temps de disponibilit\u00e9 con\u00e7u pour aider \u00e0 transformer la disponibilit\u00e9 des v\u00e9hicules de transport frigorifique gr\u00e2ce \u00e0 un ensemble de services compl\u00e9mentaires :<\/p>\n\n\n\n<div class=\"wp-block-columns is-layout-flex wp-container-core-columns-is-layout-9d6595d7 wp-block-columns-is-layout-flex\">\n<div class=\"wp-block-column is-layout-flow wp-block-column-is-layout-flow\" style=\"flex-basis:50%\">\n<ol class=\"wp-block-list li-blue-circle\">\n<li><strong>\u00ab Je vous aide \u00e0 anticiper et faire face aux probl\u00e8mes potentiels \u00bb<br><\/strong>Ressources d&#8217;entretien et de r\u00e9paration proactives disponibles lorsque vous en avez besoin 24h\/24, 7j\/7<\/li>\n\n\n\n<li><strong>\u00ab Je fais travailler votre investissement \u00bb<br><\/strong>Optimise le retour sur investissement et augmente l&#8217;utilisation du parc de 5 % <\/li>\n\n\n\n<li><strong>\u00ab Je m&#8217;assurerai que votre groupe fonctionne plus longtemps \u00bb<br><\/strong>Minimise les temps d&#8217;immobilisation pr\u00e9vus et impr\u00e9vus de 15 \u00e0 20 % <\/li>\n\n\n\n<li><strong>\u00ab Je mets mon expertise \u00e0 votre disposition, l\u00e0 o\u00f9 vous en avez le plus besoin \u00bb<br><\/strong>Acc\u00e8s imm\u00e9diat aux plus r\u00e9centes techniques de diagnostic <\/li>\n\n\n\n<li><strong>\u00ab Je transforme votre exp\u00e9rience d&#8217;entretien \u00bb<br><\/strong>Suivre rapidement toutes les activit\u00e9s d&#8217;entretien <\/li>\n<\/ol>\n<\/div>\n\n\n\n<div class=\"wp-block-column is-vertically-aligned-center is-layout-flow wp-block-column-is-layout-flow\" style=\"flex-basis:50%\">\n<figure class=\"wp-block-image size-large\"><img loading=\"lazy\" decoding=\"async\" width=\"1024\" height=\"709\" src=\"https:\/\/europe-thermoking.s3.eu-west-3.amazonaws.com\/wp-content\/uploads\/2020\/10\/17144859\/uptime-2-1024x709.jpg\" alt=\"\" class=\"wp-image-39199\" srcset=\"https:\/\/europe-thermoking.s3.eu-west-3.amazonaws.com\/wp-content\/uploads\/2020\/10\/17144859\/uptime-2-1024x709.jpg 1024w, https:\/\/europe-thermoking.s3.eu-west-3.amazonaws.com\/wp-content\/uploads\/2020\/10\/17144859\/uptime-2-300x208.jpg 300w, https:\/\/europe-thermoking.s3.eu-west-3.amazonaws.com\/wp-content\/uploads\/2020\/10\/17144859\/uptime-2-768x532.jpg 768w, https:\/\/europe-thermoking.s3.eu-west-3.amazonaws.com\/wp-content\/uploads\/2020\/10\/17144859\/uptime-2-160x111.jpg 160w, https:\/\/europe-thermoking.s3.eu-west-3.amazonaws.com\/wp-content\/uploads\/2020\/10\/17144859\/uptime-2-320x222.jpg 320w, https:\/\/europe-thermoking.s3.eu-west-3.amazonaws.com\/wp-content\/uploads\/2020\/10\/17144859\/uptime-2.jpg 1040w\" sizes=\"auto, (max-width: 1024px) 100vw, 1024px\" \/><\/figure>\n<\/div>\n<\/div>\n\n\n<p>[spacer]<\/p>\n\n\n\n<h2 class=\"wp-block-heading has-rich-electric-blue-color has-text-color\">Concessionnaires Blue Track Select : un nouveau niveau de service de transport <\/h2>\n\n\n<div class=\"wp-block-image\">\n<figure class=\"alignright size-large is-resized\"><img loading=\"lazy\" decoding=\"async\" width=\"370\" height=\"174\" src=\"https:\/\/europe-thermoking.s3.eu-west-3.amazonaws.com\/wp-content\/uploads\/2020\/10\/17144859\/logo-blue-track-select.png\" alt=\"\" class=\"wp-image-39208\" style=\"width:185px;height:87px\" srcset=\"https:\/\/europe-thermoking.s3.eu-west-3.amazonaws.com\/wp-content\/uploads\/2020\/10\/17144859\/logo-blue-track-select.png 370w, https:\/\/europe-thermoking.s3.eu-west-3.amazonaws.com\/wp-content\/uploads\/2020\/10\/17144859\/logo-blue-track-select-300x141.png 300w, https:\/\/europe-thermoking.s3.eu-west-3.amazonaws.com\/wp-content\/uploads\/2020\/10\/17144859\/logo-blue-track-select-160x75.png 160w, https:\/\/europe-thermoking.s3.eu-west-3.amazonaws.com\/wp-content\/uploads\/2020\/10\/17144859\/logo-blue-track-select-320x150.png 320w\" sizes=\"auto, (max-width: 370px) 100vw, 370px\" \/><\/figure><\/div>\n\n\n<p>Avec notre large r\u00e9seau de service apr\u00e8s-vente comptant plus de 500 stations d&#8217;entretien dans 75 pays, vous pouvez profiter d&#8217;<strong>un nouveau niveau d&#8217;excellence<\/strong> de service gr\u00e2ce aux concessionnaires agr\u00e9\u00e9s Blue Track Select de Thermo King. <\/p>\n\n\n\n<ul class=\"wp-block-list circle\">\n<li><strong>COUVERTURE \u00c9TENDUE: <\/strong>Avec plus de 500 stations d&#8217;entretien dans 75 pays<br><\/li>\n\n\n\n<li><strong>DISPONIBILIT\u00c9 24H\/24, 7J\/7: <\/strong>O\u00f9 vous pouvez demander du soutien \u00e0 n&#8217;importe quelle heure du jour ou de la nuit<br><\/li>\n\n\n\n<li><strong>EXPERTISE TECHNIQUE: <\/strong>Les concessionnaires Thermo King peuvent faire appel \u00e0 une large gamme d&#8217;outils de diagnostic avanc\u00e9s<br><\/li>\n\n\n\n<li><strong>CONNAISSANCE DU PRODUIT: <\/strong>Nos techniciens sont enti\u00e8rement qualifi\u00e9s pour intervenir sur tous les produits de transport frigorifique, y compris les groupes thermiques et \u00e9lectriques <br><\/li>\n\n\n\n<li><strong>DISPONIBILIT\u00c9 CONTINUE: <\/strong>Avec Blue Track, un soutien technique qualifi\u00e9 est disponible sur simple appel ou message texte <br><\/li>\n\n\n\n<li><strong>PI\u00c8CES D&#8217;ORIGINE: <\/strong>Soyez assur\u00e9 que chaque pi\u00e8ce utilis\u00e9e par nos concessionnaires a fait l&#8217;objet de tests pouss\u00e9s et est conforme aux normes internationales <\/li>\n<\/ul>\n\n\n<p>[spacer]<\/p>\n\n\n\n<h2 class=\"wp-block-heading has-rich-electric-blue-color has-text-color\">Votre acc\u00e8s \u00e0 la multitude d&#8217;avantages de Blue Track<\/h2>\n\n\n\n<p>Ajoutez une \u00ab solution sans risque \u00bb qui vous apporte une tranquillit\u00e9 d&#8217;esprit totale avec des co\u00fbts fixes pr\u00e9d\u00e9finis et la garantie de niveaux de service apr\u00e8svente exceptionnels et constants dans toute l&#8217;Europe.<\/p>\n\n\n\n<div class=\"wp-block-group mt-m4 mb-m4 has-rich-electric-blue-background-color has-background\"><div class=\"wp-block-group__inner-container is-layout-flow wp-block-group-is-layout-flow\">\n<div class=\"wp-block-columns are-vertically-aligned-center is-layout-flex wp-container-core-columns-is-layout-9d6595d7 wp-block-columns-is-layout-flex\">\n<div class=\"wp-block-column is-vertically-aligned-center is-layout-flow wp-block-column-is-layout-flow\">\n<div class=\"wp-block-group\"><div class=\"wp-block-group__inner-container is-layout-flow wp-block-group-is-layout-flow\">\n<figure class=\"wp-block-image size-large is-resized icon-circle icon-border-white mb-m1\"><img loading=\"lazy\" decoding=\"async\" width=\"160\" height=\"160\" src=\"https:\/\/europe-thermoking.s3.eu-west-3.amazonaws.com\/wp-content\/uploads\/2020\/10\/17144852\/icon-uptime-fleet.png\" alt=\"\" class=\"wp-image-39253\" style=\"width:60px;height:60px\" srcset=\"https:\/\/europe-thermoking.s3.eu-west-3.amazonaws.com\/wp-content\/uploads\/2020\/10\/17144852\/icon-uptime-fleet.png 160w, https:\/\/europe-thermoking.s3.eu-west-3.amazonaws.com\/wp-content\/uploads\/2020\/10\/17144852\/icon-uptime-fleet-150x150.png 150w\" sizes=\"auto, (max-width: 160px) 100vw, 160px\" \/><\/figure>\n\n\n\n<p class=\"has-white-color has-text-color\">Optimise les performances du parc  <\/p>\n<\/div><\/div>\n<\/div>\n\n\n\n<div class=\"wp-block-column is-vertically-aligned-center is-layout-flow wp-block-column-is-layout-flow\">\n<div class=\"wp-block-group\"><div class=\"wp-block-group__inner-container is-layout-flow wp-block-group-is-layout-flow\">\n<figure class=\"wp-block-image size-large is-resized icon-circle icon-border-white mb-m1\"><img loading=\"lazy\" decoding=\"async\" width=\"160\" height=\"160\" src=\"https:\/\/europe-thermoking.s3.eu-west-3.amazonaws.com\/wp-content\/uploads\/2020\/10\/17144851\/icon-uptime-operating-costs.png\" alt=\"\" class=\"wp-image-39260\" style=\"width:60px;height:60px\" srcset=\"https:\/\/europe-thermoking.s3.eu-west-3.amazonaws.com\/wp-content\/uploads\/2020\/10\/17144851\/icon-uptime-operating-costs.png 160w, https:\/\/europe-thermoking.s3.eu-west-3.amazonaws.com\/wp-content\/uploads\/2020\/10\/17144851\/icon-uptime-operating-costs-150x150.png 150w\" sizes=\"auto, (max-width: 160px) 100vw, 160px\" \/><\/figure>\n\n\n\n<p class=\"has-white-color has-text-color\">Minimise les co\u00fbts d&#8217;exploitation <\/p>\n<\/div><\/div>\n<\/div>\n\n\n\n<div class=\"wp-block-column is-vertically-aligned-center is-layout-flow wp-block-column-is-layout-flow\">\n<div class=\"wp-block-group\"><div class=\"wp-block-group__inner-container is-layout-flow wp-block-group-is-layout-flow\">\n<figure class=\"wp-block-image size-large is-resized icon-circle icon-border-white mb-m1\"><img loading=\"lazy\" decoding=\"async\" width=\"160\" height=\"160\" src=\"https:\/\/europe-thermoking.s3.eu-west-3.amazonaws.com\/wp-content\/uploads\/2020\/10\/17144851\/icon-uptime-resale.png\" alt=\"\" class=\"wp-image-39266\" style=\"width:60px;height:60px\" srcset=\"https:\/\/europe-thermoking.s3.eu-west-3.amazonaws.com\/wp-content\/uploads\/2020\/10\/17144851\/icon-uptime-resale.png 160w, https:\/\/europe-thermoking.s3.eu-west-3.amazonaws.com\/wp-content\/uploads\/2020\/10\/17144851\/icon-uptime-resale-150x150.png 150w\" sizes=\"auto, (max-width: 160px) 100vw, 160px\" \/><\/figure>\n\n\n\n<p class=\"has-white-color has-text-color\">Assure la valeur de revente des \u00e9quipements<\/p>\n<\/div><\/div>\n<\/div>\n\n\n\n<div class=\"wp-block-column is-vertically-aligned-center is-layout-flow wp-block-column-is-layout-flow\">\n<figure class=\"wp-block-image size-large is-resized mt-m-4 mb-m-4\"><img loading=\"lazy\" decoding=\"async\" width=\"300\" height=\"700\" src=\"https:\/\/europe-thermoking.s3.eu-west-3.amazonaws.com\/wp-content\/uploads\/2020\/10\/17144857\/uptime-3.png\" alt=\"\" class=\"wp-image-39217\" style=\"width:150px;height:350px\" srcset=\"https:\/\/europe-thermoking.s3.eu-west-3.amazonaws.com\/wp-content\/uploads\/2020\/10\/17144857\/uptime-3.png 300w, https:\/\/europe-thermoking.s3.eu-west-3.amazonaws.com\/wp-content\/uploads\/2020\/10\/17144857\/uptime-3-129x300.png 129w, https:\/\/europe-thermoking.s3.eu-west-3.amazonaws.com\/wp-content\/uploads\/2020\/10\/17144857\/uptime-3-160x373.png 160w\" sizes=\"auto, (max-width: 300px) 100vw, 300px\" \/><\/figure>\n<\/div>\n<\/div>\n<\/div><\/div>\n\n\n<p>[spacer]<\/p>\n\n\n\n<div class=\"wp-block-group mt-m4 mb-m12 has-white-smoke-background-color has-background\"><div class=\"wp-block-group__inner-container is-layout-flow wp-block-group-is-layout-flow\">\n<div class=\"wp-block-columns is-layout-flex wp-container-core-columns-is-layout-9d6595d7 wp-block-columns-is-layout-flex\">\n<div class=\"wp-block-column is-layout-flow wp-block-column-is-layout-flow\">\n<figure class=\"wp-block-image size-large mt-m-4 mb-m-12\"><img loading=\"lazy\" decoding=\"async\" width=\"560\" height=\"760\" src=\"https:\/\/europe-thermoking.s3.eu-west-3.amazonaws.com\/wp-content\/uploads\/2020\/10\/17144852\/uptime-4.png\" alt=\"\" class=\"wp-image-39227\" srcset=\"https:\/\/europe-thermoking.s3.eu-west-3.amazonaws.com\/wp-content\/uploads\/2020\/10\/17144852\/uptime-4.png 560w, https:\/\/europe-thermoking.s3.eu-west-3.amazonaws.com\/wp-content\/uploads\/2020\/10\/17144852\/uptime-4-221x300.png 221w, https:\/\/europe-thermoking.s3.eu-west-3.amazonaws.com\/wp-content\/uploads\/2020\/10\/17144852\/uptime-4-160x217.png 160w, https:\/\/europe-thermoking.s3.eu-west-3.amazonaws.com\/wp-content\/uploads\/2020\/10\/17144852\/uptime-4-320x434.png 320w\" sizes=\"auto, (max-width: 560px) 100vw, 560px\" \/><\/figure>\n<\/div>\n\n\n\n<div class=\"wp-block-column is-vertically-aligned-center is-layout-flow wp-block-column-is-layout-flow\">\n<div class=\"wp-block-group\"><div class=\"wp-block-group__inner-container is-layout-flow wp-block-group-is-layout-flow\">\n<div class=\"wp-block-button\"><a class=\"wp-block-button__link wp-element-button\" href=\"https:\/\/www.staging.europe.thermoking.com\/fr\/assetlink\/blue-track-brochure\/\" target=\"_blank\" rel=\"noreferrer noopener\">Ouvrir la brochure Blue Track<\/a><\/div>\n\n\n\n<p><\/p>\n\n\n\n<div class=\"wp-block-button\"><a class=\"wp-block-button__link wp-element-button\" href=\"https:\/\/www.staging.europe.thermoking.com\/dealer-locator\/\/\">Contacter votre consessionnaire<\/a><\/div>\n<\/div><\/div>\n<\/div>\n<\/div>\n<\/div><\/div>\n","protected":false},"excerpt":{"rendered":"<p>Blue Track : Un programme de temps de disponibilit\u00e9 qui vous maintient sur la route Blue Track est un ensemble d&#8217;initiatives d&#8217;entretien de pointe con\u00e7u pour optimiser votre temps de disponibilit\u00e9. Pour assurer, en tout temps, le confort de vos chauffeurs. Pour que vous ayez toujours une longueur d&#8217;avance. Surveillance des alarmes du parc 24h\/24 [&hellip;]<\/p>\n","protected":false},"author":1,"featured_media":0,"parent":0,"menu_order":0,"comment_status":"closed","ping_status":"closed","template":"","meta":{"_acf_changed":false,"footnotes":""},"class_list":["post-40382","page","type-page","status-publish","hentry"],"acf":[],"_links":{"self":[{"href":"https:\/\/www.staging.europe.thermoking.com\/fr\/wp-json\/wp\/v2\/pages\/40382","targetHints":{"allow":["GET"]}}],"collection":[{"href":"https:\/\/www.staging.europe.thermoking.com\/fr\/wp-json\/wp\/v2\/pages"}],"about":[{"href":"https:\/\/www.staging.europe.thermoking.com\/fr\/wp-json\/wp\/v2\/types\/page"}],"author":[{"embeddable":true,"href":"https:\/\/www.staging.europe.thermoking.com\/fr\/wp-json\/wp\/v2\/users\/1"}],"replies":[{"embeddable":true,"href":"https:\/\/www.staging.europe.thermoking.com\/fr\/wp-json\/wp\/v2\/comments?post=40382"}],"version-history":[{"count":1,"href":"https:\/\/www.staging.europe.thermoking.com\/fr\/wp-json\/wp\/v2\/pages\/40382\/revisions"}],"predecessor-version":[{"id":74433,"href":"https:\/\/www.staging.europe.thermoking.com\/fr\/wp-json\/wp\/v2\/pages\/40382\/revisions\/74433"}],"wp:attachment":[{"href":"https:\/\/www.staging.europe.thermoking.com\/fr\/wp-json\/wp\/v2\/media?parent=40382"}],"curies":[{"name":"wp","href":"https:\/\/api.w.org\/{rel}","templated":true}]}}