{"id":3649,"date":"2019-11-08T06:00:00","date_gmt":"2019-11-08T05:00:00","guid":{"rendered":"http:\/\/europe.thermoking.new.local\/home\/"},"modified":"2025-01-10T10:07:43","modified_gmt":"2025-01-10T09:07:43","slug":"home-2","status":"publish","type":"page","link":"https:\/\/www.staging.europe.thermoking.com\/fr","title":{"rendered":"Thermo King"},"content":{"rendered":"\n\n<div class=\"wp-block-cover alignfull is-light has-custom-content-position is-position-bottom-left has-white-color has-text-color has-link-color wp-elements-d2b7cd19820dc8d68ea72e6f87d572a9\"><span aria-hidden=\"true\" class=\"wp-block-cover__background has-background-dim wp-block-cover__gradient-background has-background-gradient has-cover-b-100-40-0-vertical-gradient-background\"><\/span><img decoding=\"async\" class=\"wp-block-cover__image-background wp-image-71194\" alt=\"\" src=\"https:\/\/europe-thermoking.s3.eu-west-3.amazonaws.com\/wp-content\/uploads\/2024\/10\/25092335\/v2-home-cover.jpg\" data-object-fit=\"cover\"\/><div class=\"wp-block-cover__inner-container is-layout-flow wp-block-cover-is-layout-flow\">\n<h1 class=\"wp-block-heading has-white-color has-text-color has-link-color wp-elements-41343442ad943c496877cead2a0b7e89\">Le futur est \u00e9lectrique<\/h1>\n\n\n\n<p class=\"has-2-xl-font-size\" style=\"text-transform:none\">R\u00e9duisez votre d\u00e9pendance aux \u00e9nergies fossiles et \u00e9lectrifiez votre flotte<\/p>\n\n\n\n<div class=\"wp-block-buttons is-layout-flex wp-block-buttons-is-layout-flex\">\n<div class=\"wp-block-button has-custom-font-size is-style-outline tw-hidden has-lg-font-size is-style-outline--1\"><a class=\"wp-block-button__link wp-element-button\" style=\"border-style:none;border-width:0px;padding-top:0;padding-right:0;padding-bottom:0;padding-left:0\">Lire plus<\/a><\/div>\n<\/div>\n<\/div><\/div>\n\n\n\n\n<section class=\"wp-block-group alignwide\"><div class=\"wp-block-group__inner-container is-layout-flow wp-block-group-is-layout-flow\">\n<h2 class=\"wp-block-heading has-innovation-blue-color has-text-color has-link-color wp-elements-f9e0052f74dbade52a056126032431bc\" style=\"margin-right:var(--wp--preset--spacing--0400);margin-bottom:var(--wp--preset--spacing--0400);margin-left:var(--wp--preset--spacing--0400)\">\u00c0 la une<\/h2>\n\n\n\n<div class=\"wp-block-columns tw-gap-6 is-layout-flex wp-container-core-columns-is-layout-9d6595d7 wp-block-columns-is-layout-flex\">\n<div class=\"wp-block-column is-layout-flow wp-block-column-is-layout-flow\"><\/div>\n\n\n\n<div class=\"wp-block-column is-layout-flow wp-block-column-is-layout-flow\"><\/div>\n\n\n\n<div class=\"wp-block-column is-layout-flow wp-block-column-is-layout-flow\"><\/div>\n<\/div>\n<\/div><\/section>\n\n\n\n\n\n<h5 class=\"wp-block-heading has-white-color has-text-color has-link-color wp-elements-f36bb5429417303ac5f8f6d1f3c1e258\">Connectivity<\/h5>\n\n\n\n<h4 class=\"wp-block-heading has-white-color has-text-color has-link-color wp-elements-828adb9add1f6a71173b3db9e0930634\">Connected<br>Solutions<\/h4>\n\n\n\n<p class=\"has-white-color has-text-color has-link-color wp-elements-b0880a1d2a50f8b1319f8f021546e747\">Thermo King&nbsp;propose une vaste gamme de solutions sp\u00e9cifiquement con\u00e7ues pour le secteur du transport sous temp\u00e9rature contr\u00f4l\u00e9e. Nous sommes fiers de notre service de recherche et d\u00e9veloppement qui met au point des solutions innovantes sur le march\u00e9 afin de continuer \u00e0 offrir les meilleurs produits possibles \u00e0 nos clients.<\/p>\n\n\n\n<p class=\"has-white-color has-text-color has-link-color wp-elements-20fe0ffb1075dcefc3017509306f5dda\">En unissant nos forces avec Frigoblock, nous disposons de la gamme de produits et de services la plus \u00e9tendue du secteur du transport frigorifique. Nos services et notre assistance sont pr\u00e9sents partout o\u00f9 s\u2019exerce votre activit\u00e9.&nbsp;Thermo King&nbsp;vous soutient gr\u00e2ce au plus vaste r\u00e9seau international de techniciens de service apr\u00e8s-vente, certifi\u00e9s pour les groupes frigorifiques pour bus, porteurs, semi-remorques, wagons et transport maritime.<\/p>\n\n\n\n<div class=\"wp-block-buttons is-layout-flex wp-block-buttons-is-layout-flex\">\n<div class=\"wp-block-button\"><a class=\"wp-block-button__link has-ice-blue-background-color has-background wp-element-button\" href=\"https:\/\/www.staging.europe.thermoking.com\/fr\/applications\/connected-solutions\">D\u00e9couvrir<\/a><\/div>\n<\/div>\n\n\n\n\n<div class=\"wp-block-cover alignfull\"><span aria-hidden=\"true\" class=\"wp-block-cover__background has-background-dim-0 has-background-dim\"><\/span><img decoding=\"async\" class=\"wp-block-cover__image-background wp-image-70309\" alt=\"\" src=\"https:\/\/europe-thermoking.s3.eu-west-3.amazonaws.com\/wp-content\/uploads\/2024\/07\/16152208\/v2-cs-cover.jpg\" style=\"object-position:50% 50%\" data-object-fit=\"cover\" data-object-position=\"50% 50%\"\/><div class=\"wp-block-cover__inner-container is-layout-flow wp-block-cover-is-layout-flow\">\n<p class=\"has-text-align-center has-large-font-size\"><\/p>\n<\/div><\/div>\n\n\n\n\n<section class=\"wp-block-group alignwide\" style=\"padding-bottom:var(--wp--preset--spacing--section-vertical-offset)\"><div class=\"wp-block-group__inner-container is-layout-constrained wp-block-group-is-layout-constrained\">\n\n\n<h4 class=\"wp-block-heading has-white-color has-text-color has-link-color wp-elements-a198af67f043a6b001bd9b0097b07ace\">Des pas de g\u00e9ant pour laisser une empreinte aussi limit\u00e9e que possible<\/h4>\n\n\n\n<p class=\"has-white-color has-text-color has-link-color wp-elements-5cfa0be77643de32cd7874b57df3f9eb\">La soci\u00e9t\u00e9 Thermo King a, de longue date, pris conscience de la responsabilit\u00e9 qui lui incombe, en tant que leader mondial des solutions de transport sous temp\u00e9rature dirig\u00e9e, de fixer des normes environnementales extr\u00eamement strictes. Notre ambition se retrouve dans tout ce que nous faisons. Technologie de pointe en mati\u00e8re de CO2, premi\u00e8re sur le march\u00e9 avec le fluide frigorig\u00e8ne R-452A \u00e0 faible PRP, options \u00e0 tr\u00e8s faible niveau sonore, \u00e9missions d&#8217;\u00e9chappement exceptionnellement faibles et impact tr\u00e8s faible.<\/p>\n\n\n\n<div class=\"wp-block-buttons is-layout-flex wp-block-buttons-is-layout-flex\">\n<div class=\"wp-block-button is-style-outline is-style-outline--2\"><a class=\"wp-block-button__link has-white-color has-text-color has-link-color wp-element-button\" href=\"https:\/\/www.staging.europe.thermoking.com\/fr\/sustainable-solutions\" style=\"border-style:none;border-width:0px;padding-top:0;padding-right:0;padding-bottom:0;padding-left:0\">En savoir plus<\/a><\/div>\n<\/div>\n\n\n\n\n<div class=\"wp-block-cover alignfull is-light\" style=\"padding-top:0;padding-right:0;padding-bottom:0;padding-left:0\"><span aria-hidden=\"true\" class=\"wp-block-cover__background has-background-dim-0 has-background-dim\" style=\"background-color:#FFF\"><\/span><img loading=\"lazy\" decoding=\"async\" width=\"1600\" height=\"1332\" class=\"wp-block-cover__image-background wp-image-73704\" alt=\"\" src=\"https:\/\/europe-thermoking.s3.eu-west-3.amazonaws.com\/wp-content\/uploads\/2024\/11\/15125704\/Thermoking-sustainability.jpg\" data-object-fit=\"cover\" srcset=\"https:\/\/europe-thermoking.s3.eu-west-3.amazonaws.com\/wp-content\/uploads\/2024\/11\/15125704\/Thermoking-sustainability.jpg 1600w, https:\/\/europe-thermoking.s3.eu-west-3.amazonaws.com\/wp-content\/uploads\/2024\/11\/15125704\/Thermoking-sustainability-160x133.jpg 160w, https:\/\/europe-thermoking.s3.eu-west-3.amazonaws.com\/wp-content\/uploads\/2024\/11\/15125704\/Thermoking-sustainability-320x266.jpg 320w, https:\/\/europe-thermoking.s3.eu-west-3.amazonaws.com\/wp-content\/uploads\/2024\/11\/15125704\/Thermoking-sustainability-40x33.jpg 40w, https:\/\/europe-thermoking.s3.eu-west-3.amazonaws.com\/wp-content\/uploads\/2024\/11\/15125704\/Thermoking-sustainability-80x67.jpg 80w, https:\/\/europe-thermoking.s3.eu-west-3.amazonaws.com\/wp-content\/uploads\/2024\/11\/15125704\/Thermoking-sustainability-432x360.jpg 432w, https:\/\/europe-thermoking.s3.eu-west-3.amazonaws.com\/wp-content\/uploads\/2024\/11\/15125704\/Thermoking-sustainability-541x450.jpg 541w, https:\/\/europe-thermoking.s3.eu-west-3.amazonaws.com\/wp-content\/uploads\/2024\/11\/15125704\/Thermoking-sustainability-640x533.jpg 640w, https:\/\/europe-thermoking.s3.eu-west-3.amazonaws.com\/wp-content\/uploads\/2024\/11\/15125704\/Thermoking-sustainability-960x799.jpg 960w, https:\/\/europe-thermoking.s3.eu-west-3.amazonaws.com\/wp-content\/uploads\/2024\/11\/15125704\/Thermoking-sustainability-1024x852.jpg 1024w, https:\/\/europe-thermoking.s3.eu-west-3.amazonaws.com\/wp-content\/uploads\/2024\/11\/15125704\/Thermoking-sustainability-1280x1066.jpg 1280w\" sizes=\"auto, (max-width: 1600px) 100vw, 1600px\" \/><div class=\"wp-block-cover__inner-container is-layout-flow wp-block-cover-is-layout-flow\">\n<p class=\"has-text-align-center has-large-font-size\"><\/p>\n<\/div><\/div>\n\n<\/div><\/section>\n\n\n\n<section class=\"wp-block-group alignfull has-white-smoke-background-color has-background\"><div class=\"wp-block-group__inner-container is-layout-constrained wp-block-group-is-layout-constrained\">\n\n<h3 class=\"wp-block-heading\">Notre r\u00e9seau de concessionnaires. Pour le service apr\u00e8s-vente r\u00e9pond \u00e0 vos besoins \u00e0 tout moment et en tout lieu<\/h3>\n\n\n\n<p>Les propri\u00e9taires de groupes&nbsp;Thermo King&nbsp;b\u00e9n\u00e9ficient de l\u2019assistance du plus vaste r\u00e9seau de concessionnaires du secteur. Il vous suffit de passer un simple coup de fil pour b\u00e9n\u00e9ficier, vous aussi, de l\u2019assistance d\u2019un expert, \u00e0 tout moment. O\u00f9 que vous alliez, vous ne serez jamais seul sur la route.<\/p>\n\n\n\n<ul class=\"wp-block-list\">\n<li>Disponibilit\u00e9 24 h\/24 et 7 j\/7<\/li>\n\n\n\n<li>Plus de 500 points de service apr\u00e8s-vente agr\u00e9\u00e9s dans 75 pays<\/li>\n\n\n\n<li>Plus de 1 400 techniciens certifi\u00e9s<\/li>\n<\/ul>\n\n<\/div><\/section>\n","protected":false},"excerpt":{"rendered":"<p>\u00c0 la une<\/p>\n","protected":false},"author":1,"featured_media":0,"parent":0,"menu_order":0,"comment_status":"closed","ping_status":"open","template":"","meta":{"_acf_changed":false,"footnotes":""},"class_list":["post-3649","page","type-page","status-publish","hentry"],"acf":[],"_links":{"self":[{"href":"https:\/\/www.staging.europe.thermoking.com\/fr\/wp-json\/wp\/v2\/pages\/3649","targetHints":{"allow":["GET"]}}],"collection":[{"href":"https:\/\/www.staging.europe.thermoking.com\/fr\/wp-json\/wp\/v2\/pages"}],"about":[{"href":"https:\/\/www.staging.europe.thermoking.com\/fr\/wp-json\/wp\/v2\/types\/page"}],"author":[{"embeddable":true,"href":"https:\/\/www.staging.europe.thermoking.com\/fr\/wp-json\/wp\/v2\/users\/1"}],"replies":[{"embeddable":true,"href":"https:\/\/www.staging.europe.thermoking.com\/fr\/wp-json\/wp\/v2\/comments?post=3649"}],"version-history":[{"count":12,"href":"https:\/\/www.staging.europe.thermoking.com\/fr\/wp-json\/wp\/v2\/pages\/3649\/revisions"}],"predecessor-version":[{"id":74913,"href":"https:\/\/www.staging.europe.thermoking.com\/fr\/wp-json\/wp\/v2\/pages\/3649\/revisions\/74913"}],"wp:attachment":[{"href":"https:\/\/www.staging.europe.thermoking.com\/fr\/wp-json\/wp\/v2\/media?parent=3649"}],"curies":[{"name":"wp","href":"https:\/\/api.w.org\/{rel}","templated":true}]}}