{"id":3643,"date":"2018-06-08T13:31:55","date_gmt":"2018-06-08T12:31:55","guid":{"rendered":"http:\/\/europe.thermoking.new.local\/telematics\/usb-datalogger\/"},"modified":"2019-07-16T12:32:28","modified_gmt":"2019-07-16T11:32:28","slug":"usb-datalogger","status":"publish","type":"page","link":"https:\/\/www.staging.europe.thermoking.com\/fr\/applications\/connected-solutions\/usb-datalogger","title":{"rendered":"Enregistreur de donn\u00e9es USB"},"content":{"rendered":"\n<div class=\"wp-block-columns has-2-columns is-layout-flex wp-container-core-columns-is-layout-9d6595d7 wp-block-columns-is-layout-flex\">\n<div class=\"wp-block-column is-layout-flow wp-block-column-is-layout-flow\">\n<h1 class=\"wp-block-heading\">Enregistreur de donn\u00e9es USB<\/h1>\n<\/div>\n\n\n\n<div class=\"wp-block-column is-layout-flow wp-block-column-is-layout-flow\"><\/div>\n<\/div>\n\n\n\n<h2 class=\"wp-block-heading\">Syst\u00e8me d&#8217;enregistrement de la temp\u00e9rature<\/h2>\n\n\n\n<p>L&#8217;enregistreur de donn\u00e9es USB mesure et m\u00e9morise jusqu&#8217;\u00e0 16\u00a0382\u00a0valeurs de temp\u00e9ratures comprises entre -35\u00a0\u00b0C et +80\u00a0\u00b0C. L&#8217;utilisateur peut directement brancher l&#8217;\u00e9quipement sur un port USB d&#8217;ordinateur et facilement configurer l&#8217;enregistreur de donn\u00e9es (fr\u00e9quence d&#8217;archivage, heure de d\u00e9marrage, alarmes). Si n\u00e9cessaire, les donn\u00e9es m\u00e9moris\u00e9es peuvent \u00eatre rapidement t\u00e9l\u00e9charg\u00e9es vers les fen\u00eatres du logiciel de commande.<\/p>\n\n\n\n<h2 class=\"wp-block-heading\">Enregistreur de temp\u00e9rature, d&#8217;humidit\u00e9 et du point de ros\u00e9e<\/h2>\n\n\n\n<p>Par rapport au mod\u00e8le ci-dessus, cet enregistreur de donn\u00e9es USB m\u00e9morise le niveau d&#8217;humidit\u00e9 relative, entre 0\u00a0% et 100\u00a0%, en plus des temp\u00e9ratures.<\/p>\n\n\n\n<p>Les deux dispositifs sont fournis avec une batterie au lithium longue dur\u00e9e (autonomie minimum attendue\u00a0: 1\u00a0an). Des voyants lumineux verts\/rouges indiquant les alarmes et les statuts figurent \u00e9galement sur ces dispositifs.<\/p>\n\n\n\n<p>Ces enregistreurs de donn\u00e9es sont les mieux adapt\u00e9s aux applications non-soumises \u00e0 la r\u00e9glementation EN\u00a012830 (taille du caisson inf\u00e9rieure \u00e0 10\u00a0m\u00e8tres cubes).<\/p>\n\n\n\n<h3 class=\"wp-block-heading\">Principales caract\u00e9ristiques<\/h3>\n\n\n\n<div class=\"wp-block-image\"><figure class=\"alignright is-resized\"><img decoding=\"async\" src=\"https:\/\/europe-thermoking.s3.eu-west-3.amazonaws.com\/wp-content\/uploads\/2019\/07\/17154730\/temperature-usb-datalogger.png\" alt=\"\" class=\"wp-image-11064\" width=\"160\" srcset=\"https:\/\/europe-thermoking.s3.eu-west-3.amazonaws.com\/wp-content\/uploads\/2019\/07\/17154730\/temperature-usb-datalogger.png 260w, https:\/\/europe-thermoking.s3.eu-west-3.amazonaws.com\/wp-content\/uploads\/2019\/07\/17154730\/temperature-usb-datalogger-160x60.png 160w, https:\/\/europe-thermoking.s3.eu-west-3.amazonaws.com\/wp-content\/uploads\/2019\/07\/17154730\/temperature-usb-datalogger-40x15.png 40w, https:\/\/europe-thermoking.s3.eu-west-3.amazonaws.com\/wp-content\/uploads\/2019\/07\/17154730\/temperature-usb-datalogger-80x30.png 80w\" sizes=\"(max-width: 260px) 100vw, 260px\" \/><\/figure><\/div>\n\n\n\n<ul class=\"wp-block-list\"><li>Interface USB pour le r\u00e9glage et le t\u00e9l\u00e9chargement des donn\u00e9es<\/li><li>Seuils de d\u00e9clenchement des alarmes personnalisables, pour la temp\u00e9rature et le pourcentage d&#8217;humidit\u00e9 relative<\/li><li>Afficheur graphique donnant tous les param\u00e8tres (y compris le point de ros\u00e9e) via le logiciel de l&#8217;utilisateur (Windows\u00a098, 2000, XP et Vista)<\/li><\/ul>\n\n\n\n<p>[spacer]<\/p>\n\n\n","protected":false},"excerpt":{"rendered":"<p>Enregistreur de donn\u00e9es USB Syst\u00e8me d&#8217;enregistrement de la temp\u00e9rature L&#8217;enregistreur de donn\u00e9es USB mesure et m\u00e9morise jusqu&#8217;\u00e0 16\u00a0382\u00a0valeurs de temp\u00e9ratures comprises entre -35\u00a0\u00b0C et +80\u00a0\u00b0C. L&#8217;utilisateur peut directement brancher l&#8217;\u00e9quipement sur un port USB d&#8217;ordinateur et facilement configurer l&#8217;enregistreur de donn\u00e9es (fr\u00e9quence d&#8217;archivage, heure de d\u00e9marrage, alarmes). Si n\u00e9cessaire, les donn\u00e9es m\u00e9moris\u00e9es peuvent \u00eatre rapidement [&hellip;]<\/p>\n","protected":false},"author":1,"featured_media":0,"parent":2653,"menu_order":0,"comment_status":"closed","ping_status":"closed","template":"","meta":{"_acf_changed":false,"footnotes":""},"class_list":["post-3643","page","type-page","status-publish","hentry"],"acf":[],"_links":{"self":[{"href":"https:\/\/www.staging.europe.thermoking.com\/fr\/wp-json\/wp\/v2\/pages\/3643","targetHints":{"allow":["GET"]}}],"collection":[{"href":"https:\/\/www.staging.europe.thermoking.com\/fr\/wp-json\/wp\/v2\/pages"}],"about":[{"href":"https:\/\/www.staging.europe.thermoking.com\/fr\/wp-json\/wp\/v2\/types\/page"}],"author":[{"embeddable":true,"href":"https:\/\/www.staging.europe.thermoking.com\/fr\/wp-json\/wp\/v2\/users\/1"}],"replies":[{"embeddable":true,"href":"https:\/\/www.staging.europe.thermoking.com\/fr\/wp-json\/wp\/v2\/comments?post=3643"}],"version-history":[{"count":0,"href":"https:\/\/www.staging.europe.thermoking.com\/fr\/wp-json\/wp\/v2\/pages\/3643\/revisions"}],"up":[{"embeddable":true,"href":"https:\/\/www.staging.europe.thermoking.com\/fr\/wp-json\/wp\/v2\/pages\/2653"}],"wp:attachment":[{"href":"https:\/\/www.staging.europe.thermoking.com\/fr\/wp-json\/wp\/v2\/media?parent=3643"}],"curies":[{"name":"wp","href":"https:\/\/api.w.org\/{rel}","templated":true}]}}