{"id":3625,"date":"2018-06-08T13:30:48","date_gmt":"2018-06-08T12:30:48","guid":{"rendered":"http:\/\/europe.thermoking.new.local\/telematics\/touchprint\/"},"modified":"2019-11-12T09:05:49","modified_gmt":"2019-11-12T09:05:49","slug":"touchprint","status":"publish","type":"page","link":"https:\/\/www.staging.europe.thermoking.com\/fr\/applications\/connected-solutions\/touchprint","title":{"rendered":"TouchLog"},"content":{"rendered":"\n\n\n<div class=\"wp-block-columns has-2-columns is-layout-flex wp-container-core-columns-is-layout-9d6595d7 wp-block-columns-is-layout-flex\">\n<div class=\"wp-block-column is-layout-flow wp-block-column-is-layout-flow\">\n<h1 class=\"wp-block-heading\">TouchLog<\/h1>\n<\/div>\n\n\n\n<div class=\"wp-block-column is-layout-flow wp-block-column-is-layout-flow\"><\/div>\n<\/div>\n\n\n\n<h6 class=\"wp-block-heading\">Enregistrement et impression des donn\u00e9es de temp\u00e9rature de tous les v\u00e9hicules frigorifiques<\/h6>\n\n\n\n<p>L&#8217;enregistreur de donn\u00e9es TouchLog de Thermo King est compact, facile \u00e0 utiliser, flexible pour le t\u00e9l\u00e9chargement et rapide pour les impressions.<\/p>\n\n\n\n<p>TouchLog est un enregistreur de donn\u00e9es innovant, dot\u00e9 de fonctions avanc\u00e9es permettant de r\u00e9pondre \u00e0 de nombreux besoins. Les \u00e9l\u00e9ments cl\u00e9s sont les relev\u00e9s pr\u00e9cis, les options d&#8217;exportation flexibles et l&#8217;interface intuitive.<\/p>\n\n\n\n<p>TouchLog offre une pr\u00e9cision de 0,5K pour les temp\u00e9ratures comprises entre -25&nbsp;\u00b0C et +8&nbsp;\u00b0C et 1K pour les temp\u00e9ratures comprises entre -30&nbsp;\u00b0C et -25&nbsp;\u00b0C, et +8&nbsp;\u00b0C et +30&nbsp;\u00b0C. Cela signifie que si un produit sensible doit \u00eatre transport\u00e9 dans une plage de temp\u00e9ratures comprises entre +4&nbsp;\u00b0C et +8&nbsp;\u00b0C, l&#8217;enregistreur de donn\u00e9es ind\u00e9pendant affiche une temp\u00e9rature de 7,5&nbsp;\u00b0C&nbsp;:<\/p>\n\n\n\n<ul class=\"wp-block-list\"><li>Si l&#8217;enregistreur de donn\u00e9es est de classe&nbsp;I, avec une pr\u00e9cision de 1&nbsp;degr\u00e9, cela signifie que le produit peut se trouver dans une plage comprise entre 6,5 et 8,5&nbsp;\u00b0C, il peut donc se trouver en dehors de la plage souhait\u00e9e.<\/li><li>Si l&#8217;enregistreur de donn\u00e9es est le TouchLog de classe 0,5K, cela signifie que le produit se trouvera dans une plage comprise entre 7 et 8&nbsp;\u00b0C, donc dans la plage de temp\u00e9ratures souhait\u00e9e.<\/li><\/ul>\n\n\n\n<p>Les donn\u00e9es du TouchLog sont accessibles \u00e0 partir de la plateforme TracKing de Thermo&nbsp;King, vous permettant ainsi d&#8217;avoir une visibilit\u00e9 compl\u00e8te sur l&#8217;\u00e9tat de la temp\u00e9rature de votre chargement.<\/p>\n\n\n\n<p>En ce qui concerne la certification, cet enregistreur de temp\u00e9rature est conforme \u00e0 toutes les normes relatives au transport de denr\u00e9es alimentaires&nbsp;: EN&nbsp;12830, approbation de type E et WELMEC&nbsp;7.2. Ce produit est tr\u00e8s modulaire puisqu&#8217;il peut \u00eatre ins\u00e9r\u00e9 dans un emplacement radio DIN standard, mont\u00e9 dans un bo\u00eetier IP&nbsp;65 pour une installation en ext\u00e9rieur ou install\u00e9 sur un tableau de bord, compte tenu de son faible poids et de sa petite taille.<\/p>\n\n\n\n<p>\u00c9quip\u00e9 de ses propres capteurs, ce dispositif de surveillance de la temp\u00e9rature est adapt\u00e9 \u00e0 toutes les marques d&#8217;\u00e9quipements \u00e0 temp\u00e9rature contr\u00f4l\u00e9e.<\/p>\n\n\n\n<h2 class=\"wp-block-heading\"><strong>Principales caract\u00e9ristiques<\/strong><strong><\/strong><\/h2>\n\n\n\n<ul class=\"wp-block-list\"><li>\u00c9cran tactile capacitif pour une navigation rapide entre les ic\u00f4nes<\/li><li>Mini-port USB pour exporter la version \u00e9lectronique des tickets (.pdf\/.txt)<\/li><li>Imprimante thermique \u00e0 grande vitesse pour l&#8217;impression des tableaux et graphiques<\/li><li>Grande m\u00e9moire Flash pouvant conserver au minimum 1&nbsp;an de donn\u00e9es<\/li><li>Jusqu&#8217;\u00e0 3 ports de communication s\u00e9rie (RS232\/RS485) pour une connexion \u00e0&nbsp;:<ul><li>Plateforme TracKing de Thermo&nbsp;King<\/li><li>Contr\u00f4leur de groupe Thermo&nbsp;King pour v\u00e9rification du point de consigne du refroidisseur<\/li><\/ul><\/li><\/ul>\n\n\n\n<p><\/p>\n\n\n\n<figure class=\"wp-block-image\"><img loading=\"lazy\" decoding=\"async\" width=\"600\" height=\"178\" src=\"https:\/\/europe-thermoking.s3.eu-west-3.amazonaws.com\/wp-content\/uploads\/2019\/11\/17152751\/TouchLog-visual.png\" alt=\"\" class=\"wp-image-22332\" srcset=\"https:\/\/europe-thermoking.s3.eu-west-3.amazonaws.com\/wp-content\/uploads\/2019\/11\/17152751\/TouchLog-visual.png 600w, https:\/\/europe-thermoking.s3.eu-west-3.amazonaws.com\/wp-content\/uploads\/2019\/11\/17152751\/TouchLog-visual-300x89.png 300w, https:\/\/europe-thermoking.s3.eu-west-3.amazonaws.com\/wp-content\/uploads\/2019\/11\/17152751\/TouchLog-visual-320x95.png 320w, https:\/\/europe-thermoking.s3.eu-west-3.amazonaws.com\/wp-content\/uploads\/2019\/11\/17152751\/TouchLog-visual-160x47.png 160w\" sizes=\"auto, (max-width: 600px) 100vw, 600px\" \/><\/figure>\n\n\n\n<p>[spacer]<\/p>\n\n\n","protected":false},"excerpt":{"rendered":"<p>TouchLog Enregistrement et impression des donn\u00e9es de temp\u00e9rature de tous les v\u00e9hicules frigorifiques L&#8217;enregistreur de donn\u00e9es TouchLog de Thermo King est compact, facile \u00e0 utiliser, flexible pour le t\u00e9l\u00e9chargement et rapide pour les impressions. TouchLog est un enregistreur de donn\u00e9es innovant, dot\u00e9 de fonctions avanc\u00e9es permettant de r\u00e9pondre \u00e0 de nombreux besoins. Les \u00e9l\u00e9ments cl\u00e9s [&hellip;]<\/p>\n","protected":false},"author":1,"featured_media":17980,"parent":2653,"menu_order":0,"comment_status":"closed","ping_status":"closed","template":"","meta":{"_acf_changed":false,"footnotes":""},"class_list":["post-3625","page","type-page","status-publish","has-post-thumbnail","hentry"],"acf":[],"_links":{"self":[{"href":"https:\/\/www.staging.europe.thermoking.com\/fr\/wp-json\/wp\/v2\/pages\/3625","targetHints":{"allow":["GET"]}}],"collection":[{"href":"https:\/\/www.staging.europe.thermoking.com\/fr\/wp-json\/wp\/v2\/pages"}],"about":[{"href":"https:\/\/www.staging.europe.thermoking.com\/fr\/wp-json\/wp\/v2\/types\/page"}],"author":[{"embeddable":true,"href":"https:\/\/www.staging.europe.thermoking.com\/fr\/wp-json\/wp\/v2\/users\/1"}],"replies":[{"embeddable":true,"href":"https:\/\/www.staging.europe.thermoking.com\/fr\/wp-json\/wp\/v2\/comments?post=3625"}],"version-history":[{"count":0,"href":"https:\/\/www.staging.europe.thermoking.com\/fr\/wp-json\/wp\/v2\/pages\/3625\/revisions"}],"up":[{"embeddable":true,"href":"https:\/\/www.staging.europe.thermoking.com\/fr\/wp-json\/wp\/v2\/pages\/2653"}],"wp:featuredmedia":[{"embeddable":true,"href":"https:\/\/www.staging.europe.thermoking.com\/fr\/wp-json\/wp\/v2\/media\/17980"}],"wp:attachment":[{"href":"https:\/\/www.staging.europe.thermoking.com\/fr\/wp-json\/wp\/v2\/media?parent=3625"}],"curies":[{"name":"wp","href":"https:\/\/api.w.org\/{rel}","templated":true}]}}