{"id":3385,"date":"2018-06-11T09:12:42","date_gmt":"2018-06-11T08:12:42","guid":{"rendered":"http:\/\/europe.thermoking.new.local\/bus-hvac\/advantech-options\/advantech-fresh-air-control\/"},"modified":"2019-10-01T12:47:47","modified_gmt":"2019-10-01T11:47:47","slug":"advantech-fresh-air-control","status":"publish","type":"page","link":"https:\/\/www.staging.europe.thermoking.com\/fr\/bus-hvac\/advantech-fresh-air-control","title":{"rendered":"R\u00e9gulation de l&#8217;air frais AdvanTech"},"content":{"rendered":"\n<h1 class=\"wp-block-heading\">R\u00e9gulation de l&#8217;air frais AdvanTech<\/h1>\n\n\n\n<p>Thermo\u00a0King propose les options AdvanTech, qui am\u00e9liorent l&#8217;exp\u00e9rience de l&#8217;utilisateur tout en se diff\u00e9renciant en termes de tendances du march\u00e9 et de confort. Ces solutions ont \u00e9t\u00e9 d\u00e9velopp\u00e9es pour r\u00e9pondre aux besoins des passagers pour un air de meilleure qualit\u00e9 et une r\u00e9duction des \u00e9missions sonores.<\/p>\n\n\n\n<div class=\"wp-block-columns has-2-columns is-layout-flex wp-container-core-columns-is-layout-9d6595d7 wp-block-columns-is-layout-flex\">\n<div class=\"wp-block-column is-layout-flow wp-block-column-is-layout-flow\">\n<h2 class=\"wp-block-heading\">Principales caract\u00e9ristiques<\/h2>\n\n\n\n<ul class=\"wp-block-list\"><li>Contr\u00f4le le volet d&#8217;air frais selon la mesure de la qualit\u00e9 de l&#8217;air<\/li><li>Fournit la quantit\u00e9 exacte d&#8217;air frais n\u00e9cessaire<\/li><li>Compense l&#8217;admission d\u2019air frais \u00e0 travers les ouvertures de portes<\/li><li>Augmente les intervalles d&#8217;entretien du filtre \u00e0 air<\/li><li>R\u00e9duit la consommation de carburant<\/li><\/ul>\n<\/div>\n\n\n\n<div class=\"wp-block-column is-layout-flow wp-block-column-is-layout-flow\">\n<figure class=\"wp-block-image\"><img loading=\"lazy\" decoding=\"async\" width=\"396\" height=\"202\" src=\"https:\/\/europe-thermoking.s3.eu-west-3.amazonaws.com\/wp-content\/uploads\/2019\/10\/17153853\/advantech-fresh-air-control.png\" alt=\"\" class=\"wp-image-17419\" srcset=\"https:\/\/europe-thermoking.s3.eu-west-3.amazonaws.com\/wp-content\/uploads\/2019\/10\/17153853\/advantech-fresh-air-control.png 396w, https:\/\/europe-thermoking.s3.eu-west-3.amazonaws.com\/wp-content\/uploads\/2019\/10\/17153853\/advantech-fresh-air-control-300x153.png 300w, https:\/\/europe-thermoking.s3.eu-west-3.amazonaws.com\/wp-content\/uploads\/2019\/10\/17153853\/advantech-fresh-air-control-160x82.png 160w, https:\/\/europe-thermoking.s3.eu-west-3.amazonaws.com\/wp-content\/uploads\/2019\/10\/17153853\/advantech-fresh-air-control-320x163.png 320w, https:\/\/europe-thermoking.s3.eu-west-3.amazonaws.com\/wp-content\/uploads\/2019\/10\/17153853\/advantech-fresh-air-control-40x20.png 40w, https:\/\/europe-thermoking.s3.eu-west-3.amazonaws.com\/wp-content\/uploads\/2019\/10\/17153853\/advantech-fresh-air-control-80x41.png 80w\" sizes=\"auto, (max-width: 396px) 100vw, 396px\" \/><\/figure>\n\n\n\n<figure class=\"wp-block-image\"><img loading=\"lazy\" decoding=\"async\" width=\"160\" height=\"51\" src=\"https:\/\/europe-thermoking.s3.eu-west-3.amazonaws.com\/wp-content\/uploads\/2019\/10\/17153856\/AdvanTech-logo-160x51.jpg\" alt=\"\" class=\"wp-image-17369\" srcset=\"https:\/\/europe-thermoking.s3.eu-west-3.amazonaws.com\/wp-content\/uploads\/2019\/10\/17153856\/AdvanTech-logo-160x51.jpg 160w, https:\/\/europe-thermoking.s3.eu-west-3.amazonaws.com\/wp-content\/uploads\/2019\/10\/17153856\/AdvanTech-logo-300x96.jpg 300w, https:\/\/europe-thermoking.s3.eu-west-3.amazonaws.com\/wp-content\/uploads\/2019\/10\/17153856\/AdvanTech-logo-320x102.jpg 320w, https:\/\/europe-thermoking.s3.eu-west-3.amazonaws.com\/wp-content\/uploads\/2019\/10\/17153856\/AdvanTech-logo-40x13.jpg 40w, https:\/\/europe-thermoking.s3.eu-west-3.amazonaws.com\/wp-content\/uploads\/2019\/10\/17153856\/AdvanTech-logo-80x26.jpg 80w, https:\/\/europe-thermoking.s3.eu-west-3.amazonaws.com\/wp-content\/uploads\/2019\/10\/17153856\/AdvanTech-logo.jpg 516w\" sizes=\"auto, (max-width: 160px) 100vw, 160px\" \/><\/figure>\n<\/div>\n<\/div>\n","protected":false},"excerpt":{"rendered":"<p>R\u00e9gulation de l&#8217;air frais AdvanTech Thermo\u00a0King propose les options AdvanTech, qui am\u00e9liorent l&#8217;exp\u00e9rience de l&#8217;utilisateur tout en se diff\u00e9renciant en termes de tendances du march\u00e9 et de confort. Ces solutions ont \u00e9t\u00e9 d\u00e9velopp\u00e9es pour r\u00e9pondre aux besoins des passagers pour un air de meilleure qualit\u00e9 et une r\u00e9duction des \u00e9missions sonores. Principales caract\u00e9ristiques Contr\u00f4le le [&hellip;]<\/p>\n","protected":false},"author":1,"featured_media":0,"parent":2740,"menu_order":0,"comment_status":"closed","ping_status":"closed","template":"","meta":{"_acf_changed":false,"footnotes":""},"class_list":["post-3385","page","type-page","status-publish","hentry"],"acf":[],"_links":{"self":[{"href":"https:\/\/www.staging.europe.thermoking.com\/fr\/wp-json\/wp\/v2\/pages\/3385","targetHints":{"allow":["GET"]}}],"collection":[{"href":"https:\/\/www.staging.europe.thermoking.com\/fr\/wp-json\/wp\/v2\/pages"}],"about":[{"href":"https:\/\/www.staging.europe.thermoking.com\/fr\/wp-json\/wp\/v2\/types\/page"}],"author":[{"embeddable":true,"href":"https:\/\/www.staging.europe.thermoking.com\/fr\/wp-json\/wp\/v2\/users\/1"}],"replies":[{"embeddable":true,"href":"https:\/\/www.staging.europe.thermoking.com\/fr\/wp-json\/wp\/v2\/comments?post=3385"}],"version-history":[{"count":0,"href":"https:\/\/www.staging.europe.thermoking.com\/fr\/wp-json\/wp\/v2\/pages\/3385\/revisions"}],"up":[{"embeddable":true,"href":"https:\/\/www.staging.europe.thermoking.com\/fr\/wp-json\/wp\/v2\/pages\/2740"}],"wp:attachment":[{"href":"https:\/\/www.staging.europe.thermoking.com\/fr\/wp-json\/wp\/v2\/media?parent=3385"}],"curies":[{"name":"wp","href":"https:\/\/api.w.org\/{rel}","templated":true}]}}