{"id":2671,"date":"2018-06-07T10:46:03","date_gmt":"2018-06-07T08:46:03","guid":{"rendered":"http:\/\/europe.thermoking.new.local\/sustainable-solutions\/"},"modified":"2022-10-18T09:22:24","modified_gmt":"2022-10-18T07:22:24","slug":"sustainable-solutions","status":"publish","type":"page","link":"https:\/\/www.staging.europe.thermoking.com\/fr\/sustainable-solutions","title":{"rendered":"Solutions Durables"},"content":{"rendered":"\n\n\n<div class=\"wp-block-columns has-2-columns is-layout-flex wp-container-core-columns-is-layout-9d6595d7 wp-block-columns-is-layout-flex\">\n<div class=\"wp-block-column is-layout-flow wp-block-column-is-layout-flow\">\n<h1 class=\"co-maygreen has-may-green-color has-text-color wp-block-heading\">SOLUTIONS DURABLES DE THERMO&nbsp;KING<\/h1>\n<\/div>\n\n\n\n<div class=\"wp-block-column is-layout-flow wp-block-column-is-layout-flow\"><\/div>\n<\/div>\n\n\n\n<p>Une solution durable est destin\u00e9e \u00e0 deux choses. Elle doit vous apporter un avantage mesurable. Et elle doit le faire d&#8217;une mani\u00e8re qui r\u00e9duise au minimum l&#8217;impact environnemental de votre activit\u00e9. Ci-apr\u00e8s, quelques exemples de la mani\u00e8re dont nos solutions durables tourn\u00e9es vers l&#8217;innovation peuvent \u00eatre avantageuses pour vous.<\/p>\n\n\n\n<h2 class=\"co-maygreen has-may-green-color has-text-color wp-block-heading\">MOTEURS THERMIQUES PLUS EFFICACES, \u00c0 FAIBLES \u00c9MISSIONS<\/h2>\n\n\n\n<p>L&#8217;une des mani\u00e8res les plus rapides et les plus efficaces de r\u00e9duire l&#8217;empreinte environnementale de votre entreprise est de diminuer la quantit\u00e9 de carburant consomm\u00e9e par vos groupes frigorifiques de transport \u00e0 temp\u00e9rature contr\u00f4l\u00e9e. C&#8217;est \u00e9galement une bonne nouvelle pour vos r\u00e9sultats nets. Les moteurs que nous utilisons pour nos groupes frigorifiques thermiques traditionnels ne vous permettent pas uniquement d&#8217;\u00e9conomiser de l&#8217;argent en fonctionnant de mani\u00e8re plus efficace &#8211; ils r\u00e9duisent \u00e9galement les \u00e9missions de gaz d&#8217;\u00e9chappement, de CO<sub>2<\/sub>&nbsp;ainsi que les \u00e9missions sonores.<\/p>\n\n\n\n<h2 class=\"co-maygreen has-may-green-color has-text-color wp-block-heading\">TRANSPORT \u00c0 TEMP\u00c9RATURE CONTR\u00d4L\u00c9E ENTI\u00c8REMENT \u00c9LECTRIQUE<\/h2>\n\n\n\n<p>Et nous ne nous arr\u00eatons pas l\u00e0. Au cours des derni\u00e8res ann\u00e9es, nous avons \u00e9galement r\u00e9alis\u00e9 des investissements significatifs dans la mise au point de solutions alternatives \u00e0 l&#8217;alimentation thermique. Parmi ces d\u00e9veloppements figurent des alternateurs \u00e9lectriques entra\u00een\u00e9s par le moteur du v\u00e9hicule. Les avantages comprennent&nbsp;:<\/p>\n\n\n\n<ul class=\"wp-block-list\"><li>Importante \u00e9conomie de carburant de 5&nbsp;000&nbsp;litres par an<\/li><li>R\u00e9duction substantielle des niveaux sonores<\/li><li>Permission d&#8217;acc\u00e9der \u00e0 des zones urbaines sensibles au bruit.<\/li><\/ul>\n\n\n\n<p>Sur les v\u00e9hicules de plus petite taille, nous pouvons fournir une solution compacte, enti\u00e8rement \u00e9lectrique, entra\u00een\u00e9e par batterie, sans devoir apporter de modifications au v\u00e9hicule. Cela vous donne les avantages suivants&nbsp;:<\/p>\n\n\n\n<ul class=\"wp-block-list\"><li>Installation rapide et simple<\/li><li>Performance de premi\u00e8re cat\u00e9gorie<\/li><li>Technologie simple mais efficace<\/li><li>Fonctionnement silencieux.<\/li><\/ul>\n\n\n\n<h2 class=\"co-maygreen has-may-green-color has-text-color wp-block-heading\">R\u00c9FRIG\u00c9RATION HYBRIDE POUR SEMI-REMORQUES<\/h2>\n\n\n\n<p>Notre solution frigorifique hybride associe les technologies de Thermo&nbsp;King et de Frigoblock afin de cr\u00e9er un v\u00e9hicule dit \u00ab&nbsp;ULEZ&nbsp;\u00bb. Cette solution est id\u00e9ale pour les zones imposant des \u00e9missions faibles (LEZ) ou ultra-faibles (ULEZ), ainsi que pour les villes qui tendent \u00e0 bannir compl\u00e8tement les moteurs thermiques. Pendant les trajets longue distance, le groupe frigorifique fonctionne en mode thermique. Lors des trajets courts ou locaux dans un centre-ville, le groupe frigorifique bascule sur une alimentation \u00e9lectrique. Et gr\u00e2ce \u00e0 la fonction de g\u00e9ofencing, ce passage entre les deux modes s&#8217;effectue automatiquement, sans que le conducteur ait besoin d&#8217;intervenir.<\/p>\n\n\n\n<h2 class=\"co-maygreen has-may-green-color has-text-color wp-block-heading\">R-452A&nbsp;: UNE SOLUTION ALTERNATIVE AUX FLUIDES FRIGORIG\u00c8NES HFC<\/h2>\n\n\n\n<p>Les fluides frigorig\u00e8nes HFC \u00e9tant progressivement retir\u00e9s du march\u00e9, nous pouvons faire p\u00e9renniser votre entreprise en vous proposant le R-452A dans toutes nos gammes de produits. Cette solution alternative au R-404A garantit&nbsp;:<\/p>\n\n\n\n<ul class=\"wp-block-list\"><li>Une r\u00e9duction de l&#8217;impact environnemental de 45&nbsp;%<\/li><li>Une conformit\u00e9 anticip\u00e9e aux r\u00e9glementations sur les gaz fluor\u00e9s pr\u00e9vues pour 2020<\/li><li>Des co\u00fbts d&#8217;exploitation r\u00e9duits<\/li><li>Une conversion facilit\u00e9e&nbsp;: le remplacement des composants est inutile.<\/li><\/ul>\n\n\n\n<p>Tous les groupes frigorifiques&nbsp;Thermo&nbsp;King&nbsp;pour VUL, porteurs et semi-remorques sont dot\u00e9s de s\u00e9rie d&#8217;une charge de R-452A.<\/p>\n\n\n\n<h2 class=\"wp-block-heading\">Regardez l&#8217;animation sur le R-452A<\/h2>\n\n\n","protected":false},"excerpt":{"rendered":"<p>SOLUTIONS DURABLES DE THERMO&nbsp;KING Une solution durable est destin\u00e9e \u00e0 deux choses. Elle doit vous apporter un avantage mesurable. Et elle doit le faire d&#8217;une mani\u00e8re qui r\u00e9duise au minimum l&#8217;impact environnemental de votre activit\u00e9. Ci-apr\u00e8s, quelques exemples de la mani\u00e8re dont nos solutions durables tourn\u00e9es vers l&#8217;innovation peuvent \u00eatre avantageuses pour vous. MOTEURS THERMIQUES [&hellip;]<\/p>\n","protected":false},"author":1,"featured_media":0,"parent":0,"menu_order":0,"comment_status":"closed","ping_status":"closed","template":"","meta":{"_acf_changed":false,"footnotes":""},"class_list":["post-2671","page","type-page","status-publish","hentry"],"acf":[],"_links":{"self":[{"href":"https:\/\/www.staging.europe.thermoking.com\/fr\/wp-json\/wp\/v2\/pages\/2671","targetHints":{"allow":["GET"]}}],"collection":[{"href":"https:\/\/www.staging.europe.thermoking.com\/fr\/wp-json\/wp\/v2\/pages"}],"about":[{"href":"https:\/\/www.staging.europe.thermoking.com\/fr\/wp-json\/wp\/v2\/types\/page"}],"author":[{"embeddable":true,"href":"https:\/\/www.staging.europe.thermoking.com\/fr\/wp-json\/wp\/v2\/users\/1"}],"replies":[{"embeddable":true,"href":"https:\/\/www.staging.europe.thermoking.com\/fr\/wp-json\/wp\/v2\/comments?post=2671"}],"version-history":[{"count":0,"href":"https:\/\/www.staging.europe.thermoking.com\/fr\/wp-json\/wp\/v2\/pages\/2671\/revisions"}],"wp:attachment":[{"href":"https:\/\/www.staging.europe.thermoking.com\/fr\/wp-json\/wp\/v2\/media?parent=2671"}],"curies":[{"name":"wp","href":"https:\/\/api.w.org\/{rel}","templated":true}]}}