{"id":2176,"date":"2018-06-08T13:33:47","date_gmt":"2018-06-08T12:33:47","guid":{"rendered":"http:\/\/europe.thermoking.new.local\/usb-data-collector\/"},"modified":"2019-10-02T10:46:48","modified_gmt":"2019-10-02T09:46:48","slug":"usb-data-collector","status":"publish","type":"page","link":"https:\/\/www.staging.europe.thermoking.com\/fr\/applications\/connected-solutions\/usb-data-collector","title":{"rendered":"Collecteur de donn\u00e9es USB"},"content":{"rendered":"\n<h1 class=\"wp-block-heading\">Collecteur de donn\u00e9es USB<\/h1>\n\n\n\n<div class=\"wp-block-image\"><figure class=\"alignright is-resized\"><img decoding=\"async\" src=\"https:\/\/europe-thermoking.s3.eu-west-3.amazonaws.com\/wp-content\/uploads\/2019\/10\/17153839\/1.png\" alt=\"\" class=\"wp-image-17796\" width=\"320\" srcset=\"https:\/\/europe-thermoking.s3.eu-west-3.amazonaws.com\/wp-content\/uploads\/2019\/10\/17153839\/1.png 300w, https:\/\/europe-thermoking.s3.eu-west-3.amazonaws.com\/wp-content\/uploads\/2019\/10\/17153839\/1-160x111.png 160w, https:\/\/europe-thermoking.s3.eu-west-3.amazonaws.com\/wp-content\/uploads\/2019\/10\/17153839\/1-40x28.png 40w, https:\/\/europe-thermoking.s3.eu-west-3.amazonaws.com\/wp-content\/uploads\/2019\/10\/17153839\/1-80x55.png 80w\" sizes=\"(max-width: 300px) 100vw, 300px\" \/><\/figure><\/div>\n\n\n\n<p>Le collecteur de donn\u00e9es est le compl\u00e9ment id\u00e9al aux enregistreurs de donn\u00e9es USB. Cet \u00e9quipement USB peut collecter les donn\u00e9es de 500\u00a0enregistreurs de donn\u00e9es USB, d\u00e8s que vous le souhaitez, sans c\u00e2ble ni connexion suppl\u00e9mentaire. Et gr\u00e2ce au mini port USB, les fichiers collect\u00e9s dans le collecteur de donn\u00e9es peuvent \u00eatre facilement transf\u00e9r\u00e9s ult\u00e9rieurement vers un PC.<\/p>\n\n\n\n<p>Le collecteur de donn\u00e9es est \u00e9quip\u00e9 d&#8217;un \u00e9cran LCD tactile couleur, ce qui facilite la navigation et l&#8217;affichage de graphiques de temp\u00e9ratures clairs. Ce dispositif est fourni avec une batterie au lithium, dot\u00e9e d&#8217;une autonomie pouvant aller jusqu&#8217;\u00e0 8\u00a0heures et rechargeable via un PC. Cet utilitaire est id\u00e9al pour activer, configurer et t\u00e9l\u00e9charger n&#8217;importe quel enregistreur de donn\u00e9es USB TK sur le terrain.<\/p>\n","protected":false},"excerpt":{"rendered":"<p>Collecteur de donn\u00e9es USB Le collecteur de donn\u00e9es est le compl\u00e9ment id\u00e9al aux enregistreurs de donn\u00e9es USB. Cet \u00e9quipement USB peut collecter les donn\u00e9es de 500\u00a0enregistreurs de donn\u00e9es USB, d\u00e8s que vous le souhaitez, sans c\u00e2ble ni connexion suppl\u00e9mentaire. Et gr\u00e2ce au mini port USB, les fichiers collect\u00e9s dans le collecteur de donn\u00e9es peuvent \u00eatre [&hellip;]<\/p>\n","protected":false},"author":1,"featured_media":0,"parent":2653,"menu_order":0,"comment_status":"closed","ping_status":"closed","template":"","meta":{"_acf_changed":false,"footnotes":""},"class_list":["post-2176","page","type-page","status-publish","hentry"],"acf":[],"_links":{"self":[{"href":"https:\/\/www.staging.europe.thermoking.com\/fr\/wp-json\/wp\/v2\/pages\/2176","targetHints":{"allow":["GET"]}}],"collection":[{"href":"https:\/\/www.staging.europe.thermoking.com\/fr\/wp-json\/wp\/v2\/pages"}],"about":[{"href":"https:\/\/www.staging.europe.thermoking.com\/fr\/wp-json\/wp\/v2\/types\/page"}],"author":[{"embeddable":true,"href":"https:\/\/www.staging.europe.thermoking.com\/fr\/wp-json\/wp\/v2\/users\/1"}],"replies":[{"embeddable":true,"href":"https:\/\/www.staging.europe.thermoking.com\/fr\/wp-json\/wp\/v2\/comments?post=2176"}],"version-history":[{"count":0,"href":"https:\/\/www.staging.europe.thermoking.com\/fr\/wp-json\/wp\/v2\/pages\/2176\/revisions"}],"up":[{"embeddable":true,"href":"https:\/\/www.staging.europe.thermoking.com\/fr\/wp-json\/wp\/v2\/pages\/2653"}],"wp:attachment":[{"href":"https:\/\/www.staging.europe.thermoking.com\/fr\/wp-json\/wp\/v2\/media?parent=2176"}],"curies":[{"name":"wp","href":"https:\/\/api.w.org\/{rel}","templated":true}]}}