{"id":2088,"date":"2018-06-07T09:42:47","date_gmt":"2018-06-07T07:42:47","guid":{"rendered":"http:\/\/europe.thermoking.new.local\/download-center\/"},"modified":"2024-11-21T13:20:53","modified_gmt":"2024-11-21T12:20:53","slug":"download-center","status":"publish","type":"page","link":"https:\/\/www.staging.europe.thermoking.com\/fr\/download-center","title":{"rendered":"Download Center"},"content":{"rendered":"\n<section class=\"wp-block-group\"><div class=\"wp-block-group__inner-container is-layout-flow wp-block-group-is-layout-flow\">\n<h2 class=\"wp-block-heading alignfull\">Download Center<\/h2>\n\n\n\n<p class=\"has-2-xl-font-size\">D\u00e9couvrez nos publications interactives. Enrichies de liens et d&#8217;informations suppl\u00e9mentaires, les brochures interactives sont faciles \u00e0 lire sur n&#8217;importe quel appareil. T\u00e9l\u00e9chargez-les et partagez-les directement \u00e0 partir de votre tablette ou de votre appareil mobile. Surveillez cet espace pour d&#8217;autres publications interactives.<\/p>\n\n\n\n<p class=\"has-2-xl-font-size\">Vous pr\u00e9f\u00e9rez un simple PDF ?<br>Cliquez sur la langue de votre choix pour afficher le livre \u00e9lectronique dans cette derni\u00e8re. Si vous souhaitez enregistrer la publication, cliquez sur \u00ab PDF \u00bb dans la vue Livre \u00e9lectronique.<\/p>\n<\/div><\/section>\n","protected":false},"excerpt":{"rendered":"<p>Download Center D\u00e9couvrez nos publications interactives. Enrichies de liens et d&#8217;informations suppl\u00e9mentaires, les brochures interactives sont faciles \u00e0 lire sur n&#8217;importe quel appareil. T\u00e9l\u00e9chargez-les et partagez-les directement \u00e0 partir de votre tablette ou de votre appareil mobile. Surveillez cet espace pour d&#8217;autres publications interactives. Vous pr\u00e9f\u00e9rez un simple PDF ?Cliquez sur la langue de votre [&hellip;]<\/p>\n","protected":false},"author":1,"featured_media":0,"parent":0,"menu_order":0,"comment_status":"closed","ping_status":"closed","template":"","meta":{"_acf_changed":false,"footnotes":""},"class_list":["post-2088","page","type-page","status-publish","hentry"],"acf":[],"_links":{"self":[{"href":"https:\/\/www.staging.europe.thermoking.com\/fr\/wp-json\/wp\/v2\/pages\/2088","targetHints":{"allow":["GET"]}}],"collection":[{"href":"https:\/\/www.staging.europe.thermoking.com\/fr\/wp-json\/wp\/v2\/pages"}],"about":[{"href":"https:\/\/www.staging.europe.thermoking.com\/fr\/wp-json\/wp\/v2\/types\/page"}],"author":[{"embeddable":true,"href":"https:\/\/www.staging.europe.thermoking.com\/fr\/wp-json\/wp\/v2\/users\/1"}],"replies":[{"embeddable":true,"href":"https:\/\/www.staging.europe.thermoking.com\/fr\/wp-json\/wp\/v2\/comments?post=2088"}],"version-history":[{"count":2,"href":"https:\/\/www.staging.europe.thermoking.com\/fr\/wp-json\/wp\/v2\/pages\/2088\/revisions"}],"predecessor-version":[{"id":74102,"href":"https:\/\/www.staging.europe.thermoking.com\/fr\/wp-json\/wp\/v2\/pages\/2088\/revisions\/74102"}],"wp:attachment":[{"href":"https:\/\/www.staging.europe.thermoking.com\/fr\/wp-json\/wp\/v2\/media?parent=2088"}],"curies":[{"name":"wp","href":"https:\/\/api.w.org\/{rel}","templated":true}]}}