{"id":9767,"date":"2019-05-15T09:50:23","date_gmt":"2019-05-15T07:50:23","guid":{"rendered":"https:\/\/europe.thermoking.new.local\/?page_id=9767"},"modified":"2019-07-21T12:06:27","modified_gmt":"2019-07-21T11:06:27","slug":"kit-de-mantenimiento","status":"publish","type":"page","link":"https:\/\/www.staging.europe.thermoking.com\/es\/accessories\/gestion-del-combustible\/kit-de-mantenimiento","title":{"rendered":"Kit de mantenimiento"},"content":{"rendered":"<h1>Kit de mantenimiento<\/h1>\n<h6>Las piezas de repuesto originales garantizan el m\u00e1ximo tiempo de funcionamiento<\/h6>\n<p>Las unidades de Thermo King deben funcionar de forma fiable en entornos complicados y extremos, por lo que un mantenimiento programado regular resulta fundamental. Este mantenimiento solo ser\u00e1 eficaz si lo realizan t\u00e9cnicos cualificados. Para garantizar la integridad de la unidad y maximizar el tiempo de vida \u00fatil de sus componentes principales, siempre deber\u00edan utilizarse piezas de repuesto originales.<br \/>\nThermo King ha desarrollado una serie de completos kits de mantenimiento que comprenden todas las piezas necesarias para el mantenimiento de un modelo de unidad espec\u00edfico. La utilizaci\u00f3n del kit de mantenimiento minimiza el tiempo invertido en el diagn\u00f3stico y el aprovisionamiento de las piezas, as\u00ed como los retrasos en caso de que las piezas necesarias no se encuentren disponibles en el almac\u00e9n. El contenido de cada kit var\u00eda en funci\u00f3n del modelo de unidad y de su intervalo de mantenimiento. Generalmente, los kits incluyen los filtros, las correas, los deshidratadores y las juntas.<\/p>\n<p><img loading=\"lazy\" decoding=\"async\" class=\"aligncenter size-medium wp-image-9869\" src=\"https:\/\/europe-thermoking.s3.eu-west-3.amazonaws.com\/wp-content\/uploads\/2019\/05\/17154856\/Service-Kit_ES-300x300.png\" alt=\"\" width=\"300\" height=\"300\" \/><\/p>\n<p><img loading=\"lazy\" decoding=\"async\" class=\"img-fluid alignnone wp-image-9698 size-large\" src=\"https:\/\/europe-thermoking.s3.eu-west-3.amazonaws.com\/wp-content\/uploads\/2019\/05\/17154940\/Service-Kit-Page_image-e1598520376575.png\" alt=\"\" width=\"1024\" height=\"381\" \/><\/p>\n<p>[row]<br \/>\n[column md=&#8221;3&#8243;]<\/p>\n<h2>Service Kit brochure<\/h2>\n<p>[link url=&#8221;http:\/\/thermoking.ipublishpro.com\/330151353ServiceKitpageES\/ib\/index.php&#8221;]<br \/>\n<img decoding=\"async\" class=\"img-fluid alignnone wp-image-9296 size-full\" src=\"http:\/\/thermoking.ipublishpro.com\/330151353ServiceKitpageES\/ib\/ibrochure\/thumb\/ibrochure1.jpg\" alt=\"\" width=\"auto height=\" \/><br \/>\nLeer m\u00e1s<br \/>\n[\/link]<br \/>\n[\/column]<br \/>\n[\/row]<\/p>\n","protected":false},"excerpt":{"rendered":"<p>Kit de mantenimiento Las piezas de repuesto originales garantizan el m\u00e1ximo tiempo de funcionamiento Las unidades de Thermo King deben funcionar de forma fiable en entornos complicados y extremos, por lo que un mantenimiento programado regular resulta fundamental. Este mantenimiento solo ser\u00e1 eficaz si lo realizan t\u00e9cnicos cualificados. Para garantizar la integridad de la unidad [&hellip;]<\/p>\n","protected":false},"author":1,"featured_media":0,"parent":12661,"menu_order":0,"comment_status":"closed","ping_status":"closed","template":"","meta":{"_acf_changed":false,"footnotes":""},"class_list":["post-9767","page","type-page","status-publish","hentry"],"acf":[],"_links":{"self":[{"href":"https:\/\/www.staging.europe.thermoking.com\/es\/wp-json\/wp\/v2\/pages\/9767","targetHints":{"allow":["GET"]}}],"collection":[{"href":"https:\/\/www.staging.europe.thermoking.com\/es\/wp-json\/wp\/v2\/pages"}],"about":[{"href":"https:\/\/www.staging.europe.thermoking.com\/es\/wp-json\/wp\/v2\/types\/page"}],"author":[{"embeddable":true,"href":"https:\/\/www.staging.europe.thermoking.com\/es\/wp-json\/wp\/v2\/users\/1"}],"replies":[{"embeddable":true,"href":"https:\/\/www.staging.europe.thermoking.com\/es\/wp-json\/wp\/v2\/comments?post=9767"}],"version-history":[{"count":0,"href":"https:\/\/www.staging.europe.thermoking.com\/es\/wp-json\/wp\/v2\/pages\/9767\/revisions"}],"up":[{"embeddable":true,"href":"https:\/\/www.staging.europe.thermoking.com\/es\/wp-json\/wp\/v2\/pages\/12661"}],"wp:attachment":[{"href":"https:\/\/www.staging.europe.thermoking.com\/es\/wp-json\/wp\/v2\/media?parent=9767"}],"curies":[{"name":"wp","href":"https:\/\/api.w.org\/{rel}","templated":true}]}}