{"id":9766,"date":"2019-05-15T09:50:59","date_gmt":"2019-05-15T07:50:59","guid":{"rendered":"https:\/\/europe.thermoking.new.local\/?page_id=9766"},"modified":"2019-06-05T10:18:00","modified_gmt":"2019-06-05T09:18:00","slug":"sensor-de-combustible-ultrasonic","status":"publish","type":"page","link":"https:\/\/www.staging.europe.thermoking.com\/es\/accessories\/gestion-del-combustible\/sensor-de-combustible-ultrasonic","title":{"rendered":"Sensor de combustible UltraSonic"},"content":{"rendered":"<h1>Sensor de combustible UltraSonic<\/h1>\n<p>La falta de combustible puede provocar costosos tiempos de inactividad y llamadas de asistencia. El nuevo sensor de combustible UltraSonic de Thermo King, equipado con una tecnolog\u00eda pendiente de patente, se ha desarrollado para gestionar las condiciones espec\u00edficas del transporte y para informar al conductor mucho antes de que los niveles de combustible sean peligrosamente bajos.<\/p>\n<p><img loading=\"lazy\" decoding=\"async\" class=\"img-fluid alignnone wp-image-9851 size-full\" src=\"https:\/\/europe-thermoking.s3.eu-west-3.amazonaws.com\/wp-content\/uploads\/2019\/05\/17154911\/Ultrasonic-Fuel-Sensor_ES.png\" alt=\"\" width=\"1180\" height=\"1200\" \/><\/p>\n<p>El sensor de combustible UltraSonic realiza una lectura del nivel de combustible m\u00e1s precisa, independientemente del nivel de llenado del dep\u00f3sito, y muestra incluso las m\u00ednimas variaciones en dicho nivel del combustible.<\/p>\n<p>El sensor UltraSonic no incorpora componentes m\u00f3viles y utiliza ondas sonoras para medir el tiempo que tarda el eco en regresar garantizando as\u00ed una mayor precisi\u00f3n.<\/p>\n<p>[row]<br \/>\n[column md=&#8221;3&#8243;]<\/p>\n<h2>UltraSonic Fuel Sensor brochure<\/h2>\n<p>[link url=&#8221;http:\/\/thermoking.ipublishpro.com\/920124834UltrasonicFuelES\/ib\/index.php&#8221;]<br \/>\n<img decoding=\"async\" class=\"img-fluid alignnone wp-image-9296 size-full\" src=\"http:\/\/thermoking.ipublishpro.com\/920124834UltrasonicFuelES\/ib\/ibrochure\/thumb\/ibrochure1.jpg\" alt=\"\" width=\"auto height=\" \/><br \/>\nLeer m\u00e1s<br \/>\n[\/link]<br \/>\n[\/column]<br \/>\n[\/row]<\/p>\n","protected":false},"excerpt":{"rendered":"<p>Sensor de combustible UltraSonic La falta de combustible puede provocar costosos tiempos de inactividad y llamadas de asistencia. El nuevo sensor de combustible UltraSonic de Thermo King, equipado con una tecnolog\u00eda pendiente de patente, se ha desarrollado para gestionar las condiciones espec\u00edficas del transporte y para informar al conductor mucho antes de que los niveles [&hellip;]<\/p>\n","protected":false},"author":1,"featured_media":0,"parent":12661,"menu_order":0,"comment_status":"closed","ping_status":"closed","template":"","meta":{"_acf_changed":false,"footnotes":""},"class_list":["post-9766","page","type-page","status-publish","hentry"],"acf":[],"_links":{"self":[{"href":"https:\/\/www.staging.europe.thermoking.com\/es\/wp-json\/wp\/v2\/pages\/9766","targetHints":{"allow":["GET"]}}],"collection":[{"href":"https:\/\/www.staging.europe.thermoking.com\/es\/wp-json\/wp\/v2\/pages"}],"about":[{"href":"https:\/\/www.staging.europe.thermoking.com\/es\/wp-json\/wp\/v2\/types\/page"}],"author":[{"embeddable":true,"href":"https:\/\/www.staging.europe.thermoking.com\/es\/wp-json\/wp\/v2\/users\/1"}],"replies":[{"embeddable":true,"href":"https:\/\/www.staging.europe.thermoking.com\/es\/wp-json\/wp\/v2\/comments?post=9766"}],"version-history":[{"count":0,"href":"https:\/\/www.staging.europe.thermoking.com\/es\/wp-json\/wp\/v2\/pages\/9766\/revisions"}],"up":[{"embeddable":true,"href":"https:\/\/www.staging.europe.thermoking.com\/es\/wp-json\/wp\/v2\/pages\/12661"}],"wp:attachment":[{"href":"https:\/\/www.staging.europe.thermoking.com\/es\/wp-json\/wp\/v2\/media?parent=9766"}],"curies":[{"name":"wp","href":"https:\/\/api.w.org\/{rel}","templated":true}]}}