{"id":73759,"date":"2024-11-12T17:52:08","date_gmt":"2024-11-12T16:52:08","guid":{"rendered":"https:\/\/europe.thermoking.new.local\/?page_id=73759"},"modified":"2024-11-26T17:41:24","modified_gmt":"2024-11-26T16:41:24","slug":"about","status":"publish","type":"page","link":"https:\/\/www.staging.europe.thermoking.com\/es\/about","title":{"rendered":"Acerca de"},"content":{"rendered":"\n\n<div class=\"wp-block-cover alignfull has-custom-content-position is-position-bottom-left\"><span aria-hidden=\"true\" class=\"wp-block-cover__background has-background-dim-100 has-background-dim wp-block-cover__gradient-background has-background-gradient has-cover-5050-vertical-gradient-background\"><\/span><img decoding=\"async\" class=\"wp-block-cover__image-background wp-image-70396\" alt=\"\" src=\"https:\/\/europe-thermoking.s3.eu-west-3.amazonaws.com\/wp-content\/uploads\/2024\/07\/16190726\/v2-about.jpg\" data-object-fit=\"cover\"\/><div class=\"wp-block-cover__inner-container is-layout-flow wp-block-cover-is-layout-flow\">\n<p class=\"has-white-color has-text-color has-link-color has-2-xl-font-size wp-elements-1790f94c6b3a9cfe44a184749283a3f0\" style=\"margin-bottom:0\">Acerca de nosotros<\/p>\n\n\n\n<h1 class=\"wp-block-heading alignwide has-white-color has-text-color has-link-color wp-elements-af4e6a87d94835b498b9c649aa9085bd\">L\u00edderes del sector del control de la temperatura para el transporte desde hace m\u00e1s de 80 a\u00f1os<\/h1>\n<\/div><\/div>\n\n\n\n\n<section class=\"wp-block-group\"><div class=\"wp-block-group__inner-container is-layout-flow wp-block-group-is-layout-flow\">\n<h2 class=\"wp-block-heading\">Lo mantenemos<br>en la carretera durante m\u00e1s tiempo<\/h2>\n\n\n\n<p class=\"has-2-xl-font-size\">Thermo King&nbsp;se puso a la cabeza del sector del control de la temperatura para el transporte en 1938 y, desde entonces, ha sido un l\u00edder mundial. Actualmente, nuestras soluciones incluyen sistemas de control de la temperatura para furgonetas, camiones, remolques, vagones de tren y contenedores a\u00e9reos, mar\u00edtimos e intermodales. Adem\u00e1s, tambi\u00e9n fabricamos sistemas de HVAC (calefacci\u00f3n, ventilaci\u00f3n y aire acondicionado) para vagones de metro, vagones de tren y autobuses. Todos los productos de&nbsp;Thermo King&nbsp;se encuentran respaldados por nuestra amplia red de concesionarios, que proporciona un servicio profesional por parte de t\u00e9cnicos formados en la f\u00e1brica y una completa l\u00ednea de piezas de repuesto originales y con precios muy competitivos.<\/p>\n\n\n\n<div style=\"height:var(--wp--preset--spacing--0400)\" aria-hidden=\"true\" class=\"wp-block-spacer\"><\/div>\n\n\n\n<h2 class=\"wp-block-heading\">Alimentos, productos farmac\u00e9uticos y mucho m\u00e1s<\/h2>\n\n\n\n<p class=\"has-2-xl-font-size\">Nuestras soluciones mejoran la calidad de vida al proteger y preservar los productos que son importantes para las personas en todo el mundo: desde los alimentos que comemos (frescos, refrigerados o congelados) hasta los productos farmac\u00e9uticos, pasando por las flores, los coches de lujo, las pinturas, los componentes inform\u00e1ticos, los productos electr\u00f3nicos y los instrumentos musicales, entre much\u00edsimos otros ejemplos. Nuestra tecnolog\u00eda de refrigeraci\u00f3n y de control de la temperatura mantiene estos productos sensibles a su temperatura \u00f3ptima independientemente de las condiciones ambientales. Nuestros sistemas de calefacci\u00f3n, ventilaci\u00f3n y aire acondicionado para los pasajeros de trenes y autobuses tambi\u00e9n ayudan a garantizar su comodidad.<\/p>\n<\/div><\/section>\n\n\n\n<section class=\"wp-block-group alignwide\" style=\"padding-top:var(--wp--preset--spacing--section-as-parent-vertical-offset);padding-bottom:var(--wp--preset--spacing--section-as-parent-vertical-offset)\"><div class=\"wp-block-group__inner-container is-layout-constrained wp-block-group-is-layout-constrained\">\n<section class=\"wp-block-group alignwide has-innovation-blue-background-color has-background\"><div class=\"wp-block-group__inner-container is-layout-flow wp-block-group-is-layout-flow\">\n<h3 class=\"wp-block-heading alignwide has-white-color has-text-color has-link-color wp-elements-b15e078cb66a5d07275c3bfa9ed7be18\" style=\"margin-top:0;margin-right:var(--wp--preset--spacing--0300);margin-bottom:var(--wp--preset--spacing--0400);margin-left:var(--wp--preset--spacing--0300)\">Centrados en lo que importa<\/h3>\n\n\n\n<div style=\"height:var(--wp--preset--spacing--55)\" aria-hidden=\"true\" class=\"wp-block-spacer\"><\/div>\n\n\n\n<div class=\"wp-block-columns alignwide tw-gap-16 md-tw-gap-32 is-layout-flex wp-container-core-columns-is-layout-9d6595d7 wp-block-columns-is-layout-flex\">\n<div class=\"wp-block-column is-layout-flow wp-block-column-is-layout-flow\"><div class=\"wp-block-image\">\n<figure class=\"aligncenter size-full is-resized\"><img decoding=\"async\" src=\"https:\/\/europe-thermoking.s3.eu-west-3.amazonaws.com\/wp-content\/uploads\/2024\/07\/23122308\/v2-icon-globe-duotone.png\" alt=\"\" class=\"wp-image-70601\" style=\"width:60px\"\/><\/figure><\/div>\n\n\n<p class=\"has-text-align-center has-white-color has-text-color has-link-color has-2-xl-font-size wp-elements-4021bf65806a1c29d998e9cfe702e6ba\" style=\"margin-top:var(--wp--preset--spacing--40);margin-bottom:var(--wp--preset--spacing--40);font-style:normal;font-weight:600;line-height:1.3\">Rendimiento y valor<\/p>\n\n\n\n<p class=\"has-text-align-center has-white-color has-text-color has-link-color wp-elements-a94c7ae8cb2ebcb43b6d616f39803f38\" style=\"font-style:normal;font-weight:500\">La fiabilidad y el tiempo de actividad m\u00e1s elevados<\/p>\n<\/div>\n\n\n\n<div class=\"wp-block-column is-layout-flow wp-block-column-is-layout-flow\"><div class=\"wp-block-image\">\n<figure class=\"aligncenter size-full is-resized\"><img decoding=\"async\" src=\"https:\/\/europe-thermoking.s3.eu-west-3.amazonaws.com\/wp-content\/uploads\/2024\/07\/23122359\/v2-icon-user-headset-duotone.png\" alt=\"\" class=\"wp-image-70616\" style=\"width:60px\"\/><\/figure><\/div>\n\n\n<p class=\"has-text-align-center has-white-color has-text-color has-link-color has-2-xl-font-size wp-elements-003c1313e75a9d248ca9526b0e1635f6\" style=\"margin-top:var(--wp--preset--spacing--40);margin-bottom:var(--wp--preset--spacing--40);font-style:normal;font-weight:600;line-height:1.3\">Ahorro integrado<\/p>\n\n\n\n<p class=\"has-text-align-center has-white-color has-text-color has-link-color wp-elements-a4b7455d7af8d876c5b802496c3506d8\" style=\"font-style:normal;font-weight:500\">El coste total de propiedad m\u00e1s bajo<\/p>\n<\/div>\n\n\n\n<div class=\"wp-block-column is-layout-flow wp-block-column-is-layout-flow\"><div class=\"wp-block-image\">\n<figure class=\"aligncenter size-full is-resized\"><img decoding=\"async\" src=\"https:\/\/europe-thermoking.s3.eu-west-3.amazonaws.com\/wp-content\/uploads\/2024\/07\/23122427\/v2-icon-assistance-duotone.png\" alt=\"\" class=\"wp-image-70631\" style=\"width:60px\"\/><\/figure><\/div>\n\n\n<p class=\"has-text-align-center has-white-color has-text-color has-link-color has-2-xl-font-size wp-elements-96ba4e803467caf89044ec153cd102f9\" style=\"margin-top:var(--wp--preset--spacing--40);margin-bottom:var(--wp--preset--spacing--40);font-style:normal;font-weight:600;line-height:1.3\">Asistencia y servicio profesionales<\/p>\n\n\n\n<p class=\"has-text-align-center has-white-color has-text-color has-link-color wp-elements-5185886655d7174d88117a06cb066514\" style=\"font-style:normal;font-weight:500\">La red de concesionarios expertos m\u00e1s amplia<\/p>\n<\/div>\n\n\n\n<div class=\"wp-block-column is-layout-flow wp-block-column-is-layout-flow\"><div class=\"wp-block-image\">\n<figure class=\"aligncenter size-full is-resized\"><img decoding=\"async\" src=\"https:\/\/europe-thermoking.s3.eu-west-3.amazonaws.com\/wp-content\/uploads\/2024\/07\/23124236\/v2-icon-sun-duotone.png\" alt=\"\" class=\"wp-image-70657\" style=\"width:60px\"\/><\/figure><\/div>\n\n\n<p class=\"has-text-align-center has-white-color has-text-color has-link-color has-2-xl-font-size wp-elements-a55474fd94bddd97011a7584d452bc6a\" style=\"margin-top:var(--wp--preset--spacing--40);margin-bottom:var(--wp--preset--spacing--40);font-style:normal;font-weight:600;line-height:1.3\">Sostenibilidad centrada<\/p>\n\n\n\n<p class=\"has-text-align-center has-white-color has-text-color has-link-color wp-elements-57356c03e3ace38fbed703f4fd961129\" style=\"font-style:normal;font-weight:500\">Soluciones sostenibles l\u00edderes para las empresas<\/p>\n<\/div>\n<\/div>\n<\/div><\/section>\n<\/div><\/section>\n\n\n\n<section class=\"wp-block-group\"><div class=\"wp-block-group__inner-container is-layout-flow wp-block-group-is-layout-flow\">\n<div class=\"wp-block-columns tw-gap-16 tw-md-gap-32 is-layout-flex wp-container-core-columns-is-layout-9d6595d7 wp-block-columns-is-layout-flex\">\n<div class=\"wp-block-column is-layout-flow wp-block-column-is-layout-flow\">\n<h3 class=\"wp-block-heading\">Rendimiento y valor<\/h3>\n\n\n\n<p>Unos equipos para el transporte que funcionan de forma fiable y eficiente le ayudan a mejorar su balance final. Los equipos de&nbsp;Thermo King&nbsp;han demostrado su fiabilidad, y nuestros productos conservan su valor mejor que los de cualquier otra empresa del sector.<\/p>\n\n\n\n<div style=\"height:var(--wp--preset--spacing--0200)\" aria-hidden=\"true\" class=\"wp-block-spacer\"><\/div>\n\n\n\n<h3 class=\"wp-block-heading\">Ahorro integrado<\/h3>\n\n\n\n<p>Un mejor dise\u00f1o proporciona un menor coste de propiedad. Una robusta estructura, unida a una fiabilidad y una eficiencia demostradas, le permite ahorrar en los costes de mantenimiento y servicio. Nuestros dise\u00f1os sostenibles han dado sus frutos con un consumo de energ\u00eda reducido. Nuestras pruebas de calidad mejoran el rendimiento y el tiempo de funcionamiento de los productos. Y nuestros ciclos de mantenimiento m\u00e1s largos le permiten ahorrar tiempo y dinero.<\/p>\n<\/div>\n\n\n\n<div class=\"wp-block-column is-layout-flow wp-block-column-is-layout-flow\">\n<div style=\"height:var(--wp--preset--spacing--0400)\" aria-hidden=\"true\" class=\"wp-block-spacer\"><\/div>\n\n\n\n<h3 class=\"wp-block-heading\">Asistencia y servicio profesionales<\/h3>\n\n\n\n<p>La red de concesionarios de&nbsp;Thermo King&nbsp;establece el est\u00e1ndar mundial en lo que respecta a la asistencia de servicio. M\u00e1s de 500 puntos de servicio repartidos por 75 pa\u00edses que emplean a m\u00e1s de 1.400 t\u00e9cnicos certificados y formados por&nbsp;Thermo King. Independientemente de a d\u00f3nde se dirija, raras veces se encontrar\u00e1 a m\u00e1s de 2 horas de un punto de servicio activo las 24 horas del d\u00eda, disponible mediante un servicio de asistencia telef\u00f3nica multiling\u00fce. Y, con el&nbsp;servicio ThermoKare&nbsp;y las&nbsp;soluciones de mantenimiento, podr\u00e1 seleccionar el programa de servicio que mejor se adapte a las necesidades de su empresa.<\/p>\n\n\n\n<div style=\"height:var(--wp--preset--spacing--0200)\" aria-hidden=\"true\" class=\"wp-block-spacer\"><\/div>\n\n\n\n<h3 class=\"wp-block-heading\">Sostenibilidad centrada<\/h3>\n\n\n\n<p>Nuestras soluciones sostenibles se centran en lograr un impacto positivo en el medio ambiente y en su balance final. Por ello, le ofrecemos motores di\u00e9sel m\u00e1s eficientes y con menores emisiones, que reducen las emisiones de CO<sub>2<\/sub>&nbsp;y le permiten ahorrar en sus facturas de combustible. Le ofrecemos sistemas de control de la temperatura totalmente el\u00e9ctricos y soluciones de refrigeraci\u00f3n h\u00edbridas de funcionamiento diesel\/el\u00e9ctrico que reducen las facturas de combustible, cumplen las normativas tanto actuales como futuras y le permiten desarrollar su actividad con m\u00e1s eficiencia.<\/p>\n<\/div>\n<\/div>\n<\/div><\/section>\n\n\n\n<section class=\"wp-block-group alignfull\"><div class=\"wp-block-group__inner-container is-layout-constrained wp-block-group-is-layout-constrained\">\n\n<h2 class=\"wp-block-heading\" style=\"font-style:normal;font-weight:500\">Innovaci\u00f3n centrada en los clientes<\/h2>\n\n\n\n<p>Thermo King&nbsp;inici\u00f3 su andadura cuando alguien pregunt\u00f3 a Joe Numero si pod\u00eda ayudarle a mantener frescos los pollos mientras los transportaba al mercado. Joe acept\u00f3 el reto y, junto con el brillante ingeniero Frederick M. Jones, cre\u00f3&nbsp;Thermo King. Nunca olvidamos que la innovaci\u00f3n siempre comienza con las necesidades de los clientes.<\/p>\n\n<\/div><\/section>\n\n\n\n<section class=\"wp-block-group alignfull has-white-smoke-background-color has-background\"><div class=\"wp-block-group__inner-container is-layout-constrained wp-block-group-is-layout-constrained\">\n\n<h2 class=\"wp-block-heading\" style=\"font-style:normal;font-weight:500;letter-spacing:-1px\">Investigaci\u00f3n y desarrollo avanzados<\/h2>\n\n\n\n<p>Usted depende de unos productos de calidad para maximizar sus beneficios y asegurarse su tranquilidad. Nuestras instalaciones de \u00faltima generaci\u00f3n se encuentran equipadas para ayudarle a lograr estos objetivos con las tecnolog\u00edas y los procesos m\u00e1s modernos y avanzados. En estrecha colaboraci\u00f3n con nuestros equipos de ingenier\u00eda, analizamos de qu\u00e9 modo afecta la tecnolog\u00eda a las caracter\u00edsticas fundamentales de los productos.<\/p>\n\n<\/div><\/section>\n\n\n\n<section class=\"wp-block-group\"><div class=\"wp-block-group__inner-container is-layout-constrained wp-block-group-is-layout-constrained\">\n<h2 class=\"wp-block-heading\">Los t\u00e9cnicos mejor formados<\/h2>\n\n\n\n<p class=\"has-xl-font-size\">Cuando Joe Numero cre\u00f3&nbsp;Thermo King&nbsp;Corporation en 1938, hizo hincapi\u00e9 en la importancia de disponer de productos de gran calidad respaldados por un servicio a su altura. Joe estaba convencido de que ofrecer a los t\u00e9cnicos la mejor formaci\u00f3n es el mejor modo de proporcionar una asistencia superior a los clientes de&nbsp;Thermo King. Actualmente, el Centro de formaci\u00f3n de&nbsp;Thermo Kinges el l\u00edder del sector en materia de formaci\u00f3n y capacitaci\u00f3n de los t\u00e9cnicos. Sus cursos se han dise\u00f1ado para mejorar las siguientes aptitudes de los t\u00e9cnicos:<\/p>\n\n\n\n<p class=\"has-xl-font-size\">Un equipo de profesionales altamente cualificados imparte los cursos bas\u00e1ndose en los conocimientos adquiridos durante a\u00f1os de experiencia sobre el terreno.<\/p>\n\n\n\n<ul class=\"wp-block-list\">\n<li class=\"has-xl-font-size\">Los conocimientos t\u00e9cnicos de las unidades y del sector.<\/li>\n\n\n\n<li class=\"has-xl-font-size\">Las aptitudes de pensamiento cr\u00edtico para los procedimientos de diagn\u00f3stico y mantenimiento.<\/li>\n\n\n\n<li class=\"has-xl-font-size\">Las aptitudes y la experiencia en lo que respecta al servicio, el mantenimiento y las reparaciones.<\/li>\n<\/ul>\n\n\n\n<figure class=\"wp-block-image size-full\"><img decoding=\"async\" src=\"https:\/\/europe-thermoking.s3.eu-west-3.amazonaws.com\/wp-content\/uploads\/2024\/05\/29102211\/dsn-certificates.png\" alt=\"\" class=\"wp-image-70175\"\/><\/figure>\n<\/div><\/section>\n","protected":false},"excerpt":{"rendered":"<p>Lo mantenemosen la carretera durante m\u00e1s tiempo Thermo King&nbsp;se puso a la cabeza del sector del control de la temperatura para el transporte en 1938 y, desde entonces, ha sido un l\u00edder mundial. Actualmente, nuestras soluciones incluyen sistemas de control de la temperatura para furgonetas, camiones, remolques, vagones de tren y contenedores a\u00e9reos, mar\u00edtimos e [&hellip;]<\/p>\n","protected":false},"author":1,"featured_media":0,"parent":0,"menu_order":0,"comment_status":"closed","ping_status":"closed","template":"","meta":{"_acf_changed":false,"footnotes":""},"class_list":["post-73759","page","type-page","status-publish","hentry"],"acf":[],"_links":{"self":[{"href":"https:\/\/www.staging.europe.thermoking.com\/es\/wp-json\/wp\/v2\/pages\/73759","targetHints":{"allow":["GET"]}}],"collection":[{"href":"https:\/\/www.staging.europe.thermoking.com\/es\/wp-json\/wp\/v2\/pages"}],"about":[{"href":"https:\/\/www.staging.europe.thermoking.com\/es\/wp-json\/wp\/v2\/types\/page"}],"author":[{"embeddable":true,"href":"https:\/\/www.staging.europe.thermoking.com\/es\/wp-json\/wp\/v2\/users\/1"}],"replies":[{"embeddable":true,"href":"https:\/\/www.staging.europe.thermoking.com\/es\/wp-json\/wp\/v2\/comments?post=73759"}],"version-history":[{"count":3,"href":"https:\/\/www.staging.europe.thermoking.com\/es\/wp-json\/wp\/v2\/pages\/73759\/revisions"}],"predecessor-version":[{"id":74181,"href":"https:\/\/www.staging.europe.thermoking.com\/es\/wp-json\/wp\/v2\/pages\/73759\/revisions\/74181"}],"wp:attachment":[{"href":"https:\/\/www.staging.europe.thermoking.com\/es\/wp-json\/wp\/v2\/media?parent=73759"}],"curies":[{"name":"wp","href":"https:\/\/api.w.org\/{rel}","templated":true}]}}