{"id":68829,"date":"2024-02-27T11:03:27","date_gmt":"2024-02-27T10:03:27","guid":{"rendered":"https:\/\/europe.thermoking.new.local\/?page_id=68829"},"modified":"2024-11-22T11:34:50","modified_gmt":"2024-11-22T10:34:50","slug":"technologies","status":"publish","type":"page","link":"https:\/\/www.staging.europe.thermoking.com\/es\/technologies","title":{"rendered":"Tecnolog\u00edas"},"content":{"rendered":"\n\n<div class=\"wp-block-cover alignfull has-custom-content-position is-position-bottom-left\"><span aria-hidden=\"true\" class=\"wp-block-cover__background has-background-dim-100 has-background-dim wp-block-cover__gradient-background has-background-gradient has-cover-5050-vertical-gradient-background\"><\/span><img decoding=\"async\" class=\"wp-block-cover__image-background wp-image-70455\" alt=\"\" src=\"https:\/\/europe-thermoking.s3.eu-west-3.amazonaws.com\/wp-content\/uploads\/2024\/07\/17102947\/v2-technologies.jpg\" style=\"object-position:50% 50%\" data-object-fit=\"cover\" data-object-position=\"50% 50%\"\/><div class=\"wp-block-cover__inner-container is-layout-flow wp-block-cover-is-layout-flow\">\n<p class=\"has-white-color has-text-color has-link-color has-2-xl-font-size wp-elements-82a06cc9c03bd081eb87a36d3c12252b\" style=\"margin-bottom:0\">Technologies<\/p>\n\n\n\n<h1 class=\"wp-block-heading has-white-color has-text-color has-link-color wp-elements-69579d6ec68c265a520559a33623228e\">Tecnolog\u00edas innovadoras y sostenibles para la refrigeraci\u00f3n para el transporte<\/h1>\n<\/div><\/div>\n\n\n\n\n<section class=\"wp-block-group\"><div class=\"wp-block-group__inner-container is-layout-constrained wp-block-group-is-layout-constrained\">\n<h2 class=\"wp-block-heading\">La revoluci\u00f3n de la cadena de fr\u00edo<\/h2>\n\n\n\n<p class=\"has-2-xl-font-size\">Hace m\u00e1s de 80 a\u00f1os, nuestros compresores accionados por el motor del veh\u00edculo encendieron la chispa de la revoluci\u00f3n en la cadena de fr\u00edo.<\/p>\n\n\n\n<p class=\"has-2-xl-font-size\">Ahora&nbsp;Thermo King&nbsp;marca el camino para lograr una refrigeraci\u00f3n m\u00e1s sostenible con un n\u00famero creciente de innovadoras fuentes de alimentaci\u00f3n alternativas que superan las prestaciones de los combustibles f\u00f3siles.<\/p>\n<\/div><\/section>\n\n\n\n<section class=\"wp-block-group alignwide\"><div class=\"wp-block-group__inner-container is-layout-flow wp-block-group-is-layout-flow\">\n<div class=\"wp-block-columns alignfull has-innovation-blue-background-color has-background is-layout-flex wp-container-core-columns-is-layout-cfe8cdbd wp-block-columns-is-layout-flex\" style=\"padding-top:0;padding-right:0;padding-bottom:0;padding-left:0\">\n<div class=\"wp-block-column is-layout-flow wp-block-column-is-layout-flow\" style=\"flex-basis:66.66%\">\n<div style=\"padding:56.25% 0 0 0;position:relative;\"><iframe src=\"https:\/\/player.vimeo.com\/video\/901452699?badge=0&amp;autopause=0&amp;player_id=0&amp;app_id=58479\" frameborder=\"0\" allow=\"autoplay; fullscreen; picture-in-picture; clipboard-write\" style=\"position:absolute;top:0;left:0;width:100%;height:100%;\" title=\"Thermo King Alternative Energy Animation EN\"><\/iframe><\/div><script src=\"https:\/\/player.vimeo.com\/api\/player.js\"><\/script>\n<\/div>\n\n\n\n<div class=\"wp-block-column is-vertically-aligned-center is-layout-flow wp-block-column-is-layout-flow\" style=\"padding-top:var(--wp--preset--spacing--0400);padding-right:var(--wp--preset--spacing--0300);padding-bottom:var(--wp--preset--spacing--0400);padding-left:var(--wp--preset--spacing--0300);flex-basis:33.33%\">\n<p class=\"has-white-color has-text-color has-link-color has-4-xl-font-size wp-elements-7fcc50e1c7e791af425e3e71bd2317b6\" style=\"font-style:normal;font-weight:500;line-height:1.25\"><strong>Tecnolog\u00edas innovadoras y sostenibles para la refrigeraci\u00f3n para el transporte<br><\/strong><\/p>\n<\/div>\n<\/div>\n<\/div><\/section>\n\n\n\n<div class=\"wp-block-group alignfull js-sticky-nav\" id=\"evolve\" style=\"border-bottom-color:var(--wp--preset--color--neutral-gray);border-bottom-width:1px\"><div class=\"wp-block-group__inner-container is-layout-constrained wp-block-group-is-layout-constrained\">\n<section class=\"wp-block-group alignwide\" style=\"border-bottom-color:var(--wp--preset--color--neutral-gray);padding-top:var(--wp--preset--spacing--40);padding-bottom:var(--wp--preset--spacing--40)\"><div class=\"wp-block-group__inner-container is-layout-flow wp-block-group-is-layout-flow\">\n<div class=\"wp-block-group alignwide tw-gap-8 is-nowrap is-layout-flex wp-container-core-group-is-layout-ad2f72ca wp-block-group-is-layout-flex\">\n<div class=\"wp-block-group\" style=\"border-right-color:var(--wp--preset--color--innovation-blue);border-right-width:1px;padding-right:var(--wp--preset--spacing--0200)\"><div class=\"wp-block-group__inner-container is-layout-constrained wp-container-core-group-is-layout-4b25f6e1 wp-block-group-is-layout-constrained\">\n<h4 class=\"wp-block-heading has-innovation-blue-color has-text-color has-link-color wp-elements-0d8597500b0d91a0eb8654505414d952\" style=\"margin-top:0;margin-bottom:0;line-height:1\">Evolve<\/h4>\n<\/div><\/div>\n\n\n\n<p class=\"js-scroll has-innovation-blue-color has-text-color has-link-color has-xl-font-size wp-elements-a4b977d4b83b6eade7ded30b1b3d8a91\" style=\"font-style:normal;font-weight:600\"><a href=\"#fuel-driven-technologies\" data-type=\"internal\" data-id=\"#fuel-driven-technologies\">Tecnolog\u00eda con motor de combusti\u00f3n<\/a><\/p>\n\n\n\n<p class=\"js-scroll has-innovation-blue-color has-text-color has-link-color wp-elements-4fda8a7e07382f0e1c17489b8f27e9e5\"><a href=\"#fuel-driven-technologies\" data-type=\"internal\" data-id=\"#fuel-driven-technologies\">[tkicon icon=&#8221;arrow-down&#8221;]<\/a><\/p>\n<\/div>\n\n\n\n<div class=\"wp-block-group alignwide tw-gap-4 tw-md-gap-8 has-lg-font-size is-layout-flex wp-block-group-is-layout-flex\" style=\"margin-top:var(--wp--preset--spacing--0100);font-style:normal;font-weight:500\">\n<p class=\"js-scroll has-innovation-blue-color has-text-color has-link-color wp-elements-d428c4db64ca5b540f11e2e2db89b1b9\"><a href=\"#axlepower\" data-type=\"internal\" data-id=\"#axlepower\">AxlePower<\/a><\/p>\n\n\n\n<p class=\"js-scroll has-innovation-blue-color has-text-color has-link-color wp-elements-e73c8cbd7ef522fbb489eb14a67683c7\"><a href=\"#hybriddrive\">HybridDrive<\/a><\/p>\n\n\n\n<p class=\"js-scroll has-innovation-blue-color has-text-color has-link-color wp-elements-e70f1a21a8d8b9d98c66412188fb076f\"><a href=\"#envirodrive\">EnviroDrive<\/a><\/p>\n\n\n\n<p class=\"js-scroll has-innovation-blue-color has-text-color has-link-color wp-elements-df72cf4b3b0e631b7c0fd2a304cbb0fa\"><a href=\"#be-tech\">BE-Tech<\/a><\/p>\n<\/div>\n<\/div><\/section>\n<\/div><\/div>\n\n\n\n<section class=\"wp-block-group\"><div class=\"wp-block-group__inner-container is-layout-constrained wp-block-group-is-layout-constrained\">\n<figure class=\"wp-block-image size-tk-logo\" id=\"evolve\"><img loading=\"lazy\" decoding=\"async\" width=\"160\" height=\"33\" src=\"https:\/\/europe-thermoking.s3.eu-west-3.amazonaws.com\/wp-content\/uploads\/2024\/02\/27110057\/evolve-logo-160x33.png\" alt=\"\" class=\"wp-image-68658\" srcset=\"https:\/\/europe-thermoking.s3.eu-west-3.amazonaws.com\/wp-content\/uploads\/2024\/02\/27110057\/evolve-logo-160x33.png 160w, https:\/\/europe-thermoking.s3.eu-west-3.amazonaws.com\/wp-content\/uploads\/2024\/02\/27110057\/evolve-logo-320x67.png 320w, https:\/\/europe-thermoking.s3.eu-west-3.amazonaws.com\/wp-content\/uploads\/2024\/02\/27110057\/evolve-logo-40x8.png 40w, https:\/\/europe-thermoking.s3.eu-west-3.amazonaws.com\/wp-content\/uploads\/2024\/02\/27110057\/evolve-logo-80x17.png 80w, https:\/\/europe-thermoking.s3.eu-west-3.amazonaws.com\/wp-content\/uploads\/2024\/02\/27110057\/evolve-logo-640x133.png 640w, https:\/\/europe-thermoking.s3.eu-west-3.amazonaws.com\/wp-content\/uploads\/2024\/02\/27110057\/evolve-logo-960x200.png 960w, https:\/\/europe-thermoking.s3.eu-west-3.amazonaws.com\/wp-content\/uploads\/2024\/02\/27110057\/evolve-logo.png 962w\" sizes=\"auto, (max-width: 160px) 100vw, 160px\" \/><\/figure>\n\n\n\n<div style=\"height:var(--wp--preset--spacing--40)\" aria-hidden=\"true\" class=\"wp-block-spacer\"><\/div>\n\n\n\n<div style=\"height:1rem\" aria-hidden=\"true\" class=\"wp-block-spacer\"><\/div>\n\n\n\n<h2 class=\"wp-block-heading has-copr-color has-text-color has-link-color wp-elements-5543615aca81a4fcde169fdef5905d8c\">Refrigeraci\u00f3n Completamente El\u00e9ctrica<\/h2>\n\n\n\n<p class=\"has-2-xl-font-size\">Haga que su flota se sume al movimiento de la sostenibilidad con evolve&#x2122;, la cartera de productos de refrigeraci\u00f3n totalmente el\u00e9ctrica de&nbsp;Thermo King&nbsp;para&nbsp;camiones, remolques, furgonetas y veh\u00edculos comerciales ligeros. Disponemos de una soluci\u00f3n de refrigeraci\u00f3n disponible para&nbsp;cada segmento de la cadena de fr\u00edo, por lo que encontrar\u00e1 el complemento perfecto en la cartera de productos de&nbsp;Thermo King&nbsp;evolve&#x2122;.<\/p>\n<\/div><\/section>\n\n\n\n<section class=\"wp-block-group\" style=\"padding-top:2rem\"><div class=\"wp-block-group__inner-container is-layout-constrained wp-block-group-is-layout-constrained\">\n<h5 class=\"wp-block-heading\" id=\"axlepower\">AxlePower<\/h5>\n\n\n\n<h2 class=\"wp-block-heading has-copr-color has-text-color has-link-color wp-elements-b8676871611ee71ebdb4b4c4bd2f7a6d\">Un sistema inteligente de recuperaci\u00f3n de energ\u00eda para la refrigeraci\u00f3n para remolque<\/h2>\n\n\n\n<p class=\"has-2-xl-font-size\">Un sistema inteligente de recuperaci\u00f3n de energ\u00eda montado en el remolque que posibilita una verdadera&nbsp;refrigeraci\u00f3n sin emisiones.&nbsp;El eje ePower de BPW recupera una energ\u00eda que si no se perder\u00eda y lo almacena en el sistema de bater\u00eda Energ-e Pack. Esta reserva de energ\u00eda se puede emplear para alimentar el equipo frigor\u00edfico sin hacer funcionar su motor.<\/p>\n<\/div><\/section>\n\n\n\n<figure class=\"wp-block-embed is-type-video is-provider-vimeo wp-block-embed-vimeo wp-embed-aspect-16-9 wp-has-aspect-ratio\" style=\"margin-bottom:var(--wp--preset--spacing--0400)\"><div class=\"wp-block-embed__wrapper\">\n<iframe loading=\"lazy\" title=\"English - AxlePower Technical Video\" src=\"https:\/\/player.vimeo.com\/video\/821932172?dnt=1&amp;app_id=122963\" width=\"500\" height=\"281\" frameborder=\"0\" allow=\"autoplay; fullscreen; picture-in-picture; clipboard-write\"><\/iframe>\n<\/div><\/figure>\n\n\n\n<section class=\"wp-block-group\"><div class=\"wp-block-group__inner-container is-layout-constrained wp-block-group-is-layout-constrained\">\n<h5 class=\"wp-block-heading\" id=\"hybriddrive\">HybridDrive<\/h5>\n\n\n\n<h2 class=\"wp-block-heading has-copr-color has-text-color has-link-color wp-elements-c4745e815d2ed5c9a6d5da9469574275\">Combine la alimentaci\u00f3n el\u00e9ctrica y con combustibles f\u00f3siles<\/h2>\n\n\n\n<p class=\"has-2-xl-font-size\">Una fuente de alimentaci\u00f3n dise\u00f1ada para proporcionar&nbsp;flexibilidad. Esta tecnolog\u00eda puede funcionar con di\u00e9sel y con alimentaci\u00f3n el\u00e9ctrica. Gracias a las zonas delimitadas geogr\u00e1ficamente, HybridDrive cambia autom\u00e1ticamente a un modo PIEK sostenible y ultrasilencioso cuando entra en zonas sin emisiones y con restricciones de ruido. As\u00ed, su cami\u00f3n, su semirremolque o su cami\u00f3n r\u00edgido rendir\u00e1 siempre al m\u00e1ximo, tanto en una v\u00eda r\u00e1pida como en un entorno urbano.<\/p>\n<\/div><\/section>\n\n\n\n<figure class=\"wp-block-embed is-type-video is-provider-vimeo wp-block-embed-vimeo wp-embed-aspect-16-9 wp-has-aspect-ratio\" style=\"margin-bottom:var(--wp--preset--spacing--0400)\"><div class=\"wp-block-embed__wrapper\">\n<iframe loading=\"lazy\" title=\"Hybriddrive_Technical Animation_EN\" src=\"https:\/\/player.vimeo.com\/video\/817265695?dnt=1&amp;app_id=122963\" width=\"500\" height=\"281\" frameborder=\"0\" allow=\"autoplay; fullscreen; picture-in-picture; clipboard-write\"><\/iframe>\n<\/div><\/figure>\n\n\n\n<section class=\"wp-block-group\"><div class=\"wp-block-group__inner-container is-layout-constrained wp-block-group-is-layout-constrained\">\n<h5 class=\"wp-block-heading\" id=\"envirodrive\">EnviroDrive<\/h5>\n\n\n\n<h2 class=\"wp-block-heading has-copr-color has-text-color has-link-color wp-elements-0f4e773598323c9d3722323b10d7b431\" style=\"margin-bottom:0\">Tecnolog\u00eda de alternador<\/h2>\n\n\n\n<p class=\"has-innovation-blue-color has-text-color has-link-color has-2-xl-font-size wp-elements-2504ca4f0bba70cc9d70801d5cdd5694\" style=\"margin-top:-0.25rem;margin-bottom:var(--wp--preset--spacing--0200)\">con tecnolog\u00eda de Frigoblock<\/p>\n\n\n\n<p class=\"has-2-xl-font-size\">Alimentaci\u00f3n mediante un alternador de alto rendimiento accionado por el motor del veh\u00edculo La tecnolog\u00eda de alternador de Frigoblock funciona con una eficiencia superior al 90% para lograr una&nbsp;p\u00e9rdida m\u00ednima de la transferencia de energ\u00eda&nbsp;y reducir sus gastos en combustible y sus emisiones de carbono.<\/p>\n\n\n\n<div style=\"height:var(--wp--preset--spacing--55)\" aria-hidden=\"true\" class=\"wp-block-spacer\"><\/div>\n<\/div><\/section>\n\n\n\n<figure class=\"wp-block-embed is-type-video is-provider-vimeo wp-block-embed-vimeo wp-embed-aspect-16-9 wp-has-aspect-ratio\" style=\"margin-bottom:var(--wp--preset--spacing--0400)\"><div class=\"wp-block-embed__wrapper\">\n<iframe loading=\"lazy\" title=\"Envirodrive_Technical Animation_EN\" src=\"https:\/\/player.vimeo.com\/video\/817266814?dnt=1&amp;app_id=122963\" width=\"500\" height=\"281\" frameborder=\"0\" allow=\"autoplay; fullscreen; picture-in-picture; clipboard-write\"><\/iframe>\n<\/div><\/figure>\n\n\n\n<section class=\"wp-block-group\"><div class=\"wp-block-group__inner-container is-layout-constrained wp-block-group-is-layout-constrained\">\n<h5 class=\"wp-block-heading\" id=\"be-tech\">BE-Tech<\/h5>\n\n\n\n<h2 class=\"wp-block-heading has-copr-color has-text-color has-link-color wp-elements-222760c8c945c51fc83a2928517da06e\">Innovaci\u00f3n propulsada por bater\u00eda<\/h2>\n\n\n\n<p class=\"has-2-xl-font-size\">Una tecnolog\u00eda de refrigeraci\u00f3n para el transporte totalmente el\u00e9ctrica que obtiene la alimentaci\u00f3n de la bater\u00eda del veh\u00edculo. Gracias al aprovechamiento de los conocimientos y desarrollos m\u00e1s recientes, este intercambio de energ\u00eda es&nbsp;altamente eficiente&nbsp;para garantizar un impacto m\u00ednimo en la autonom\u00eda del veh\u00edculo.<\/p>\n<\/div><\/section>\n\n\n\n<figure class=\"wp-block-embed is-type-video is-provider-vimeo wp-block-embed-vimeo wp-embed-aspect-16-9 wp-has-aspect-ratio\" style=\"margin-bottom:var(--wp--preset--spacing--0400)\"><div class=\"wp-block-embed__wrapper\">\n<iframe loading=\"lazy\" title=\"BEtech_Technical Animation_EN\" src=\"https:\/\/player.vimeo.com\/video\/817266130?dnt=1&amp;app_id=122963\" width=\"500\" height=\"281\" frameborder=\"0\" allow=\"autoplay; fullscreen; picture-in-picture; clipboard-write\"><\/iframe>\n<\/div><\/figure>\n\n\n\n<div style=\"height:var(--wp--preset--spacing--80)\" aria-hidden=\"true\" class=\"wp-block-spacer\"><\/div>\n\n\n\n<div class=\"wp-block-group alignfull js-sticky-nav\" id=\"fuel-driven-technologies\" style=\"border-bottom-color:var(--wp--preset--color--neutral-gray);border-bottom-width:1px\"><div class=\"wp-block-group__inner-container is-layout-constrained wp-block-group-is-layout-constrained\">\n<section class=\"wp-block-group alignwide\" style=\"border-bottom-color:var(--wp--preset--color--neutral-gray);padding-top:var(--wp--preset--spacing--40);padding-bottom:var(--wp--preset--spacing--40)\"><div class=\"wp-block-group__inner-container is-layout-flow wp-block-group-is-layout-flow\">\n<div class=\"wp-block-group alignwide tw-gap-8 is-nowrap is-layout-flex wp-container-core-group-is-layout-ad2f72ca wp-block-group-is-layout-flex\">\n<div class=\"wp-block-group\" style=\"border-right-color:var(--wp--preset--color--innovation-blue);border-right-width:1px;padding-right:var(--wp--preset--spacing--0200)\"><div class=\"wp-block-group__inner-container is-layout-constrained wp-container-core-group-is-layout-4b25f6e1 wp-block-group-is-layout-constrained\">\n<h4 class=\"wp-block-heading has-innovation-blue-color has-text-color has-link-color wp-elements-70feb7f07a1f41874a89eb8665f90fcb\" style=\"margin-top:0;margin-bottom:0;line-height:1\"><a href=\"#fuel-driven-technologies\" data-type=\"internal\" data-id=\"#fuel-driven-technologies\">Tecnolog\u00eda con motor de combusti\u00f3n<\/a><\/h4>\n<\/div><\/div>\n\n\n\n<p class=\"js-scroll has-innovation-blue-color has-text-color has-link-color has-xl-font-size wp-elements-15e2f6a73b21b56b4c0c7a18bab16b0e\" style=\"font-style:normal;font-weight:600\"><a href=\"#evolve\" data-type=\"internal\" data-id=\"#evolve\">Evolve<\/a><\/p>\n\n\n\n<p class=\"js-scroll has-innovation-blue-color has-text-color has-link-color wp-elements-567d4b2ccb29a42dba7d6146f475eb02\"><a href=\"#evolve\" data-type=\"internal\" data-id=\"#evolve\">[tkicon icon=&#8221;arrow-up&#8221;]<\/a><\/p>\n<\/div>\n\n\n\n<div class=\"wp-block-group alignwide tw-gap-4 tw-md-gap-8 has-lg-font-size is-layout-flex wp-block-group-is-layout-flex\" style=\"margin-top:var(--wp--preset--spacing--0100);font-style:normal;font-weight:500\">\n<p class=\"js-scroll has-innovation-blue-color has-text-color has-link-color wp-elements-35bf1ecef72bd6945b85ae80d31d6131\"><a href=\"#greentech\" data-type=\"internal\" data-id=\"#greentech\">GreenTech<\/a><a href=\"#axlepower\" data-type=\"internal\" data-id=\"#axlepower\"><\/a><\/p>\n\n\n\n<p class=\"js-scroll has-innovation-blue-color has-text-color has-link-color wp-elements-8a25f14754fec98e1d5952c34beb98f5\"><a href=\"#directdrive\">DirectDrive<\/a><a href=\"#hybriddrive\"><\/a><\/p>\n<\/div>\n<\/div><\/section>\n<\/div><\/div>\n\n\n\n<section class=\"wp-block-group\"><div class=\"wp-block-group__inner-container is-layout-constrained wp-block-group-is-layout-constrained\">\n<h5 class=\"wp-block-heading\" id=\"greentech\">GreenTech<\/h5>\n\n\n\n<h2 class=\"wp-block-heading has-copr-color has-text-color has-link-color wp-elements-eaffc5d1587f8b23dc2efe0d9d55325a\">Con motor de combusti\u00f3n y bajas emisiones<\/h2>\n\n\n\n<p class=\"has-2-xl-font-size\">La tecnolog\u00eda de control de la temperatura con motor de combusti\u00f3n m\u00e1s eficiente del mercado. GreenTech ofrece las emisiones m\u00e1s bajas de cualquier unidad con motor de combusti\u00f3n y una fiabilidad incomparable. Gracias a su compatibilidad con el biodi\u00e9sel, el HVO-XTL y otros combustibles alternativos, su flota estar\u00e1 realmente preparada para el futuro, incluso usando combustible.<\/p>\n\n\n\n<div style=\"height:var(--wp--preset--spacing--55)\" aria-hidden=\"true\" class=\"wp-block-spacer\"><\/div>\n<\/div><\/section>\n\n\n\n<figure class=\"wp-block-embed is-type-video is-provider-vimeo wp-block-embed-vimeo wp-embed-aspect-16-9 wp-has-aspect-ratio\" style=\"margin-bottom:var(--wp--preset--spacing--0400)\"><div class=\"wp-block-embed__wrapper\">\n<iframe loading=\"lazy\" title=\"Greentech_Technical Animation_EN\" src=\"https:\/\/player.vimeo.com\/video\/817265169?dnt=1&amp;app_id=122963\" width=\"500\" height=\"281\" frameborder=\"0\" allow=\"autoplay; fullscreen; picture-in-picture; clipboard-write\"><\/iframe>\n<\/div><\/figure>\n\n\n\n<section class=\"wp-block-group\"><div class=\"wp-block-group__inner-container is-layout-constrained wp-block-group-is-layout-constrained\">\n<h5 class=\"wp-block-heading\" id=\"directdrive\">DirectDrive<\/h5>\n\n\n\n<h2 class=\"wp-block-heading has-copr-color has-text-color has-link-color wp-elements-01172cc45a68932a82c20f47005ace0a\">Refrigeraci\u00f3n propulsada por compresor<\/h2>\n\n\n\n<p class=\"has-2-xl-font-size\">Reduzca el ruido y las emisiones con una tecnolog\u00eda de compresor que ofrece una refrigeraci\u00f3n sin motor Gracias a que no necesita un motor extra, se reducen los costes de combustible y las emisiones y tambi\u00e9n se logra una refrigeraci\u00f3n ultrasilenciosa, lo que resulta perfecto para los repartos urbanos.<\/p>\n<\/div><\/section>\n\n\n\n<figure class=\"wp-block-embed is-type-video is-provider-vimeo wp-block-embed-vimeo wp-embed-aspect-16-9 wp-has-aspect-ratio\"><div class=\"wp-block-embed__wrapper\">\n<iframe loading=\"lazy\" title=\"Direct Drive_Technical Animation_EN\" src=\"https:\/\/player.vimeo.com\/video\/817266500?dnt=1&amp;app_id=122963\" width=\"500\" height=\"281\" frameborder=\"0\" allow=\"autoplay; fullscreen; picture-in-picture; clipboard-write\"><\/iframe>\n<\/div><\/figure>\n\n\n\n<div style=\"height:var(--wp--preset--spacing--60)\" aria-hidden=\"true\" class=\"wp-block-spacer\"><\/div>\n","protected":false},"excerpt":{"rendered":"<p>La revoluci\u00f3n de la cadena de fr\u00edo Hace m\u00e1s de 80 a\u00f1os, nuestros compresores accionados por el motor del veh\u00edculo encendieron la chispa de la revoluci\u00f3n en la cadena de fr\u00edo. Ahora&nbsp;Thermo King&nbsp;marca el camino para lograr una refrigeraci\u00f3n m\u00e1s sostenible con un n\u00famero creciente de innovadoras fuentes de alimentaci\u00f3n alternativas que superan las prestaciones [&hellip;]<\/p>\n","protected":false},"author":1,"featured_media":68821,"parent":0,"menu_order":0,"comment_status":"closed","ping_status":"closed","template":"","meta":{"_acf_changed":false,"footnotes":""},"class_list":["post-68829","page","type-page","status-publish","has-post-thumbnail","hentry"],"acf":[],"_links":{"self":[{"href":"https:\/\/www.staging.europe.thermoking.com\/es\/wp-json\/wp\/v2\/pages\/68829","targetHints":{"allow":["GET"]}}],"collection":[{"href":"https:\/\/www.staging.europe.thermoking.com\/es\/wp-json\/wp\/v2\/pages"}],"about":[{"href":"https:\/\/www.staging.europe.thermoking.com\/es\/wp-json\/wp\/v2\/types\/page"}],"author":[{"embeddable":true,"href":"https:\/\/www.staging.europe.thermoking.com\/es\/wp-json\/wp\/v2\/users\/1"}],"replies":[{"embeddable":true,"href":"https:\/\/www.staging.europe.thermoking.com\/es\/wp-json\/wp\/v2\/comments?post=68829"}],"version-history":[{"count":4,"href":"https:\/\/www.staging.europe.thermoking.com\/es\/wp-json\/wp\/v2\/pages\/68829\/revisions"}],"predecessor-version":[{"id":74156,"href":"https:\/\/www.staging.europe.thermoking.com\/es\/wp-json\/wp\/v2\/pages\/68829\/revisions\/74156"}],"wp:featuredmedia":[{"embeddable":true,"href":"https:\/\/www.staging.europe.thermoking.com\/es\/wp-json\/wp\/v2\/media\/68821"}],"wp:attachment":[{"href":"https:\/\/www.staging.europe.thermoking.com\/es\/wp-json\/wp\/v2\/media?parent=68829"}],"curies":[{"name":"wp","href":"https:\/\/api.w.org\/{rel}","templated":true}]}}