{"id":66993,"date":"2023-11-29T12:08:54","date_gmt":"2023-11-29T11:08:54","guid":{"rendered":"https:\/\/europe.thermoking.new.local\/?page_id=66993"},"modified":"2023-12-06T09:48:00","modified_gmt":"2023-12-06T08:48:00","slug":"max-your-cool","status":"publish","type":"page","link":"https:\/\/www.staging.europe.thermoking.com\/es\/max-your-cool","title":{"rendered":"Max Your Cool"},"content":{"rendered":"\n\n\n<section class=\"wp-block-group\"><div class=\"wp-block-group__inner-container is-layout-constrained wp-block-group-is-layout-constrained\">\n<p><strong>No se conforme con menos cuando puede obtener el m\u00e1ximo. Gracias a <strong>su gama completa de servicios y soluciones<\/strong>, Thermo King le ayuda a maximizar el tiempo de funcionamiento, la sostenibilidad, el ahorro y el control en todas sus actividades. Mantenga el rendimiento de su unidad al m\u00e1ximo y reduzca sus preocupaciones al m\u00ednimo. Todos los d\u00edas y en todo momento.<\/strong><\/p>\n\n\n\n<div class=\"wp-block-buttons is-layout-flex wp-block-buttons-is-layout-flex\">\n<div class=\"wp-block-button cc scrollTo\"><a class=\"wp-block-button__link wp-element-button\" href=\"#overview\">Services and solutions overview<\/a><\/div>\n<\/div>\n<\/div><\/section>\n\n\n\n<div style=\"height:100px\" aria-hidden=\"true\" class=\"wp-block-spacer\"><\/div>\n\n\n\n<section id=\"overview\" class=\"wp-block-group\"><div class=\"wp-block-group__inner-container is-layout-constrained wp-block-group-is-layout-constrained\">\n<h2 class=\"wp-block-heading\"><strong>Take it to the Max<\/strong><\/h2>\n\n\n\n<div class=\"wp-block-columns is-layout-flex wp-container-core-columns-is-layout-9d6595d7 wp-block-columns-is-layout-flex\">\n<div class=\"wp-block-column is-layout-flow wp-block-column-is-layout-flow\"><\/div>\n\n\n\n<div class=\"wp-block-column is-layout-flow wp-block-column-is-layout-flow\"><\/div>\n<\/div>\n\n\n\n<div class=\"wp-block-columns is-layout-flex wp-container-core-columns-is-layout-9d6595d7 wp-block-columns-is-layout-flex\">\n<div class=\"wp-block-column is-layout-flow wp-block-column-is-layout-flow\"><\/div>\n\n\n\n<div class=\"wp-block-column is-layout-flow wp-block-column-is-layout-flow\"><\/div>\n<\/div>\n<\/div><\/section>\n\n\n\n<div style=\"height:100px\" aria-hidden=\"true\" class=\"wp-block-spacer\"><\/div>\n\n\n\n<section class=\"wp-block-group\"><div class=\"wp-block-group__inner-container is-layout-constrained wp-block-group-is-layout-constrained\">\n<h2 class=\"wp-block-heading\"><strong>Mix &amp; Max<\/strong><\/h2>\n\n\n\n<p>Descubra los cimientos de nuestra gama de servicios y soluciones.<\/p>\n\n\n\n\n\n\n\n\n<\/div><\/section>\n\n\n\n<div class=\"wp-block-group\"><div class=\"wp-block-group__inner-container is-layout-constrained wp-block-group-is-layout-constrained\">\n<div style=\"height:100px\" aria-hidden=\"true\" class=\"wp-block-spacer\"><\/div>\n\n\n\n<h2 class=\"wp-block-heading\"><strong>Obtenga la m\u00e1xima asistencia<\/strong><br><strong>de nuestra red de concesionarios<\/strong><\/h2>\n\n\n\n<figure class=\"wp-block-image size-large\"><img loading=\"lazy\" decoding=\"async\" width=\"1024\" height=\"424\" src=\"https:\/\/europe-thermoking.s3.eu-west-3.amazonaws.com\/wp-content\/uploads\/2023\/11\/30114122\/myc-footer-cta-1024x424.png\" alt=\"\" class=\"wp-image-66037\" srcset=\"https:\/\/europe-thermoking.s3.eu-west-3.amazonaws.com\/wp-content\/uploads\/2023\/11\/30114122\/myc-footer-cta-1024x424.png 1024w, https:\/\/europe-thermoking.s3.eu-west-3.amazonaws.com\/wp-content\/uploads\/2023\/11\/30114122\/myc-footer-cta-300x124.png 300w, https:\/\/europe-thermoking.s3.eu-west-3.amazonaws.com\/wp-content\/uploads\/2023\/11\/30114122\/myc-footer-cta-768x318.png 768w, https:\/\/europe-thermoking.s3.eu-west-3.amazonaws.com\/wp-content\/uploads\/2023\/11\/30114122\/myc-footer-cta-160x66.png 160w, https:\/\/europe-thermoking.s3.eu-west-3.amazonaws.com\/wp-content\/uploads\/2023\/11\/30114122\/myc-footer-cta-320x133.png 320w, https:\/\/europe-thermoking.s3.eu-west-3.amazonaws.com\/wp-content\/uploads\/2023\/11\/30114122\/myc-footer-cta-40x17.png 40w, https:\/\/europe-thermoking.s3.eu-west-3.amazonaws.com\/wp-content\/uploads\/2023\/11\/30114122\/myc-footer-cta-80x33.png 80w, https:\/\/europe-thermoking.s3.eu-west-3.amazonaws.com\/wp-content\/uploads\/2023\/11\/30114122\/myc-footer-cta-869x360.png 869w, https:\/\/europe-thermoking.s3.eu-west-3.amazonaws.com\/wp-content\/uploads\/2023\/11\/30114122\/myc-footer-cta-1086x450.png 1086w, https:\/\/europe-thermoking.s3.eu-west-3.amazonaws.com\/wp-content\/uploads\/2023\/11\/30114122\/myc-footer-cta-640x265.png 640w, https:\/\/europe-thermoking.s3.eu-west-3.amazonaws.com\/wp-content\/uploads\/2023\/11\/30114122\/myc-footer-cta-960x398.png 960w, https:\/\/europe-thermoking.s3.eu-west-3.amazonaws.com\/wp-content\/uploads\/2023\/11\/30114122\/myc-footer-cta-1280x530.png 1280w, https:\/\/europe-thermoking.s3.eu-west-3.amazonaws.com\/wp-content\/uploads\/2023\/11\/30114122\/myc-footer-cta.png 1400w\" sizes=\"auto, (max-width: 1024px) 100vw, 1024px\" \/><\/figure>\n\n\n\n<p>\u00bfListo para maximizar la refrigeraci\u00f3n y mejorar el rendimiento de su unidad? Permita que nuestros concesionarios le ayuden a encontrar el servicio o la soluci\u00f3n ideal para sus necesidades y maximice el tiempo de funcionamiento, la sostenibilidad, el ahorro y el control.<\/p>\n\n\n\n<div class=\"wp-block-buttons is-layout-flex wp-block-buttons-is-layout-flex\">\n<div class=\"wp-block-button\"><a class=\"wp-block-button__link wp-element-button\" href=\"https:\/\/www.staging.europe.thermoking.com\/dealer-service-network\">Encuentre su concesionario m\u00e1s cercano<\/a><\/div>\n<\/div>\n<\/div><\/div>\n","protected":false},"excerpt":{"rendered":"<p>No se conforme con menos cuando puede obtener el m\u00e1ximo. Gracias a su gama completa de servicios y soluciones, Thermo King le ayuda a maximizar el tiempo de funcionamiento, la sostenibilidad, el ahorro y el control en todas sus actividades. Mantenga el rendimiento de su unidad al m\u00e1ximo y reduzca sus preocupaciones al m\u00ednimo. Todos [&hellip;]<\/p>\n","protected":false},"author":1,"featured_media":0,"parent":0,"menu_order":0,"comment_status":"closed","ping_status":"closed","template":"","meta":{"_acf_changed":false,"footnotes":""},"class_list":["post-66993","page","type-page","status-publish","hentry"],"acf":[],"_links":{"self":[{"href":"https:\/\/www.staging.europe.thermoking.com\/es\/wp-json\/wp\/v2\/pages\/66993","targetHints":{"allow":["GET"]}}],"collection":[{"href":"https:\/\/www.staging.europe.thermoking.com\/es\/wp-json\/wp\/v2\/pages"}],"about":[{"href":"https:\/\/www.staging.europe.thermoking.com\/es\/wp-json\/wp\/v2\/types\/page"}],"author":[{"embeddable":true,"href":"https:\/\/www.staging.europe.thermoking.com\/es\/wp-json\/wp\/v2\/users\/1"}],"replies":[{"embeddable":true,"href":"https:\/\/www.staging.europe.thermoking.com\/es\/wp-json\/wp\/v2\/comments?post=66993"}],"version-history":[{"count":0,"href":"https:\/\/www.staging.europe.thermoking.com\/es\/wp-json\/wp\/v2\/pages\/66993\/revisions"}],"wp:attachment":[{"href":"https:\/\/www.staging.europe.thermoking.com\/es\/wp-json\/wp\/v2\/media?parent=66993"}],"curies":[{"name":"wp","href":"https:\/\/api.w.org\/{rel}","templated":true}]}}