{"id":64737,"date":"2023-08-22T13:45:45","date_gmt":"2023-08-22T11:45:45","guid":{"rendered":"https:\/\/europe.thermoking.new.local\/?page_id=64737"},"modified":"2023-11-17T11:22:25","modified_gmt":"2023-11-17T10:22:25","slug":"e-500e","status":"publish","type":"page","link":"https:\/\/www.staging.europe.thermoking.com\/es\/direct-drive\/e-series\/e-500e","title":{"rendered":"E-500e"},"content":{"rendered":"\n\n\n<div class=\"wp-block-columns has-2-columns is-layout-flex wp-container-core-columns-is-layout-9d6595d7 wp-block-columns-is-layout-flex\">\n<div class=\"wp-block-column col-md-9 is-layout-flow wp-block-column-is-layout-flow\">\n<h1 class=\"wp-block-heading\"><\/h1>\n<\/div>\n\n\n\n<div class=\"wp-block-column col-md-3 is-layout-flow wp-block-column-is-layout-flow\"><\/div>\n<\/div>\n\n\n\n<p><strong><strong>El modelo insignia de la serie E es el principal est\u00e1ndar para la refrigeraci\u00f3n totalmente el\u00e9ctrica en veh\u00edculos comerciales ligeros el\u00e9ctricos especializados en la distribuci\u00f3n capilar y urbana.<\/strong><\/strong><\/p>\n\n\n\n<p>Adecuado para furgonetas de reparto, camiones con bastidor con cabina y otros tipos de veh\u00edculos comerciales ligeros el\u00e9ctricos.<\/p>\n\n\n\n<div style=\"height:100px\" aria-hidden=\"true\" class=\"wp-block-spacer\"><\/div>\n\n\n\n<div class=\"wp-block-columns is-layout-flex wp-container-core-columns-is-layout-9d6595d7 wp-block-columns-is-layout-flex\">\n<div class=\"wp-block-column is-layout-flow wp-block-column-is-layout-flow\">\n<figure class=\"wp-block-image size-full is-resized mb-m1\"><img loading=\"lazy\" decoding=\"async\" width=\"108\" height=\"68\" src=\"https:\/\/europe-thermoking.s3.eu-west-3.amazonaws.com\/wp-content\/uploads\/2023\/08\/22140922\/icon-leaf-bolt.png\" alt=\"\" class=\"wp-image-64657\" style=\"width:54px;height:34px\" srcset=\"https:\/\/europe-thermoking.s3.eu-west-3.amazonaws.com\/wp-content\/uploads\/2023\/08\/22140922\/icon-leaf-bolt.png 108w, https:\/\/europe-thermoking.s3.eu-west-3.amazonaws.com\/wp-content\/uploads\/2023\/08\/22140922\/icon-leaf-bolt-40x25.png 40w, https:\/\/europe-thermoking.s3.eu-west-3.amazonaws.com\/wp-content\/uploads\/2023\/08\/22140922\/icon-leaf-bolt-80x50.png 80w\" sizes=\"auto, (max-width: 108px) 100vw, 108px\" \/><\/figure>\n\n\n\n<p><strong><strong>Circule durante m\u00e1s tiempo<\/strong><\/strong><br>El nuevo dise\u00f1o con eficiencia energ\u00e9tica reduce el impacto en la bater\u00eda de su veh\u00edculo el\u00e9ctrico con bater\u00eda.<\/p>\n<\/div>\n\n\n\n<div class=\"wp-block-column is-layout-flow wp-block-column-is-layout-flow\">\n<figure class=\"wp-block-image size-full is-resized mb-m1\"><img loading=\"lazy\" decoding=\"async\" width=\"108\" height=\"68\" src=\"https:\/\/europe-thermoking.s3.eu-west-3.amazonaws.com\/wp-content\/uploads\/2023\/08\/22140957\/icon-cost-slice.png\" alt=\"\" class=\"wp-image-64679\" style=\"width:54px;height:34px\" srcset=\"https:\/\/europe-thermoking.s3.eu-west-3.amazonaws.com\/wp-content\/uploads\/2023\/08\/22140957\/icon-cost-slice.png 108w, https:\/\/europe-thermoking.s3.eu-west-3.amazonaws.com\/wp-content\/uploads\/2023\/08\/22140957\/icon-cost-slice-40x25.png 40w, https:\/\/europe-thermoking.s3.eu-west-3.amazonaws.com\/wp-content\/uploads\/2023\/08\/22140957\/icon-cost-slice-80x50.png 80w\" sizes=\"auto, (max-width: 108px) 100vw, 108px\" \/><\/figure>\n\n\n\n<p><strong><strong>Reduzca sus costes<\/strong><\/strong><br>Con un dise\u00f1o optimizado, reduzca los costes operativos y aumente los m\u00e1rgenes diarios.<br><\/p>\n<\/div>\n\n\n\n<div class=\"wp-block-column is-layout-flow wp-block-column-is-layout-flow\">\n<figure class=\"wp-block-image size-full is-resized mb-m1\"><img loading=\"lazy\" decoding=\"async\" width=\"108\" height=\"68\" src=\"https:\/\/europe-thermoking.s3.eu-west-3.amazonaws.com\/wp-content\/uploads\/2023\/08\/22141021\/icon-apt-building.png\" alt=\"\" class=\"wp-image-64700\" style=\"width:54px;height:34px\" srcset=\"https:\/\/europe-thermoking.s3.eu-west-3.amazonaws.com\/wp-content\/uploads\/2023\/08\/22141021\/icon-apt-building.png 108w, https:\/\/europe-thermoking.s3.eu-west-3.amazonaws.com\/wp-content\/uploads\/2023\/08\/22141021\/icon-apt-building-40x25.png 40w, https:\/\/europe-thermoking.s3.eu-west-3.amazonaws.com\/wp-content\/uploads\/2023\/08\/22141021\/icon-apt-building-80x50.png 80w\" sizes=\"auto, (max-width: 108px) 100vw, 108px\" \/><\/figure>\n\n\n\n<p><strong><strong>Acceda a zonas sin emisiones<\/strong><\/strong><br>Funcionamiento totalmente el\u00e9ctrico para acceder a los centros urbanos.<\/p>\n<\/div>\n<\/div>\n\n\n\n<div style=\"height:100px\" aria-hidden=\"true\" class=\"wp-block-spacer\"><\/div>\n\n\n\n<h2 class=\"wp-block-heading has-copr-color has-text-color\">Refrigeraci\u00f3n potente y totalmente el\u00e9ctrica<\/h2>\n\n\n\n<p>Una alta capacidad de refrigeraci\u00f3n constante gracias a un compresor herm\u00e9tico de alta velocidad sin escobillas controlado por un inversor de \u00faltima generaci\u00f3n. Aumente la velocidad de su compresor independientemente del veh\u00edculo y mantenga una temperatura constante durante su ruta de reparto. Haga fr\u00edo o calor, la unidad E-500e se ocupa de todo.<\/p>\n\n\n\n<p>Una toma de fuerza el\u00e9ctrica (ePTO) inteligente permite la alimentaci\u00f3n directa de la bater\u00eda del veh\u00edculo y, seg\u00fan el tipo de veh\u00edculo comercial ligero el\u00e9ctrico, mantiene su unidad en funcionamiento y su carga protegida, incluso si su veh\u00edculo est\u00e1 cargando o apagado.<\/p>\n\n\n\n<div style=\"height:100px\" aria-hidden=\"true\" class=\"wp-block-spacer\"><\/div>\n\n\n\n<div class=\"wp-block-cover is-light\"><span aria-hidden=\"true\" class=\"wp-block-cover__background has-background-dim-0 has-background-dim\"><\/span><img loading=\"lazy\" decoding=\"async\" width=\"1208\" height=\"616\" class=\"wp-block-cover__image-background wp-image-64561\" alt=\"\" src=\"https:\/\/europe-thermoking.s3.eu-west-3.amazonaws.com\/wp-content\/uploads\/2023\/08\/22134220\/e-500e-cover-1.jpg\" data-object-fit=\"cover\" srcset=\"https:\/\/europe-thermoking.s3.eu-west-3.amazonaws.com\/wp-content\/uploads\/2023\/08\/22134220\/e-500e-cover-1.jpg 1208w, https:\/\/europe-thermoking.s3.eu-west-3.amazonaws.com\/wp-content\/uploads\/2023\/08\/22134220\/e-500e-cover-1-300x153.jpg 300w, https:\/\/europe-thermoking.s3.eu-west-3.amazonaws.com\/wp-content\/uploads\/2023\/08\/22134220\/e-500e-cover-1-1024x522.jpg 1024w, https:\/\/europe-thermoking.s3.eu-west-3.amazonaws.com\/wp-content\/uploads\/2023\/08\/22134220\/e-500e-cover-1-768x392.jpg 768w, https:\/\/europe-thermoking.s3.eu-west-3.amazonaws.com\/wp-content\/uploads\/2023\/08\/22134220\/e-500e-cover-1-160x82.jpg 160w, https:\/\/europe-thermoking.s3.eu-west-3.amazonaws.com\/wp-content\/uploads\/2023\/08\/22134220\/e-500e-cover-1-320x163.jpg 320w, https:\/\/europe-thermoking.s3.eu-west-3.amazonaws.com\/wp-content\/uploads\/2023\/08\/22134220\/e-500e-cover-1-40x20.jpg 40w, https:\/\/europe-thermoking.s3.eu-west-3.amazonaws.com\/wp-content\/uploads\/2023\/08\/22134220\/e-500e-cover-1-80x41.jpg 80w, https:\/\/europe-thermoking.s3.eu-west-3.amazonaws.com\/wp-content\/uploads\/2023\/08\/22134220\/e-500e-cover-1-706x360.jpg 706w, https:\/\/europe-thermoking.s3.eu-west-3.amazonaws.com\/wp-content\/uploads\/2023\/08\/22134220\/e-500e-cover-1-882x450.jpg 882w, https:\/\/europe-thermoking.s3.eu-west-3.amazonaws.com\/wp-content\/uploads\/2023\/08\/22134220\/e-500e-cover-1-640x326.jpg 640w, https:\/\/europe-thermoking.s3.eu-west-3.amazonaws.com\/wp-content\/uploads\/2023\/08\/22134220\/e-500e-cover-1-960x490.jpg 960w\" sizes=\"auto, (max-width: 1208px) 100vw, 1208px\" \/><div class=\"wp-block-cover__inner-container is-layout-flow wp-block-cover-is-layout-flow\">\n<p class=\"has-text-align-center has-large-font-size\"><\/p>\n<\/div><\/div>\n\n\n\n<div style=\"height:100px\" aria-hidden=\"true\" class=\"wp-block-spacer\"><\/div>\n\n\n\n<h2 class=\"wp-block-heading has-copr-color has-text-color\"><strong><strong>Refrigeraci\u00f3n con un impacto m\u00ednimo en la bater\u00eda<\/strong><\/strong><\/h2>\n\n\n\n<p>La tecnolog\u00eda de inversor dise\u00f1ada a medida, un sistema de control de la alimentaci\u00f3n patentado y la comunicaci\u00f3n inteligente en tiempo real entre la unidad y el veh\u00edculo hacen que la unidad E-500e sea el equipo frigor\u00edfico para el transporte m\u00e1s eficiente del mercado actual y con el menor impacto posible en la autonom\u00eda de su veh\u00edculo el\u00e9ctrico.<\/p>\n\n\n\n<div style=\"height:100px\" aria-hidden=\"true\" class=\"wp-block-spacer\"><\/div>\n\n\n\n<h2 class=\"wp-block-heading has-copr-color has-text-color\">Menores costes de mantenimiento<\/h2>\n\n\n\n<p>El dise\u00f1o moderno, optimizado y m\u00e1s eficiente hace que la unidad E-500e sea extremadamente ligera (menos de la mitad del peso de los modelos antiguos). Sus dimensiones y peso reducidos se traducen en m\u00e1s espacio de carga durante cada ciclo de entrega y tener menos piezas implica que el desgaste es menor, lo que reduce los costes y los intervalos de mantenimiento.<\/p>\n\n\n\n<div style=\"height:100px\" aria-hidden=\"true\" class=\"wp-block-spacer\"><\/div>\n\n\n\n<h2 class=\"wp-block-heading has-copr-color has-text-color\">Opciones de instalaci\u00f3n flexibles<\/h2>\n\n\n\n<p>La unidad E-500e est\u00e1 totalmente alimentada por el veh\u00edculo el\u00e9ctrico de bater\u00eda. Eso significa que no es necesario instalar ninguna bater\u00eda extra ni preparar una infraestructura de carga adicional.<\/p>\n\n\n\n<p>Adem\u00e1s, la unidad est\u00e1 disponible en varias configuraciones de montaje:<\/p>\n\n\n\n<ul class=\"wp-block-list\">\n<li>Montaje en recept\u00e1culo<\/li>\n\n\n\n<li>Montaje en el techo<\/li>\n\n\n\n<li>Montaje frontal<\/li>\n<\/ul>\n\n\n\n<div style=\"height:100px\" aria-hidden=\"true\" class=\"wp-block-spacer\"><\/div>\n\n\n\n<figure class=\"wp-block-image size-large\"><img loading=\"lazy\" decoding=\"async\" width=\"1024\" height=\"522\" src=\"https:\/\/europe-thermoking.s3.eu-west-3.amazonaws.com\/wp-content\/uploads\/2023\/08\/22134356\/e-500e-cover-2-1024x522.jpg\" alt=\"\" class=\"wp-image-64576\" srcset=\"https:\/\/europe-thermoking.s3.eu-west-3.amazonaws.com\/wp-content\/uploads\/2023\/08\/22134356\/e-500e-cover-2-1024x522.jpg 1024w, https:\/\/europe-thermoking.s3.eu-west-3.amazonaws.com\/wp-content\/uploads\/2023\/08\/22134356\/e-500e-cover-2-300x153.jpg 300w, https:\/\/europe-thermoking.s3.eu-west-3.amazonaws.com\/wp-content\/uploads\/2023\/08\/22134356\/e-500e-cover-2-768x392.jpg 768w, https:\/\/europe-thermoking.s3.eu-west-3.amazonaws.com\/wp-content\/uploads\/2023\/08\/22134356\/e-500e-cover-2-160x82.jpg 160w, https:\/\/europe-thermoking.s3.eu-west-3.amazonaws.com\/wp-content\/uploads\/2023\/08\/22134356\/e-500e-cover-2-320x163.jpg 320w, https:\/\/europe-thermoking.s3.eu-west-3.amazonaws.com\/wp-content\/uploads\/2023\/08\/22134356\/e-500e-cover-2-40x20.jpg 40w, https:\/\/europe-thermoking.s3.eu-west-3.amazonaws.com\/wp-content\/uploads\/2023\/08\/22134356\/e-500e-cover-2-80x41.jpg 80w, https:\/\/europe-thermoking.s3.eu-west-3.amazonaws.com\/wp-content\/uploads\/2023\/08\/22134356\/e-500e-cover-2-706x360.jpg 706w, https:\/\/europe-thermoking.s3.eu-west-3.amazonaws.com\/wp-content\/uploads\/2023\/08\/22134356\/e-500e-cover-2-882x450.jpg 882w, https:\/\/europe-thermoking.s3.eu-west-3.amazonaws.com\/wp-content\/uploads\/2023\/08\/22134356\/e-500e-cover-2-640x326.jpg 640w, https:\/\/europe-thermoking.s3.eu-west-3.amazonaws.com\/wp-content\/uploads\/2023\/08\/22134356\/e-500e-cover-2-960x490.jpg 960w, https:\/\/europe-thermoking.s3.eu-west-3.amazonaws.com\/wp-content\/uploads\/2023\/08\/22134356\/e-500e-cover-2.jpg 1208w\" sizes=\"auto, (max-width: 1024px) 100vw, 1024px\" \/><\/figure>\n\n\n\n<div style=\"height:100px\" aria-hidden=\"true\" class=\"wp-block-spacer\"><\/div>\n\n\n\n<h2 class=\"wp-block-heading has-copr-color has-text-color\">Maximice la flexibilidad operativa de su flota<\/h2>\n\n\n\n<p>Con varias capacidades y ultravers\u00e1til, la E-500e le brinda a sus flotas acceso a las \u00e1reas con regulaci\u00f3n del ruido, a las zonas de bajas emisiones y de emisiones ultrabajas y a las zonas con prohibiciones de motores di\u00e9sel, tanto de d\u00eda como de noche.<\/p>\n\n\n\n<p>Las capacidades multitemperatura permiten que su flota pueda superar todas las limitaciones y hacer frente a cualquier reparto urbano.<\/p>\n\n\n\n<div class=\"wp-block-cover is-light\" style=\"min-height:240px;aspect-ratio:unset;\"><span aria-hidden=\"true\" class=\"wp-block-cover__background has-background-dim-0 has-background-dim\"><\/span><img loading=\"lazy\" decoding=\"async\" width=\"1200\" height=\"456\" class=\"wp-block-cover__image-background wp-image-64591\" alt=\"\" src=\"https:\/\/europe-thermoking.s3.eu-west-3.amazonaws.com\/wp-content\/uploads\/2023\/08\/22134523\/e-500e-cta.png\" data-object-fit=\"cover\" srcset=\"https:\/\/europe-thermoking.s3.eu-west-3.amazonaws.com\/wp-content\/uploads\/2023\/08\/22134523\/e-500e-cta.png 1200w, https:\/\/europe-thermoking.s3.eu-west-3.amazonaws.com\/wp-content\/uploads\/2023\/08\/22134523\/e-500e-cta-300x114.png 300w, https:\/\/europe-thermoking.s3.eu-west-3.amazonaws.com\/wp-content\/uploads\/2023\/08\/22134523\/e-500e-cta-1024x389.png 1024w, https:\/\/europe-thermoking.s3.eu-west-3.amazonaws.com\/wp-content\/uploads\/2023\/08\/22134523\/e-500e-cta-768x292.png 768w, https:\/\/europe-thermoking.s3.eu-west-3.amazonaws.com\/wp-content\/uploads\/2023\/08\/22134523\/e-500e-cta-160x61.png 160w, https:\/\/europe-thermoking.s3.eu-west-3.amazonaws.com\/wp-content\/uploads\/2023\/08\/22134523\/e-500e-cta-320x122.png 320w, https:\/\/europe-thermoking.s3.eu-west-3.amazonaws.com\/wp-content\/uploads\/2023\/08\/22134523\/e-500e-cta-40x15.png 40w, https:\/\/europe-thermoking.s3.eu-west-3.amazonaws.com\/wp-content\/uploads\/2023\/08\/22134523\/e-500e-cta-80x30.png 80w, https:\/\/europe-thermoking.s3.eu-west-3.amazonaws.com\/wp-content\/uploads\/2023\/08\/22134523\/e-500e-cta-947x360.png 947w, https:\/\/europe-thermoking.s3.eu-west-3.amazonaws.com\/wp-content\/uploads\/2023\/08\/22134523\/e-500e-cta-1184x450.png 1184w, https:\/\/europe-thermoking.s3.eu-west-3.amazonaws.com\/wp-content\/uploads\/2023\/08\/22134523\/e-500e-cta-640x243.png 640w, https:\/\/europe-thermoking.s3.eu-west-3.amazonaws.com\/wp-content\/uploads\/2023\/08\/22134523\/e-500e-cta-960x365.png 960w\" sizes=\"auto, (max-width: 1200px) 100vw, 1200px\" \/><div class=\"wp-block-cover__inner-container is-layout-flow wp-block-cover-is-layout-flow\">\n<p class=\"has-white-white-color has-text-color\"><strong><strong><strong>Obtenga la ventaja el\u00e9ctrica y<\/strong><\/strong><\/strong><br><strong><strong><strong>contacte ya con su concesionario m\u00e1s cercano.<\/strong><\/strong><\/strong><\/p>\n\n\n\n<div class=\"wp-block-buttons is-layout-flex wp-block-buttons-is-layout-flex\">\n<div class=\"wp-block-button is-style-fill\"><a class=\"wp-block-button__link has-coba-background-color has-background wp-element-button\" href=\"https:\/\/www.staging.europe.thermoking.com\/dealer-service-network\/\" target=\"_blank\" rel=\"noreferrer noopener\">Contactar con nosotros<\/a><\/div>\n<\/div>\n<\/div><\/div>\n","protected":false},"excerpt":{"rendered":"<p>El modelo insignia de la serie E es el principal est\u00e1ndar para la refrigeraci\u00f3n totalmente el\u00e9ctrica en veh\u00edculos comerciales ligeros el\u00e9ctricos especializados en la distribuci\u00f3n capilar y urbana. Adecuado para furgonetas de reparto, camiones con bastidor con cabina y otros tipos de veh\u00edculos comerciales ligeros el\u00e9ctricos. Circule durante m\u00e1s tiempoEl nuevo dise\u00f1o con eficiencia energ\u00e9tica [&hellip;]<\/p>\n","protected":false},"author":1,"featured_media":0,"parent":7566,"menu_order":0,"comment_status":"closed","ping_status":"closed","template":"","meta":{"_acf_changed":false,"footnotes":""},"class_list":["post-64737","page","type-page","status-publish","hentry"],"acf":[],"_links":{"self":[{"href":"https:\/\/www.staging.europe.thermoking.com\/es\/wp-json\/wp\/v2\/pages\/64737","targetHints":{"allow":["GET"]}}],"collection":[{"href":"https:\/\/www.staging.europe.thermoking.com\/es\/wp-json\/wp\/v2\/pages"}],"about":[{"href":"https:\/\/www.staging.europe.thermoking.com\/es\/wp-json\/wp\/v2\/types\/page"}],"author":[{"embeddable":true,"href":"https:\/\/www.staging.europe.thermoking.com\/es\/wp-json\/wp\/v2\/users\/1"}],"replies":[{"embeddable":true,"href":"https:\/\/www.staging.europe.thermoking.com\/es\/wp-json\/wp\/v2\/comments?post=64737"}],"version-history":[{"count":0,"href":"https:\/\/www.staging.europe.thermoking.com\/es\/wp-json\/wp\/v2\/pages\/64737\/revisions"}],"up":[{"embeddable":true,"href":"https:\/\/www.staging.europe.thermoking.com\/es\/wp-json\/wp\/v2\/pages\/7566"}],"wp:attachment":[{"href":"https:\/\/www.staging.europe.thermoking.com\/es\/wp-json\/wp\/v2\/media?parent=64737"}],"curies":[{"name":"wp","href":"https:\/\/api.w.org\/{rel}","templated":true}]}}