{"id":64423,"date":"2023-07-11T12:51:12","date_gmt":"2023-07-11T10:51:12","guid":{"rendered":"https:\/\/europe.thermoking.new.local\/?page_id=64423"},"modified":"2025-03-10T15:25:18","modified_gmt":"2025-03-10T14:25:18","slug":"axlepower-alimentado-por-la-carretera","status":"publish","type":"page","link":"https:\/\/www.staging.europe.thermoking.com\/es\/soluciones-de-alimentacion\/axlepower-alimentado-por-la-carretera","title":{"rendered":"AxlePower &#8211; Alimentado por la carretera"},"content":{"rendered":"\n\n\n<div class=\"wp-block-columns is-layout-flex wp-container-core-columns-is-layout-9d6595d7 wp-block-columns-is-layout-flex\">\n<div class=\"wp-block-column is-layout-flow wp-block-column-is-layout-flow\">\n<h1 class=\"wp-block-heading\"><\/h1>\n<\/div>\n\n\n\n<div class=\"wp-block-column is-layout-flow wp-block-column-is-layout-flow\"><\/div>\n<\/div>\n\n\n\n<p class=\"has-2-xl-font-size\">AxlePower garantiza que no se desperdicie energ\u00eda. Esta soluci\u00f3n de montaje en el remolque recupera y almacena la energ\u00eda generada al frenar y descender pendientes para que pueda alimentar su equipo frigor\u00edfico con energ\u00eda sostenible.<\/p>\n\n\n\n<div style=\"height:100px\" aria-hidden=\"true\" class=\"wp-block-spacer\"><\/div>\n\n\n\n<h2 class=\"wp-block-heading has-copr-color has-text-color\">Refrigeraci\u00f3n sin emisiones<\/h2>\n\n\n\n<figure class=\"wp-block-image size-169-md\"><img loading=\"lazy\" decoding=\"async\" width=\"960\" height=\"540\" src=\"https:\/\/europe-thermoking.s3.eu-west-3.amazonaws.com\/wp-content\/uploads\/2023\/07\/11122717\/e-200-vehicle-960x540.jpg\" alt=\"\" class=\"wp-image-64103\" srcset=\"https:\/\/europe-thermoking.s3.eu-west-3.amazonaws.com\/wp-content\/uploads\/2023\/07\/11122717\/e-200-vehicle-960x540.jpg 960w, https:\/\/europe-thermoking.s3.eu-west-3.amazonaws.com\/wp-content\/uploads\/2023\/07\/11122717\/e-200-vehicle-320x180.jpg 320w, https:\/\/europe-thermoking.s3.eu-west-3.amazonaws.com\/wp-content\/uploads\/2023\/07\/11122717\/e-200-vehicle-640x360.jpg 640w\" sizes=\"auto, (max-width: 960px) 100vw, 960px\" \/><\/figure>\n\n\n\n<div style=\"height:100px\" aria-hidden=\"true\" class=\"wp-block-spacer\"><\/div>\n\n\n\n<div class=\"wp-block-columns is-layout-flex wp-container-core-columns-is-layout-9d6595d7 wp-block-columns-is-layout-flex\">\n<div class=\"wp-block-column is-layout-flow wp-block-column-is-layout-flow\">\n<p><strong>A-500e<\/strong><br>Apague el motor de su unidad y alim\u00e9ntela de forma el\u00e9ctrica con energ\u00eda sostenible.<\/p>\n<\/div>\n\n\n\n<div class=\"wp-block-column is-layout-flow wp-block-column-is-layout-flow\">\n<p><strong>Conjunto de bater\u00edas Energ-e<\/strong><br><\/p>\n\n\n\n<p>La energ\u00eda se almacena en una bater\u00eda de alto voltaje situada debajo del remolque. Al menos 2 horas de funcionamiento aut\u00f3nomo.<\/p>\n<\/div>\n\n\n\n<div class=\"wp-block-column is-layout-flow wp-block-column-is-layout-flow\">\n<p><strong>Eje ePower de BPW<\/strong><br>El nuevo dise\u00f1o con eficiencia energ\u00e9tica reduce el impacto en la bater\u00eda de su veh\u00edculo el\u00e9ctrico de bater\u00eda.<\/p>\n<\/div>\n<\/div>\n\n\n\n<div style=\"height:100px\" aria-hidden=\"true\" class=\"wp-block-spacer\"><\/div>\n\n\n\n<h2 class=\"wp-block-heading has-copr-color has-text-color\">Totalmente independiente de la unidad tractora<\/h2>\n\n\n\n<p>Todo el sistema <strong>se monta en el remolque. <\/strong>Cualquier unidad tractora, propulsada por cualquier fuente de alimentaci\u00f3n (desde HVO a biodi\u00e9sel o una bater\u00eda) se puede instalar en su remolque con AxlePower.<\/p>\n\n\n\n<div style=\"height:100px\" aria-hidden=\"true\" class=\"wp-block-spacer\"><\/div>\n\n\n\n<h2 class=\"wp-block-heading has-copr-color has-text-color\">Gesti\u00f3n inteligente de la energ\u00eda<\/h2>\n\n\n\n<p>Nuestro exclusivo sistema de carga cambia autom\u00e1ticamente entre sus 3 modos para optimizar la eficiencia de la carga y facilitar el uso del equipo, sin intervenci\u00f3n del conductor.<\/p>\n\n\n\n<div style=\"height:100px\" aria-hidden=\"true\" class=\"wp-block-spacer\"><\/div>\n\n\n\n<figure class=\"wp-block-image size-169-md\"><img loading=\"lazy\" decoding=\"async\" width=\"960\" height=\"540\" src=\"https:\/\/europe-thermoking.s3.eu-west-3.amazonaws.com\/wp-content\/uploads\/2023\/07\/11123355\/e-200-vehicle-2-960x540.jpg\" alt=\"\" class=\"wp-image-64124\" srcset=\"https:\/\/europe-thermoking.s3.eu-west-3.amazonaws.com\/wp-content\/uploads\/2023\/07\/11123355\/e-200-vehicle-2-960x540.jpg 960w, https:\/\/europe-thermoking.s3.eu-west-3.amazonaws.com\/wp-content\/uploads\/2023\/07\/11123355\/e-200-vehicle-2-320x180.jpg 320w, https:\/\/europe-thermoking.s3.eu-west-3.amazonaws.com\/wp-content\/uploads\/2023\/07\/11123355\/e-200-vehicle-2-640x360.jpg 640w\" sizes=\"auto, (max-width: 960px) 100vw, 960px\" \/><\/figure>\n\n\n\n<div style=\"height:100px\" aria-hidden=\"true\" class=\"wp-block-spacer\"><\/div>\n\n\n\n<div class=\"wp-block-columns is-layout-flex wp-container-core-columns-is-layout-9d6595d7 wp-block-columns-is-layout-flex\">\n<div class=\"wp-block-column is-layout-flow wp-block-column-is-layout-flow\">\n<p><strong>Modo de recuperaci\u00f3n<\/strong><br>Energ\u00eda recuperada al frenar y bajar pendientes, sin impacto en el consumo de combustible de la unidad tractora.<\/p>\n<\/div>\n\n\n\n<div class=\"wp-block-column is-layout-flow wp-block-column-is-layout-flow\">\n<p><strong>Modo pasivo<\/strong><br>Se emplea cuando la carga de la bater\u00eda es abundante o al transportar productos que no son sensibles a la temperatura.<\/p>\n<\/div>\n\n\n\n<div class=\"wp-block-column is-layout-flow wp-block-column-is-layout-flow\">\n<p><strong>Modo activo<\/strong><br>Se usa cuando el sistema detecta que es necesario generar m\u00e1s carga para la bater\u00eda para alimentar a la unidad.<\/p>\n<\/div>\n<\/div>\n\n\n\n<div style=\"height:100px\" aria-hidden=\"true\" class=\"wp-block-spacer\"><\/div>\n\n\n\n<p><strong><strong>Vea c\u00f3mo funciona nuestro exclusivo sistema de gesti\u00f3n inteligente de la energ\u00eda<\/strong><\/strong>:<\/p>\n\n\n\n<figure class=\"wp-block-image size-169-md\"><a href=\"https:\/\/vimeo.com\/manage\/videos\/821932375\" target=\"_blank\" rel=\"noreferrer noopener\"><img loading=\"lazy\" decoding=\"async\" width=\"960\" height=\"540\" src=\"https:\/\/europe-thermoking.s3.eu-west-3.amazonaws.com\/wp-content\/uploads\/2023\/07\/11123728\/axlepower-movie-960x540.jpg\" alt=\"\" class=\"wp-image-64145\" srcset=\"https:\/\/europe-thermoking.s3.eu-west-3.amazonaws.com\/wp-content\/uploads\/2023\/07\/11123728\/axlepower-movie-960x540.jpg 960w, https:\/\/europe-thermoking.s3.eu-west-3.amazonaws.com\/wp-content\/uploads\/2023\/07\/11123728\/axlepower-movie-320x180.jpg 320w, https:\/\/europe-thermoking.s3.eu-west-3.amazonaws.com\/wp-content\/uploads\/2023\/07\/11123728\/axlepower-movie-640x360.jpg 640w\" sizes=\"auto, (max-width: 960px) 100vw, 960px\" \/><\/a><\/figure>\n\n\n\n<div style=\"height:100px\" aria-hidden=\"true\" class=\"wp-block-spacer\"><\/div>\n\n\n\n<h2 class=\"wp-block-heading has-copr-color has-text-color\">TracKing-e<\/h2>\n\n\n\n<p>Tenga su soluci\u00f3n AxlePower bajo control y olv\u00eddese de la ansiedad por la autonom\u00eda restante con una ampliaci\u00f3n totalmente el\u00e9ctrica de la plataforma TracKing. Gracias a sus prestaciones telem\u00e1ticas ampliadas en l\u00ednea, conocer\u00e1 en todo momento <strong>el estado de la bater\u00eda, su rendimiento y el tiempo de funcionamiento restante<\/strong>. Adem\u00e1s, podr\u00e1 acceder a una cantidad importante de informaci\u00f3n vital para su rendimiento:<\/p>\n\n\n\n<ul class=\"wp-block-list\">\n<li>Punto de consigna<\/li>\n\n\n\n<li>Rendimiento del sistema<\/li>\n\n\n\n<li>Tiempo de carga de la bater\u00eda<\/li>\n<\/ul>\n\n\n\n<p>Estas nuevas funciones le permitir\u00e1n optimizar los ajustes de su soluci\u00f3n AxlePower y automatizar la gesti\u00f3n de la bater\u00eda.<\/p>\n\n\n\n<ul class=\"wp-block-list\">\n<li>Par\u00e1metros del conjunto de bater\u00edas Energ-e<\/li>\n\n\n\n<li>Niveles de utilizaci\u00f3n de la flota<\/li>\n<\/ul>\n\n\n\n<div class=\"wp-block-cover is-light\" style=\"min-height:240px;aspect-ratio:unset;\"><span aria-hidden=\"true\" class=\"wp-block-cover__background has-background-dim-0 has-background-dim\"><\/span><img loading=\"lazy\" decoding=\"async\" width=\"1200\" height=\"456\" class=\"wp-block-cover__image-background wp-image-64166\" alt=\"\" src=\"https:\/\/europe-thermoking.s3.eu-west-3.amazonaws.com\/wp-content\/uploads\/2023\/07\/11124045\/axlepower-cta.jpg\" style=\"object-position:50% 50%\" data-object-fit=\"cover\" data-object-position=\"50% 50%\" srcset=\"https:\/\/europe-thermoking.s3.eu-west-3.amazonaws.com\/wp-content\/uploads\/2023\/07\/11124045\/axlepower-cta.jpg 1200w, https:\/\/europe-thermoking.s3.eu-west-3.amazonaws.com\/wp-content\/uploads\/2023\/07\/11124045\/axlepower-cta-300x114.jpg 300w, https:\/\/europe-thermoking.s3.eu-west-3.amazonaws.com\/wp-content\/uploads\/2023\/07\/11124045\/axlepower-cta-1024x389.jpg 1024w, https:\/\/europe-thermoking.s3.eu-west-3.amazonaws.com\/wp-content\/uploads\/2023\/07\/11124045\/axlepower-cta-768x292.jpg 768w, https:\/\/europe-thermoking.s3.eu-west-3.amazonaws.com\/wp-content\/uploads\/2023\/07\/11124045\/axlepower-cta-160x61.jpg 160w, https:\/\/europe-thermoking.s3.eu-west-3.amazonaws.com\/wp-content\/uploads\/2023\/07\/11124045\/axlepower-cta-320x122.jpg 320w, https:\/\/europe-thermoking.s3.eu-west-3.amazonaws.com\/wp-content\/uploads\/2023\/07\/11124045\/axlepower-cta-40x15.jpg 40w, https:\/\/europe-thermoking.s3.eu-west-3.amazonaws.com\/wp-content\/uploads\/2023\/07\/11124045\/axlepower-cta-80x30.jpg 80w, https:\/\/europe-thermoking.s3.eu-west-3.amazonaws.com\/wp-content\/uploads\/2023\/07\/11124045\/axlepower-cta-947x360.jpg 947w, https:\/\/europe-thermoking.s3.eu-west-3.amazonaws.com\/wp-content\/uploads\/2023\/07\/11124045\/axlepower-cta-1184x450.jpg 1184w, https:\/\/europe-thermoking.s3.eu-west-3.amazonaws.com\/wp-content\/uploads\/2023\/07\/11124045\/axlepower-cta-640x243.jpg 640w, https:\/\/europe-thermoking.s3.eu-west-3.amazonaws.com\/wp-content\/uploads\/2023\/07\/11124045\/axlepower-cta-960x365.jpg 960w\" sizes=\"auto, (max-width: 1200px) 100vw, 1200px\" \/><div class=\"wp-block-cover__inner-container is-layout-flow wp-block-cover-is-layout-flow\">\n<p><strong>Pregunte a su concesionario sobre<\/strong><br><strong>la soluci\u00f3n Advancer AxlePower<\/strong><\/p>\n\n\n\n<div class=\"wp-block-buttons is-layout-flex wp-block-buttons-is-layout-flex\">\n<div class=\"wp-block-button is-style-fill\"><a class=\"wp-block-button__link has-coba-background-color has-background wp-element-button\" href=\"https:\/\/www.staging.europe.thermoking.com\/dealer-service-network\/\" target=\"_blank\" rel=\"noreferrer noopener\">P\u00f3ngase en contacto<\/a><\/div>\n<\/div>\n<\/div><\/div>\n\n\n\n<div style=\"height:100px\" aria-hidden=\"true\" class=\"wp-block-spacer\"><\/div>\n","protected":false},"excerpt":{"rendered":"<p>AxlePower garantiza que no se desperdicie energ\u00eda. Esta soluci\u00f3n de montaje en el remolque recupera y almacena la energ\u00eda generada al frenar y descender pendientes para que pueda alimentar su equipo frigor\u00edfico con energ\u00eda sostenible. Refrigeraci\u00f3n sin emisiones A-500eApague el motor de su unidad y alim\u00e9ntela de forma el\u00e9ctrica con energ\u00eda sostenible. Conjunto de bater\u00edas [&hellip;]<\/p>\n","protected":false},"author":1,"featured_media":0,"parent":76381,"menu_order":0,"comment_status":"closed","ping_status":"closed","template":"","meta":{"_acf_changed":false,"footnotes":""},"class_list":["post-64423","page","type-page","status-publish","hentry"],"acf":[],"_links":{"self":[{"href":"https:\/\/www.staging.europe.thermoking.com\/es\/wp-json\/wp\/v2\/pages\/64423","targetHints":{"allow":["GET"]}}],"collection":[{"href":"https:\/\/www.staging.europe.thermoking.com\/es\/wp-json\/wp\/v2\/pages"}],"about":[{"href":"https:\/\/www.staging.europe.thermoking.com\/es\/wp-json\/wp\/v2\/types\/page"}],"author":[{"embeddable":true,"href":"https:\/\/www.staging.europe.thermoking.com\/es\/wp-json\/wp\/v2\/users\/1"}],"replies":[{"embeddable":true,"href":"https:\/\/www.staging.europe.thermoking.com\/es\/wp-json\/wp\/v2\/comments?post=64423"}],"version-history":[{"count":2,"href":"https:\/\/www.staging.europe.thermoking.com\/es\/wp-json\/wp\/v2\/pages\/64423\/revisions"}],"predecessor-version":[{"id":76650,"href":"https:\/\/www.staging.europe.thermoking.com\/es\/wp-json\/wp\/v2\/pages\/64423\/revisions\/76650"}],"up":[{"embeddable":true,"href":"https:\/\/www.staging.europe.thermoking.com\/es\/wp-json\/wp\/v2\/pages\/76381"}],"wp:attachment":[{"href":"https:\/\/www.staging.europe.thermoking.com\/es\/wp-json\/wp\/v2\/media?parent=64423"}],"curies":[{"name":"wp","href":"https:\/\/api.w.org\/{rel}","templated":true}]}}