{"id":42981,"date":"2021-03-23T12:13:09","date_gmt":"2021-03-23T12:13:09","guid":{"rendered":"https:\/\/europe.thermoking.new.local\/?page_id=42981"},"modified":"2021-04-01T08:52:00","modified_gmt":"2021-04-01T07:52:00","slug":"oferta-especial-garantia-de-devolucion-del-dinero","status":"publish","type":"page","link":"https:\/\/www.staging.europe.thermoking.com\/es\/advancer\/oferta-especial-garantia-de-devolucion-del-dinero","title":{"rendered":"Oferta especial: garant\u00eda de devoluci\u00f3n del dinero"},"content":{"rendered":"\n\n\n<h2 class=\"wp-block-heading\">Un ahorro espectacular 100% garantizado.<\/h2>\n\n\n\n<p>La arquitectura h\u00edbrida de 48 Vcc redise\u00f1ada por completo para Advancer y combinada con sorprendentes innovaciones, como un caudal de aire totalmente variable, ha dado lugar a un <strong>rendimiento del combustible jam\u00e1s visto<\/strong>.<\/p>\n\n\n\n<p>No tenemos dudas sobre el sobresaliente ahorro de combustible, la eficiencia del sistema y el tiempo de funcionamiento inigualable de nuestro equipo frigor\u00edfico para remolque m\u00e1s reciente, por lo que estamos dispuestos a <strong>devolverle la diferencia<\/strong> si despu\u00e9s de 1 a\u00f1o su unidad Advancer no alcanza su objetivo de ahorro de combustible.<\/p>\n\n\n\n<div style=\"height:100px\" aria-hidden=\"true\" class=\"wp-block-spacer\"><\/div>\n\n\n\n<div class=\"wp-block-cover has-background-dim\" style=\"background-image:url(https:\/\/europe-thermoking.s3.eu-west-3.amazonaws.com\/wp-content\/uploads\/2021\/03\/17144613\/tk-fuel-savings-cover-cta.jpg)\"><div class=\"wp-block-cover__inner-container is-layout-flow wp-block-cover-is-layout-flow\">\n<blockquote class=\"wp-block-quote is-layout-flow wp-block-quote-is-layout-flow\"><p>Si despu\u00e9s de 1 a\u00f1o sus nuevas unidades Advancer no alcanzan su objetivo de ahorro de combustible, le devolvemos la diferencia.<\/p><\/blockquote>\n<\/div><\/div>\n\n\n\n<div style=\"height:100px\" aria-hidden=\"true\" class=\"wp-block-spacer\"><\/div>\n\n\n\n<h2 class=\"wp-block-heading\">Calcule su ahorro de combustible en l\u00ednea<\/h2>\n\n\n\n<p>Vaya a nuestra calculadora en l\u00ednea e introduzca su consumo total de combustible por a\u00f1o para obtener una estimaci\u00f3n de cu\u00e1nto combustible podr\u00eda ahorrar si se cambia a Advancer.<\/p>\n\n\n\n<div class=\"wp-block-button\"><a class=\"wp-block-button__link\" href=\"https:\/\/www.tkadvancer.com\/en\/fuel\" target=\"_blank\" rel=\"noreferrer noopener\">Hacer el c\u00e1lculo ahora<\/a><\/div>\n\n\n\n<div style=\"height:100px\" aria-hidden=\"true\" class=\"wp-block-spacer\"><\/div>\n\n\n\n<h2 class=\"wp-block-heading\">Asegure su garant\u00eda de devoluci\u00f3n del dinero<\/h2>\n\n\n\n<p><strong>El c\u00e1lculo exacto del ahorro de combustible potencial incluye muchos m\u00e1s aspectos<\/strong>, por supuesto. Cuando visite su concesionario para inscribirse en nuestro programa de ahorro de combustible, analizaremos su temperatura ambiente media y si transporta sobre todo productos frescos o congelados, entre otras variables. <\/p>\n\n\n\n<p>Al final obtendr\u00e1 una estimaci\u00f3n y, junto a esta, <strong>nuestro compromiso con su ahorro de combustible<\/strong>. Un compromiso tan s\u00f3lido que le devolveremos la diferencia si su unidad Advancer no alcanza su objetivo de ahorro.<\/p>\n\n\n\n<p>Dir\u00edjase a su concesionario de Thermo King para que juntos podamos rellenar los datos en la aplicaci\u00f3n TK SmartSaver.<\/p>\n\n\n\n<div class=\"wp-block-button\"><a class=\"wp-block-button__link\" href=\"http:\/\/dealers.thermoking.com\/\" target=\"_blank\" rel=\"noreferrer noopener\">P\u00f3ngase en contacto con su concesionario para empezar a ahorrar<\/a><\/div>\n","protected":false},"excerpt":{"rendered":"<p>Un ahorro espectacular 100% garantizado. La arquitectura h\u00edbrida de 48 Vcc redise\u00f1ada por completo para Advancer y combinada con sorprendentes innovaciones, como un caudal de aire totalmente variable, ha dado lugar a un rendimiento del combustible jam\u00e1s visto. No tenemos dudas sobre el sobresaliente ahorro de combustible, la eficiencia del sistema y el tiempo de [&hellip;]<\/p>\n","protected":false},"author":1,"featured_media":0,"parent":29336,"menu_order":0,"comment_status":"closed","ping_status":"closed","template":"","meta":{"_acf_changed":false,"footnotes":""},"class_list":["post-42981","page","type-page","status-publish","hentry"],"acf":[],"_links":{"self":[{"href":"https:\/\/www.staging.europe.thermoking.com\/es\/wp-json\/wp\/v2\/pages\/42981","targetHints":{"allow":["GET"]}}],"collection":[{"href":"https:\/\/www.staging.europe.thermoking.com\/es\/wp-json\/wp\/v2\/pages"}],"about":[{"href":"https:\/\/www.staging.europe.thermoking.com\/es\/wp-json\/wp\/v2\/types\/page"}],"author":[{"embeddable":true,"href":"https:\/\/www.staging.europe.thermoking.com\/es\/wp-json\/wp\/v2\/users\/1"}],"replies":[{"embeddable":true,"href":"https:\/\/www.staging.europe.thermoking.com\/es\/wp-json\/wp\/v2\/comments?post=42981"}],"version-history":[{"count":0,"href":"https:\/\/www.staging.europe.thermoking.com\/es\/wp-json\/wp\/v2\/pages\/42981\/revisions"}],"up":[{"embeddable":true,"href":"https:\/\/www.staging.europe.thermoking.com\/es\/wp-json\/wp\/v2\/pages\/29336"}],"wp:attachment":[{"href":"https:\/\/www.staging.europe.thermoking.com\/es\/wp-json\/wp\/v2\/media?parent=42981"}],"curies":[{"name":"wp","href":"https:\/\/api.w.org\/{rel}","templated":true}]}}