{"id":40168,"date":"2020-10-06T11:01:37","date_gmt":"2020-10-06T09:01:37","guid":{"rendered":"https:\/\/europe.thermoking.new.local\/?page_id=40168"},"modified":"2024-12-02T14:11:17","modified_gmt":"2024-12-02T13:11:17","slug":"tiempo-de-funcionamiento","status":"publish","type":"page","link":"https:\/\/www.staging.europe.thermoking.com\/es\/tiempo-de-funcionamiento","title":{"rendered":"Tiempo de funcionamiento"},"content":{"rendered":"\n\n\n<h2 class=\"wp-block-heading has-rich-electric-blue-color has-text-color\"> Blue Track: Un programa de mejora del tiempo de funcionamiento que le permite mantenerse en la carretera  <\/h2>\n\n\n\n<p>Blue Track es una amplia <strong>gama de iniciativas de servicio l\u00edderes del sector<\/strong> <strong>dise\u00f1adas para aumentar su tiempo de funcionamiento<\/strong>. Para mantener la comodidad de sus conductores en todo momento. Para mantenerle en cabeza.<\/p>\n\n\n<p>[spacer]<\/p>\n\n\n\n<div class=\"wp-block-group has-white-smoke-background-color has-background\"><div class=\"wp-block-group__inner-container is-layout-flow wp-block-group-is-layout-flow\">\n<div class=\"wp-block-columns is-layout-flex wp-container-core-columns-is-layout-9d6595d7 wp-block-columns-is-layout-flex\">\n<div class=\"wp-block-column is-layout-flow wp-block-column-is-layout-flow\"><div class=\"wp-block-image icon-circle icon-border-primary bg-white mb-m0\">\n<figure class=\"alignleft size-large is-resized\"><img loading=\"lazy\" decoding=\"async\" width=\"40\" height=\"40\" src=\"https:\/\/europe-thermoking.s3.eu-west-3.amazonaws.com\/wp-content\/uploads\/2020\/10\/17144928\/icon-uptime-247.png\" alt=\"\" class=\"wp-image-39132\" style=\"width:40px;height:40px\"\/><\/figure><\/div>\n\n\n<p>Supervisi\u00f3n de alarmas de la flota 24\/7 <\/p>\n<\/div>\n\n\n\n<div class=\"wp-block-column is-layout-flow wp-block-column-is-layout-flow\"><div class=\"wp-block-image icon-circle icon-border-primary bg-white mb-m0\">\n<figure class=\"alignleft size-large is-resized\"><img loading=\"lazy\" decoding=\"async\" width=\"40\" height=\"40\" src=\"https:\/\/europe-thermoking.s3.eu-west-3.amazonaws.com\/wp-content\/uploads\/2020\/10\/17144903\/icon-uptime-remote-triage.png\" alt=\"\" class=\"wp-image-39149\" style=\"width:40px;height:40px\"\/><\/figure><\/div>\n\n\n<p>Triaje a distancia y servicio expr\u00e9s<\/p>\n<\/div>\n\n\n\n<div class=\"wp-block-column is-layout-flow wp-block-column-is-layout-flow\"><div class=\"wp-block-image icon-circle icon-border-primary bg-white mb-m0\">\n<figure class=\"alignleft size-large is-resized\"><img loading=\"lazy\" decoding=\"async\" width=\"40\" height=\"40\" src=\"https:\/\/europe-thermoking.s3.eu-west-3.amazonaws.com\/wp-content\/uploads\/2020\/10\/17144903\/icon-uptime-maintenance.png\" alt=\"\" class=\"wp-image-39155\" style=\"width:40px;height:40px\"\/><\/figure><\/div>\n\n\n<p>Mantenimiento proactivo y reparaciones<\/p>\n<\/div>\n\n\n\n<div class=\"wp-block-column is-layout-flow wp-block-column-is-layout-flow\"><div class=\"wp-block-image icon-circle icon-border-primary bg-white mb-m0\">\n<figure class=\"alignleft size-large is-resized\"><img loading=\"lazy\" decoding=\"async\" width=\"40\" height=\"40\" src=\"https:\/\/europe-thermoking.s3.eu-west-3.amazonaws.com\/wp-content\/uploads\/2020\/10\/17144902\/icon-uptime-diagnosis.png\" alt=\"\" class=\"wp-image-39161\" style=\"width:40px;height:40px\"\/><\/figure><\/div>\n\n\n<p>Diagn\u00f3sticos m\u00e1s r\u00e1pidos, reparaciones en menos tiempo y soluciones a la primera<\/p>\n<\/div>\n<\/div>\n\n\n\n<div class=\"wp-block-columns is-layout-flex wp-container-core-columns-is-layout-9d6595d7 wp-block-columns-is-layout-flex\">\n<div class=\"wp-block-column is-layout-flow wp-block-column-is-layout-flow\"><div class=\"wp-block-image icon-circle icon-border-primary bg-white mb-m0\">\n<figure class=\"alignleft size-large is-resized\"><img loading=\"lazy\" decoding=\"async\" width=\"40\" height=\"40\" src=\"https:\/\/europe-thermoking.s3.eu-west-3.amazonaws.com\/wp-content\/uploads\/2020\/10\/17144902\/icon-uptime-service.png\" alt=\"\" class=\"wp-image-39167\" style=\"width:40px;height:40px\"\/><\/figure><\/div>\n\n\n<p>Experiencia de servicio consistente<\/p>\n<\/div>\n\n\n\n<div class=\"wp-block-column is-layout-flow wp-block-column-is-layout-flow\"><div class=\"wp-block-image icon-circle icon-border-primary bg-white mb-m0\">\n<figure class=\"alignleft size-large is-resized\"><img loading=\"lazy\" decoding=\"async\" width=\"40\" height=\"40\" src=\"https:\/\/europe-thermoking.s3.eu-west-3.amazonaws.com\/wp-content\/uploads\/2020\/10\/17144902\/icon-uptime-communication.png\" alt=\"\" class=\"wp-image-39173\" style=\"width:40px;height:40px\"\/><\/figure><\/div>\n\n\n<p>Mejora de la comunicaci\u00f3n con los clientes <\/p>\n<\/div>\n\n\n\n<div class=\"wp-block-column is-layout-flow wp-block-column-is-layout-flow\"><div class=\"wp-block-image icon-circle icon-border-primary bg-white mb-m0\">\n<figure class=\"alignleft size-large is-resized\"><img loading=\"lazy\" decoding=\"async\" width=\"40\" height=\"40\" src=\"https:\/\/europe-thermoking.s3.eu-west-3.amazonaws.com\/wp-content\/uploads\/2020\/10\/17144902\/icon-uptime-analytics.png\" alt=\"\" class=\"wp-image-39179\" style=\"width:40px;height:40px\"\/><\/figure><\/div>\n\n\n<p>An\u00e1lisis de utilizaci\u00f3n de la flota<\/p>\n<\/div>\n\n\n\n<div class=\"wp-block-column is-layout-flow wp-block-column-is-layout-flow\"><\/div>\n<\/div>\n<\/div><\/div>\n\n\n<p>[spacer]<\/p>\n\n\n\n<h2 class=\"wp-block-heading has-rich-electric-blue-color has-text-color\">Tiempo de inactividad = la mitad de sus costes<\/h2>\n\n\n\n<p>La capacidad de reducir el tiempo de inactividad, tanto el esperado como el inesperado, y de mejorar el aprovechamiento de los veh\u00edculos es vital para cualquier empresa de transportes.<\/p>\n\n\n\n<p>Se calcula que <strong>el 50% de los costes en los que incurren las flotas de transporte se debe al tiempo de inactividad no programado<\/strong>, como la p\u00e9rdida de cargas, un mal aprovechamiento o unos costes excesivos de los conductores.<\/p>\n\n\n\n<p>Nuestro equipo de expertos en tiempo de funcionamiento de Blue Track est\u00e1 encantado de proporcionar soluciones para sus problemas cotidianos m\u00e1s acuciantes. Puede contar siempre con ellos para mejorar su tiempo de funcionamiento y, al mismo tiempo, ayudar a que los conductores realicen su trabajo al m\u00e1ximo de su capacidad.<\/p>\n\n\n\n<figure class=\"wp-block-image size-full\"><img loading=\"lazy\" decoding=\"async\" width=\"950\" height=\"320\" src=\"https:\/\/europe-thermoking.s3.eu-west-3.amazonaws.com\/wp-content\/uploads\/2020\/10\/17144903\/uptime-1.jpg\" alt=\"\" class=\"wp-image-39126\" srcset=\"https:\/\/europe-thermoking.s3.eu-west-3.amazonaws.com\/wp-content\/uploads\/2020\/10\/17144903\/uptime-1.jpg 950w, https:\/\/europe-thermoking.s3.eu-west-3.amazonaws.com\/wp-content\/uploads\/2020\/10\/17144903\/uptime-1-300x101.jpg 300w, https:\/\/europe-thermoking.s3.eu-west-3.amazonaws.com\/wp-content\/uploads\/2020\/10\/17144903\/uptime-1-768x259.jpg 768w, https:\/\/europe-thermoking.s3.eu-west-3.amazonaws.com\/wp-content\/uploads\/2020\/10\/17144903\/uptime-1-160x54.jpg 160w, https:\/\/europe-thermoking.s3.eu-west-3.amazonaws.com\/wp-content\/uploads\/2020\/10\/17144903\/uptime-1-320x108.jpg 320w\" sizes=\"auto, (max-width: 950px) 100vw, 950px\" \/><\/figure>\n\n\n<p>[spacer]<\/p>\n\n\n\n<h2 class=\"wp-block-heading has-rich-electric-blue-color has-text-color\">\u201cNosotros iremos un poco m\u00e1s all\u00e1 para que usted no tenga que hacerlo\u201d&nbsp;<\/h2>\n\n\n\n<p> Con el programa Blue Track de Thermo King, <strong>nuestro equipo est\u00e1 centrado en mantener su flota en la carretera, funcionando y generando ingresos durante m\u00e1s tiempo<\/strong>. Se trata de un programa de mejora del tiempo de funcionamiento dise\u00f1ado para ayudar a transformar la disponibilidad de los veh\u00edculos frigor\u00edficos gracias a una serie de prestaciones adicionales:<\/p>\n\n\n\n<div class=\"wp-block-columns is-layout-flex wp-container-core-columns-is-layout-9d6595d7 wp-block-columns-is-layout-flex\">\n<div class=\"wp-block-column is-layout-flow wp-block-column-is-layout-flow\" style=\"flex-basis:50%\">\n<ol class=\"wp-block-list li-blue-circle\">\n<li><strong>\u201cLe ayudo a prever y abordar los posibles problemas.\u201d<br><\/strong>Recursos para mantenimiento proactivo y reparaciones 24\/7 all\u00ed donde los necesite <\/li>\n\n\n\n<li><strong>\u201cHago que su inversi\u00f3n trabaje para usted<\/strong>.<strong>\u201d\u00a0<br><\/strong>Mejore la rentabilidad de su inversi\u00f3n y aumente el aprovechamiento de la flota en un 5% <\/li>\n\n\n\n<li><strong>\u201cMantengo sus unidades en funcionamiento durante m\u00e1s tiempo.\u201d \u00a0<br><\/strong>Minimice el tiempo de inactividad planificado y no planificado en entre el 15 y el 20% <\/li>\n\n\n\n<li><strong>\u201cLe proporciono mi experiencia donde m\u00e1s la necesita.\u201d\u00a0<br><\/strong>Acceso inmediato al conocimiento pr\u00e1ctico sobre diagn\u00f3sticos m\u00e1s reciente<\/li>\n\n\n\n<li><strong>\u201cTransformo su experiencia del servicio.\u201d\u00a0<br><\/strong>Realice un seguimiento r\u00e1pido de cualquier actividad de servicio <\/li>\n<\/ol>\n<\/div>\n\n\n\n<div class=\"wp-block-column is-vertically-aligned-center is-layout-flow wp-block-column-is-layout-flow\" style=\"flex-basis:50%\">\n<figure class=\"wp-block-image size-large\"><img loading=\"lazy\" decoding=\"async\" width=\"1024\" height=\"709\" src=\"https:\/\/europe-thermoking.s3.eu-west-3.amazonaws.com\/wp-content\/uploads\/2020\/10\/17144859\/uptime-2-1024x709.jpg\" alt=\"\" class=\"wp-image-39199\" srcset=\"https:\/\/europe-thermoking.s3.eu-west-3.amazonaws.com\/wp-content\/uploads\/2020\/10\/17144859\/uptime-2-1024x709.jpg 1024w, https:\/\/europe-thermoking.s3.eu-west-3.amazonaws.com\/wp-content\/uploads\/2020\/10\/17144859\/uptime-2-300x208.jpg 300w, https:\/\/europe-thermoking.s3.eu-west-3.amazonaws.com\/wp-content\/uploads\/2020\/10\/17144859\/uptime-2-768x532.jpg 768w, https:\/\/europe-thermoking.s3.eu-west-3.amazonaws.com\/wp-content\/uploads\/2020\/10\/17144859\/uptime-2-160x111.jpg 160w, https:\/\/europe-thermoking.s3.eu-west-3.amazonaws.com\/wp-content\/uploads\/2020\/10\/17144859\/uptime-2-320x222.jpg 320w, https:\/\/europe-thermoking.s3.eu-west-3.amazonaws.com\/wp-content\/uploads\/2020\/10\/17144859\/uptime-2.jpg 1040w\" sizes=\"auto, (max-width: 1024px) 100vw, 1024px\" \/><\/figure>\n<\/div>\n<\/div>\n\n\n<p>[spacer]<\/p>\n\n\n\n<h2 class=\"wp-block-heading has-rich-electric-blue-color has-text-color\">Concesionarios Blue Track Select: un nuevo nivel de servicio para el transporte<\/h2>\n\n\n<div class=\"wp-block-image\">\n<figure class=\"alignright size-large is-resized\"><img loading=\"lazy\" decoding=\"async\" width=\"370\" height=\"174\" src=\"https:\/\/europe-thermoking.s3.eu-west-3.amazonaws.com\/wp-content\/uploads\/2020\/10\/17144859\/logo-blue-track-select.png\" alt=\"\" class=\"wp-image-39208\" style=\"width:185px;height:87px\" srcset=\"https:\/\/europe-thermoking.s3.eu-west-3.amazonaws.com\/wp-content\/uploads\/2020\/10\/17144859\/logo-blue-track-select.png 370w, https:\/\/europe-thermoking.s3.eu-west-3.amazonaws.com\/wp-content\/uploads\/2020\/10\/17144859\/logo-blue-track-select-300x141.png 300w, https:\/\/europe-thermoking.s3.eu-west-3.amazonaws.com\/wp-content\/uploads\/2020\/10\/17144859\/logo-blue-track-select-160x75.png 160w, https:\/\/europe-thermoking.s3.eu-west-3.amazonaws.com\/wp-content\/uploads\/2020\/10\/17144859\/logo-blue-track-select-320x150.png 320w\" sizes=\"auto, (max-width: 370px) 100vw, 370px\" \/><\/figure><\/div>\n\n\n<p>Dentro de nuestra amplia red de servicio de m\u00e1s de 500 puntos de servicio autorizados en 75 pa\u00edses, puede disfrutar de <strong>un nuevo nivel de excelencia en el servicio<\/strong> gracias a los concesionarios certificados Blue Track Select de Thermo King. <\/p>\n\n\n\n<ul class=\"wp-block-list circle\">\n<li><strong>AMPLIA COBERTURA: <\/strong>M\u00e1s de 500 puntos de servicio autorizados en 75 pa\u00edses<br><\/li>\n\n\n\n<li><strong>DISPONIBILIDAD 24\/7: <\/strong>Puede llamar al servicio de asistencia en cualquier momento del d\u00eda o la noche<br><\/li>\n\n\n\n<li><strong>EXPERIENCIA T\u00c9CNICA: <\/strong>Los concesionarios de Thermo King pueden echar mano de una potente gama de herramientas de diagn\u00f3stico avanzadas <br><\/li>\n\n\n\n<li><strong>CONOCIMIENTO DE LOS PRODUCTOS: <\/strong>Nuestros t\u00e9cnicos cuentan con la m\u00e1xima habilidad en todos los productos de refrigeraci\u00f3n para el transporte, incluidos los di\u00e9sel y los el\u00e9ctricos<br><\/li>\n\n\n\n<li><strong>ACCESIBILIDAD EN TODO MOMENTO: <\/strong>Con Blue Track, puede contar con un servicio de asistencia t\u00e9cnica cualificado simplemente con una llamada o un mensaje de texto <br><\/li>\n\n\n\n<li><strong>PIEZAS ORIGINALES: <\/strong>Tenga la confianza de que todas las piezas que emplean nuestros concesionarios se han sometido a pruebas exhaustivas y cumplen con est\u00e1ndares de la m\u00e1s alta calidad <\/li>\n<\/ul>\n\n\n<p>[spacer]<\/p>\n\n\n\n<h2 class=\"wp-block-heading has-rich-electric-blue-color has-text-color\">Su entrada a una gran cantidad de ventajas de Blue Track<\/h2>\n\n\n\n<p>A\u00f1ada un \u201cpaquete de cobertura a todo riesgo\u201d, que ofrece una tranquilidad absoluta con costes fijos acordados de antemano y la garant\u00eda de un nivel de servicio excepcional y consistente en toda Europa.<\/p>\n\n\n\n<div class=\"wp-block-group mt-m4 mb-m4 has-rich-electric-blue-background-color has-background\"><div class=\"wp-block-group__inner-container is-layout-flow wp-block-group-is-layout-flow\">\n<div class=\"wp-block-columns are-vertically-aligned-center is-layout-flex wp-container-core-columns-is-layout-9d6595d7 wp-block-columns-is-layout-flex\">\n<div class=\"wp-block-column is-vertically-aligned-center is-layout-flow wp-block-column-is-layout-flow\">\n<div class=\"wp-block-group\"><div class=\"wp-block-group__inner-container is-layout-flow wp-block-group-is-layout-flow\">\n<figure class=\"wp-block-image size-large is-resized icon-circle icon-border-white mb-m1\"><img loading=\"lazy\" decoding=\"async\" width=\"160\" height=\"160\" src=\"https:\/\/europe-thermoking.s3.eu-west-3.amazonaws.com\/wp-content\/uploads\/2020\/10\/17144852\/icon-uptime-fleet.png\" alt=\"\" class=\"wp-image-39253\" style=\"width:60px;height:60px\" srcset=\"https:\/\/europe-thermoking.s3.eu-west-3.amazonaws.com\/wp-content\/uploads\/2020\/10\/17144852\/icon-uptime-fleet.png 160w, https:\/\/europe-thermoking.s3.eu-west-3.amazonaws.com\/wp-content\/uploads\/2020\/10\/17144852\/icon-uptime-fleet-150x150.png 150w\" sizes=\"auto, (max-width: 160px) 100vw, 160px\" \/><\/figure>\n\n\n\n<p class=\"has-white-color has-text-color\">Optimice la eficacia de la flota<\/p>\n<\/div><\/div>\n<\/div>\n\n\n\n<div class=\"wp-block-column is-vertically-aligned-center is-layout-flow wp-block-column-is-layout-flow\">\n<div class=\"wp-block-group\"><div class=\"wp-block-group__inner-container is-layout-flow wp-block-group-is-layout-flow\">\n<figure class=\"wp-block-image size-large is-resized icon-circle icon-border-white mb-m1\"><img loading=\"lazy\" decoding=\"async\" width=\"160\" height=\"160\" src=\"https:\/\/europe-thermoking.s3.eu-west-3.amazonaws.com\/wp-content\/uploads\/2020\/10\/17144851\/icon-uptime-operating-costs.png\" alt=\"\" class=\"wp-image-39260\" style=\"width:60px;height:60px\" srcset=\"https:\/\/europe-thermoking.s3.eu-west-3.amazonaws.com\/wp-content\/uploads\/2020\/10\/17144851\/icon-uptime-operating-costs.png 160w, https:\/\/europe-thermoking.s3.eu-west-3.amazonaws.com\/wp-content\/uploads\/2020\/10\/17144851\/icon-uptime-operating-costs-150x150.png 150w\" sizes=\"auto, (max-width: 160px) 100vw, 160px\" \/><\/figure>\n\n\n\n<p class=\"has-white-color has-text-color\">Minimice los costes de funcionamiento<\/p>\n<\/div><\/div>\n<\/div>\n\n\n\n<div class=\"wp-block-column is-vertically-aligned-center is-layout-flow wp-block-column-is-layout-flow\">\n<div class=\"wp-block-group\"><div class=\"wp-block-group__inner-container is-layout-flow wp-block-group-is-layout-flow\">\n<figure class=\"wp-block-image size-large is-resized icon-circle icon-border-white mb-m1\"><img loading=\"lazy\" decoding=\"async\" width=\"160\" height=\"160\" src=\"https:\/\/europe-thermoking.s3.eu-west-3.amazonaws.com\/wp-content\/uploads\/2020\/10\/17144851\/icon-uptime-resale.png\" alt=\"\" class=\"wp-image-39266\" style=\"width:60px;height:60px\" srcset=\"https:\/\/europe-thermoking.s3.eu-west-3.amazonaws.com\/wp-content\/uploads\/2020\/10\/17144851\/icon-uptime-resale.png 160w, https:\/\/europe-thermoking.s3.eu-west-3.amazonaws.com\/wp-content\/uploads\/2020\/10\/17144851\/icon-uptime-resale-150x150.png 150w\" sizes=\"auto, (max-width: 160px) 100vw, 160px\" \/><\/figure>\n\n\n\n<p class=\"has-white-color has-text-color\">Garantice el valor de reventa de sus activos<\/p>\n<\/div><\/div>\n<\/div>\n\n\n\n<div class=\"wp-block-column is-vertically-aligned-center is-layout-flow wp-block-column-is-layout-flow\">\n<figure class=\"wp-block-image size-large is-resized mt-m-4 mb-m-4\"><img loading=\"lazy\" decoding=\"async\" width=\"300\" height=\"700\" src=\"https:\/\/europe-thermoking.s3.eu-west-3.amazonaws.com\/wp-content\/uploads\/2020\/10\/17144857\/uptime-3.png\" alt=\"\" class=\"wp-image-39217\" style=\"width:150px;height:350px\" srcset=\"https:\/\/europe-thermoking.s3.eu-west-3.amazonaws.com\/wp-content\/uploads\/2020\/10\/17144857\/uptime-3.png 300w, https:\/\/europe-thermoking.s3.eu-west-3.amazonaws.com\/wp-content\/uploads\/2020\/10\/17144857\/uptime-3-129x300.png 129w, https:\/\/europe-thermoking.s3.eu-west-3.amazonaws.com\/wp-content\/uploads\/2020\/10\/17144857\/uptime-3-160x373.png 160w\" sizes=\"auto, (max-width: 300px) 100vw, 300px\" \/><\/figure>\n<\/div>\n<\/div>\n<\/div><\/div>\n\n\n<p>[spacer]<\/p>\n\n\n\n<div class=\"wp-block-group mt-m4 mb-m12 has-white-smoke-background-color has-background\"><div class=\"wp-block-group__inner-container is-layout-flow wp-block-group-is-layout-flow\">\n<div class=\"wp-block-columns is-layout-flex wp-container-core-columns-is-layout-9d6595d7 wp-block-columns-is-layout-flex\">\n<div class=\"wp-block-column is-layout-flow wp-block-column-is-layout-flow\">\n<figure class=\"wp-block-image size-large mt-m-4 mb-m-12\"><img loading=\"lazy\" decoding=\"async\" width=\"560\" height=\"760\" src=\"https:\/\/europe-thermoking.s3.eu-west-3.amazonaws.com\/wp-content\/uploads\/2020\/10\/17144852\/uptime-4.png\" alt=\"\" class=\"wp-image-39227\" srcset=\"https:\/\/europe-thermoking.s3.eu-west-3.amazonaws.com\/wp-content\/uploads\/2020\/10\/17144852\/uptime-4.png 560w, https:\/\/europe-thermoking.s3.eu-west-3.amazonaws.com\/wp-content\/uploads\/2020\/10\/17144852\/uptime-4-221x300.png 221w, https:\/\/europe-thermoking.s3.eu-west-3.amazonaws.com\/wp-content\/uploads\/2020\/10\/17144852\/uptime-4-160x217.png 160w, https:\/\/europe-thermoking.s3.eu-west-3.amazonaws.com\/wp-content\/uploads\/2020\/10\/17144852\/uptime-4-320x434.png 320w\" sizes=\"auto, (max-width: 560px) 100vw, 560px\" \/><\/figure>\n<\/div>\n\n\n\n<div class=\"wp-block-column is-vertically-aligned-center is-layout-flow wp-block-column-is-layout-flow\">\n<div class=\"wp-block-group\"><div class=\"wp-block-group__inner-container is-layout-flow wp-block-group-is-layout-flow\">\n<div class=\"wp-block-button\"><a class=\"wp-block-button__link wp-element-button\" href=\"https:\/\/www.staging.europe.thermoking.com\/es\/assetlink\/blue-track-brochure\/\" target=\"_blank\" rel=\"noreferrer noopener\">Abrir el folleto de Blue Track<\/a><\/div>\n\n\n\n<p><\/p>\n\n\n\n<div class=\"wp-block-button\"><a class=\"wp-block-button__link wp-element-button\" href=\"https:\/\/www.staging.europe.thermoking.com\/dealer-locator\/\/\">Contactar con su concesionario<\/a><\/div>\n<\/div><\/div>\n<\/div>\n<\/div>\n<\/div><\/div>\n","protected":false},"excerpt":{"rendered":"<p>Blue Track: Un programa de mejora del tiempo de funcionamiento que le permite mantenerse en la carretera Blue Track es una amplia gama de iniciativas de servicio l\u00edderes del sector dise\u00f1adas para aumentar su tiempo de funcionamiento. Para mantener la comodidad de sus conductores en todo momento. Para mantenerle en cabeza. Supervisi\u00f3n de alarmas de [&hellip;]<\/p>\n","protected":false},"author":1,"featured_media":0,"parent":0,"menu_order":0,"comment_status":"closed","ping_status":"closed","template":"","meta":{"_acf_changed":false,"footnotes":""},"class_list":["post-40168","page","type-page","status-publish","hentry"],"acf":[],"_links":{"self":[{"href":"https:\/\/www.staging.europe.thermoking.com\/es\/wp-json\/wp\/v2\/pages\/40168","targetHints":{"allow":["GET"]}}],"collection":[{"href":"https:\/\/www.staging.europe.thermoking.com\/es\/wp-json\/wp\/v2\/pages"}],"about":[{"href":"https:\/\/www.staging.europe.thermoking.com\/es\/wp-json\/wp\/v2\/types\/page"}],"author":[{"embeddable":true,"href":"https:\/\/www.staging.europe.thermoking.com\/es\/wp-json\/wp\/v2\/users\/1"}],"replies":[{"embeddable":true,"href":"https:\/\/www.staging.europe.thermoking.com\/es\/wp-json\/wp\/v2\/comments?post=40168"}],"version-history":[{"count":1,"href":"https:\/\/www.staging.europe.thermoking.com\/es\/wp-json\/wp\/v2\/pages\/40168\/revisions"}],"predecessor-version":[{"id":74437,"href":"https:\/\/www.staging.europe.thermoking.com\/es\/wp-json\/wp\/v2\/pages\/40168\/revisions\/74437"}],"wp:attachment":[{"href":"https:\/\/www.staging.europe.thermoking.com\/es\/wp-json\/wp\/v2\/media?parent=40168"}],"curies":[{"name":"wp","href":"https:\/\/api.w.org\/{rel}","templated":true}]}}