{"id":3672,"date":"2019-11-08T06:00:00","date_gmt":"2019-11-08T05:00:00","guid":{"rendered":"http:\/\/europe.thermoking.new.local\/home\/"},"modified":"2025-01-10T10:08:36","modified_gmt":"2025-01-10T09:08:36","slug":"home-2","status":"publish","type":"page","link":"https:\/\/www.staging.europe.thermoking.com\/es","title":{"rendered":"Thermo King"},"content":{"rendered":"\n\n<div class=\"wp-block-cover alignfull is-light has-custom-content-position is-position-bottom-left has-white-color has-text-color has-link-color wp-elements-9a3d2f87b8250ec6a057ddd412202d41\"><span aria-hidden=\"true\" class=\"wp-block-cover__background has-background-dim wp-block-cover__gradient-background has-background-gradient has-cover-b-100-40-0-vertical-gradient-background\"><\/span><img decoding=\"async\" class=\"wp-block-cover__image-background wp-image-71194\" alt=\"\" src=\"https:\/\/europe-thermoking.s3.eu-west-3.amazonaws.com\/wp-content\/uploads\/2024\/10\/25092335\/v2-home-cover.jpg\" data-object-fit=\"cover\"\/><div class=\"wp-block-cover__inner-container is-layout-flow wp-block-cover-is-layout-flow\">\n<h1 class=\"wp-block-heading has-white-color has-text-color has-link-color wp-elements-04cf67846bfce514dbf28bed627ebb61\">El futuro es el\u00e9ctrico<\/h1>\n\n\n\n<p class=\"has-2-xl-font-size\" style=\"text-transform:none\">Reduzca su dependencia de los combustibles f\u00f3siles y electrifique su flota<\/p>\n\n\n\n<div class=\"wp-block-buttons is-layout-flex wp-block-buttons-is-layout-flex\">\n<div class=\"wp-block-button has-custom-font-size is-style-outline tw-hidden has-lg-font-size is-style-outline--1\"><a class=\"wp-block-button__link wp-element-button\" style=\"border-style:none;border-width:0px;padding-top:0;padding-right:0;padding-bottom:0;padding-left:0\">Leer m\u00e1s<\/a><\/div>\n<\/div>\n<\/div><\/div>\n\n\n\n\n<section class=\"wp-block-group alignwide\"><div class=\"wp-block-group__inner-container is-layout-flow wp-block-group-is-layout-flow\">\n<h2 class=\"wp-block-heading has-innovation-blue-color has-text-color has-link-color wp-elements-2f12d63efeb94c52ed861335b1b4d5ca\" style=\"margin-right:var(--wp--preset--spacing--0400);margin-bottom:var(--wp--preset--spacing--0400);margin-left:var(--wp--preset--spacing--0400)\">En el punto de mira<\/h2>\n\n\n\n<div class=\"wp-block-columns tw-gap-6 is-layout-flex wp-container-core-columns-is-layout-9d6595d7 wp-block-columns-is-layout-flex\">\n<div class=\"wp-block-column is-layout-flow wp-block-column-is-layout-flow\"><\/div>\n\n\n\n<div class=\"wp-block-column is-layout-flow wp-block-column-is-layout-flow\"><\/div>\n\n\n\n<div class=\"wp-block-column is-layout-flow wp-block-column-is-layout-flow\"><\/div>\n<\/div>\n<\/div><\/section>\n\n\n\n\n\n<h5 class=\"wp-block-heading has-white-color has-text-color has-link-color wp-elements-f36bb5429417303ac5f8f6d1f3c1e258\">Connectivity<\/h5>\n\n\n\n<h4 class=\"wp-block-heading has-white-color has-text-color has-link-color wp-elements-828adb9add1f6a71173b3db9e0930634\">Connected<br>Solutions<\/h4>\n\n\n\n<p class=\"has-white-color has-text-color has-link-color wp-elements-062ea803d7d54a9fd6698b57bd22ea02\">Thermo King&nbsp;ofrece una completa gama de productos y soluciones especialmente dise\u00f1ados para el sector del control de la temperatura para el transporte. Nos sentimos orgullosos de investigar y desarrollar soluciones innovadoras, l\u00edderes del mercado, que nos permiten seguir ofreciendo a nuestros clientes los productos m\u00e1s fiables, eficaces y eficientes.<\/p>\n\n\n\n<p class=\"has-white-color has-text-color has-link-color wp-elements-77b491b32b631f03a867e90f281e5719\">Gracias a nuestra uni\u00f3n con Frigoblock, contamos con la cartera de productos y servicios m\u00e1s completa del sector de la refrigeraci\u00f3n para el transporte. All\u00e1 donde vaya su empresa, la acompa\u00f1ar\u00e1n nuestros servicios y nuestro soporte t\u00e9cnico.&nbsp;Thermo King&nbsp;le respalda con la mayor red global de t\u00e9cnicos de servicio certificados de los concesionarios para las unidades de refrigeraci\u00f3n para autob\u00fas, cami\u00f3n, remolque, ferrocarril y marinas.<\/p>\n\n\n\n<div class=\"wp-block-buttons is-layout-flex wp-block-buttons-is-layout-flex\">\n<div class=\"wp-block-button\"><a class=\"wp-block-button__link has-ice-blue-background-color has-background wp-element-button\" href=\"https:\/\/www.staging.europe.thermoking.com\/es\/aplicaciones\/connected-solutions\">Descubra m\u00e1s<\/a><\/div>\n<\/div>\n\n\n\n\n<div class=\"wp-block-cover alignfull\"><span aria-hidden=\"true\" class=\"wp-block-cover__background has-background-dim-0 has-background-dim\"><\/span><img decoding=\"async\" class=\"wp-block-cover__image-background wp-image-70309\" alt=\"\" src=\"https:\/\/europe-thermoking.s3.eu-west-3.amazonaws.com\/wp-content\/uploads\/2024\/07\/16152208\/v2-cs-cover.jpg\" style=\"object-position:50% 50%\" data-object-fit=\"cover\" data-object-position=\"50% 50%\"\/><div class=\"wp-block-cover__inner-container is-layout-flow wp-block-cover-is-layout-flow\">\n<p class=\"has-text-align-center has-large-font-size\"><\/p>\n<\/div><\/div>\n\n\n\n\n<section class=\"wp-block-group alignwide\" style=\"padding-bottom:var(--wp--preset--spacing--section-vertical-offset)\"><div class=\"wp-block-group__inner-container is-layout-constrained wp-block-group-is-layout-constrained\">\n\n\n<h4 class=\"wp-block-heading has-white-color has-text-color has-link-color wp-elements-5652bb9b76edf92b31198d4df6360c5d\">Pasos de gigante para lograr el m\u00ednimo impacto medioambiental<\/h4>\n\n\n\n<p class=\"has-white-color has-text-color has-link-color wp-elements-ca9421d847ddde3288558f6fce131f87\">En su calidad de l\u00edder del sector de la refrigeraci\u00f3n para el transporte, Thermo King es consciente desde hace mucho tiempo de su gran responsabilidad a la hora de establecer los est\u00e1ndares medioambientales m\u00e1s elevados. Nuestra ambici\u00f3n impregna todo lo que hacemos. Tecnolog\u00eda avanzada de CO2, primeros en lanzar al mercado unidades con el refrigerante R-452A con un bajo PCA, opciones con un nivel de ruido ultrabajo, emisiones de escape excepcionalmente bajas y un bajo impacto medioambiental de \u00faltima generaci\u00f3n.<\/p>\n\n\n\n<div class=\"wp-block-buttons is-layout-flex wp-block-buttons-is-layout-flex\">\n<div class=\"wp-block-button is-style-outline is-style-outline--2\"><a class=\"wp-block-button__link has-white-color has-text-color has-link-color wp-element-button\" href=\"https:\/\/www.staging.europe.thermoking.com\/es\/sustainable-solutions\" style=\"border-style:none;border-width:0px;padding-top:0;padding-right:0;padding-bottom:0;padding-left:0\">Descubre m\u00e1s<\/a><\/div>\n<\/div>\n\n\n\n\n<div class=\"wp-block-cover alignfull is-light\" style=\"padding-top:0;padding-right:0;padding-bottom:0;padding-left:0\"><span aria-hidden=\"true\" class=\"wp-block-cover__background has-background-dim-0 has-background-dim\" style=\"background-color:#FFF\"><\/span><img loading=\"lazy\" decoding=\"async\" width=\"1600\" height=\"1332\" class=\"wp-block-cover__image-background wp-image-73704\" alt=\"\" src=\"https:\/\/europe-thermoking.s3.eu-west-3.amazonaws.com\/wp-content\/uploads\/2024\/11\/15125704\/Thermoking-sustainability.jpg\" data-object-fit=\"cover\" srcset=\"https:\/\/europe-thermoking.s3.eu-west-3.amazonaws.com\/wp-content\/uploads\/2024\/11\/15125704\/Thermoking-sustainability.jpg 1600w, https:\/\/europe-thermoking.s3.eu-west-3.amazonaws.com\/wp-content\/uploads\/2024\/11\/15125704\/Thermoking-sustainability-160x133.jpg 160w, https:\/\/europe-thermoking.s3.eu-west-3.amazonaws.com\/wp-content\/uploads\/2024\/11\/15125704\/Thermoking-sustainability-320x266.jpg 320w, https:\/\/europe-thermoking.s3.eu-west-3.amazonaws.com\/wp-content\/uploads\/2024\/11\/15125704\/Thermoking-sustainability-40x33.jpg 40w, https:\/\/europe-thermoking.s3.eu-west-3.amazonaws.com\/wp-content\/uploads\/2024\/11\/15125704\/Thermoking-sustainability-80x67.jpg 80w, https:\/\/europe-thermoking.s3.eu-west-3.amazonaws.com\/wp-content\/uploads\/2024\/11\/15125704\/Thermoking-sustainability-432x360.jpg 432w, https:\/\/europe-thermoking.s3.eu-west-3.amazonaws.com\/wp-content\/uploads\/2024\/11\/15125704\/Thermoking-sustainability-541x450.jpg 541w, https:\/\/europe-thermoking.s3.eu-west-3.amazonaws.com\/wp-content\/uploads\/2024\/11\/15125704\/Thermoking-sustainability-640x533.jpg 640w, https:\/\/europe-thermoking.s3.eu-west-3.amazonaws.com\/wp-content\/uploads\/2024\/11\/15125704\/Thermoking-sustainability-960x799.jpg 960w, https:\/\/europe-thermoking.s3.eu-west-3.amazonaws.com\/wp-content\/uploads\/2024\/11\/15125704\/Thermoking-sustainability-1024x852.jpg 1024w, https:\/\/europe-thermoking.s3.eu-west-3.amazonaws.com\/wp-content\/uploads\/2024\/11\/15125704\/Thermoking-sustainability-1280x1066.jpg 1280w\" sizes=\"auto, (max-width: 1600px) 100vw, 1600px\" \/><div class=\"wp-block-cover__inner-container is-layout-flow wp-block-cover-is-layout-flow\">\n<p class=\"has-text-align-center has-large-font-size\"><\/p>\n<\/div><\/div>\n\n<\/div><\/section>\n\n\n\n<section class=\"wp-block-group alignfull has-white-smoke-background-color has-background\"><div class=\"wp-block-group__inner-container is-layout-constrained wp-block-group-is-layout-constrained\">\n\n<h3 class=\"wp-block-heading\">Nuestra red de concesionarios de servicio. En cualquier momento y lugar, siempre disponible<\/h3>\n\n\n\n<p>Los propietarios de los equipos de&nbsp;Thermo King&nbsp;cuentan con la asistencia de la m\u00e1s amplia red de concesionarios del sector. Con tan solo una llamada telef\u00f3nica, recibir\u00e1 la ayuda de un experto siempre que la necesite. Vayan donde vayan, sus veh\u00edculos nunca viajar\u00e1n solos.<\/p>\n\n\n\n<ul class=\"wp-block-list\">\n<li>Abierta y disponible las 24 horas del d\u00eda, los 7 d\u00edas de la semana.<\/li>\n\n\n\n<li>M\u00e1s de 500 puntos de servicio autorizados en 75 pa\u00edses.<\/li>\n\n\n\n<li>M\u00e1s de 1.400 t\u00e9cnicos certificados.<\/li>\n<\/ul>\n\n<\/div><\/section>\n","protected":false},"excerpt":{"rendered":"<p>En el punto de mira<\/p>\n","protected":false},"author":1,"featured_media":0,"parent":0,"menu_order":0,"comment_status":"closed","ping_status":"open","template":"","meta":{"_acf_changed":false,"footnotes":""},"class_list":["post-3672","page","type-page","status-publish","hentry"],"acf":[],"_links":{"self":[{"href":"https:\/\/www.staging.europe.thermoking.com\/es\/wp-json\/wp\/v2\/pages\/3672","targetHints":{"allow":["GET"]}}],"collection":[{"href":"https:\/\/www.staging.europe.thermoking.com\/es\/wp-json\/wp\/v2\/pages"}],"about":[{"href":"https:\/\/www.staging.europe.thermoking.com\/es\/wp-json\/wp\/v2\/types\/page"}],"author":[{"embeddable":true,"href":"https:\/\/www.staging.europe.thermoking.com\/es\/wp-json\/wp\/v2\/users\/1"}],"replies":[{"embeddable":true,"href":"https:\/\/www.staging.europe.thermoking.com\/es\/wp-json\/wp\/v2\/comments?post=3672"}],"version-history":[{"count":14,"href":"https:\/\/www.staging.europe.thermoking.com\/es\/wp-json\/wp\/v2\/pages\/3672\/revisions"}],"predecessor-version":[{"id":74916,"href":"https:\/\/www.staging.europe.thermoking.com\/es\/wp-json\/wp\/v2\/pages\/3672\/revisions\/74916"}],"wp:attachment":[{"href":"https:\/\/www.staging.europe.thermoking.com\/es\/wp-json\/wp\/v2\/media?parent=3672"}],"curies":[{"name":"wp","href":"https:\/\/api.w.org\/{rel}","templated":true}]}}