{"id":3650,"date":"2018-06-08T13:31:55","date_gmt":"2018-06-08T12:31:55","guid":{"rendered":"http:\/\/europe.thermoking.new.local\/telematics\/usb-datalogger\/"},"modified":"2019-07-16T12:43:49","modified_gmt":"2019-07-16T11:43:49","slug":"usb-datalogger","status":"publish","type":"page","link":"https:\/\/www.staging.europe.thermoking.com\/es\/aplicaciones\/connected-solutions\/usb-datalogger","title":{"rendered":"Registrador de datos USB"},"content":{"rendered":"\n<div class=\"wp-block-columns has-2-columns is-layout-flex wp-container-core-columns-is-layout-9d6595d7 wp-block-columns-is-layout-flex\">\n<div class=\"wp-block-column is-layout-flow wp-block-column-is-layout-flow\">\n<h1 class=\"wp-block-heading\">Registrador de datos USB<\/h1>\n<\/div>\n\n\n\n<div class=\"wp-block-column is-layout-flow wp-block-column-is-layout-flow\"><\/div>\n<\/div>\n\n\n\n<h2 class=\"wp-block-heading\">Registrador de temperatura<\/h2>\n\n\n\n<p>Este registrador de datos USB mide y almacena hasta 16.382 lecturas de temperatura de entre -35\u00b0C y +80\u00b0C. El usuario puede conectar directamente el dispositivo a un puerto USB del ordenador y configurar el registrador de datos con facilidad (los intervalos de registro, la hora de inicio, las alarmas, etc.). Cuando sea necesario, los datos almacenados pueden descargarse con rapidez a trav\u00e9s del software de control basado en Windows.<\/p>\n\n\n\n<h2 class=\"wp-block-heading\">Registrador de la temperatura, la humedad y el punto de roc\u00edo<\/h2>\n\n\n\n<p>En comparaci\u00f3n con el modelo anterior, este registrador de datos USB registra el nivel de humedad relativa, desde el 0% hasta el 100%, adem\u00e1s de la temperatura.<\/p>\n\n\n\n<p>Ambos dispositivos se entregan con una bater\u00eda de litio de larga duraci\u00f3n, con una autonom\u00eda prevista de un a\u00f1o como m\u00ednimo. Los dispositivos tambi\u00e9n cuentan con indicadores luminosos LED de color verde y rojo para brindar indicaci\u00f3n de alarmas y estado.<\/p>\n\n\n\n<p>Estos registradores de datos resultan m\u00e1s adecuados para las aplicaciones no sujetas a la norma EN 12830 (tama\u00f1o del compartimento inferior a 10 metros c\u00fabicos).<\/p>\n\n\n\n<h3 class=\"wp-block-heading\">Caracter\u00edsticas principales<\/h3>\n\n\n\n<div class=\"wp-block-image\"><figure class=\"alignright is-resized\"><img decoding=\"async\" src=\"https:\/\/europe-thermoking.s3.eu-west-3.amazonaws.com\/wp-content\/uploads\/2019\/07\/17154730\/temperature-usb-datalogger.png\" alt=\"\" class=\"wp-image-11064\" width=\"160\" srcset=\"https:\/\/europe-thermoking.s3.eu-west-3.amazonaws.com\/wp-content\/uploads\/2019\/07\/17154730\/temperature-usb-datalogger.png 260w, https:\/\/europe-thermoking.s3.eu-west-3.amazonaws.com\/wp-content\/uploads\/2019\/07\/17154730\/temperature-usb-datalogger-160x60.png 160w, https:\/\/europe-thermoking.s3.eu-west-3.amazonaws.com\/wp-content\/uploads\/2019\/07\/17154730\/temperature-usb-datalogger-40x15.png 40w, https:\/\/europe-thermoking.s3.eu-west-3.amazonaws.com\/wp-content\/uploads\/2019\/07\/17154730\/temperature-usb-datalogger-80x30.png 80w\" sizes=\"(max-width: 260px) 100vw, 260px\" \/><\/figure><\/div>\n\n\n\n<ul class=\"wp-block-list\"><li>Interfaz USB para la configuraci\u00f3n y la descarga de los datos.<\/li><li>L\u00edmites de alarma programables por el usuario para el % de humedad relativa y la temperatura.<\/li><li>Visualizaci\u00f3n de gr\u00e1ficos con todos los par\u00e1metros (incluida la indicaci\u00f3n del punto de roc\u00edo) a trav\u00e9s del software del usuario (Windows 98, 2000, XP y Vista).<\/li><\/ul>\n\n\n\n<p>[spacer]<\/p>\n\n\n","protected":false},"excerpt":{"rendered":"<p>Registrador de datos USB Registrador de temperatura Este registrador de datos USB mide y almacena hasta 16.382 lecturas de temperatura de entre -35\u00b0C y +80\u00b0C. El usuario puede conectar directamente el dispositivo a un puerto USB del ordenador y configurar el registrador de datos con facilidad (los intervalos de registro, la hora de inicio, las [&hellip;]<\/p>\n","protected":false},"author":1,"featured_media":0,"parent":2661,"menu_order":0,"comment_status":"closed","ping_status":"closed","template":"","meta":{"_acf_changed":false,"footnotes":""},"class_list":["post-3650","page","type-page","status-publish","hentry"],"acf":[],"_links":{"self":[{"href":"https:\/\/www.staging.europe.thermoking.com\/es\/wp-json\/wp\/v2\/pages\/3650","targetHints":{"allow":["GET"]}}],"collection":[{"href":"https:\/\/www.staging.europe.thermoking.com\/es\/wp-json\/wp\/v2\/pages"}],"about":[{"href":"https:\/\/www.staging.europe.thermoking.com\/es\/wp-json\/wp\/v2\/types\/page"}],"author":[{"embeddable":true,"href":"https:\/\/www.staging.europe.thermoking.com\/es\/wp-json\/wp\/v2\/users\/1"}],"replies":[{"embeddable":true,"href":"https:\/\/www.staging.europe.thermoking.com\/es\/wp-json\/wp\/v2\/comments?post=3650"}],"version-history":[{"count":0,"href":"https:\/\/www.staging.europe.thermoking.com\/es\/wp-json\/wp\/v2\/pages\/3650\/revisions"}],"up":[{"embeddable":true,"href":"https:\/\/www.staging.europe.thermoking.com\/es\/wp-json\/wp\/v2\/pages\/2661"}],"wp:attachment":[{"href":"https:\/\/www.staging.europe.thermoking.com\/es\/wp-json\/wp\/v2\/media?parent=3650"}],"curies":[{"name":"wp","href":"https:\/\/api.w.org\/{rel}","templated":true}]}}