{"id":3631,"date":"2018-06-08T13:30:48","date_gmt":"2018-06-08T12:30:48","guid":{"rendered":"http:\/\/europe.thermoking.new.local\/telematics\/touchprint\/"},"modified":"2019-11-12T08:57:08","modified_gmt":"2019-11-12T08:57:08","slug":"touchprint","status":"publish","type":"page","link":"https:\/\/www.staging.europe.thermoking.com\/es\/aplicaciones\/connected-solutions\/touchprint","title":{"rendered":"TouchLog"},"content":{"rendered":"\n\n\n<div class=\"wp-block-columns has-2-columns is-layout-flex wp-container-core-columns-is-layout-9d6595d7 wp-block-columns-is-layout-flex\">\n<div class=\"wp-block-column is-layout-flow wp-block-column-is-layout-flow\">\n<h1 class=\"wp-block-heading\">TouchLog<\/h1>\n<\/div>\n\n\n\n<div class=\"wp-block-column is-layout-flow wp-block-column-is-layout-flow\"><\/div>\n<\/div>\n\n\n\n<h6 class=\"wp-block-heading\">Recuperaci\u00f3n e impresi\u00f3n de datos de temperatura para todos los veh\u00edculos frigor\u00edficos<\/h6>\n\n\n\n<p>El registrador de datos TouchLog de Thermo King, compacto y f\u00e1cil de utilizar, permite descargar los datos de manera flexible e imprimirlos con rapidez.<\/p>\n\n\n\n<p>TouchLog es un innovador registrador de datos con funciones avanzadas que da respuesta a m\u00faltiples necesidades. Sus puntos fuertes son unas lecturas precisas, unas opciones de exportaci\u00f3n flexibles y una interfaz intuitiva.<\/p>\n\n\n\n<p>El registrador de datos TouchLog le ofrece una precisi\u00f3n de 0,5 K a una temperatura de entre -25\u00b0C y +8\u00b0C y de 1 K a una temperatura de entre -30\u00b0C y -25\u00b0C y de entre +8\u00b0C y +30\u00b0C. Esto significa que, si debe transportarse un producto sensible en un rango de temperaturas de entre +4\u00b0C y +8\u00b0C y el registrador de datos independiente muestra una temperatura de 7,5\u00b0C:<\/p>\n\n\n\n<ul class=\"wp-block-list\"><li>Si el registrador de datos es de clase I, con una precisi\u00f3n de un grado, el producto puede encontrarse en el rango de temperaturas de entre 6,5\u00b0C y 8,5\u00b0C, por lo que podr\u00eda estar fuera del rango requerido.<\/li><li>Si el registrador de datos es TouchLog, de clase 0,5 K, el producto se encontrar\u00e1 en el rango de temperaturas de entre 7\u00b0C y 8\u00b0C, es decir, dentro del rango requerido.<\/li><\/ul>\n\n\n\n<p>Es posible acceder a los datos del registrador TouchLog mediante la plataforma TracKing de Thermo King, lo que significa que tendr\u00e1 una visibilidad total de la temperatura a la que se encuentra la carga.<\/p>\n\n\n\n<p>En lo que respecta a la certificaci\u00f3n, este registrador de temperatura cumple todos los est\u00e1ndares en materia de transporte de alimentos: la norma EN 12830, la aprobaci\u00f3n de tipo E y la homologaci\u00f3n WELMEC 7.2. Este producto resulta realmente modular, ya que puede  introducirse en una ranura DIN est\u00e1ndar para la radio, instalarse en una caja IP65 para un montaje exterior o colocarse en el salpicadero, gracias a su tama\u00f1o ligero y compacto.<\/p>\n\n\n\n<p>Este dispositivo de supervisi\u00f3n de la temperatura, equipado con sus propios sensores, puede utilizarse con equipos de control de la temperatura de todas las marcas.<\/p>\n\n\n\n<h2 class=\"wp-block-heading\"><strong>Caracter\u00edsticas principales<\/strong><strong><\/strong><\/h2>\n\n\n\n<ul class=\"wp-block-list\"><li>Una pantalla t\u00e1ctil capacitiva que permite una navegaci\u00f3n r\u00e1pida mediante iconos.<\/li><li>Un puerto USB mini para la exportaci\u00f3n de los tickets (en formato .pdf y .txt).<\/li><li>Una impresora t\u00e9rmica de alta velocidad para impresiones en forma de gr\u00e1ficos o de tablas.<\/li><li>Gran memoria flash para conservar como m\u00ednimo 1 a\u00f1o de datos.<\/li><li>Hasta 3 puertos de comunicaciones en serie (RS232\/RS485) para la conexi\u00f3n a:<ul><li>Plataforma TracKing de Thermo King<\/li><li>Un controlador de la unidad de Thermo King para el punto de consigna del equipo frigor\u00edfico.<\/li><\/ul><\/li><\/ul>\n\n\n\n<p>[spacer]<\/p>\n\n\n\n<figure class=\"wp-block-image\"><img loading=\"lazy\" decoding=\"async\" width=\"600\" height=\"178\" src=\"https:\/\/europe-thermoking.s3.eu-west-3.amazonaws.com\/wp-content\/uploads\/2019\/11\/17152751\/TouchLog-visual.png\" alt=\"\" class=\"wp-image-22336\" srcset=\"https:\/\/europe-thermoking.s3.eu-west-3.amazonaws.com\/wp-content\/uploads\/2019\/11\/17152751\/TouchLog-visual.png 600w, https:\/\/europe-thermoking.s3.eu-west-3.amazonaws.com\/wp-content\/uploads\/2019\/11\/17152751\/TouchLog-visual-40x12.png 40w, https:\/\/europe-thermoking.s3.eu-west-3.amazonaws.com\/wp-content\/uploads\/2019\/11\/17152751\/TouchLog-visual-80x24.png 80w, https:\/\/europe-thermoking.s3.eu-west-3.amazonaws.com\/wp-content\/uploads\/2019\/11\/17152751\/TouchLog-visual-160x47.png 160w, https:\/\/europe-thermoking.s3.eu-west-3.amazonaws.com\/wp-content\/uploads\/2019\/11\/17152751\/TouchLog-visual-320x95.png 320w, https:\/\/europe-thermoking.s3.eu-west-3.amazonaws.com\/wp-content\/uploads\/2019\/11\/17152751\/TouchLog-visual-300x89.png 300w\" sizes=\"auto, (max-width: 600px) 100vw, 600px\" \/><\/figure>\n\n\n","protected":false},"excerpt":{"rendered":"<p>TouchLog Recuperaci\u00f3n e impresi\u00f3n de datos de temperatura para todos los veh\u00edculos frigor\u00edficos El registrador de datos TouchLog de Thermo King, compacto y f\u00e1cil de utilizar, permite descargar los datos de manera flexible e imprimirlos con rapidez. TouchLog es un innovador registrador de datos con funciones avanzadas que da respuesta a m\u00faltiples necesidades. Sus puntos [&hellip;]<\/p>\n","protected":false},"author":1,"featured_media":17987,"parent":2661,"menu_order":0,"comment_status":"closed","ping_status":"closed","template":"","meta":{"_acf_changed":false,"footnotes":""},"class_list":["post-3631","page","type-page","status-publish","has-post-thumbnail","hentry"],"acf":[],"_links":{"self":[{"href":"https:\/\/www.staging.europe.thermoking.com\/es\/wp-json\/wp\/v2\/pages\/3631","targetHints":{"allow":["GET"]}}],"collection":[{"href":"https:\/\/www.staging.europe.thermoking.com\/es\/wp-json\/wp\/v2\/pages"}],"about":[{"href":"https:\/\/www.staging.europe.thermoking.com\/es\/wp-json\/wp\/v2\/types\/page"}],"author":[{"embeddable":true,"href":"https:\/\/www.staging.europe.thermoking.com\/es\/wp-json\/wp\/v2\/users\/1"}],"replies":[{"embeddable":true,"href":"https:\/\/www.staging.europe.thermoking.com\/es\/wp-json\/wp\/v2\/comments?post=3631"}],"version-history":[{"count":0,"href":"https:\/\/www.staging.europe.thermoking.com\/es\/wp-json\/wp\/v2\/pages\/3631\/revisions"}],"up":[{"embeddable":true,"href":"https:\/\/www.staging.europe.thermoking.com\/es\/wp-json\/wp\/v2\/pages\/2661"}],"wp:featuredmedia":[{"embeddable":true,"href":"https:\/\/www.staging.europe.thermoking.com\/es\/wp-json\/wp\/v2\/media\/17987"}],"wp:attachment":[{"href":"https:\/\/www.staging.europe.thermoking.com\/es\/wp-json\/wp\/v2\/media?parent=3631"}],"curies":[{"name":"wp","href":"https:\/\/api.w.org\/{rel}","templated":true}]}}