{"id":3114,"date":"2018-06-08T15:26:04","date_gmt":"2018-06-08T14:26:04","guid":{"rendered":"http:\/\/europe.thermoking.new.local\/coldcube-connect-containers\/"},"modified":"2019-07-15T13:41:21","modified_gmt":"2019-07-15T12:41:21","slug":"coldcube-connect-containers","status":"publish","type":"page","link":"https:\/\/www.staging.europe.thermoking.com\/es\/coldcube-connect-containers","title":{"rendered":"Contenedores ColdCube&#x2122; Connect"},"content":{"rendered":"\n<div class=\"wp-block-columns has-2-columns is-layout-flex wp-container-core-columns-is-layout-9d6595d7 wp-block-columns-is-layout-flex\">\n<div class=\"wp-block-column is-layout-flow wp-block-column-is-layout-flow\">\n<h1 class=\"wp-block-heading\">Contenedores ColdCube&#x2122; Connect<\/h1>\n<\/div>\n\n\n\n<div class=\"wp-block-column is-layout-flow wp-block-column-is-layout-flow\"><\/div>\n<\/div>\n\n\n\n<h6 class=\"wp-block-heading\">Refrigeraci\u00f3n, congelaci\u00f3n y calefacci\u00f3n flexibles y port\u00e1tiles ahora con conexi\u00f3n Bluetooth<\/h6>\n\n\n\n<h2 class=\"wp-block-heading\">Refrigeraci\u00f3n, congelaci\u00f3n y calefacci\u00f3n flexibles<\/h2>\n\n\n\n<div class=\"wp-block-image\"><figure class=\"alignright\"><img loading=\"lazy\" decoding=\"async\" width=\"320\" height=\"199\" src=\"https:\/\/europe-thermoking.s3.eu-west-3.amazonaws.com\/wp-content\/uploads\/2019\/07\/17154623\/1-1-320x199.png\" alt=\"\" class=\"wp-image-11605\" srcset=\"https:\/\/europe-thermoking.s3.eu-west-3.amazonaws.com\/wp-content\/uploads\/2019\/07\/17154623\/1-1-320x199.png 320w, https:\/\/europe-thermoking.s3.eu-west-3.amazonaws.com\/wp-content\/uploads\/2019\/07\/17154623\/1-1-160x99.png 160w, https:\/\/europe-thermoking.s3.eu-west-3.amazonaws.com\/wp-content\/uploads\/2019\/07\/17154623\/1-1-40x25.png 40w, https:\/\/europe-thermoking.s3.eu-west-3.amazonaws.com\/wp-content\/uploads\/2019\/07\/17154623\/1-1-80x50.png 80w, https:\/\/europe-thermoking.s3.eu-west-3.amazonaws.com\/wp-content\/uploads\/2019\/07\/17154623\/1-1-300x186.png 300w, https:\/\/europe-thermoking.s3.eu-west-3.amazonaws.com\/wp-content\/uploads\/2019\/07\/17154623\/1-1.png 549w\" sizes=\"auto, (max-width: 320px) 100vw, 320px\" \/><\/figure><\/div>\n\n\n\n<ul class=\"wp-block-list\"><li>Opciones de refrigeraci\u00f3n y calefacci\u00f3n ahora disponibles en todos los modelos.<\/li><li>Potentes opciones de refrigeraci\u00f3n (de 30\u00b0C a -10\u00b0C) y congelaci\u00f3n (de 40\u00b0C a -24\u00b0C).<\/li><li>Adaptaci\u00f3n sencilla para satisfacer los requisitos de diferentes aplicaciones.<\/li><li>Funcionan de serie con 12\/24 Vcc y de forma opcional con 110-240 Vca.<\/li><li>Control constante de la temperatura para la protecci\u00f3n de la carga.<\/li><li>Controlador digital para un funcionamiento eficiente.<\/li><li>Desconexi\u00f3n de la alimentaci\u00f3n integrada para evitar que se agote la bater\u00eda.<\/li><li>Interior redise\u00f1ado para maximizar la capacidad de carga.<\/li><\/ul>\n\n\n\n<h2 class=\"wp-block-heading\">Adici\u00f3n de Bluetooth para una conectividad y visibilidad totales<\/h2>\n\n\n\n<ul class=\"wp-block-list\"><li>Convierte su dispositivo m\u00f3vil en una interfaz de usuario inal\u00e1mbrica.<\/li><li>Control preciso del punto de consigna de la temperatura.<\/li><li>Visualizaci\u00f3n sencilla del estado y de la temperatura sin necesidad de abrir el contenedor.<\/li><\/ul>\n\n\n\n<h2 class=\"wp-block-heading\">Fabricados para los entornos m\u00e1s duros<\/h2>\n\n\n\n<div class=\"wp-block-image\"><figure class=\"alignright\"><img loading=\"lazy\" decoding=\"async\" width=\"320\" height=\"257\" src=\"https:\/\/europe-thermoking.s3.eu-west-3.amazonaws.com\/wp-content\/uploads\/2019\/07\/17154622\/2-1-320x257.jpg\" alt=\"\" class=\"wp-image-11611\" srcset=\"https:\/\/europe-thermoking.s3.eu-west-3.amazonaws.com\/wp-content\/uploads\/2019\/07\/17154622\/2-1-320x257.jpg 320w, https:\/\/europe-thermoking.s3.eu-west-3.amazonaws.com\/wp-content\/uploads\/2019\/07\/17154622\/2-1-160x128.jpg 160w, https:\/\/europe-thermoking.s3.eu-west-3.amazonaws.com\/wp-content\/uploads\/2019\/07\/17154622\/2-1-40x32.jpg 40w, https:\/\/europe-thermoking.s3.eu-west-3.amazonaws.com\/wp-content\/uploads\/2019\/07\/17154622\/2-1-80x64.jpg 80w, https:\/\/europe-thermoking.s3.eu-west-3.amazonaws.com\/wp-content\/uploads\/2019\/07\/17154622\/2-1-449x360.jpg 449w, https:\/\/europe-thermoking.s3.eu-west-3.amazonaws.com\/wp-content\/uploads\/2019\/07\/17154622\/2-1-561x450.jpg 561w, https:\/\/europe-thermoking.s3.eu-west-3.amazonaws.com\/wp-content\/uploads\/2019\/07\/17154622\/2-1-640x514.jpg 640w, https:\/\/europe-thermoking.s3.eu-west-3.amazonaws.com\/wp-content\/uploads\/2019\/07\/17154622\/2-1-300x241.jpg 300w, https:\/\/europe-thermoking.s3.eu-west-3.amazonaws.com\/wp-content\/uploads\/2019\/07\/17154622\/2-1-768x616.jpg 768w, https:\/\/europe-thermoking.s3.eu-west-3.amazonaws.com\/wp-content\/uploads\/2019\/07\/17154622\/2-1.jpg 795w\" sizes=\"auto, (max-width: 320px) 100vw, 320px\" \/><\/figure><\/div>\n\n\n\n<ul class=\"wp-block-list\"><li>Dise\u00f1o de polietileno moldeado de una pieza para una durabilidad, resistencia y ligereza incre\u00edbles.<\/li><li>Componentes dise\u00f1ados y probados siempre para su uso en aplicaciones m\u00f3viles.<\/li><li>Materiales de calidad alimentaria utilizados en todo el contenedor para un funcionamiento higi\u00e9nico y una limpieza sencilla.<\/li><li>Sencilla transportabilidad con asas integradas y kits de accesorios para el transporte.<\/li><\/ul>\n\n\n\n<h2 class=\"wp-block-heading\">Gama ampliada adaptada a todas las necesidades<\/h2>\n\n\n\n<ul class=\"wp-block-list\"><li>Cinco tama\u00f1os diferentes y diecis\u00e9is opciones para garantizar la total satisfacci\u00f3n de las necesidades de su empresa.<\/li><\/ul>\n\n\n\n<h2 class=\"wp-block-heading\">Aplicaciones potenciales<\/h2>\n\n\n\n<ul class=\"wp-block-list\"><li>Veh\u00edculos de peque\u00f1o tama\u00f1o para empresas con<\/li><li>requisitos de capacidad limitada en lo relativo a la refrigeraci\u00f3n y la congelaci\u00f3n.<\/li><li>Unidades de alquiler para su utilizaci\u00f3n siempre que se necesite un control port\u00e1til de la temperatura.<\/li><li>Optimizaci\u00f3n de la carga en furgonetas de mayor tama\u00f1o y remolques de tama\u00f1o completo.<\/li><li>Unidades con cargador superior para muestras o un uso recreativo.<\/li><\/ul>\n\n\n\n<p>Amplia gama de accesorios disponibles para adaptarse a diferentes aplicaciones.<\/p>\n\n\n\n<p>[spacer]<\/p>\n\n\n\n<div class=\"wp-block-columns has-3-columns is-layout-flex wp-container-core-columns-is-layout-9d6595d7 wp-block-columns-is-layout-flex\">\n<div class=\"wp-block-column is-layout-flow wp-block-column-is-layout-flow\"><\/div>\n\n\n\n<div class=\"wp-block-column is-layout-flow wp-block-column-is-layout-flow\"><\/div>\n\n\n\n<div class=\"wp-block-column is-layout-flow wp-block-column-is-layout-flow\"><\/div>\n<\/div>\n","protected":false},"excerpt":{"rendered":"<p>Contenedores ColdCube&#x2122; Connect Refrigeraci\u00f3n, congelaci\u00f3n y calefacci\u00f3n flexibles y port\u00e1tiles ahora con conexi\u00f3n Bluetooth Refrigeraci\u00f3n, congelaci\u00f3n y calefacci\u00f3n flexibles Opciones de refrigeraci\u00f3n y calefacci\u00f3n ahora disponibles en todos los modelos. Potentes opciones de refrigeraci\u00f3n (de 30\u00b0C a -10\u00b0C) y congelaci\u00f3n (de 40\u00b0C a -24\u00b0C). Adaptaci\u00f3n sencilla para satisfacer los requisitos de diferentes aplicaciones. Funcionan de [&hellip;]<\/p>\n","protected":false},"author":1,"featured_media":0,"parent":0,"menu_order":0,"comment_status":"closed","ping_status":"closed","template":"","meta":{"_acf_changed":false,"footnotes":""},"class_list":["post-3114","page","type-page","status-publish","hentry"],"acf":[],"_links":{"self":[{"href":"https:\/\/www.staging.europe.thermoking.com\/es\/wp-json\/wp\/v2\/pages\/3114","targetHints":{"allow":["GET"]}}],"collection":[{"href":"https:\/\/www.staging.europe.thermoking.com\/es\/wp-json\/wp\/v2\/pages"}],"about":[{"href":"https:\/\/www.staging.europe.thermoking.com\/es\/wp-json\/wp\/v2\/types\/page"}],"author":[{"embeddable":true,"href":"https:\/\/www.staging.europe.thermoking.com\/es\/wp-json\/wp\/v2\/users\/1"}],"replies":[{"embeddable":true,"href":"https:\/\/www.staging.europe.thermoking.com\/es\/wp-json\/wp\/v2\/comments?post=3114"}],"version-history":[{"count":0,"href":"https:\/\/www.staging.europe.thermoking.com\/es\/wp-json\/wp\/v2\/pages\/3114\/revisions"}],"wp:attachment":[{"href":"https:\/\/www.staging.europe.thermoking.com\/es\/wp-json\/wp\/v2\/media?parent=3114"}],"curies":[{"name":"wp","href":"https:\/\/api.w.org\/{rel}","templated":true}]}}