{"id":2947,"date":"2018-06-08T14:26:55","date_gmt":"2018-06-08T12:26:55","guid":{"rendered":"http:\/\/europe.thermoking.new.local\/thermolite-solar-panels\/"},"modified":"2023-01-27T15:45:36","modified_gmt":"2023-01-27T14:45:36","slug":"thermolite-solar-panels","status":"publish","type":"page","link":"https:\/\/www.staging.europe.thermoking.com\/es\/soluciones-de-alimentacion\/thermolite-solar-panels","title":{"rendered":"Paneles solares de Thermo King"},"content":{"rendered":"\n<div class=\"wp-block-columns has-2-columns is-layout-flex wp-container-core-columns-is-layout-9d6595d7 wp-block-columns-is-layout-flex\">\n<div class=\"wp-block-column is-layout-flow wp-block-column-is-layout-flow\">\n<h1 class=\"wp-block-heading\">Paneles solares de Thermo King<\/h1>\n<\/div>\n\n\n\n<div class=\"wp-block-column is-layout-flow wp-block-column-is-layout-flow\"><\/div>\n<\/div>\n\n\n\n<h6 class=\"wp-block-heading\">Soluci\u00f3n de gesti\u00f3n de la energ\u00eda para disfrutar de un mayor tiempo de actividad y un menor consumo de combustible<\/h6>\n\n\n<div class=\"wp-block-image\">\n<figure class=\"alignright\"><img loading=\"lazy\" decoding=\"async\" width=\"580\" height=\"423\" src=\"https:\/\/europe-thermoking.s3.eu-west-3.amazonaws.com\/wp-content\/uploads\/2019\/07\/17154617\/unit-solar-panel-2.png\" alt=\"\" class=\"wp-image-11695\" srcset=\"https:\/\/europe-thermoking.s3.eu-west-3.amazonaws.com\/wp-content\/uploads\/2019\/07\/17154617\/unit-solar-panel-2.png 580w, https:\/\/europe-thermoking.s3.eu-west-3.amazonaws.com\/wp-content\/uploads\/2019\/07\/17154617\/unit-solar-panel-2-40x29.png 40w, https:\/\/europe-thermoking.s3.eu-west-3.amazonaws.com\/wp-content\/uploads\/2019\/07\/17154617\/unit-solar-panel-2-80x58.png 80w, https:\/\/europe-thermoking.s3.eu-west-3.amazonaws.com\/wp-content\/uploads\/2019\/07\/17154617\/unit-solar-panel-2-494x360.png 494w, https:\/\/europe-thermoking.s3.eu-west-3.amazonaws.com\/wp-content\/uploads\/2019\/07\/17154617\/unit-solar-panel-2-160x117.png 160w, https:\/\/europe-thermoking.s3.eu-west-3.amazonaws.com\/wp-content\/uploads\/2019\/07\/17154617\/unit-solar-panel-2-320x233.png 320w, https:\/\/europe-thermoking.s3.eu-west-3.amazonaws.com\/wp-content\/uploads\/2019\/07\/17154617\/unit-solar-panel-2-300x219.png 300w\" sizes=\"auto, (max-width: 580px) 100vw, 580px\" \/><\/figure><\/div>\n\n\n<p>Los paneles solares de Thermo King proporcionan una soluci\u00f3n sostenible de gesti\u00f3n de la energ\u00eda para equipos frigor\u00edficos para cami\u00f3n y remolque que aumenta la vida \u00fatil de su bater\u00eda al tiempo que reduce las emisiones y el consumo de combustible.<br>Estos paneles resistentes y a prueba de las inclemencias meteorol\u00f3gicas recogen la energ\u00eda solar, incluso con poca luz, para mantener su bater\u00eda en \u00f3ptimas condiciones. Sus motores ya no tendr\u00e1n que funcionar con la \u00fanica finalidad de cargar la bater\u00eda, lo que le permitir\u00e1 reducir el consumo de combustible y las emisiones de CO<sub>2<\/sub>, al tiempo que le ayudar\u00e1 a cumplir sus objetivos de sostenibilidad.<\/p>\n\n\n\n<p><\/p>\n\n\n\n<p><\/p>\n\n\n\n<p><\/p>\n\n\n\n<p><\/p>\n\n\n\n<p><\/p>\n\n\n\n<p><\/p>\n\n\n\n<p><\/p>\n\n\n\n<p><\/p>\n\n\n\n<p><\/p>\n\n\n\n<h2 class=\"wp-block-heading\">Aplicaciones<\/h2>\n\n\n\n<p>Los paneles solares ThermoLite&#x2122; est\u00e1n especialmente indicados para estas 4 aplicaciones:<\/p>\n\n\n\n<div class=\"wp-block-columns has-2-columns is-layout-flex wp-container-core-columns-is-layout-9d6595d7 wp-block-columns-is-layout-flex\">\n<div class=\"wp-block-column is-layout-flow wp-block-column-is-layout-flow\">\n<p><\/p>\n\n\n\n<ol class=\"li-blue-circle wp-block-list\">\n<li><strong><strong>Para el equipo frigor\u00edfico de Thermo King (12&nbsp;V):<\/strong><\/strong><br><br>Permanezca conectado. Ampl\u00ede la vida \u00fatil de la bater\u00eda y ahorre en combustible y en CO2.<br>Hasta 110 W.<\/li>\n\n\n\n<li><strong><strong>Para la bater\u00eda de su unidad tractora (en el techo de la unidad tractora) (24 V)<\/strong><\/strong><br><br>Ampl\u00ede la vida \u00fatil y el aprovechamiento de la bater\u00eda de su unidad tractora y ahorre en cambios de bater\u00eda, aver\u00edas y consumo de combustible.<br>De 80 W (2 \u00d7 40 W) a 220 W (2 \u00d7 110 W).<\/li>\n\n\n\n<li><strong><strong>Para la plataforma elevadora (24 V):<\/strong><\/strong><br><br>Mantenga la plataforma elevadora en funcionamiento y las bater\u00edas cargadas.<br>Hasta 220 W (2 \u00d7 110 W).<\/li>\n\n\n\n<li>Como una extensi\u00f3n de su panel solar para Advancer<\/li>\n<\/ol>\n<\/div>\n<\/div>\n\n\n\n<div class=\"wp-block-columns has-2-columns is-layout-flex wp-container-core-columns-is-layout-9d6595d7 wp-block-columns-is-layout-flex\">\n<div class=\"wp-block-column is-layout-flow wp-block-column-is-layout-flow\"><\/div>\n<\/div>\n\n\n\n<p><\/p>\n\n\n\n<figure class=\"wp-block-image size-full\"><img loading=\"lazy\" decoding=\"async\" width=\"668\" height=\"232\" src=\"https:\/\/europe-thermoking.s3.eu-west-3.amazonaws.com\/wp-content\/uploads\/2023\/01\/17105201\/Solar-Panel-applications-on-trailer.png\" alt=\"\" class=\"wp-image-61310\" srcset=\"https:\/\/europe-thermoking.s3.eu-west-3.amazonaws.com\/wp-content\/uploads\/2023\/01\/17105201\/Solar-Panel-applications-on-trailer.png 668w, https:\/\/europe-thermoking.s3.eu-west-3.amazonaws.com\/wp-content\/uploads\/2023\/01\/17105201\/Solar-Panel-applications-on-trailer-300x104.png 300w, https:\/\/europe-thermoking.s3.eu-west-3.amazonaws.com\/wp-content\/uploads\/2023\/01\/17105201\/Solar-Panel-applications-on-trailer-160x56.png 160w, https:\/\/europe-thermoking.s3.eu-west-3.amazonaws.com\/wp-content\/uploads\/2023\/01\/17105201\/Solar-Panel-applications-on-trailer-320x111.png 320w, https:\/\/europe-thermoking.s3.eu-west-3.amazonaws.com\/wp-content\/uploads\/2023\/01\/17105201\/Solar-Panel-applications-on-trailer-40x14.png 40w, https:\/\/europe-thermoking.s3.eu-west-3.amazonaws.com\/wp-content\/uploads\/2023\/01\/17105201\/Solar-Panel-applications-on-trailer-80x28.png 80w, https:\/\/europe-thermoking.s3.eu-west-3.amazonaws.com\/wp-content\/uploads\/2023\/01\/17105201\/Solar-Panel-applications-on-trailer-640x222.png 640w\" sizes=\"auto, (max-width: 668px) 100vw, 668px\" \/><\/figure>\n\n\n\n<h2 class=\"wp-block-heading\">M\u00faltiples opciones<\/h2>\n\n\n\n<p>Los paneles solares de Thermo King est\u00e1n disponibles con distintos tama\u00f1os y potencias. Elija un panel o combine varios para adaptarlos a sus necesidades.<\/p>\n\n\n\n<p><\/p>\n\n\n\n<ul class=\"wp-block-list\">\n<li>PANEL SOLAR THERMOLITE&#x2122; de 12 V para equipos frigor\u00edficos para cami\u00f3n y remolque: 40 W\/110 W<\/li>\n\n\n\n<li>PANEL SOLAR THERMOLITE&#x2122; de 24 V: 40 W\/110 W<\/li>\n\n\n\n<li>PANELES SOLARES THERMOLITE&#x2122; para unidades Advancer: 40 W y 50 W<\/li>\n<\/ul>\n\n\n\n<h2 class=\"wp-block-heading\">Caracter\u00edsticas<\/h2>\n\n\n\n<ul class=\"wp-block-list\">\n<li>Generan una gran corriente de carga incluso en condiciones de poca luz, garantizando que la bater\u00eda de la unidad permanezca cargada tambi\u00e9n en invierno.<\/li>\n\n\n\n<li>Una eficiencia excepcional que proporciona m\u00e1s carga que los sistemas de la competencia.<\/li>\n\n\n\n<li>Dise\u00f1o de perfil bajo para superar las restricciones de altura y facilitar la instalaci\u00f3n.<\/li>\n\n\n\n<li>Instalaci\u00f3n r\u00e1pida y sencilla en 60&nbsp;minutos en cualquier aplicaci\u00f3n. El kit incluye todos los componentes necesarios con un \u00fanico c\u00f3digo de referencia.<\/li>\n\n\n\n<li>Las pruebas en condiciones clim\u00e1ticas extremas demuestran una durabilidad excepcional de los componentes electr\u00f3nicos sellados y de las celdas de pol\u00edmero flexibles.<\/li>\n\n\n\n<li>Durabilidad extrema y resistencia al proceso de limpieza qu\u00edmica y de lavado del remolque.<\/li>\n<\/ul>\n\n\n\n<figure class=\"wp-block-image alignwide\"><img decoding=\"async\" src=\"https:\/\/europe-thermoking.s3.eu-west-3.amazonaws.com\/wp-content\/uploads\/2019\/07\/17154544\/Graphic_ES.png\" alt=\"\" class=\"wp-image-11707\"\/><\/figure>\n\n\n\n<p><\/p>\n\n\n\n<h2 class=\"wp-block-heading\">Invierta en lo mejor<\/h2>\n\n\n\n<p>Como propietario de un equipo de Thermo King, ha invertido en lo mejor. Sus prioridades incluyen la fiabilidad, el rendimiento y la sostenibilidad con un coste total de propiedad competitivo.<\/p>\n\n\n\n<div class=\"wp-block-columns is-layout-flex wp-container-core-columns-is-layout-9d6595d7 wp-block-columns-is-layout-flex\">\n<div class=\"wp-block-column is-layout-flow wp-block-column-is-layout-flow\">\n<figure class=\"wp-block-image size-full is-resized\"><img loading=\"lazy\" decoding=\"async\" src=\"https:\/\/europe-thermoking.s3.eu-west-3.amazonaws.com\/wp-content\/uploads\/2023\/01\/17105358\/TK_Genuine-Parts-Icon-1.png\" alt=\"\" class=\"wp-image-61342\" width=\"100\" height=\"100\" srcset=\"https:\/\/europe-thermoking.s3.eu-west-3.amazonaws.com\/wp-content\/uploads\/2023\/01\/17105358\/TK_Genuine-Parts-Icon-1.png 911w, https:\/\/europe-thermoking.s3.eu-west-3.amazonaws.com\/wp-content\/uploads\/2023\/01\/17105358\/TK_Genuine-Parts-Icon-1-300x300.png 300w, https:\/\/europe-thermoking.s3.eu-west-3.amazonaws.com\/wp-content\/uploads\/2023\/01\/17105358\/TK_Genuine-Parts-Icon-1-150x150.png 150w, https:\/\/europe-thermoking.s3.eu-west-3.amazonaws.com\/wp-content\/uploads\/2023\/01\/17105358\/TK_Genuine-Parts-Icon-1-768x767.png 768w, https:\/\/europe-thermoking.s3.eu-west-3.amazonaws.com\/wp-content\/uploads\/2023\/01\/17105358\/TK_Genuine-Parts-Icon-1-160x160.png 160w, https:\/\/europe-thermoking.s3.eu-west-3.amazonaws.com\/wp-content\/uploads\/2023\/01\/17105358\/TK_Genuine-Parts-Icon-1-320x320.png 320w, https:\/\/europe-thermoking.s3.eu-west-3.amazonaws.com\/wp-content\/uploads\/2023\/01\/17105358\/TK_Genuine-Parts-Icon-1-40x40.png 40w, https:\/\/europe-thermoking.s3.eu-west-3.amazonaws.com\/wp-content\/uploads\/2023\/01\/17105358\/TK_Genuine-Parts-Icon-1-80x80.png 80w, https:\/\/europe-thermoking.s3.eu-west-3.amazonaws.com\/wp-content\/uploads\/2023\/01\/17105358\/TK_Genuine-Parts-Icon-1-360x360.png 360w, https:\/\/europe-thermoking.s3.eu-west-3.amazonaws.com\/wp-content\/uploads\/2023\/01\/17105358\/TK_Genuine-Parts-Icon-1-450x450.png 450w, https:\/\/europe-thermoking.s3.eu-west-3.amazonaws.com\/wp-content\/uploads\/2023\/01\/17105358\/TK_Genuine-Parts-Icon-1-321x321.png 321w, https:\/\/europe-thermoking.s3.eu-west-3.amazonaws.com\/wp-content\/uploads\/2023\/01\/17105358\/TK_Genuine-Parts-Icon-1-322x322.png 322w, https:\/\/europe-thermoking.s3.eu-west-3.amazonaws.com\/wp-content\/uploads\/2023\/01\/17105358\/TK_Genuine-Parts-Icon-1-640x639.png 640w, https:\/\/europe-thermoking.s3.eu-west-3.amazonaws.com\/wp-content\/uploads\/2023\/01\/17105358\/TK_Genuine-Parts-Icon-1-641x641.png 641w, https:\/\/europe-thermoking.s3.eu-west-3.amazonaws.com\/wp-content\/uploads\/2023\/01\/17105358\/TK_Genuine-Parts-Icon-1-642x642.png 642w, https:\/\/europe-thermoking.s3.eu-west-3.amazonaws.com\/wp-content\/uploads\/2023\/01\/17105358\/TK_Genuine-Parts-Icon-1-900x910.png 900w\" sizes=\"auto, (max-width: 100px) 100vw, 100px\" \/><\/figure>\n\n\n\n<p><strong><strong>Paneles solares ThermoLite&#x2122;<\/strong><\/strong><\/p>\n\n\n\n<p>En Thermo King, cada pieza se somete a un exhaustivo proceso de validaci\u00f3n que abarca el material, el dise\u00f1o, la fabricaci\u00f3n y unas pruebas de vida \u00fatil aceleradas. \u00danicamente cuando esa pieza cumple los mismos altos est\u00e1ndares que aplicamos en nuestra fabricaci\u00f3n la aprobamos para usarla como pieza de repuesto, lo que proporciona a nuestros clientes una garant\u00eda de rendimiento. Las piezas ORIGINALES de Thermo King cuentan con una garant\u00eda completa de 2 a\u00f1os.<\/p>\n<\/div>\n\n\n\n<div class=\"wp-block-column is-layout-flow wp-block-column-is-layout-flow\">\n<figure class=\"wp-block-image size-full is-resized\"><img loading=\"lazy\" decoding=\"async\" src=\"https:\/\/europe-thermoking.s3.eu-west-3.amazonaws.com\/wp-content\/uploads\/2023\/01\/17105407\/TK_Select-Part-Icon-1.png\" alt=\"\" class=\"wp-image-61357\" width=\"100\" height=\"100\" srcset=\"https:\/\/europe-thermoking.s3.eu-west-3.amazonaws.com\/wp-content\/uploads\/2023\/01\/17105407\/TK_Select-Part-Icon-1.png 910w, https:\/\/europe-thermoking.s3.eu-west-3.amazonaws.com\/wp-content\/uploads\/2023\/01\/17105407\/TK_Select-Part-Icon-1-300x300.png 300w, https:\/\/europe-thermoking.s3.eu-west-3.amazonaws.com\/wp-content\/uploads\/2023\/01\/17105407\/TK_Select-Part-Icon-1-150x150.png 150w, https:\/\/europe-thermoking.s3.eu-west-3.amazonaws.com\/wp-content\/uploads\/2023\/01\/17105407\/TK_Select-Part-Icon-1-768x768.png 768w, https:\/\/europe-thermoking.s3.eu-west-3.amazonaws.com\/wp-content\/uploads\/2023\/01\/17105407\/TK_Select-Part-Icon-1-160x160.png 160w, https:\/\/europe-thermoking.s3.eu-west-3.amazonaws.com\/wp-content\/uploads\/2023\/01\/17105407\/TK_Select-Part-Icon-1-320x320.png 320w, https:\/\/europe-thermoking.s3.eu-west-3.amazonaws.com\/wp-content\/uploads\/2023\/01\/17105407\/TK_Select-Part-Icon-1-40x40.png 40w, https:\/\/europe-thermoking.s3.eu-west-3.amazonaws.com\/wp-content\/uploads\/2023\/01\/17105407\/TK_Select-Part-Icon-1-80x80.png 80w, https:\/\/europe-thermoking.s3.eu-west-3.amazonaws.com\/wp-content\/uploads\/2023\/01\/17105407\/TK_Select-Part-Icon-1-360x360.png 360w, https:\/\/europe-thermoking.s3.eu-west-3.amazonaws.com\/wp-content\/uploads\/2023\/01\/17105407\/TK_Select-Part-Icon-1-450x450.png 450w, https:\/\/europe-thermoking.s3.eu-west-3.amazonaws.com\/wp-content\/uploads\/2023\/01\/17105407\/TK_Select-Part-Icon-1-321x321.png 321w, https:\/\/europe-thermoking.s3.eu-west-3.amazonaws.com\/wp-content\/uploads\/2023\/01\/17105407\/TK_Select-Part-Icon-1-322x322.png 322w, https:\/\/europe-thermoking.s3.eu-west-3.amazonaws.com\/wp-content\/uploads\/2023\/01\/17105407\/TK_Select-Part-Icon-1-640x640.png 640w, https:\/\/europe-thermoking.s3.eu-west-3.amazonaws.com\/wp-content\/uploads\/2023\/01\/17105407\/TK_Select-Part-Icon-1-641x641.png 641w, https:\/\/europe-thermoking.s3.eu-west-3.amazonaws.com\/wp-content\/uploads\/2023\/01\/17105407\/TK_Select-Part-Icon-1-642x642.png 642w, https:\/\/europe-thermoking.s3.eu-west-3.amazonaws.com\/wp-content\/uploads\/2023\/01\/17105407\/TK_Select-Part-Icon-1-900x910.png 900w\" sizes=\"auto, (max-width: 100px) 100vw, 100px\" \/><\/figure>\n\n\n\n<p><strong>Thermo King SELECT Parts<\/strong><\/p>\n\n\n\n<p>Los paneles solares de Thermo King tambi\u00e9n est\u00e1n disponibles en la gama Thermo King SELECT Parts. Estas piezas se obtienen para proporcionar fiabilidad en condiciones extremas y se ofrecen a un precio inferior al del equipo original (OE) usado en producci\u00f3n. Las piezas de Thermo King SELECT Parts se someten a las mismas pruebas exhaustivas que las piezas del OE e incluyen 1 a\u00f1o de garant\u00eda.<\/p>\n<\/div>\n<\/div>\n\n\n\n<p>[spacer]<\/p>\n\n\n\n<div class=\"wp-block-columns has-3-columns is-layout-flex wp-container-core-columns-is-layout-9d6595d7 wp-block-columns-is-layout-flex\">\n<div class=\"wp-block-column is-layout-flow wp-block-column-is-layout-flow\"><\/div>\n\n\n\n<div class=\"wp-block-column is-layout-flow wp-block-column-is-layout-flow\"><\/div>\n\n\n\n<div class=\"wp-block-column is-layout-flow wp-block-column-is-layout-flow\"><\/div>\n<\/div>\n","protected":false},"excerpt":{"rendered":"<p>Paneles solares de Thermo King Soluci\u00f3n de gesti\u00f3n de la energ\u00eda para disfrutar de un mayor tiempo de actividad y un menor consumo de combustible Los paneles solares de Thermo King proporcionan una soluci\u00f3n sostenible de gesti\u00f3n de la energ\u00eda para equipos frigor\u00edficos para cami\u00f3n y remolque que aumenta la vida \u00fatil de su bater\u00eda [&hellip;]<\/p>\n","protected":false},"author":1,"featured_media":0,"parent":76381,"menu_order":0,"comment_status":"closed","ping_status":"closed","template":"","meta":{"_acf_changed":false,"footnotes":""},"class_list":["post-2947","page","type-page","status-publish","hentry"],"acf":[],"_links":{"self":[{"href":"https:\/\/www.staging.europe.thermoking.com\/es\/wp-json\/wp\/v2\/pages\/2947","targetHints":{"allow":["GET"]}}],"collection":[{"href":"https:\/\/www.staging.europe.thermoking.com\/es\/wp-json\/wp\/v2\/pages"}],"about":[{"href":"https:\/\/www.staging.europe.thermoking.com\/es\/wp-json\/wp\/v2\/types\/page"}],"author":[{"embeddable":true,"href":"https:\/\/www.staging.europe.thermoking.com\/es\/wp-json\/wp\/v2\/users\/1"}],"replies":[{"embeddable":true,"href":"https:\/\/www.staging.europe.thermoking.com\/es\/wp-json\/wp\/v2\/comments?post=2947"}],"version-history":[{"count":0,"href":"https:\/\/www.staging.europe.thermoking.com\/es\/wp-json\/wp\/v2\/pages\/2947\/revisions"}],"up":[{"embeddable":true,"href":"https:\/\/www.staging.europe.thermoking.com\/es\/wp-json\/wp\/v2\/pages\/76381"}],"wp:attachment":[{"href":"https:\/\/www.staging.europe.thermoking.com\/es\/wp-json\/wp\/v2\/media?parent=2947"}],"curies":[{"name":"wp","href":"https:\/\/api.w.org\/{rel}","templated":true}]}}