{"id":2879,"date":"2018-06-11T09:13:29","date_gmt":"2018-06-11T08:13:29","guid":{"rendered":"http:\/\/europe.thermoking.new.local\/bus-hvac\/advantech-options\/advantech-gps-control-system\/"},"modified":"2019-10-17T10:32:40","modified_gmt":"2019-10-17T09:32:40","slug":"advantech-gps-control-system","status":"publish","type":"page","link":"https:\/\/www.staging.europe.thermoking.com\/es\/bus-hvac\/advantech-gps-control-system","title":{"rendered":"Sistema AdvanTech de control por GPS"},"content":{"rendered":"\n<h1 class=\"wp-block-heading\">Sistema AdvanTech de control por GPS<\/h1>\n\n\n\n<p>Thermo King ofrece las opciones de AdvanTech, que mejoran la experiencia del usuario final mientras marcan la diferencia en t\u00e9rminos de confort y tendencias del sector. Estas soluciones se han desarrollado para satisfacer las necesidades de los pasajeros en lo relativo a la reducci\u00f3n del ruido y a una mejor calidad del aire.<\/p>\n\n\n\n<div class=\"wp-block-columns has-2-columns is-layout-flex wp-container-core-columns-is-layout-9d6595d7 wp-block-columns-is-layout-flex\">\n<div class=\"wp-block-column is-layout-flow wp-block-column-is-layout-flow\">\n<h2 class=\"wp-block-heading\">Caracter\u00edsticas principales<\/h2>\n\n\n\n<ul class=\"wp-block-list\"><li>Permite la plena automatizaci\u00f3n del control del ruido en medio del tr\u00e1fico.<\/li><li>Es f\u00e1cil de instalar.<\/li><li>Cumple nuevos y pr\u00f3ximos requisitos respecto al nivel sonoro en entornos urbanos y residenciales, como la norma PIEK, desarrollada en los Pa\u00edses Bajos y adoptada por diversos pa\u00edses como Reino Unido, Francia, Alemania y B\u00e9lgica.<\/li><li>Un sistema de control innovador que puede personalizarse, incluso para otras aplicaciones en las que el lugar, la hora y la ubicaci\u00f3n real del veh\u00edculo resultan cr\u00edticas para controlar un par\u00e1metro concreto de un veh\u00edculo.<\/li><\/ul>\n<\/div>\n\n\n\n<div class=\"wp-block-column is-layout-flow wp-block-column-is-layout-flow\">\n<figure class=\"wp-block-image\"><img loading=\"lazy\" decoding=\"async\" width=\"314\" height=\"263\" src=\"https:\/\/europe-thermoking.s3.eu-west-3.amazonaws.com\/wp-content\/uploads\/2019\/10\/17153309\/advantech-gps-control-system.png\" alt=\"\" class=\"wp-image-20377\" srcset=\"https:\/\/europe-thermoking.s3.eu-west-3.amazonaws.com\/wp-content\/uploads\/2019\/10\/17153309\/advantech-gps-control-system.png 314w, https:\/\/europe-thermoking.s3.eu-west-3.amazonaws.com\/wp-content\/uploads\/2019\/10\/17153309\/advantech-gps-control-system-300x251.png 300w, https:\/\/europe-thermoking.s3.eu-west-3.amazonaws.com\/wp-content\/uploads\/2019\/10\/17153309\/advantech-gps-control-system-160x134.png 160w, https:\/\/europe-thermoking.s3.eu-west-3.amazonaws.com\/wp-content\/uploads\/2019\/10\/17153309\/advantech-gps-control-system-40x34.png 40w, https:\/\/europe-thermoking.s3.eu-west-3.amazonaws.com\/wp-content\/uploads\/2019\/10\/17153309\/advantech-gps-control-system-80x67.png 80w\" sizes=\"auto, (max-width: 314px) 100vw, 314px\" \/><\/figure>\n\n\n\n<figure class=\"wp-block-image\"><img loading=\"lazy\" decoding=\"async\" width=\"160\" height=\"51\" src=\"https:\/\/europe-thermoking.s3.eu-west-3.amazonaws.com\/wp-content\/uploads\/2019\/10\/17153856\/AdvanTech-logo-160x51.jpg\" alt=\"\" class=\"wp-image-17369\" srcset=\"https:\/\/europe-thermoking.s3.eu-west-3.amazonaws.com\/wp-content\/uploads\/2019\/10\/17153856\/AdvanTech-logo-160x51.jpg 160w, https:\/\/europe-thermoking.s3.eu-west-3.amazonaws.com\/wp-content\/uploads\/2019\/10\/17153856\/AdvanTech-logo-300x96.jpg 300w, https:\/\/europe-thermoking.s3.eu-west-3.amazonaws.com\/wp-content\/uploads\/2019\/10\/17153856\/AdvanTech-logo-320x102.jpg 320w, https:\/\/europe-thermoking.s3.eu-west-3.amazonaws.com\/wp-content\/uploads\/2019\/10\/17153856\/AdvanTech-logo-40x13.jpg 40w, https:\/\/europe-thermoking.s3.eu-west-3.amazonaws.com\/wp-content\/uploads\/2019\/10\/17153856\/AdvanTech-logo-80x26.jpg 80w, https:\/\/europe-thermoking.s3.eu-west-3.amazonaws.com\/wp-content\/uploads\/2019\/10\/17153856\/AdvanTech-logo.jpg 516w\" sizes=\"auto, (max-width: 160px) 100vw, 160px\" \/><\/figure>\n<\/div>\n<\/div>\n","protected":false},"excerpt":{"rendered":"<p>Sistema AdvanTech de control por GPS Thermo King ofrece las opciones de AdvanTech, que mejoran la experiencia del usuario final mientras marcan la diferencia en t\u00e9rminos de confort y tendencias del sector. Estas soluciones se han desarrollado para satisfacer las necesidades de los pasajeros en lo relativo a la reducci\u00f3n del ruido y a una [&hellip;]<\/p>\n","protected":false},"author":1,"featured_media":0,"parent":2748,"menu_order":0,"comment_status":"closed","ping_status":"closed","template":"","meta":{"_acf_changed":false,"footnotes":""},"class_list":["post-2879","page","type-page","status-publish","hentry"],"acf":[],"_links":{"self":[{"href":"https:\/\/www.staging.europe.thermoking.com\/es\/wp-json\/wp\/v2\/pages\/2879","targetHints":{"allow":["GET"]}}],"collection":[{"href":"https:\/\/www.staging.europe.thermoking.com\/es\/wp-json\/wp\/v2\/pages"}],"about":[{"href":"https:\/\/www.staging.europe.thermoking.com\/es\/wp-json\/wp\/v2\/types\/page"}],"author":[{"embeddable":true,"href":"https:\/\/www.staging.europe.thermoking.com\/es\/wp-json\/wp\/v2\/users\/1"}],"replies":[{"embeddable":true,"href":"https:\/\/www.staging.europe.thermoking.com\/es\/wp-json\/wp\/v2\/comments?post=2879"}],"version-history":[{"count":0,"href":"https:\/\/www.staging.europe.thermoking.com\/es\/wp-json\/wp\/v2\/pages\/2879\/revisions"}],"up":[{"embeddable":true,"href":"https:\/\/www.staging.europe.thermoking.com\/es\/wp-json\/wp\/v2\/pages\/2748"}],"wp:attachment":[{"href":"https:\/\/www.staging.europe.thermoking.com\/es\/wp-json\/wp\/v2\/media?parent=2879"}],"curies":[{"name":"wp","href":"https:\/\/api.w.org\/{rel}","templated":true}]}}