{"id":2679,"date":"2018-06-07T10:46:03","date_gmt":"2018-06-07T08:46:03","guid":{"rendered":"http:\/\/europe.thermoking.new.local\/sustainable-solutions\/"},"modified":"2022-10-18T09:21:51","modified_gmt":"2022-10-18T07:21:51","slug":"sustainable-solutions","status":"publish","type":"page","link":"https:\/\/www.staging.europe.thermoking.com\/es\/sustainable-solutions","title":{"rendered":"Soluciones Sostenibles"},"content":{"rendered":"\n\n\n<div class=\"wp-block-columns has-2-columns is-layout-flex wp-container-core-columns-is-layout-9d6595d7 wp-block-columns-is-layout-flex\">\n<div class=\"wp-block-column is-layout-flow wp-block-column-is-layout-flow\">\n<h1 class=\"co-maygreen has-may-green-color has-text-color wp-block-heading\">SOLUCIONES SOSTENIBLES DE THERMO KING<\/h1>\n<\/div>\n\n\n\n<div class=\"wp-block-column is-layout-flow wp-block-column-is-layout-flow\"><\/div>\n<\/div>\n\n\n\n<p>Una soluci\u00f3n sostenible debe garantizar dos cosas: Debe proporcionarle una ventaja mensurable y debe lograrlo minimizando al mismo tiempo el impacto medioambiental de sus operaciones. A continuaci\u00f3n le mostramos algunas ventajas que pueden ofrecerle nuestras soluciones sostenibles e impulsadas por la innovaci\u00f3n.<\/p>\n\n\n\n<h2 class=\"co-maygreen has-may-green-color has-text-color wp-block-heading\">MOTORES DI\u00c9SEL M\u00c1S EFICIENTES Y CON MENORES EMISIONES<\/h2>\n\n\n\n<p>Una de las formas m\u00e1s r\u00e1pidas y efectivas de mitigar la huella medioambiental de su empresa consiste en reducir la cantidad de combustible que consumen sus unidades de control de la temperatura para el transporte. Adem\u00e1s, se trata de una buena noticia para su balance final. Los motores que utilizamos para nuestros equipos frigor\u00edficos accionados por di\u00e9sel convencionales no solo le permiten ahorrar dinero al funcionar con mayor eficiencia, sino que tambi\u00e9n reducen las emisiones de gases de escape, las de CO<sub>2<\/sub>&nbsp;y el ruido.<\/p>\n\n\n\n<h2 class=\"co-maygreen has-may-green-color has-text-color wp-block-heading\">CONTROL DE LA TEMPERATURA PARA EL TRANSPORTE TOTALMENTE EL\u00c9CTRICO<\/h2>\n\n\n\n<p>Y no nos detenemos aqu\u00ed. Durante los \u00faltimos a\u00f1os tambi\u00e9n hemos realizado grandes inversiones en el desarrollo de alternativas a la alimentaci\u00f3n con di\u00e9sel, entre las que se encuentran los alternadores el\u00e9ctricos accionados por el motor del veh\u00edculo. Entre sus ventajas se incluyen:<\/p>\n\n\n\n<ul class=\"wp-block-list\"><li>La obtenci\u00f3n de un ahorro de combustible de hasta 5.000 litros al a\u00f1o.<\/li><li>Una reducci\u00f3n sostenible de los niveles de ruido.<\/li><li>El permiso para entrar en las zonas urbanas sensibles al ruido.<\/li><\/ul>\n\n\n\n<p>En los veh\u00edculos de menor tama\u00f1o, podemos proporcionarle una soluci\u00f3n compacta totalmente el\u00e9ctrica accionada por bater\u00edas que no requiere modificaci\u00f3n alguna en el veh\u00edculo y que le garantiza:<\/p>\n\n\n\n<ul class=\"wp-block-list\"><li>Una instalaci\u00f3n r\u00e1pida y sencilla.<\/li><li>Un rendimiento de primera clase.<\/li><li>Una tecnolog\u00eda simple pero eficiente.<\/li><li>Un funcionamiento silencioso.<\/li><\/ul>\n\n\n\n<h2 class=\"co-maygreen has-may-green-color has-text-color wp-block-heading\">REFRIGERACI\u00d3N H\u00cdBRIDA PARA REMOLQUE<\/h2>\n\n\n\n<p>Nuestra soluci\u00f3n de refrigeraci\u00f3n h\u00edbrida combina la tecnolog\u00eda de Thermo King y Frigoblock para crear un veh\u00edculo que puede acceder a las zonas de emisiones ultrabajas (ULEZ). Adem\u00e1s de para dichas zonas de emisiones bajas y ultrabajas (LEZ y ULEZ), tambi\u00e9n resulta ideal para las ciudades que est\u00e1n empezando a prohibir los motores di\u00e9sel. Durante los viajes de larga distancia, el equipo frigor\u00edfico funciona con di\u00e9sel. Para los trayectos cortos locales en el centro de la ciudad, la unidad pasa a funcionar con alimentaci\u00f3n el\u00e9ctrica. Y, gracias a la delimitaci\u00f3n geogr\u00e1fica, este cambio se realiza autom\u00e1ticamente, sin necesidad de que intervenga el conductor.<\/p>\n\n\n\n<h2 class=\"co-maygreen has-may-green-color has-text-color wp-block-heading\">R-452A: UNA ALTERNATIVA A LOS REFRIGERANTES HFC<\/h2>\n\n\n\n<p>Con la retirada de los refrigerantes HFC, podemos ayudarle a que sus operaciones est\u00e9n preparadas para el futuro con la introducci\u00f3n del refrigerante R-452A en nuestras gamas de productos. Esta alternativa al refrigerante R-404A le proporciona:<\/p>\n\n\n\n<ul class=\"wp-block-list\"><li>Un impacto medioambiental un 45% inferior.<\/li><li>El cumplimiento anticipado de la pr\u00f3xima normativa europea sobre gases fluorados (2020 F-GAS).<\/li><li>Menores costes de funcionamiento.<\/li><li>Facilidad de conversi\u00f3n: sin necesidad de cambiar ning\u00fan componente.<\/li><\/ul>\n\n\n\n<p>El R-452A se proporciona de serie en todos los equipos frigor\u00edficos de&nbsp;Thermo King&nbsp;para furgonetas, camiones y remolques.<\/p>\n\n\n\n<h2 class=\"wp-block-heading\">\u00c9chele un vistazo a la animaci\u00f3n del R-452A.<\/h2>\n\n\n","protected":false},"excerpt":{"rendered":"<p>SOLUCIONES SOSTENIBLES DE THERMO KING Una soluci\u00f3n sostenible debe garantizar dos cosas: Debe proporcionarle una ventaja mensurable y debe lograrlo minimizando al mismo tiempo el impacto medioambiental de sus operaciones. A continuaci\u00f3n le mostramos algunas ventajas que pueden ofrecerle nuestras soluciones sostenibles e impulsadas por la innovaci\u00f3n. MOTORES DI\u00c9SEL M\u00c1S EFICIENTES Y CON MENORES EMISIONES [&hellip;]<\/p>\n","protected":false},"author":1,"featured_media":0,"parent":0,"menu_order":0,"comment_status":"closed","ping_status":"closed","template":"","meta":{"_acf_changed":false,"footnotes":""},"class_list":["post-2679","page","type-page","status-publish","hentry"],"acf":[],"_links":{"self":[{"href":"https:\/\/www.staging.europe.thermoking.com\/es\/wp-json\/wp\/v2\/pages\/2679","targetHints":{"allow":["GET"]}}],"collection":[{"href":"https:\/\/www.staging.europe.thermoking.com\/es\/wp-json\/wp\/v2\/pages"}],"about":[{"href":"https:\/\/www.staging.europe.thermoking.com\/es\/wp-json\/wp\/v2\/types\/page"}],"author":[{"embeddable":true,"href":"https:\/\/www.staging.europe.thermoking.com\/es\/wp-json\/wp\/v2\/users\/1"}],"replies":[{"embeddable":true,"href":"https:\/\/www.staging.europe.thermoking.com\/es\/wp-json\/wp\/v2\/comments?post=2679"}],"version-history":[{"count":0,"href":"https:\/\/www.staging.europe.thermoking.com\/es\/wp-json\/wp\/v2\/pages\/2679\/revisions"}],"wp:attachment":[{"href":"https:\/\/www.staging.europe.thermoking.com\/es\/wp-json\/wp\/v2\/media?parent=2679"}],"curies":[{"name":"wp","href":"https:\/\/api.w.org\/{rel}","templated":true}]}}