{"id":2180,"date":"2018-06-08T13:33:47","date_gmt":"2018-06-08T12:33:47","guid":{"rendered":"http:\/\/europe.thermoking.new.local\/usb-data-collector\/"},"modified":"2019-10-02T10:46:26","modified_gmt":"2019-10-02T09:46:26","slug":"usb-data-collector","status":"publish","type":"page","link":"https:\/\/www.staging.europe.thermoking.com\/es\/aplicaciones\/connected-solutions\/usb-data-collector","title":{"rendered":"Recopilador de datos USB"},"content":{"rendered":"\n<h1 class=\"wp-block-heading\">Recopilador de datos USB<\/h1>\n\n\n\n<div class=\"wp-block-image\"><figure class=\"alignright is-resized\"><img decoding=\"async\" src=\"https:\/\/europe-thermoking.s3.eu-west-3.amazonaws.com\/wp-content\/uploads\/2019\/10\/17153839\/1.png\" alt=\"\" class=\"wp-image-17796\" width=\"320\" srcset=\"https:\/\/europe-thermoking.s3.eu-west-3.amazonaws.com\/wp-content\/uploads\/2019\/10\/17153839\/1.png 300w, https:\/\/europe-thermoking.s3.eu-west-3.amazonaws.com\/wp-content\/uploads\/2019\/10\/17153839\/1-160x111.png 160w, https:\/\/europe-thermoking.s3.eu-west-3.amazonaws.com\/wp-content\/uploads\/2019\/10\/17153839\/1-40x28.png 40w, https:\/\/europe-thermoking.s3.eu-west-3.amazonaws.com\/wp-content\/uploads\/2019\/10\/17153839\/1-80x55.png 80w\" sizes=\"(max-width: 300px) 100vw, 300px\" \/><\/figure><\/div>\n\n\n\n<p>El recopilador de datos constituye el complemento perfecto para los registradores de datos USB. Este dispositivo USB puede recopilar los datos de hasta 500 registradores de datos USB \u201csobre la marcha\u201d, sin necesidad de cables ni conexiones adicionales. Gracias al puerto USB mini, los archivos guardados en el recopilador de datos pueden transferirse con facilidad a un PC.<\/p>\n\n\n\n<p>El recopilador de datos cuenta con una pantalla t\u00e1ctil LCD a color que permite una sencilla navegaci\u00f3n y una clara visualizaci\u00f3n de los gr\u00e1ficos de temperatura. El dispositivo incluye una bater\u00eda de litio que puede durar hasta 8 horas y recargarse a trav\u00e9s de un ordenador personal. Esta herramienta de servicio resulta ideal para realizar la activaci\u00f3n, la configuraci\u00f3n y la descarga sobre el terreno de cualquier registrador de datos USB de TK.<\/p>\n","protected":false},"excerpt":{"rendered":"<p>Recopilador de datos USB El recopilador de datos constituye el complemento perfecto para los registradores de datos USB. Este dispositivo USB puede recopilar los datos de hasta 500 registradores de datos USB \u201csobre la marcha\u201d, sin necesidad de cables ni conexiones adicionales. Gracias al puerto USB mini, los archivos guardados en el recopilador de datos [&hellip;]<\/p>\n","protected":false},"author":1,"featured_media":0,"parent":2661,"menu_order":0,"comment_status":"closed","ping_status":"closed","template":"","meta":{"_acf_changed":false,"footnotes":""},"class_list":["post-2180","page","type-page","status-publish","hentry"],"acf":[],"_links":{"self":[{"href":"https:\/\/www.staging.europe.thermoking.com\/es\/wp-json\/wp\/v2\/pages\/2180","targetHints":{"allow":["GET"]}}],"collection":[{"href":"https:\/\/www.staging.europe.thermoking.com\/es\/wp-json\/wp\/v2\/pages"}],"about":[{"href":"https:\/\/www.staging.europe.thermoking.com\/es\/wp-json\/wp\/v2\/types\/page"}],"author":[{"embeddable":true,"href":"https:\/\/www.staging.europe.thermoking.com\/es\/wp-json\/wp\/v2\/users\/1"}],"replies":[{"embeddable":true,"href":"https:\/\/www.staging.europe.thermoking.com\/es\/wp-json\/wp\/v2\/comments?post=2180"}],"version-history":[{"count":0,"href":"https:\/\/www.staging.europe.thermoking.com\/es\/wp-json\/wp\/v2\/pages\/2180\/revisions"}],"up":[{"embeddable":true,"href":"https:\/\/www.staging.europe.thermoking.com\/es\/wp-json\/wp\/v2\/pages\/2661"}],"wp:attachment":[{"href":"https:\/\/www.staging.europe.thermoking.com\/es\/wp-json\/wp\/v2\/media?parent=2180"}],"curies":[{"name":"wp","href":"https:\/\/api.w.org\/{rel}","templated":true}]}}