{"id":2096,"date":"2018-06-07T09:42:47","date_gmt":"2018-06-07T07:42:47","guid":{"rendered":"http:\/\/europe.thermoking.new.local\/download-center\/"},"modified":"2024-11-21T13:20:40","modified_gmt":"2024-11-21T12:20:40","slug":"download-center","status":"publish","type":"page","link":"https:\/\/www.staging.europe.thermoking.com\/es\/download-center","title":{"rendered":"Download Center"},"content":{"rendered":"\n<section class=\"wp-block-group\"><div class=\"wp-block-group__inner-container is-layout-flow wp-block-group-is-layout-flow\">\n<h2 class=\"wp-block-heading alignfull\">Download Center<\/h2>\n\n\n\n<p class=\"has-2-xl-font-size\">Descubra nuestras publicaciones interactivas. Mejorados con enlaces e informaci\u00f3n extra, los folletos interactivos son f\u00e1ciles de leer en cualquier dispositivo. Descargue y comparta directamente desde su tableta o dispositivo m\u00f3vil. Consulte este espacio para ver m\u00e1s publicaciones interactivas.<\/p>\n\n\n\n<p class=\"has-2-xl-font-size\">\u00bfPrefiere un PDF b\u00e1sico?<br>Haga clic en el idioma para ver el libro electr\u00f3nico en el idioma que desee. Si desea guardar la publicaci\u00f3n, haga clic en la opci\u00f3n \u201cPDF\u201d en la vista del libro electr\u00f3nico.<\/p>\n<\/div><\/section>\n","protected":false},"excerpt":{"rendered":"<p>Download Center Descubra nuestras publicaciones interactivas. Mejorados con enlaces e informaci\u00f3n extra, los folletos interactivos son f\u00e1ciles de leer en cualquier dispositivo. Descargue y comparta directamente desde su tableta o dispositivo m\u00f3vil. Consulte este espacio para ver m\u00e1s publicaciones interactivas. \u00bfPrefiere un PDF b\u00e1sico?Haga clic en el idioma para ver el libro electr\u00f3nico en el [&hellip;]<\/p>\n","protected":false},"author":1,"featured_media":0,"parent":0,"menu_order":0,"comment_status":"closed","ping_status":"closed","template":"","meta":{"_acf_changed":false,"footnotes":""},"class_list":["post-2096","page","type-page","status-publish","hentry"],"acf":[],"_links":{"self":[{"href":"https:\/\/www.staging.europe.thermoking.com\/es\/wp-json\/wp\/v2\/pages\/2096","targetHints":{"allow":["GET"]}}],"collection":[{"href":"https:\/\/www.staging.europe.thermoking.com\/es\/wp-json\/wp\/v2\/pages"}],"about":[{"href":"https:\/\/www.staging.europe.thermoking.com\/es\/wp-json\/wp\/v2\/types\/page"}],"author":[{"embeddable":true,"href":"https:\/\/www.staging.europe.thermoking.com\/es\/wp-json\/wp\/v2\/users\/1"}],"replies":[{"embeddable":true,"href":"https:\/\/www.staging.europe.thermoking.com\/es\/wp-json\/wp\/v2\/comments?post=2096"}],"version-history":[{"count":2,"href":"https:\/\/www.staging.europe.thermoking.com\/es\/wp-json\/wp\/v2\/pages\/2096\/revisions"}],"predecessor-version":[{"id":74099,"href":"https:\/\/www.staging.europe.thermoking.com\/es\/wp-json\/wp\/v2\/pages\/2096\/revisions\/74099"}],"wp:attachment":[{"href":"https:\/\/www.staging.europe.thermoking.com\/es\/wp-json\/wp\/v2\/media?parent=2096"}],"curies":[{"name":"wp","href":"https:\/\/api.w.org\/{rel}","templated":true}]}}