{"id":73755,"date":"2024-11-12T17:52:08","date_gmt":"2024-11-12T16:52:08","guid":{"rendered":"https:\/\/europe.thermoking.new.local\/?page_id=73755"},"modified":"2024-11-26T17:41:38","modified_gmt":"2024-11-26T16:41:38","slug":"about","status":"publish","type":"page","link":"https:\/\/www.staging.europe.thermoking.com\/de\/about","title":{"rendered":"\u00dcber"},"content":{"rendered":"\n\n<div class=\"wp-block-cover alignfull has-custom-content-position is-position-bottom-left\"><span aria-hidden=\"true\" class=\"wp-block-cover__background has-background-dim-100 has-background-dim wp-block-cover__gradient-background has-background-gradient has-cover-5050-vertical-gradient-background\"><\/span><img decoding=\"async\" class=\"wp-block-cover__image-background wp-image-70396\" alt=\"\" src=\"https:\/\/europe-thermoking.s3.eu-west-3.amazonaws.com\/wp-content\/uploads\/2024\/07\/16190726\/v2-about.jpg\" data-object-fit=\"cover\"\/><div class=\"wp-block-cover__inner-container is-layout-flow wp-block-cover-is-layout-flow\">\n<p class=\"has-white-color has-text-color has-link-color has-2-xl-font-size wp-elements-342b8f610b9e5e8ab691f2c085d114d9\" style=\"margin-bottom:0\">\u00dcber uns<\/p>\n\n\n\n<h1 class=\"wp-block-heading alignwide has-white-color has-text-color has-link-color wp-elements-07d1b3ffd0fe10f117f5851a81bf363a\">Seit \u00fcber 80 Jahren f\u00fchrend im Bereich der Transporttemperaturregelung<\/h1>\n<\/div><\/div>\n\n\n\n\n<section class=\"wp-block-group\"><div class=\"wp-block-group__inner-container is-layout-flow wp-block-group-is-layout-flow\">\n<h2 class=\"wp-block-heading\">H\u00f6here Betriebszeit<br>Ihrer Fahrzeuge<\/h2>\n\n\n\n<p class=\"has-2-xl-font-size\">Thermo King&nbsp;war 1938 Vorreiter bei Temperaturregell\u00f6sungen f\u00fcr den Transport und ist seitdem in diesem Bereich weltweit f\u00fchrend. Unsere L\u00f6sungen umfassen heute Temperaturregelsysteme f\u00fcr Lieferwagen, LKW, Sattelauflieger, Schienenfahrzeuge sowie Luftfracht-, Seefracht- und Intermodal-Container. Dazu kommen HLK-Produkte (Heizung, L\u00fcftung und Klimatisierung) f\u00fcr U-Bahn-Wagen, Bahnwaggons und Busse. Alle Produkte von&nbsp;Thermo King&nbsp;profitieren dabei von einem umfassenden H\u00e4ndlernetzwerk mit qualifizierten und werksgeschulten Servicemitarbeitern sowie einer umfassenden Bandbreite an Originalersatzteilen zu wettbewerbsf\u00e4higen Preisen.<\/p>\n\n\n\n<div style=\"height:var(--wp--preset--spacing--0400)\" aria-hidden=\"true\" class=\"wp-block-spacer\"><\/div>\n\n\n\n<h2 class=\"wp-block-heading\">Lebensmittel, arzneimittel und mehr<\/h2>\n\n\n\n<p class=\"has-2-xl-font-size\">Unsere L\u00f6sungen steigern die Lebensqualit\u00e4t, indem sie Waren sch\u00fctzen, die f\u00fcr Menschen \u00fcberall von Bedeutung sind. Von frischen, gek\u00fchlten oder gefrorenen Lebensmitteln bis hin zu Arzneimitteln, Blumen, Luxuswaggons, Farben, Computerkomponenten, Elektronikbauteilen, Musikinstrumenten und sehr vielem mehr. Unsere K\u00fchl- und Temperaturregeltechnologie beh\u00e4lt die optimale Temperatur dieser empfindlichen Produkte bei&nbsp;\u2013 unabh\u00e4ngig von den jeweiligen Umgebungsbedingungen. Und unsere Heizungs-, L\u00fcftungs- und Klimaanlagen f\u00fcr Busse und Z\u00fcge tragen zum Komfort von Reisenden bei.<\/p>\n<\/div><\/section>\n\n\n\n<section class=\"wp-block-group alignwide\" style=\"padding-top:var(--wp--preset--spacing--section-as-parent-vertical-offset);padding-bottom:var(--wp--preset--spacing--section-as-parent-vertical-offset)\"><div class=\"wp-block-group__inner-container is-layout-constrained wp-block-group-is-layout-constrained\">\n<section class=\"wp-block-group alignwide has-innovation-blue-background-color has-background\"><div class=\"wp-block-group__inner-container is-layout-flow wp-block-group-is-layout-flow\">\n<h3 class=\"wp-block-heading alignwide has-white-color has-text-color has-link-color wp-elements-53fcdfaee5d5815455e095572f572ec8\" style=\"margin-top:0;margin-right:var(--wp--preset--spacing--0300);margin-bottom:var(--wp--preset--spacing--0400);margin-left:var(--wp--preset--spacing--0300)\">Konzentration auf das wesentliche<\/h3>\n\n\n\n<div style=\"height:var(--wp--preset--spacing--55)\" aria-hidden=\"true\" class=\"wp-block-spacer\"><\/div>\n\n\n\n<div class=\"wp-block-columns alignwide tw-gap-16 md-tw-gap-32 is-layout-flex wp-container-core-columns-is-layout-9d6595d7 wp-block-columns-is-layout-flex\">\n<div class=\"wp-block-column is-layout-flow wp-block-column-is-layout-flow\"><div class=\"wp-block-image\">\n<figure class=\"aligncenter size-full is-resized\"><img decoding=\"async\" src=\"https:\/\/europe-thermoking.s3.eu-west-3.amazonaws.com\/wp-content\/uploads\/2024\/07\/23122308\/v2-icon-globe-duotone.png\" alt=\"\" class=\"wp-image-70601\" style=\"width:60px\"\/><\/figure><\/div>\n\n\n<p class=\"has-text-align-center has-white-color has-text-color has-link-color has-2-xl-font-size wp-elements-f5bb8f2c680f5c3425913e544be4dff4\" style=\"margin-top:var(--wp--preset--spacing--40);margin-bottom:var(--wp--preset--spacing--40);font-style:normal;font-weight:600;line-height:1.3\">Leistung und Mehrwert<\/p>\n\n\n\n<p class=\"has-text-align-center has-white-color has-text-color has-link-color wp-elements-3ad727fd2782cea283fd1c631f9f1b17\" style=\"font-style:normal;font-weight:500\">l\u00e4ngste Betriebszeit und h\u00f6chste Zuverl\u00e4ssigkeit<\/p>\n<\/div>\n\n\n\n<div class=\"wp-block-column is-layout-flow wp-block-column-is-layout-flow\"><div class=\"wp-block-image\">\n<figure class=\"aligncenter size-full is-resized\"><img decoding=\"async\" src=\"https:\/\/europe-thermoking.s3.eu-west-3.amazonaws.com\/wp-content\/uploads\/2024\/07\/23122359\/v2-icon-user-headset-duotone.png\" alt=\"\" class=\"wp-image-70616\" style=\"width:60px\"\/><\/figure><\/div>\n\n\n<p class=\"has-text-align-center has-white-color has-text-color has-link-color has-2-xl-font-size wp-elements-e9d46bc4d929cb76323794d991f58e2c\" style=\"margin-top:var(--wp--preset--spacing--40);margin-bottom:var(--wp--preset--spacing--40);font-style:normal;font-weight:600;line-height:1.3\">Einsparungen inklusive<\/p>\n\n\n\n<p class=\"has-text-align-center has-white-color has-text-color has-link-color wp-elements-d63654f2e0dd8492bd974830c2caa664\" style=\"font-style:normal;font-weight:500\">niedrigste Gesamtbetriebskosten<\/p>\n<\/div>\n\n\n\n<div class=\"wp-block-column is-layout-flow wp-block-column-is-layout-flow\"><div class=\"wp-block-image\">\n<figure class=\"aligncenter size-full is-resized\"><img decoding=\"async\" src=\"https:\/\/europe-thermoking.s3.eu-west-3.amazonaws.com\/wp-content\/uploads\/2024\/07\/23122427\/v2-icon-assistance-duotone.png\" alt=\"\" class=\"wp-image-70631\" style=\"width:60px\"\/><\/figure><\/div>\n\n\n<p class=\"has-text-align-center has-white-color has-text-color has-link-color has-2-xl-font-size wp-elements-c6dd0487f3c993ea5ed66c3c351ef748\" style=\"margin-top:var(--wp--preset--spacing--40);margin-bottom:var(--wp--preset--spacing--40);font-style:normal;font-weight:600;line-height:1.3\">Service und Support von Experten<\/p>\n\n\n\n<p class=\"has-text-align-center has-white-color has-text-color has-link-color wp-elements-903e88277ece68638c3d68275bcf5d89\" style=\"font-style:normal;font-weight:500\">das umfassendste und qualifizierteste H\u00e4ndlernetzwerk<\/p>\n<\/div>\n\n\n\n<div class=\"wp-block-column is-layout-flow wp-block-column-is-layout-flow\"><div class=\"wp-block-image\">\n<figure class=\"aligncenter size-full is-resized\"><img decoding=\"async\" src=\"https:\/\/europe-thermoking.s3.eu-west-3.amazonaws.com\/wp-content\/uploads\/2024\/07\/23124236\/v2-icon-sun-duotone.png\" alt=\"\" class=\"wp-image-70657\" style=\"width:60px\"\/><\/figure><\/div>\n\n\n<p class=\"has-text-align-center has-white-color has-text-color has-link-color has-2-xl-font-size wp-elements-afbe2efed95995c3b9d7c333c68f7f85\" style=\"margin-top:var(--wp--preset--spacing--40);margin-bottom:var(--wp--preset--spacing--40);font-style:normal;font-weight:600;line-height:1.3\">Zielgerichtete Nachhaltigkeit<\/p>\n\n\n\n<p class=\"has-text-align-center has-white-color has-text-color has-link-color wp-elements-9edbb7c9dbd75665fe5a68da45ce971d\" style=\"font-style:normal;font-weight:500\">f\u00fchrende nachhaltige L\u00f6sungen f\u00fcr Unternehmen<\/p>\n<\/div>\n<\/div>\n<\/div><\/section>\n<\/div><\/section>\n\n\n\n<section class=\"wp-block-group\"><div class=\"wp-block-group__inner-container is-layout-flow wp-block-group-is-layout-flow\">\n<div class=\"wp-block-columns tw-gap-16 tw-md-gap-32 is-layout-flex wp-container-core-columns-is-layout-9d6595d7 wp-block-columns-is-layout-flex\">\n<div class=\"wp-block-column is-layout-flow wp-block-column-is-layout-flow\">\n<h3 class=\"wp-block-heading\">Leistung und Mehrwert<\/h3>\n\n\n\n<p>Ein zuverl\u00e4ssiger und effizienter Betrieb Ihrer Transportger\u00e4te wirkt sich positiv auf Ihr Gesch\u00e4ftsergebnis aus. Ger\u00e4te von&nbsp;Thermo King&nbsp;haben ihre Zuverl\u00e4ssigkeit unter Beweis gestellt und unsere Produkte weisen einen h\u00f6heren Werterhalt auf als jedes andere Produkt in der Branche auf.<\/p>\n\n\n\n<div style=\"height:var(--wp--preset--spacing--0200)\" aria-hidden=\"true\" class=\"wp-block-spacer\"><\/div>\n\n\n\n<h3 class=\"wp-block-heading\">Einsparungen inklusive<\/h3>\n\n\n\n<p>Besseres Design bietet niedrigere Gesamtkosten. Ein robuste Konstruktion spart Ihnen neben bew\u00e4hrter Zuverl\u00e4ssigkeit und Effizienz bei Service- und Wartungskosten bares Geld. Unsere nachhaltigen Designs zahlen sich durch einen reduzierten Energieverbrauch aus. Unsere Qualit\u00e4tstests erh\u00f6hen die Produktleistung und -betriebszeit. Und durch unsere l\u00e4ngeren Wartungszyklen sparen Sie Zeit und Geld.<\/p>\n<\/div>\n\n\n\n<div class=\"wp-block-column is-layout-flow wp-block-column-is-layout-flow\">\n<div style=\"height:var(--wp--preset--spacing--0400)\" aria-hidden=\"true\" class=\"wp-block-spacer\"><\/div>\n\n\n\n<h3 class=\"wp-block-heading\">Service und Support durch Experten<\/h3>\n\n\n\n<p>Das H\u00e4ndlernetzwerk von&nbsp;Thermo King&nbsp;setzt weltweite Standards f\u00fcr Service und Support. Mehr als 500 Servicestandorte in 75 L\u00e4ndern besch\u00e4ftigen mehr als 1.400 geschulte und zertifizierte&nbsp;Thermo King-Techniker. Wo auch immer Sie sich befinden \u2013 Sie werden selten mehr als zwei Stunden von einem Servicestandort entfernt sein, der rund um die Uhr \u00fcber eine mehrsprachige Hotline verf\u00fcgbar ist. Und mit&nbsp;ThermoKare-Service-&nbsp;und&nbsp;Wartungsl\u00f6sungen&nbsp;k\u00f6nnen Sie das Wartungsprogramm ausw\u00e4hlen, das Ihren Gesch\u00e4ftsanforderungen am besten gerecht wird.<\/p>\n\n\n\n<div style=\"height:var(--wp--preset--spacing--0200)\" aria-hidden=\"true\" class=\"wp-block-spacer\"><\/div>\n\n\n\n<h3 class=\"wp-block-heading\">Zielgerichtete Nachhaltigkeit<\/h3>\n\n\n\n<p>Unsere nachhaltigen L\u00f6sungen wirken sich positiv auf die Umwelt und Ihr Gesch\u00e4ftsergebnis aus. Die von uns verwendeten effizienteren und emissionsarmen Dieselmotoren reduzieren den CO<sub>2<\/sub>-Aussto\u00df und sparen Ihnen durch einen niedrigen Kraftstoffverbrauch bares Geld. Wir bieten eine vollst\u00e4ndig elektrische Temperaturregelung, Hybrid-K\u00e4ltel\u00f6sungen mit Diesel- und Elektroantrieb an, die Kraftstoffkosten reduzieren, neue und in naher Zukunft eingef\u00fchrte Regelungen einhalten und Ihnen einen effizienteren Betrieb erm\u00f6glichen.<\/p>\n<\/div>\n<\/div>\n<\/div><\/section>\n\n\n\n<section class=\"wp-block-group alignfull\"><div class=\"wp-block-group__inner-container is-layout-constrained wp-block-group-is-layout-constrained\">\n\n<h2 class=\"wp-block-heading\" style=\"font-style:normal;font-weight:500\">Kundenorientierte innovationen<\/h2>\n\n\n\n<p>Joe Numero wurde vor vielen Jahren gefragt, ob er dabei helfen k\u00f6nnte, eine Ladung H\u00fchnerfleisch auf dem Weg zum Markt k\u00fchl zu halten \u2013 die Geburtsstunde von&nbsp;Thermo King. Er nahm die Herausforderung an und gr\u00fcndete zusammen mit dem hervorragenden Ingenieur Frederick M. Jones das Unternehmen&nbsp;Thermo King. Wir haben nie vergessen, dass Innovationen bei den Bed\u00fcrfnissen des Kunden beginnen.<\/p>\n\n<\/div><\/section>\n\n\n\n<section class=\"wp-block-group alignfull has-white-smoke-background-color has-background\"><div class=\"wp-block-group__inner-container is-layout-constrained wp-block-group-is-layout-constrained\">\n\n<h2 class=\"wp-block-heading\" style=\"font-style:normal;font-weight:500;letter-spacing:-1px\">Hochentwickelte forschung und entwicklung<\/h2>\n\n\n\n<p>Sie sind auf qualitativ hochwertige Produkte angewiesen, um Gewinne zu maximieren und Ihren Gesch\u00e4ften beruhigt nachgehen zu k\u00f6nnen. Unsere modernen Einrichtungen erm\u00f6glichen dies \u2013 mit neuesten und hochentwickelten Technologien und Verfahren. Wir arbeiten eng mit unseren Technikabteilungen zusammen und untersuchen die Auswirkungen von Technologien auf kritische Produktmerkmale.<\/p>\n\n<\/div><\/section>\n\n\n\n<section class=\"wp-block-group\"><div class=\"wp-block-group__inner-container is-layout-constrained wp-block-group-is-layout-constrained\">\n<h2 class=\"wp-block-heading\">Die am besten geschulten techniker<\/h2>\n\n\n\n<p class=\"has-xl-font-size\">Als Joe Numero 1938 die&nbsp;Thermo King&nbsp;Corporation gr\u00fcndete, legte er Wert darauf, ein qualitativ hochwertiges Produkt anzubieten, das von einem qualitativ hochwertigen Service begleitet wurde. Er war der \u00dcberzeugung, dass nur Techniker mit bestm\u00f6glicher Ausbildung Kunden von&nbsp;Thermo King&nbsp;herausragend unterst\u00fctzen k\u00f6nnen. Das&nbsp;Thermo King-Schulungscenter ist heute Branchenf\u00fchrer in der Schulung und Ausbildung von Technikern. Die hier angebotenen Kurse sollen Technikern die folgenden Qualifikationen vermitteln:<\/p>\n\n\n\n<p class=\"has-xl-font-size\">Kurse werden von einem Team geschulter Fachkr\u00e4fte mit Kenntnissen geleitet, die sie im jahrelangen Praxiseinsatz erworben haben.<\/p>\n\n\n\n<ul class=\"wp-block-list\">\n<li class=\"has-xl-font-size\">Technische Kenntnisse zu Ger\u00e4ten und Branche<\/li>\n\n\n\n<li class=\"has-xl-font-size\">Kritische Probleml\u00f6sungsstrategien f\u00fcr Diagnose- und Wartungsverfahren<\/li>\n\n\n\n<li class=\"has-xl-font-size\">Qualifikation und Know-how f\u00fcr Pflege, Wartung und Reparatur<\/li>\n<\/ul>\n\n\n\n<figure class=\"wp-block-image size-full\"><img decoding=\"async\" src=\"https:\/\/europe-thermoking.s3.eu-west-3.amazonaws.com\/wp-content\/uploads\/2024\/05\/29102211\/dsn-certificates.png\" alt=\"\" class=\"wp-image-70175\"\/><\/figure>\n<\/div><\/section>\n","protected":false},"excerpt":{"rendered":"<p>H\u00f6here BetriebszeitIhrer Fahrzeuge Thermo King&nbsp;war 1938 Vorreiter bei Temperaturregell\u00f6sungen f\u00fcr den Transport und ist seitdem in diesem Bereich weltweit f\u00fchrend. Unsere L\u00f6sungen umfassen heute Temperaturregelsysteme f\u00fcr Lieferwagen, LKW, Sattelauflieger, Schienenfahrzeuge sowie Luftfracht-, Seefracht- und Intermodal-Container. Dazu kommen HLK-Produkte (Heizung, L\u00fcftung und Klimatisierung) f\u00fcr U-Bahn-Wagen, Bahnwaggons und Busse. Alle Produkte von&nbsp;Thermo King&nbsp;profitieren dabei von einem umfassenden [&hellip;]<\/p>\n","protected":false},"author":1,"featured_media":0,"parent":0,"menu_order":0,"comment_status":"closed","ping_status":"closed","template":"","meta":{"_acf_changed":false,"footnotes":""},"class_list":["post-73755","page","type-page","status-publish","hentry"],"acf":[],"_links":{"self":[{"href":"https:\/\/www.staging.europe.thermoking.com\/de\/wp-json\/wp\/v2\/pages\/73755","targetHints":{"allow":["GET"]}}],"collection":[{"href":"https:\/\/www.staging.europe.thermoking.com\/de\/wp-json\/wp\/v2\/pages"}],"about":[{"href":"https:\/\/www.staging.europe.thermoking.com\/de\/wp-json\/wp\/v2\/types\/page"}],"author":[{"embeddable":true,"href":"https:\/\/www.staging.europe.thermoking.com\/de\/wp-json\/wp\/v2\/users\/1"}],"replies":[{"embeddable":true,"href":"https:\/\/www.staging.europe.thermoking.com\/de\/wp-json\/wp\/v2\/comments?post=73755"}],"version-history":[{"count":3,"href":"https:\/\/www.staging.europe.thermoking.com\/de\/wp-json\/wp\/v2\/pages\/73755\/revisions"}],"predecessor-version":[{"id":74180,"href":"https:\/\/www.staging.europe.thermoking.com\/de\/wp-json\/wp\/v2\/pages\/73755\/revisions\/74180"}],"wp:attachment":[{"href":"https:\/\/www.staging.europe.thermoking.com\/de\/wp-json\/wp\/v2\/media?parent=73755"}],"curies":[{"name":"wp","href":"https:\/\/api.w.org\/{rel}","templated":true}]}}