{"id":68824,"date":"2024-02-27T11:03:27","date_gmt":"2024-02-27T10:03:27","guid":{"rendered":"https:\/\/europe.thermoking.new.local\/?page_id=68824"},"modified":"2024-11-22T11:33:47","modified_gmt":"2024-11-22T10:33:47","slug":"technologies","status":"publish","type":"page","link":"https:\/\/www.staging.europe.thermoking.com\/de\/technologies","title":{"rendered":"Technologien"},"content":{"rendered":"\n\n<div class=\"wp-block-cover alignfull has-custom-content-position is-position-bottom-left\"><span aria-hidden=\"true\" class=\"wp-block-cover__background has-background-dim-100 has-background-dim wp-block-cover__gradient-background has-background-gradient has-cover-5050-vertical-gradient-background\"><\/span><img decoding=\"async\" class=\"wp-block-cover__image-background wp-image-70455\" alt=\"\" src=\"https:\/\/europe-thermoking.s3.eu-west-3.amazonaws.com\/wp-content\/uploads\/2024\/07\/17102947\/v2-technologies.jpg\" style=\"object-position:50% 50%\" data-object-fit=\"cover\" data-object-position=\"50% 50%\"\/><div class=\"wp-block-cover__inner-container is-layout-flow wp-block-cover-is-layout-flow\">\n<p class=\"has-white-color has-text-color has-link-color has-2-xl-font-size wp-elements-7f218313bf01f58a87b9a7333a4a90be\" style=\"margin-bottom:0\">Technologien<\/p>\n\n\n\n<h1 class=\"wp-block-heading has-white-color has-text-color has-link-color wp-elements-8dfbf429cda347531f0138c904be3b1a\">Innovative, nachhaltige Technologien f\u00fcr die Transportk\u00fchlung<\/h1>\n<\/div><\/div>\n\n\n\n\n<section class=\"wp-block-group\"><div class=\"wp-block-group__inner-container is-layout-constrained wp-block-group-is-layout-constrained\">\n<h2 class=\"wp-block-heading\">Die Revolution der K\u00fchlkette<\/h2>\n\n\n\n<p class=\"has-2-xl-font-size\">Vor \u00fcber 80 Jahren haben unsere motorbetriebenen Kompressoren die Revolution der K\u00fchlkette angesto\u00dfen.<\/p>\n\n\n\n<p class=\"has-2-xl-font-size\">Jetzt ist&nbsp;Thermo King&nbsp;der Wegbereiter f\u00fcr eine nachhaltigere K\u00fchlung mit einer st\u00e4ndig wachsenden Zahl innovativer alternativer Energiequellen, die die M\u00f6glichkeiten fossiler Brennstoffe \u00fcbertreffen.<\/p>\n<\/div><\/section>\n\n\n\n<section class=\"wp-block-group alignwide\"><div class=\"wp-block-group__inner-container is-layout-flow wp-block-group-is-layout-flow\">\n<div class=\"wp-block-columns alignfull has-innovation-blue-background-color has-background is-layout-flex wp-container-core-columns-is-layout-cfe8cdbd wp-block-columns-is-layout-flex\" style=\"padding-top:0;padding-right:0;padding-bottom:0;padding-left:0\">\n<div class=\"wp-block-column is-layout-flow wp-block-column-is-layout-flow\" style=\"flex-basis:66.66%\">\n<div style=\"padding:56.25% 0 0 0;position:relative;\"><iframe src=\"https:\/\/player.vimeo.com\/video\/901452699?badge=0&amp;autopause=0&amp;player_id=0&amp;app_id=58479\" frameborder=\"0\" allow=\"autoplay; fullscreen; picture-in-picture; clipboard-write\" style=\"position:absolute;top:0;left:0;width:100%;height:100%;\" title=\"Thermo King Alternative Energy Animation EN\"><\/iframe><\/div><script src=\"https:\/\/player.vimeo.com\/api\/player.js\"><\/script>\n<\/div>\n\n\n\n<div class=\"wp-block-column is-vertically-aligned-center is-layout-flow wp-block-column-is-layout-flow\" style=\"padding-top:var(--wp--preset--spacing--0400);padding-right:var(--wp--preset--spacing--0300);padding-bottom:var(--wp--preset--spacing--0400);padding-left:var(--wp--preset--spacing--0300);flex-basis:33.33%\">\n<p class=\"has-white-color has-text-color has-link-color has-4-xl-font-size wp-elements-c837b8fa64500879637643c988cb0ae6\" style=\"font-style:normal;font-weight:500;line-height:1.25\">Innovative, nachhaltige Technologien f\u00fcr die Transportk\u00fchlung<br><\/p>\n<\/div>\n<\/div>\n<\/div><\/section>\n\n\n\n<div class=\"wp-block-group alignfull js-sticky-nav\" id=\"evolve\" style=\"border-bottom-color:var(--wp--preset--color--neutral-gray);border-bottom-width:1px\"><div class=\"wp-block-group__inner-container is-layout-constrained wp-block-group-is-layout-constrained\">\n<section class=\"wp-block-group alignwide\" style=\"border-bottom-color:var(--wp--preset--color--neutral-gray);padding-top:var(--wp--preset--spacing--40);padding-bottom:var(--wp--preset--spacing--40)\"><div class=\"wp-block-group__inner-container is-layout-flow wp-block-group-is-layout-flow\">\n<div class=\"wp-block-group alignwide tw-gap-8 is-nowrap is-layout-flex wp-container-core-group-is-layout-ad2f72ca wp-block-group-is-layout-flex\">\n<div class=\"wp-block-group\" style=\"border-right-color:var(--wp--preset--color--innovation-blue);border-right-width:1px;padding-right:var(--wp--preset--spacing--0200)\"><div class=\"wp-block-group__inner-container is-layout-constrained wp-container-core-group-is-layout-4b25f6e1 wp-block-group-is-layout-constrained\">\n<h4 class=\"wp-block-heading has-innovation-blue-color has-text-color has-link-color wp-elements-0d8597500b0d91a0eb8654505414d952\" style=\"margin-top:0;margin-bottom:0;line-height:1\">Evolve<\/h4>\n<\/div><\/div>\n\n\n\n<p class=\"js-scroll has-innovation-blue-color has-text-color has-link-color has-xl-font-size wp-elements-5a01ceaa0013e0f923b14d5c79205225\" style=\"font-style:normal;font-weight:600\"><a href=\"#fuel-driven-technologies\" data-type=\"internal\" data-id=\"#fuel-driven-technologies\">Kraftstoffbetriebene Technologien<\/a><\/p>\n\n\n\n<p class=\"js-scroll has-innovation-blue-color has-text-color has-link-color wp-elements-4fda8a7e07382f0e1c17489b8f27e9e5\"><a href=\"#fuel-driven-technologies\" data-type=\"internal\" data-id=\"#fuel-driven-technologies\">[tkicon icon=&#8221;arrow-down&#8221;]<\/a><\/p>\n<\/div>\n\n\n\n<div class=\"wp-block-group alignwide tw-gap-4 tw-md-gap-8 has-lg-font-size is-layout-flex wp-block-group-is-layout-flex\" style=\"margin-top:var(--wp--preset--spacing--0100);font-style:normal;font-weight:500\">\n<p class=\"js-scroll has-innovation-blue-color has-text-color has-link-color wp-elements-d428c4db64ca5b540f11e2e2db89b1b9\"><a href=\"#axlepower\" data-type=\"internal\" data-id=\"#axlepower\">AxlePower<\/a><\/p>\n\n\n\n<p class=\"js-scroll has-innovation-blue-color has-text-color has-link-color wp-elements-e73c8cbd7ef522fbb489eb14a67683c7\"><a href=\"#hybriddrive\">HybridDrive<\/a><\/p>\n\n\n\n<p class=\"js-scroll has-innovation-blue-color has-text-color has-link-color wp-elements-e70f1a21a8d8b9d98c66412188fb076f\"><a href=\"#envirodrive\">EnviroDrive<\/a><\/p>\n\n\n\n<p class=\"js-scroll has-innovation-blue-color has-text-color has-link-color wp-elements-df72cf4b3b0e631b7c0fd2a304cbb0fa\"><a href=\"#be-tech\">BE-Tech<\/a><\/p>\n<\/div>\n<\/div><\/section>\n<\/div><\/div>\n\n\n\n<section class=\"wp-block-group\"><div class=\"wp-block-group__inner-container is-layout-constrained wp-block-group-is-layout-constrained\">\n<figure class=\"wp-block-image size-tk-logo\" id=\"evolve\"><img loading=\"lazy\" decoding=\"async\" width=\"160\" height=\"33\" src=\"https:\/\/europe-thermoking.s3.eu-west-3.amazonaws.com\/wp-content\/uploads\/2024\/02\/27110057\/evolve-logo-160x33.png\" alt=\"\" class=\"wp-image-68658\" srcset=\"https:\/\/europe-thermoking.s3.eu-west-3.amazonaws.com\/wp-content\/uploads\/2024\/02\/27110057\/evolve-logo-160x33.png 160w, https:\/\/europe-thermoking.s3.eu-west-3.amazonaws.com\/wp-content\/uploads\/2024\/02\/27110057\/evolve-logo-320x67.png 320w, https:\/\/europe-thermoking.s3.eu-west-3.amazonaws.com\/wp-content\/uploads\/2024\/02\/27110057\/evolve-logo-40x8.png 40w, https:\/\/europe-thermoking.s3.eu-west-3.amazonaws.com\/wp-content\/uploads\/2024\/02\/27110057\/evolve-logo-80x17.png 80w, https:\/\/europe-thermoking.s3.eu-west-3.amazonaws.com\/wp-content\/uploads\/2024\/02\/27110057\/evolve-logo-640x133.png 640w, https:\/\/europe-thermoking.s3.eu-west-3.amazonaws.com\/wp-content\/uploads\/2024\/02\/27110057\/evolve-logo-960x200.png 960w, https:\/\/europe-thermoking.s3.eu-west-3.amazonaws.com\/wp-content\/uploads\/2024\/02\/27110057\/evolve-logo.png 962w\" sizes=\"auto, (max-width: 160px) 100vw, 160px\" \/><\/figure>\n\n\n\n<div style=\"height:var(--wp--preset--spacing--40)\" aria-hidden=\"true\" class=\"wp-block-spacer\"><\/div>\n\n\n\n<div style=\"height:1rem\" aria-hidden=\"true\" class=\"wp-block-spacer\"><\/div>\n\n\n\n<h2 class=\"wp-block-heading has-copr-color has-text-color has-link-color wp-elements-02565622100b4939ce7f4df685d184ae\">Vollelektrische K\u00fchlung<\/h2>\n\n\n\n<p class=\"has-2-xl-font-size\">Machen Sie Ihre Flotte zu einem Teil der Nachhaltigkeitsbewegung mit evolve&#x2122;, dem Portfolio vollelektrischer K\u00fchlung von&nbsp;Thermo King&nbsp;f\u00fcr&nbsp;LKW, Trailer, Lieferwagen und LCV. Mit einer verf\u00fcgbaren K\u00fchll\u00f6sung f\u00fcr&nbsp;jedes Segment der K\u00fchlkette&nbsp;finden Sie im evolve&#x2122;-Portfolio von&nbsp;Thermo King&nbsp;stets eine L\u00f6sung, die perfekt zu Ihren Anforderungen passt.<\/p>\n<\/div><\/section>\n\n\n\n<section class=\"wp-block-group\" style=\"padding-top:2rem\"><div class=\"wp-block-group__inner-container is-layout-constrained wp-block-group-is-layout-constrained\">\n<h5 class=\"wp-block-heading\" id=\"axlepower\">AxlePower<\/h5>\n\n\n\n<h2 class=\"wp-block-heading has-copr-color has-text-color has-link-color wp-elements-db8313f2079cf88c8cf1e989ff6abfe2\">Intelligentes energier\u00fcckgewinnungssystem f\u00fcr die trailerk\u00fchlung<\/h2>\n\n\n\n<p class=\"has-2-xl-font-size\">Ein am Trailer montiertes intelligentes Energier\u00fcckgewinnungssystem f\u00fcr echte&nbsp;emissionsfreie K\u00fchlung.&nbsp;Die ePower Axle von BPW gewinnt Energie zur\u00fcck, die sonst verloren gehen w\u00fcrde, und speichert sie im Energ-e Pack. Mit dieser Energiereserve k\u00f6nnen Sie Ihre K\u00e4ltemaschine antreiben, ohne dass der Motor laufen muss.<\/p>\n<\/div><\/section>\n\n\n\n<figure class=\"wp-block-embed is-type-video is-provider-vimeo wp-block-embed-vimeo wp-embed-aspect-16-9 wp-has-aspect-ratio\" style=\"margin-bottom:var(--wp--preset--spacing--0400)\"><div class=\"wp-block-embed__wrapper\">\n<iframe loading=\"lazy\" title=\"English - AxlePower Technical Video\" src=\"https:\/\/player.vimeo.com\/video\/821932172?dnt=1&amp;app_id=122963\" width=\"500\" height=\"281\" frameborder=\"0\" allow=\"autoplay; fullscreen; picture-in-picture; clipboard-write\"><\/iframe>\n<\/div><\/figure>\n\n\n\n<section class=\"wp-block-group\"><div class=\"wp-block-group__inner-container is-layout-constrained wp-block-group-is-layout-constrained\">\n<h5 class=\"wp-block-heading\" id=\"hybriddrive\">HybridDrive<\/h5>\n\n\n\n<h2 class=\"wp-block-heading has-copr-color has-text-color has-link-color wp-elements-d1d6b2912380d27039ed4cc7a374008c\">Kombinieren sie elektro- und kraftstoffantrieb<\/h2>\n\n\n\n<p class=\"has-2-xl-font-size\">Eine Energiequelle, die speziell f\u00fcr&nbsp;Flexibilit\u00e4t&nbsp;entwickelt wurde. Die Technologie kann sowohl mit Diesel- als auch mit Elektroantrieb betrieben werden. HybridDrive nutzt die Kraft des Geofencings und schaltet beim Betreten von Null-Emissions-Zonen und l\u00e4rmschutzbeschr\u00e4nkten Bereichen automatisch in den nachhaltigen und extrem leisen PIEK-Modus. So erbringt Ihr LKW, Ihr Semi-Trailer oder Ihre Gliederzugmaschine immer die optimale Leistung \u2013 sei es auf der Autobahn oder im st\u00e4dtischen Umfeld.<\/p>\n<\/div><\/section>\n\n\n\n<figure class=\"wp-block-embed is-type-video is-provider-vimeo wp-block-embed-vimeo wp-embed-aspect-16-9 wp-has-aspect-ratio\" style=\"margin-bottom:var(--wp--preset--spacing--0400)\"><div class=\"wp-block-embed__wrapper\">\n<iframe loading=\"lazy\" title=\"Hybriddrive_Technical Animation_EN\" src=\"https:\/\/player.vimeo.com\/video\/817265695?dnt=1&amp;app_id=122963\" width=\"500\" height=\"281\" frameborder=\"0\" allow=\"autoplay; fullscreen; picture-in-picture; clipboard-write\"><\/iframe>\n<\/div><\/figure>\n\n\n\n<section class=\"wp-block-group\"><div class=\"wp-block-group__inner-container is-layout-constrained wp-block-group-is-layout-constrained\">\n<h5 class=\"wp-block-heading\" id=\"envirodrive\">EnviroDrive<\/h5>\n\n\n\n<h2 class=\"wp-block-heading has-copr-color has-text-color has-link-color wp-elements-f7827eaff80e26599a093f255749853d\" style=\"margin-bottom:0\">Generatortechnologie<\/h2>\n\n\n\n<p class=\"has-innovation-blue-color has-text-color has-link-color has-2-xl-font-size wp-elements-092288fdb064504becae8b41ca6f7d8f\" style=\"margin-top:-0.25rem;margin-bottom:var(--wp--preset--spacing--0200)\">unterst\u00fctzt von Frigoblock<\/p>\n\n\n\n<p class=\"has-2-xl-font-size\">Hochleistungsgenerator, angetrieben vom Fahrzeugmotor. Die Frigoblock-betriebene Generatortechnologie hat einen Wirkungsgrad von \u00fcber 90 % f\u00fcr&nbsp;minimalen Energie\u00fcbertragungsverlust, um Ihre Kraftstoffkosten und CO2-Emissionen niedrig zu halten.<\/p>\n\n\n\n<div style=\"height:var(--wp--preset--spacing--55)\" aria-hidden=\"true\" class=\"wp-block-spacer\"><\/div>\n<\/div><\/section>\n\n\n\n<figure class=\"wp-block-embed is-type-video is-provider-vimeo wp-block-embed-vimeo wp-embed-aspect-16-9 wp-has-aspect-ratio\" style=\"margin-bottom:var(--wp--preset--spacing--0400)\"><div class=\"wp-block-embed__wrapper\">\n<iframe loading=\"lazy\" title=\"Envirodrive_Technical Animation_EN\" src=\"https:\/\/player.vimeo.com\/video\/817266814?dnt=1&amp;app_id=122963\" width=\"500\" height=\"281\" frameborder=\"0\" allow=\"autoplay; fullscreen; picture-in-picture; clipboard-write\"><\/iframe>\n<\/div><\/figure>\n\n\n\n<section class=\"wp-block-group\"><div class=\"wp-block-group__inner-container is-layout-constrained wp-block-group-is-layout-constrained\">\n<h5 class=\"wp-block-heading\" id=\"be-tech\">BE-Tech<\/h5>\n\n\n\n<h2 class=\"wp-block-heading has-copr-color has-text-color has-link-color wp-elements-5ecf0368097e16f229468d63314c46a2\">Batteriebetriebene innovation<\/h2>\n\n\n\n<p class=\"has-2-xl-font-size\">Vollelektrische Transportk\u00fchltechnologie, die Strom aus der Batterie des Fahrzeugs bezieht. Dieser Energiewechsel nutzt die neuesten Erkenntnisse und Entwicklungen und ist somit&nbsp;hocheffizient, um eine m\u00f6glichst geringe Auswirkung auf die Reichweite des Fahrzeugs zu gew\u00e4hrleisten.<\/p>\n<\/div><\/section>\n\n\n\n<figure class=\"wp-block-embed is-type-video is-provider-vimeo wp-block-embed-vimeo wp-embed-aspect-16-9 wp-has-aspect-ratio\" style=\"margin-bottom:var(--wp--preset--spacing--0400)\"><div class=\"wp-block-embed__wrapper\">\n<iframe loading=\"lazy\" title=\"BEtech_Technical Animation_EN\" src=\"https:\/\/player.vimeo.com\/video\/817266130?dnt=1&amp;app_id=122963\" width=\"500\" height=\"281\" frameborder=\"0\" allow=\"autoplay; fullscreen; picture-in-picture; clipboard-write\"><\/iframe>\n<\/div><\/figure>\n\n\n\n<div style=\"height:var(--wp--preset--spacing--80)\" aria-hidden=\"true\" class=\"wp-block-spacer\"><\/div>\n\n\n\n<div class=\"wp-block-group alignfull js-sticky-nav\" id=\"fuel-driven-technologies\" style=\"border-bottom-color:var(--wp--preset--color--neutral-gray);border-bottom-width:1px\"><div class=\"wp-block-group__inner-container is-layout-constrained wp-block-group-is-layout-constrained\">\n<section class=\"wp-block-group alignwide\" style=\"border-bottom-color:var(--wp--preset--color--neutral-gray);padding-top:var(--wp--preset--spacing--40);padding-bottom:var(--wp--preset--spacing--40)\"><div class=\"wp-block-group__inner-container is-layout-flow wp-block-group-is-layout-flow\">\n<div class=\"wp-block-group alignwide tw-gap-8 is-nowrap is-layout-flex wp-container-core-group-is-layout-ad2f72ca wp-block-group-is-layout-flex\">\n<div class=\"wp-block-group\" style=\"border-right-color:var(--wp--preset--color--innovation-blue);border-right-width:1px;padding-right:var(--wp--preset--spacing--0200)\"><div class=\"wp-block-group__inner-container is-layout-constrained wp-container-core-group-is-layout-4b25f6e1 wp-block-group-is-layout-constrained\">\n<h4 class=\"wp-block-heading has-innovation-blue-color has-text-color has-link-color wp-elements-18a0110033f38ce8972b4eac0a5cfa0e\" style=\"margin-top:0;margin-bottom:0;line-height:1\">Kraftstoffbetriebene Technologien<\/h4>\n<\/div><\/div>\n\n\n\n<p class=\"js-scroll has-innovation-blue-color has-text-color has-link-color has-xl-font-size wp-elements-15e2f6a73b21b56b4c0c7a18bab16b0e\" style=\"font-style:normal;font-weight:600\"><a href=\"#evolve\" data-type=\"internal\" data-id=\"#evolve\">Evolve<\/a><\/p>\n\n\n\n<p class=\"js-scroll has-innovation-blue-color has-text-color has-link-color wp-elements-567d4b2ccb29a42dba7d6146f475eb02\"><a href=\"#evolve\" data-type=\"internal\" data-id=\"#evolve\">[tkicon icon=&#8221;arrow-up&#8221;]<\/a><\/p>\n<\/div>\n\n\n\n<div class=\"wp-block-group alignwide tw-gap-4 tw-md-gap-8 has-lg-font-size is-layout-flex wp-block-group-is-layout-flex\" style=\"margin-top:var(--wp--preset--spacing--0100);font-style:normal;font-weight:500\">\n<p class=\"js-scroll has-innovation-blue-color has-text-color has-link-color wp-elements-35bf1ecef72bd6945b85ae80d31d6131\"><a href=\"#greentech\" data-type=\"internal\" data-id=\"#greentech\">GreenTech<\/a><a href=\"#axlepower\" data-type=\"internal\" data-id=\"#axlepower\"><\/a><\/p>\n\n\n\n<p class=\"js-scroll has-innovation-blue-color has-text-color has-link-color wp-elements-8a25f14754fec98e1d5952c34beb98f5\"><a href=\"#directdrive\">DirectDrive<\/a><a href=\"#hybriddrive\"><\/a><\/p>\n<\/div>\n<\/div><\/section>\n<\/div><\/div>\n\n\n\n<section class=\"wp-block-group\"><div class=\"wp-block-group__inner-container is-layout-constrained wp-block-group-is-layout-constrained\">\n<h5 class=\"wp-block-heading\" id=\"greentech\">GreenTech<\/h5>\n\n\n\n<h2 class=\"wp-block-heading has-copr-color has-text-color has-link-color wp-elements-9a1cbcb6ce6bd91ecbab0954319b4cc5\">Kraftstoffbetrieben, emissionsarm<\/h2>\n\n\n\n<p class=\"has-2-xl-font-size\">Die effizienteste kraftstoffbetriebene Temperaturregelungstechnologie auf dem Markt. GreenTech bietet die niedrigsten Emissionen aller kraftstoffbetriebenen Maschinen und kompromisslose Zuverl\u00e4ssigkeit. Dank der Kompatibilit\u00e4t mit Biodiesel, HVO-XTL und anderen alternativen Kraftstoffen ist Ihre Flotte auch bei Kraftstoffantrieb zukunftssicher.<\/p>\n\n\n\n<div style=\"height:var(--wp--preset--spacing--55)\" aria-hidden=\"true\" class=\"wp-block-spacer\"><\/div>\n<\/div><\/section>\n\n\n\n<figure class=\"wp-block-embed is-type-video is-provider-vimeo wp-block-embed-vimeo wp-embed-aspect-16-9 wp-has-aspect-ratio\" style=\"margin-bottom:var(--wp--preset--spacing--0400)\"><div class=\"wp-block-embed__wrapper\">\n<iframe loading=\"lazy\" title=\"Greentech_Technical Animation_EN\" src=\"https:\/\/player.vimeo.com\/video\/817265169?dnt=1&amp;app_id=122963\" width=\"500\" height=\"281\" frameborder=\"0\" allow=\"autoplay; fullscreen; picture-in-picture; clipboard-write\"><\/iframe>\n<\/div><\/figure>\n\n\n\n<section class=\"wp-block-group\"><div class=\"wp-block-group__inner-container is-layout-constrained wp-block-group-is-layout-constrained\">\n<h5 class=\"wp-block-heading\" id=\"directdrive\">DirectDrive<\/h5>\n\n\n\n<h2 class=\"wp-block-heading has-copr-color has-text-color has-link-color wp-elements-e3ed28024c77d8279fa98a21fcf90372\">Kompressorbetriebene k\u00fchlung<\/h2>\n\n\n\n<p class=\"has-2-xl-font-size\">Reduzieren Sie L\u00e4rm und Emissionen mit kompressorbetriebener Technologie f\u00fcr motorlose K\u00fchlung. Kein zus\u00e4tzlicher Motor bedeutet niedrigere Kraftstoffkosten und geringere Emissionen sowie eine fl\u00fcsterleise K\u00fchlung \u2013 perfekt f\u00fcr Lieferungen in st\u00e4dtischen Gebieten.<\/p>\n<\/div><\/section>\n\n\n\n<figure class=\"wp-block-embed is-type-video is-provider-vimeo wp-block-embed-vimeo wp-embed-aspect-16-9 wp-has-aspect-ratio\"><div class=\"wp-block-embed__wrapper\">\n<iframe loading=\"lazy\" title=\"Direct Drive_Technical Animation_EN\" src=\"https:\/\/player.vimeo.com\/video\/817266500?dnt=1&amp;app_id=122963\" width=\"500\" height=\"281\" frameborder=\"0\" allow=\"autoplay; fullscreen; picture-in-picture; clipboard-write\"><\/iframe>\n<\/div><\/figure>\n\n\n\n<div style=\"height:var(--wp--preset--spacing--60)\" aria-hidden=\"true\" class=\"wp-block-spacer\"><\/div>\n","protected":false},"excerpt":{"rendered":"<p>Die Revolution der K\u00fchlkette Vor \u00fcber 80 Jahren haben unsere motorbetriebenen Kompressoren die Revolution der K\u00fchlkette angesto\u00dfen. Jetzt ist&nbsp;Thermo King&nbsp;der Wegbereiter f\u00fcr eine nachhaltigere K\u00fchlung mit einer st\u00e4ndig wachsenden Zahl innovativer alternativer Energiequellen, die die M\u00f6glichkeiten fossiler Brennstoffe \u00fcbertreffen. Innovative, nachhaltige Technologien f\u00fcr die Transportk\u00fchlung Evolve Kraftstoffbetriebene Technologien [tkicon icon=&#8221;arrow-down&#8221;] AxlePower HybridDrive EnviroDrive BE-Tech Vollelektrische [&hellip;]<\/p>\n","protected":false},"author":1,"featured_media":68813,"parent":0,"menu_order":0,"comment_status":"closed","ping_status":"closed","template":"","meta":{"_acf_changed":false,"footnotes":""},"class_list":["post-68824","page","type-page","status-publish","has-post-thumbnail","hentry"],"acf":[],"_links":{"self":[{"href":"https:\/\/www.staging.europe.thermoking.com\/de\/wp-json\/wp\/v2\/pages\/68824","targetHints":{"allow":["GET"]}}],"collection":[{"href":"https:\/\/www.staging.europe.thermoking.com\/de\/wp-json\/wp\/v2\/pages"}],"about":[{"href":"https:\/\/www.staging.europe.thermoking.com\/de\/wp-json\/wp\/v2\/types\/page"}],"author":[{"embeddable":true,"href":"https:\/\/www.staging.europe.thermoking.com\/de\/wp-json\/wp\/v2\/users\/1"}],"replies":[{"embeddable":true,"href":"https:\/\/www.staging.europe.thermoking.com\/de\/wp-json\/wp\/v2\/comments?post=68824"}],"version-history":[{"count":5,"href":"https:\/\/www.staging.europe.thermoking.com\/de\/wp-json\/wp\/v2\/pages\/68824\/revisions"}],"predecessor-version":[{"id":74153,"href":"https:\/\/www.staging.europe.thermoking.com\/de\/wp-json\/wp\/v2\/pages\/68824\/revisions\/74153"}],"wp:featuredmedia":[{"embeddable":true,"href":"https:\/\/www.staging.europe.thermoking.com\/de\/wp-json\/wp\/v2\/media\/68813"}],"wp:attachment":[{"href":"https:\/\/www.staging.europe.thermoking.com\/de\/wp-json\/wp\/v2\/media?parent=68824"}],"curies":[{"name":"wp","href":"https:\/\/api.w.org\/{rel}","templated":true}]}}