{"id":64729,"date":"2023-08-22T13:45:45","date_gmt":"2023-08-22T11:45:45","guid":{"rendered":"https:\/\/europe.thermoking.new.local\/?page_id=64729"},"modified":"2023-11-17T11:22:19","modified_gmt":"2023-11-17T10:22:19","slug":"e-500e","status":"publish","type":"page","link":"https:\/\/www.staging.europe.thermoking.com\/de\/direct-drive\/e-series\/e-500e","title":{"rendered":"E-500e"},"content":{"rendered":"\n\n\n<div class=\"wp-block-columns has-2-columns is-layout-flex wp-container-core-columns-is-layout-9d6595d7 wp-block-columns-is-layout-flex\">\n<div class=\"wp-block-column col-md-9 is-layout-flow wp-block-column-is-layout-flow\">\n<h1 class=\"wp-block-heading\"><\/h1>\n<\/div>\n\n\n\n<div class=\"wp-block-column col-md-3 is-layout-flow wp-block-column-is-layout-flow\"><\/div>\n<\/div>\n\n\n\n<p><strong><strong>Das Flaggschiffmodell der E-Serie setzt neue Ma\u00dfst\u00e4be bei der vollelektrischen K\u00fchlung f\u00fcr elektrische leichte Nutzfahrzeuge (eLCV) mit einer Spezialisierung auf den letzten Kilometer und die Innenstadt.<\/strong><\/strong><\/p>\n\n\n\n<p>Geeignet f\u00fcr Kastenwagen, LKW mit Fahrgestellen und andere eLCV-Typen.<\/p>\n\n\n\n<div style=\"height:100px\" aria-hidden=\"true\" class=\"wp-block-spacer\"><\/div>\n\n\n\n<div class=\"wp-block-columns is-layout-flex wp-container-core-columns-is-layout-9d6595d7 wp-block-columns-is-layout-flex\">\n<div class=\"wp-block-column is-layout-flow wp-block-column-is-layout-flow\">\n<figure class=\"wp-block-image size-full is-resized mb-m1\"><img loading=\"lazy\" decoding=\"async\" width=\"108\" height=\"68\" src=\"https:\/\/europe-thermoking.s3.eu-west-3.amazonaws.com\/wp-content\/uploads\/2023\/08\/22140922\/icon-leaf-bolt.png\" alt=\"\" class=\"wp-image-64657\" style=\"width:54px;height:34px\" srcset=\"https:\/\/europe-thermoking.s3.eu-west-3.amazonaws.com\/wp-content\/uploads\/2023\/08\/22140922\/icon-leaf-bolt.png 108w, https:\/\/europe-thermoking.s3.eu-west-3.amazonaws.com\/wp-content\/uploads\/2023\/08\/22140922\/icon-leaf-bolt-40x25.png 40w, https:\/\/europe-thermoking.s3.eu-west-3.amazonaws.com\/wp-content\/uploads\/2023\/08\/22140922\/icon-leaf-bolt-80x50.png 80w\" sizes=\"auto, (max-width: 108px) 100vw, 108px\" \/><\/figure>\n\n\n\n<p><strong><strong>Reichweite erh\u00f6hen<\/strong><\/strong><br>Neues energieeffizientes Design reduziert Energieverbrauch f\u00fcr Batterie des Elektrofahrzeugs<\/p>\n<\/div>\n\n\n\n<div class=\"wp-block-column is-layout-flow wp-block-column-is-layout-flow\">\n<figure class=\"wp-block-image size-full is-resized mb-m1\"><img loading=\"lazy\" decoding=\"async\" width=\"108\" height=\"68\" src=\"https:\/\/europe-thermoking.s3.eu-west-3.amazonaws.com\/wp-content\/uploads\/2023\/08\/22140957\/icon-cost-slice.png\" alt=\"\" class=\"wp-image-64679\" style=\"width:54px;height:34px\" srcset=\"https:\/\/europe-thermoking.s3.eu-west-3.amazonaws.com\/wp-content\/uploads\/2023\/08\/22140957\/icon-cost-slice.png 108w, https:\/\/europe-thermoking.s3.eu-west-3.amazonaws.com\/wp-content\/uploads\/2023\/08\/22140957\/icon-cost-slice-40x25.png 40w, https:\/\/europe-thermoking.s3.eu-west-3.amazonaws.com\/wp-content\/uploads\/2023\/08\/22140957\/icon-cost-slice-80x50.png 80w\" sizes=\"auto, (max-width: 108px) 100vw, 108px\" \/><\/figure>\n\n\n\n<p><strong><strong>Kosten senken<\/strong><\/strong><br>Mit kompakterem Design, geringeren Betriebskosten und h\u00f6heren t\u00e4glichen Margen<br><\/p>\n<\/div>\n\n\n\n<div class=\"wp-block-column is-layout-flow wp-block-column-is-layout-flow\">\n<figure class=\"wp-block-image size-full is-resized mb-m1\"><img loading=\"lazy\" decoding=\"async\" width=\"108\" height=\"68\" src=\"https:\/\/europe-thermoking.s3.eu-west-3.amazonaws.com\/wp-content\/uploads\/2023\/08\/22141021\/icon-apt-building.png\" alt=\"\" class=\"wp-image-64700\" style=\"width:54px;height:34px\" srcset=\"https:\/\/europe-thermoking.s3.eu-west-3.amazonaws.com\/wp-content\/uploads\/2023\/08\/22141021\/icon-apt-building.png 108w, https:\/\/europe-thermoking.s3.eu-west-3.amazonaws.com\/wp-content\/uploads\/2023\/08\/22141021\/icon-apt-building-40x25.png 40w, https:\/\/europe-thermoking.s3.eu-west-3.amazonaws.com\/wp-content\/uploads\/2023\/08\/22141021\/icon-apt-building-80x50.png 80w\" sizes=\"auto, (max-width: 108px) 100vw, 108px\" \/><\/figure>\n\n\n\n<p><strong><strong>Null-Emissions-Zonen befahren<\/strong><\/strong><br>Vollelektrischer Betrieb erm\u00f6glicht Erschlie\u00dfung der Innenstadt<\/p>\n<\/div>\n<\/div>\n\n\n\n<div style=\"height:100px\" aria-hidden=\"true\" class=\"wp-block-spacer\"><\/div>\n\n\n\n<h2 class=\"wp-block-heading has-copr-color has-text-color\">Leistungsstarke, vollelektrische K\u00fchlung<\/h2>\n\n\n\n<p>Der b\u00fcrstenlose, hermetische Kompressor mit hoher Drehzahl, der von einem hochmodernen Inverter gesteuert wird, sorgt f\u00fcr eine hohe Leistung und konstante K\u00fchlung. Sie k\u00f6nnen die Drehzahl des Kompressors unabh\u00e4ngig vom Fahrzeug erh\u00f6hen und eine konstante Temperatur auf der gesamten Lieferstrecke beibehalten. Zu hei\u00df? Zu kalt? Die E-500e regelt es.<\/p>\n\n\n\n<p>Ein intelligenter ePTO (elektrischer Nebenabtrieb) erm\u00f6glicht die direkte Stromversorgung \u00fcber die Fahrzeugbatterie und sorgt je nach Typ Ihres e-LCV daf\u00fcr, dass die Maschine Ihre Ladung k\u00fchlt, selbst wenn Ihr Fahrzeug aufgeladen wird oder ausgeschaltet ist.<\/p>\n\n\n\n<div style=\"height:100px\" aria-hidden=\"true\" class=\"wp-block-spacer\"><\/div>\n\n\n\n<div class=\"wp-block-cover is-light\"><span aria-hidden=\"true\" class=\"wp-block-cover__background has-background-dim-0 has-background-dim\"><\/span><img loading=\"lazy\" decoding=\"async\" width=\"1208\" height=\"616\" class=\"wp-block-cover__image-background wp-image-64561\" alt=\"\" src=\"https:\/\/europe-thermoking.s3.eu-west-3.amazonaws.com\/wp-content\/uploads\/2023\/08\/22134220\/e-500e-cover-1.jpg\" data-object-fit=\"cover\" srcset=\"https:\/\/europe-thermoking.s3.eu-west-3.amazonaws.com\/wp-content\/uploads\/2023\/08\/22134220\/e-500e-cover-1.jpg 1208w, https:\/\/europe-thermoking.s3.eu-west-3.amazonaws.com\/wp-content\/uploads\/2023\/08\/22134220\/e-500e-cover-1-300x153.jpg 300w, https:\/\/europe-thermoking.s3.eu-west-3.amazonaws.com\/wp-content\/uploads\/2023\/08\/22134220\/e-500e-cover-1-1024x522.jpg 1024w, https:\/\/europe-thermoking.s3.eu-west-3.amazonaws.com\/wp-content\/uploads\/2023\/08\/22134220\/e-500e-cover-1-768x392.jpg 768w, https:\/\/europe-thermoking.s3.eu-west-3.amazonaws.com\/wp-content\/uploads\/2023\/08\/22134220\/e-500e-cover-1-160x82.jpg 160w, https:\/\/europe-thermoking.s3.eu-west-3.amazonaws.com\/wp-content\/uploads\/2023\/08\/22134220\/e-500e-cover-1-320x163.jpg 320w, https:\/\/europe-thermoking.s3.eu-west-3.amazonaws.com\/wp-content\/uploads\/2023\/08\/22134220\/e-500e-cover-1-40x20.jpg 40w, https:\/\/europe-thermoking.s3.eu-west-3.amazonaws.com\/wp-content\/uploads\/2023\/08\/22134220\/e-500e-cover-1-80x41.jpg 80w, https:\/\/europe-thermoking.s3.eu-west-3.amazonaws.com\/wp-content\/uploads\/2023\/08\/22134220\/e-500e-cover-1-706x360.jpg 706w, https:\/\/europe-thermoking.s3.eu-west-3.amazonaws.com\/wp-content\/uploads\/2023\/08\/22134220\/e-500e-cover-1-882x450.jpg 882w, https:\/\/europe-thermoking.s3.eu-west-3.amazonaws.com\/wp-content\/uploads\/2023\/08\/22134220\/e-500e-cover-1-640x326.jpg 640w, https:\/\/europe-thermoking.s3.eu-west-3.amazonaws.com\/wp-content\/uploads\/2023\/08\/22134220\/e-500e-cover-1-960x490.jpg 960w\" sizes=\"auto, (max-width: 1208px) 100vw, 1208px\" \/><div class=\"wp-block-cover__inner-container is-layout-flow wp-block-cover-is-layout-flow\">\n<p class=\"has-text-align-center has-large-font-size\"><\/p>\n<\/div><\/div>\n\n\n\n<div style=\"height:100px\" aria-hidden=\"true\" class=\"wp-block-spacer\"><\/div>\n\n\n\n<h2 class=\"wp-block-heading has-copr-color has-text-color\">K\u00fchlung mit minimalem Energieverbrauch<\/h2>\n\n\n\n<p>Die speziell entwickelte Inverter-Technologie, die patentierte Energieregelung und die intelligente Echtzeitkommunikation zwischen Maschine und Fahrzeug machen die E-500e zur derzeit energieeffizientesten Transportk\u00e4ltemaschine auf dem Markt \u2013 mit den geringstm\u00f6glichen Auswirkungen auf die Reichweite Ihres Elektrofahrzeugs.<\/p>\n\n\n\n<div style=\"height:100px\" aria-hidden=\"true\" class=\"wp-block-spacer\"><\/div>\n\n\n\n<h2 class=\"wp-block-heading has-copr-color has-text-color\">Geringere Wartungskosten<\/h2>\n\n\n\n<p>Durch das moderne, kompaktere und effizientere Design ist die E-500e extrem leicht \u2013 sie wiegt weniger als die H\u00e4lfte ihrer Vorg\u00e4nger. Weniger Platzbedarf und Gewicht bedeuten mehr Laderaum bei jeder Lieferung, w\u00e4hrend weniger Teile einen geringeren Verschlei\u00df bedeuten, wodurch die Wartungskosten und -intervalle deutlich reduziert werden.<\/p>\n\n\n\n<div style=\"height:100px\" aria-hidden=\"true\" class=\"wp-block-spacer\"><\/div>\n\n\n\n<h2 class=\"wp-block-heading has-copr-color has-text-color\">Flexible Installationsoptionen<\/h2>\n\n\n\n<p>Die E500-e wird vollst\u00e4ndig vom Elektrofahrzeug angetrieben. Das bedeutet, dass keine zus\u00e4tzliche Batterie installiert oder Ladeinfrastruktur eingerichtet werden muss.<\/p>\n\n\n\n<p>Zudem ist die Maschine in verschiedenen Montagekonfigurationen erh\u00e4ltlich:<\/p>\n\n\n\n<ul class=\"wp-block-list\">\n<li>Podmontage<\/li>\n\n\n\n<li>Dachmontage<\/li>\n\n\n\n<li>Stirnwandmontage<\/li>\n<\/ul>\n\n\n\n<div style=\"height:100px\" aria-hidden=\"true\" class=\"wp-block-spacer\"><\/div>\n\n\n\n<figure class=\"wp-block-image size-large\"><img loading=\"lazy\" decoding=\"async\" width=\"1024\" height=\"522\" src=\"https:\/\/europe-thermoking.s3.eu-west-3.amazonaws.com\/wp-content\/uploads\/2023\/08\/22134356\/e-500e-cover-2-1024x522.jpg\" alt=\"\" class=\"wp-image-64576\" srcset=\"https:\/\/europe-thermoking.s3.eu-west-3.amazonaws.com\/wp-content\/uploads\/2023\/08\/22134356\/e-500e-cover-2-1024x522.jpg 1024w, https:\/\/europe-thermoking.s3.eu-west-3.amazonaws.com\/wp-content\/uploads\/2023\/08\/22134356\/e-500e-cover-2-300x153.jpg 300w, https:\/\/europe-thermoking.s3.eu-west-3.amazonaws.com\/wp-content\/uploads\/2023\/08\/22134356\/e-500e-cover-2-768x392.jpg 768w, https:\/\/europe-thermoking.s3.eu-west-3.amazonaws.com\/wp-content\/uploads\/2023\/08\/22134356\/e-500e-cover-2-160x82.jpg 160w, https:\/\/europe-thermoking.s3.eu-west-3.amazonaws.com\/wp-content\/uploads\/2023\/08\/22134356\/e-500e-cover-2-320x163.jpg 320w, https:\/\/europe-thermoking.s3.eu-west-3.amazonaws.com\/wp-content\/uploads\/2023\/08\/22134356\/e-500e-cover-2-40x20.jpg 40w, https:\/\/europe-thermoking.s3.eu-west-3.amazonaws.com\/wp-content\/uploads\/2023\/08\/22134356\/e-500e-cover-2-80x41.jpg 80w, https:\/\/europe-thermoking.s3.eu-west-3.amazonaws.com\/wp-content\/uploads\/2023\/08\/22134356\/e-500e-cover-2-706x360.jpg 706w, https:\/\/europe-thermoking.s3.eu-west-3.amazonaws.com\/wp-content\/uploads\/2023\/08\/22134356\/e-500e-cover-2-882x450.jpg 882w, https:\/\/europe-thermoking.s3.eu-west-3.amazonaws.com\/wp-content\/uploads\/2023\/08\/22134356\/e-500e-cover-2-640x326.jpg 640w, https:\/\/europe-thermoking.s3.eu-west-3.amazonaws.com\/wp-content\/uploads\/2023\/08\/22134356\/e-500e-cover-2-960x490.jpg 960w, https:\/\/europe-thermoking.s3.eu-west-3.amazonaws.com\/wp-content\/uploads\/2023\/08\/22134356\/e-500e-cover-2.jpg 1208w\" sizes=\"auto, (max-width: 1024px) 100vw, 1024px\" \/><\/figure>\n\n\n\n<div style=\"height:100px\" aria-hidden=\"true\" class=\"wp-block-spacer\"><\/div>\n\n\n\n<h2 class=\"wp-block-heading has-copr-color has-text-color\">Maximale betriebliche Flexibilit\u00e4t Ihrer Flotte<\/h2>\n\n\n\n<p>Die mehrfachtemperaturf\u00e4hige und extrem vielseitige E500-e er\u00f6ffnet Ihren Flotten L\u00e4rmschutzzonen, Null- und Niedrigemissionszonen sowie Dieselverbotszonen \u2013 tags\u00fcber sowie nachts.<\/p>\n\n\n\n<p>Mit der Mehrfachtemperaturkonfiguration kann Ihre Flotte alle Einschr\u00e4nkungen \u00fcberwinden und jede innerst\u00e4dtische Lieferung bew\u00e4ltigen.<\/p>\n\n\n\n<div class=\"wp-block-cover is-light\" style=\"min-height:240px;aspect-ratio:unset;\"><span aria-hidden=\"true\" class=\"wp-block-cover__background has-background-dim-0 has-background-dim\"><\/span><img loading=\"lazy\" decoding=\"async\" width=\"1200\" height=\"456\" class=\"wp-block-cover__image-background wp-image-64591\" alt=\"\" src=\"https:\/\/europe-thermoking.s3.eu-west-3.amazonaws.com\/wp-content\/uploads\/2023\/08\/22134523\/e-500e-cta.png\" data-object-fit=\"cover\" srcset=\"https:\/\/europe-thermoking.s3.eu-west-3.amazonaws.com\/wp-content\/uploads\/2023\/08\/22134523\/e-500e-cta.png 1200w, https:\/\/europe-thermoking.s3.eu-west-3.amazonaws.com\/wp-content\/uploads\/2023\/08\/22134523\/e-500e-cta-300x114.png 300w, https:\/\/europe-thermoking.s3.eu-west-3.amazonaws.com\/wp-content\/uploads\/2023\/08\/22134523\/e-500e-cta-1024x389.png 1024w, https:\/\/europe-thermoking.s3.eu-west-3.amazonaws.com\/wp-content\/uploads\/2023\/08\/22134523\/e-500e-cta-768x292.png 768w, https:\/\/europe-thermoking.s3.eu-west-3.amazonaws.com\/wp-content\/uploads\/2023\/08\/22134523\/e-500e-cta-160x61.png 160w, https:\/\/europe-thermoking.s3.eu-west-3.amazonaws.com\/wp-content\/uploads\/2023\/08\/22134523\/e-500e-cta-320x122.png 320w, https:\/\/europe-thermoking.s3.eu-west-3.amazonaws.com\/wp-content\/uploads\/2023\/08\/22134523\/e-500e-cta-40x15.png 40w, https:\/\/europe-thermoking.s3.eu-west-3.amazonaws.com\/wp-content\/uploads\/2023\/08\/22134523\/e-500e-cta-80x30.png 80w, https:\/\/europe-thermoking.s3.eu-west-3.amazonaws.com\/wp-content\/uploads\/2023\/08\/22134523\/e-500e-cta-947x360.png 947w, https:\/\/europe-thermoking.s3.eu-west-3.amazonaws.com\/wp-content\/uploads\/2023\/08\/22134523\/e-500e-cta-1184x450.png 1184w, https:\/\/europe-thermoking.s3.eu-west-3.amazonaws.com\/wp-content\/uploads\/2023\/08\/22134523\/e-500e-cta-640x243.png 640w, https:\/\/europe-thermoking.s3.eu-west-3.amazonaws.com\/wp-content\/uploads\/2023\/08\/22134523\/e-500e-cta-960x365.png 960w\" sizes=\"auto, (max-width: 1200px) 100vw, 1200px\" \/><div class=\"wp-block-cover__inner-container is-layout-flow wp-block-cover-is-layout-flow\">\n<p class=\"has-white-white-color has-text-color\"><strong><strong><strong>Kontaktieren Sie Ihren n\u00e4chsten H\u00e4ndler<\/strong><\/strong><\/strong><br><strong><strong><strong>und nutzen Sie jetzt den elektrischen Vorteil<\/strong><\/strong><\/strong><\/p>\n\n\n\n<div class=\"wp-block-buttons is-layout-flex wp-block-buttons-is-layout-flex\">\n<div class=\"wp-block-button is-style-fill\"><a class=\"wp-block-button__link has-coba-background-color has-background wp-element-button\" href=\"https:\/\/www.staging.europe.thermoking.com\/dealer-service-network\/\" target=\"_blank\" rel=\"noreferrer noopener\">Kontakt aufnehmen<\/a><\/div>\n<\/div>\n<\/div><\/div>\n","protected":false},"excerpt":{"rendered":"<p>Das Flaggschiffmodell der E-Serie setzt neue Ma\u00dfst\u00e4be bei der vollelektrischen K\u00fchlung f\u00fcr elektrische leichte Nutzfahrzeuge (eLCV) mit einer Spezialisierung auf den letzten Kilometer und die Innenstadt. Geeignet f\u00fcr Kastenwagen, LKW mit Fahrgestellen und andere eLCV-Typen. Reichweite erh\u00f6henNeues energieeffizientes Design reduziert Energieverbrauch f\u00fcr Batterie des Elektrofahrzeugs Kosten senkenMit kompakterem Design, geringeren Betriebskosten und h\u00f6heren t\u00e4glichen Margen [&hellip;]<\/p>\n","protected":false},"author":1,"featured_media":0,"parent":7552,"menu_order":0,"comment_status":"closed","ping_status":"closed","template":"","meta":{"_acf_changed":false,"footnotes":""},"class_list":["post-64729","page","type-page","status-publish","hentry"],"acf":[],"_links":{"self":[{"href":"https:\/\/www.staging.europe.thermoking.com\/de\/wp-json\/wp\/v2\/pages\/64729","targetHints":{"allow":["GET"]}}],"collection":[{"href":"https:\/\/www.staging.europe.thermoking.com\/de\/wp-json\/wp\/v2\/pages"}],"about":[{"href":"https:\/\/www.staging.europe.thermoking.com\/de\/wp-json\/wp\/v2\/types\/page"}],"author":[{"embeddable":true,"href":"https:\/\/www.staging.europe.thermoking.com\/de\/wp-json\/wp\/v2\/users\/1"}],"replies":[{"embeddable":true,"href":"https:\/\/www.staging.europe.thermoking.com\/de\/wp-json\/wp\/v2\/comments?post=64729"}],"version-history":[{"count":0,"href":"https:\/\/www.staging.europe.thermoking.com\/de\/wp-json\/wp\/v2\/pages\/64729\/revisions"}],"up":[{"embeddable":true,"href":"https:\/\/www.staging.europe.thermoking.com\/de\/wp-json\/wp\/v2\/pages\/7552"}],"wp:attachment":[{"href":"https:\/\/www.staging.europe.thermoking.com\/de\/wp-json\/wp\/v2\/media?parent=64729"}],"curies":[{"name":"wp","href":"https:\/\/api.w.org\/{rel}","templated":true}]}}