{"id":64408,"date":"2023-07-11T12:51:12","date_gmt":"2023-07-11T10:51:12","guid":{"rendered":"https:\/\/europe.thermoking.new.local\/?page_id=64408"},"modified":"2025-03-10T15:25:07","modified_gmt":"2025-03-10T14:25:07","slug":"axlepower-energie-von-der-strasse","status":"publish","type":"page","link":"https:\/\/www.staging.europe.thermoking.com\/de\/loesungen-zur-stromversorgung\/axlepower-energie-von-der-strasse","title":{"rendered":"AxlePower &#8211; Energie von der Stra\u00dfe"},"content":{"rendered":"\n\n\n<div class=\"wp-block-columns is-layout-flex wp-container-core-columns-is-layout-9d6595d7 wp-block-columns-is-layout-flex\">\n<div class=\"wp-block-column is-layout-flow wp-block-column-is-layout-flow\">\n<h1 class=\"wp-block-heading\"><\/h1>\n<\/div>\n\n\n\n<div class=\"wp-block-column is-layout-flow wp-block-column-is-layout-flow\"><\/div>\n<\/div>\n\n\n\n<p class=\"has-2-xl-font-size\">AxlePower sorgt daf\u00fcr, dass keine Energie verschwendet wird! Diese am Trailer befestigte L\u00f6sung gewinnt die beim Bremsen und Bergabfahren erzeugte Energie zur\u00fcck und speichert sie, sodass Sie Ihre K\u00e4ltemaschine mit nachhaltiger Energie betreiben k\u00f6nnen.<\/p>\n\n\n\n<div style=\"height:100px\" aria-hidden=\"true\" class=\"wp-block-spacer\"><\/div>\n\n\n\n<h2 class=\"wp-block-heading has-copr-color has-text-color\">Emissionsfreie K\u00fchlung<\/h2>\n\n\n\n<figure class=\"wp-block-image size-169-md\"><img loading=\"lazy\" decoding=\"async\" width=\"960\" height=\"540\" src=\"https:\/\/europe-thermoking.s3.eu-west-3.amazonaws.com\/wp-content\/uploads\/2023\/07\/11122717\/e-200-vehicle-960x540.jpg\" alt=\"\" class=\"wp-image-64103\" srcset=\"https:\/\/europe-thermoking.s3.eu-west-3.amazonaws.com\/wp-content\/uploads\/2023\/07\/11122717\/e-200-vehicle-960x540.jpg 960w, https:\/\/europe-thermoking.s3.eu-west-3.amazonaws.com\/wp-content\/uploads\/2023\/07\/11122717\/e-200-vehicle-320x180.jpg 320w, https:\/\/europe-thermoking.s3.eu-west-3.amazonaws.com\/wp-content\/uploads\/2023\/07\/11122717\/e-200-vehicle-640x360.jpg 640w\" sizes=\"auto, (max-width: 960px) 100vw, 960px\" \/><\/figure>\n\n\n\n<div style=\"height:100px\" aria-hidden=\"true\" class=\"wp-block-spacer\"><\/div>\n\n\n\n<div class=\"wp-block-columns is-layout-flex wp-container-core-columns-is-layout-9d6595d7 wp-block-columns-is-layout-flex\">\n<div class=\"wp-block-column is-layout-flow wp-block-column-is-layout-flow\">\n<p><strong>A-500e<\/strong><br>Schalten Sie den Motor der K\u00e4ltemaschine ab und betreiben Sie sie elektrisch mit nachhaltiger Energie.<\/p>\n<\/div>\n\n\n\n<div class=\"wp-block-column is-layout-flow wp-block-column-is-layout-flow\">\n<p><strong>Energ-e-Batteriepack<\/strong><br><\/p>\n\n\n\n<p>Die Energie wird in einer Hochspannungsbatterie unter dem Trailer gespeichert Mindestens zwei Stunden autonomer Betrieb.<\/p>\n<\/div>\n\n\n\n<div class=\"wp-block-column is-layout-flow wp-block-column-is-layout-flow\">\n<p><strong>ePower Axle von BPW<\/strong><br>Das neue energieeffiziente Design reduziert die Auswirkungen auf die Batterie Ihres Elektrofahrzeugs.<\/p>\n<\/div>\n<\/div>\n\n\n\n<div style=\"height:100px\" aria-hidden=\"true\" class=\"wp-block-spacer\"><\/div>\n\n\n\n<h2 class=\"wp-block-heading has-copr-color has-text-color\">V\u00f6llig unabh\u00e4ngig von der Zugmaschine<\/h2>\n\n\n\n<p>Das gesamte System ist <strong>am Trailer befestigt. <\/strong>Jede Zugmaschine mit einer beliebigen Energiequelle, sei es HVO, Biodiesel oder Batterie, ist mit dem AxlePower-Trailer kompatibel.<\/p>\n\n\n\n<div style=\"height:100px\" aria-hidden=\"true\" class=\"wp-block-spacer\"><\/div>\n\n\n\n<h2 class=\"wp-block-heading has-copr-color has-text-color\">Smart Power Management<\/h2>\n\n\n\n<p>Unser einzigartiges intelligentes Ladesystem wechselt automatisch zwischen 3 Modi f\u00fcr optimale Ladeeffizienz und Benutzerfreundlichkeit, ohne dass der Fahrer eingreifen muss.<\/p>\n\n\n\n<div style=\"height:100px\" aria-hidden=\"true\" class=\"wp-block-spacer\"><\/div>\n\n\n\n<figure class=\"wp-block-image size-169-md\"><img loading=\"lazy\" decoding=\"async\" width=\"960\" height=\"540\" src=\"https:\/\/europe-thermoking.s3.eu-west-3.amazonaws.com\/wp-content\/uploads\/2023\/07\/11123355\/e-200-vehicle-2-960x540.jpg\" alt=\"\" class=\"wp-image-64124\" srcset=\"https:\/\/europe-thermoking.s3.eu-west-3.amazonaws.com\/wp-content\/uploads\/2023\/07\/11123355\/e-200-vehicle-2-960x540.jpg 960w, https:\/\/europe-thermoking.s3.eu-west-3.amazonaws.com\/wp-content\/uploads\/2023\/07\/11123355\/e-200-vehicle-2-320x180.jpg 320w, https:\/\/europe-thermoking.s3.eu-west-3.amazonaws.com\/wp-content\/uploads\/2023\/07\/11123355\/e-200-vehicle-2-640x360.jpg 640w\" sizes=\"auto, (max-width: 960px) 100vw, 960px\" \/><\/figure>\n\n\n\n<div style=\"height:100px\" aria-hidden=\"true\" class=\"wp-block-spacer\"><\/div>\n\n\n\n<div class=\"wp-block-columns is-layout-flex wp-container-core-columns-is-layout-9d6595d7 wp-block-columns-is-layout-flex\">\n<div class=\"wp-block-column is-layout-flow wp-block-column-is-layout-flow\">\n<p><strong>Rekuperativer Modus<\/strong><br>Beim Bremsen und Bergabfahren wird Energie zur\u00fcckgewonnen und das hat keine Auswirkungen auf den Kraftstoffverbrauch der Zugmaschine.<\/p>\n<\/div>\n\n\n\n<div class=\"wp-block-column is-layout-flow wp-block-column-is-layout-flow\">\n<p><strong>Passiver Modus<\/strong><br>Wird verwendet, wenn die Batterie ausreichend aufgeladen ist oder wenn nicht temperaturempfindliche Produkte transportiert werden.<\/p>\n<\/div>\n\n\n\n<div class=\"wp-block-column is-layout-flow wp-block-column-is-layout-flow\">\n<p><strong>Aktiver Modus<\/strong><br>Wird verwendet, wenn das System erkennt, dass mehr Batterieladung erzeugt werden muss, um die Maschine mit Strom zu versorgen.<\/p>\n<\/div>\n<\/div>\n\n\n\n<div style=\"height:100px\" aria-hidden=\"true\" class=\"wp-block-spacer\"><\/div>\n\n\n\n<p><strong><strong>Sehen Sie, wie unser einzigartiges Smart Power Management-System funktioniert<\/strong>:<\/strong><\/p>\n\n\n\n<figure class=\"wp-block-image size-169-md\"><a href=\"https:\/\/vimeo.com\/manage\/videos\/821932348\" target=\"_blank\" rel=\"noreferrer noopener\"><img loading=\"lazy\" decoding=\"async\" width=\"960\" height=\"540\" src=\"https:\/\/europe-thermoking.s3.eu-west-3.amazonaws.com\/wp-content\/uploads\/2023\/07\/11123728\/axlepower-movie-960x540.jpg\" alt=\"\" class=\"wp-image-64145\" srcset=\"https:\/\/europe-thermoking.s3.eu-west-3.amazonaws.com\/wp-content\/uploads\/2023\/07\/11123728\/axlepower-movie-960x540.jpg 960w, https:\/\/europe-thermoking.s3.eu-west-3.amazonaws.com\/wp-content\/uploads\/2023\/07\/11123728\/axlepower-movie-320x180.jpg 320w, https:\/\/europe-thermoking.s3.eu-west-3.amazonaws.com\/wp-content\/uploads\/2023\/07\/11123728\/axlepower-movie-640x360.jpg 640w\" sizes=\"auto, (max-width: 960px) 100vw, 960px\" \/><\/a><\/figure>\n\n\n\n<div style=\"height:100px\" aria-hidden=\"true\" class=\"wp-block-spacer\"><\/div>\n\n\n\n<h2 class=\"wp-block-heading has-copr-color has-text-color\">TracKing-e<\/h2>\n\n\n\n<p>\u00dcberwachen Sie die AxlePower-L\u00f6sung und die Reichweite mit einer vollelektrischen Erweiterung unserer TracKing-Plattform. Mit den erweiterten Online-Telematikfunktionen bleiben Sie immer auf dem Laufenden bez\u00fcglich <strong>Batteriezustand, Leistung und verbleibender Laufzeit<\/strong>! Zudem haben Sie immer Zugriff auf die entscheidenden Informationen f\u00fcr die Leistung:<\/p>\n\n\n\n<ul class=\"wp-block-list\">\n<li>Sollwert<\/li>\n\n\n\n<li>Systemleistung<\/li>\n\n\n\n<li>Batterieladezeit<\/li>\n<\/ul>\n\n\n\n<p>Mit neuen Funktionen k\u00f6nnen Sie Ihre AxlePower-Einstellungen aus der Ferne optimieren und Ihr Batteriemanagement automatisieren.<\/p>\n\n\n\n<ul class=\"wp-block-list\">\n<li><strong>Energ-e-Pack-Parameter<\/strong><\/li>\n\n\n\n<li>Flottenauslastung<\/li>\n<\/ul>\n\n\n\n<div class=\"wp-block-cover is-light\" style=\"min-height:240px;aspect-ratio:unset;\"><span aria-hidden=\"true\" class=\"wp-block-cover__background has-background-dim-0 has-background-dim\"><\/span><img loading=\"lazy\" decoding=\"async\" width=\"1200\" height=\"456\" class=\"wp-block-cover__image-background wp-image-64166\" alt=\"\" src=\"https:\/\/europe-thermoking.s3.eu-west-3.amazonaws.com\/wp-content\/uploads\/2023\/07\/11124045\/axlepower-cta.jpg\" style=\"object-position:50% 50%\" data-object-fit=\"cover\" data-object-position=\"50% 50%\" srcset=\"https:\/\/europe-thermoking.s3.eu-west-3.amazonaws.com\/wp-content\/uploads\/2023\/07\/11124045\/axlepower-cta.jpg 1200w, https:\/\/europe-thermoking.s3.eu-west-3.amazonaws.com\/wp-content\/uploads\/2023\/07\/11124045\/axlepower-cta-300x114.jpg 300w, https:\/\/europe-thermoking.s3.eu-west-3.amazonaws.com\/wp-content\/uploads\/2023\/07\/11124045\/axlepower-cta-1024x389.jpg 1024w, https:\/\/europe-thermoking.s3.eu-west-3.amazonaws.com\/wp-content\/uploads\/2023\/07\/11124045\/axlepower-cta-768x292.jpg 768w, https:\/\/europe-thermoking.s3.eu-west-3.amazonaws.com\/wp-content\/uploads\/2023\/07\/11124045\/axlepower-cta-160x61.jpg 160w, https:\/\/europe-thermoking.s3.eu-west-3.amazonaws.com\/wp-content\/uploads\/2023\/07\/11124045\/axlepower-cta-320x122.jpg 320w, https:\/\/europe-thermoking.s3.eu-west-3.amazonaws.com\/wp-content\/uploads\/2023\/07\/11124045\/axlepower-cta-40x15.jpg 40w, https:\/\/europe-thermoking.s3.eu-west-3.amazonaws.com\/wp-content\/uploads\/2023\/07\/11124045\/axlepower-cta-80x30.jpg 80w, https:\/\/europe-thermoking.s3.eu-west-3.amazonaws.com\/wp-content\/uploads\/2023\/07\/11124045\/axlepower-cta-947x360.jpg 947w, https:\/\/europe-thermoking.s3.eu-west-3.amazonaws.com\/wp-content\/uploads\/2023\/07\/11124045\/axlepower-cta-1184x450.jpg 1184w, https:\/\/europe-thermoking.s3.eu-west-3.amazonaws.com\/wp-content\/uploads\/2023\/07\/11124045\/axlepower-cta-640x243.jpg 640w, https:\/\/europe-thermoking.s3.eu-west-3.amazonaws.com\/wp-content\/uploads\/2023\/07\/11124045\/axlepower-cta-960x365.jpg 960w\" sizes=\"auto, (max-width: 1200px) 100vw, 1200px\" \/><div class=\"wp-block-cover__inner-container is-layout-flow wp-block-cover-is-layout-flow\">\n<p><strong>Fragen Sie Ihren H\u00e4ndler<\/strong><br><strong>nach Advancer AxlePower<\/strong><\/p>\n\n\n\n<div class=\"wp-block-buttons is-layout-flex wp-block-buttons-is-layout-flex\">\n<div class=\"wp-block-button is-style-fill\"><a class=\"wp-block-button__link has-coba-background-color has-background wp-element-button\" href=\"https:\/\/www.staging.europe.thermoking.com\/de\/dealer-service-network\" target=\"_blank\" rel=\"noreferrer noopener\">Kontakt aufnehmen<\/a><\/div>\n<\/div>\n<\/div><\/div>\n\n\n\n<div style=\"height:100px\" aria-hidden=\"true\" class=\"wp-block-spacer\"><\/div>\n","protected":false},"excerpt":{"rendered":"<p>AxlePower sorgt daf\u00fcr, dass keine Energie verschwendet wird! Diese am Trailer befestigte L\u00f6sung gewinnt die beim Bremsen und Bergabfahren erzeugte Energie zur\u00fcck und speichert sie, sodass Sie Ihre K\u00e4ltemaschine mit nachhaltiger Energie betreiben k\u00f6nnen. Emissionsfreie K\u00fchlung A-500eSchalten Sie den Motor der K\u00e4ltemaschine ab und betreiben Sie sie elektrisch mit nachhaltiger Energie. Energ-e-Batteriepack Die Energie wird [&hellip;]<\/p>\n","protected":false},"author":1,"featured_media":0,"parent":76379,"menu_order":0,"comment_status":"closed","ping_status":"closed","template":"","meta":{"_acf_changed":false,"footnotes":""},"class_list":["post-64408","page","type-page","status-publish","hentry"],"acf":[],"_links":{"self":[{"href":"https:\/\/www.staging.europe.thermoking.com\/de\/wp-json\/wp\/v2\/pages\/64408","targetHints":{"allow":["GET"]}}],"collection":[{"href":"https:\/\/www.staging.europe.thermoking.com\/de\/wp-json\/wp\/v2\/pages"}],"about":[{"href":"https:\/\/www.staging.europe.thermoking.com\/de\/wp-json\/wp\/v2\/types\/page"}],"author":[{"embeddable":true,"href":"https:\/\/www.staging.europe.thermoking.com\/de\/wp-json\/wp\/v2\/users\/1"}],"replies":[{"embeddable":true,"href":"https:\/\/www.staging.europe.thermoking.com\/de\/wp-json\/wp\/v2\/comments?post=64408"}],"version-history":[{"count":2,"href":"https:\/\/www.staging.europe.thermoking.com\/de\/wp-json\/wp\/v2\/pages\/64408\/revisions"}],"predecessor-version":[{"id":76648,"href":"https:\/\/www.staging.europe.thermoking.com\/de\/wp-json\/wp\/v2\/pages\/64408\/revisions\/76648"}],"up":[{"embeddable":true,"href":"https:\/\/www.staging.europe.thermoking.com\/de\/wp-json\/wp\/v2\/pages\/76379"}],"wp:attachment":[{"href":"https:\/\/www.staging.europe.thermoking.com\/de\/wp-json\/wp\/v2\/media?parent=64408"}],"curies":[{"name":"wp","href":"https:\/\/api.w.org\/{rel}","templated":true}]}}