{"id":42967,"date":"2021-03-23T12:13:09","date_gmt":"2021-03-23T12:13:09","guid":{"rendered":"https:\/\/europe.thermoking.new.local\/?page_id=42967"},"modified":"2021-04-01T08:51:24","modified_gmt":"2021-04-01T07:51:24","slug":"geld-zurueck-garantie-auf-kraftstoffeinsparungen","status":"publish","type":"page","link":"https:\/\/www.staging.europe.thermoking.com\/de\/advancer\/geld-zurueck-garantie-auf-kraftstoffeinsparungen","title":{"rendered":"Geld-zur\u00fcck-Garantie auf Kraftstoffeinsparungen"},"content":{"rendered":"\n\n\n<h2 class=\"wp-block-heading\">Spektakul\u00e4re Einsparungen. 100 % garantiert.<\/h2>\n\n\n\n<p>Die radikal \u00fcberarbeitete 48V DC Mild-Hybrid-Architektur des Advancer in Kombination mit verbl\u00fcffenden Innovationen \u2013 wie z. B. dem vollvariablen Luftstrom \u2013 <strong>erm\u00f6glicht ein bisher nicht gekanntes Ma\u00df an Kraftstoffeffizienz.<\/strong><\/p>\n\n\n\n<p>Wir stehen zu den herausragenden Kraftstoffeinsparungen, der Systemeffizienz und der unvergleichlichen Betriebszeit unserer neuesten Trailer-Transportk\u00e4ltemaschine und sind bereit, <strong>Ihnen die Differenz zur\u00fcckzuerstatten,<\/strong> wenn der Advancer nach einem Jahr sein Kraftstoffeinsparungsziel nicht erreicht.<\/p>\n\n\n\n<div style=\"height:100px\" aria-hidden=\"true\" class=\"wp-block-spacer\"><\/div>\n\n\n\n<div class=\"wp-block-cover has-background-dim\" style=\"background-image:url(https:\/\/europe-thermoking.s3.eu-west-3.amazonaws.com\/wp-content\/uploads\/2021\/03\/17144613\/tk-fuel-savings-cover-cta.jpg)\"><div class=\"wp-block-cover__inner-container is-layout-flow wp-block-cover-is-layout-flow\">\n<blockquote class=\"wp-block-quote is-layout-flow wp-block-quote-is-layout-flow\"><p>Wenn Ihr neuer Advancer nach einem Jahr nicht sein Kraftstoffeinsparungsziel erreicht, zahlen wir Ihnen die Differenz zur\u00fcck.<\/p><\/blockquote>\n<\/div><\/div>\n\n\n\n<div style=\"height:100px\" aria-hidden=\"true\" class=\"wp-block-spacer\"><\/div>\n\n\n\n<h2 class=\"wp-block-heading\">Lassen Sie Ihre Kraftstoffeinsparungen online sch\u00e4tzen<\/h2>\n\n\n\n<p>Gehen Sie zu unserem Online-Rechner, geben Sie Ihren gesamten Kraftstoffverbrauch pro Jahr ein und erhalten Sie eine Sch\u00e4tzung, wie viel Kraftstoff Sie durch den Wechsel zum Advancer sparen k\u00f6nnten!<\/p>\n\n\n\n<div class=\"wp-block-button\"><a class=\"wp-block-button__link\" href=\"https:\/\/www.tkadvancer.com\/en\/fuel\" target=\"_blank\" rel=\"noreferrer noopener\">Lassen Sie jetzt sch\u00e4tzen<\/a><\/div>\n\n\n\n<div style=\"height:100px\" aria-hidden=\"true\" class=\"wp-block-spacer\"><\/div>\n\n\n\n<h2 class=\"wp-block-heading\">Sichern Sie sich Ihre Geld-zur\u00fcck-Garantie<\/h2>\n\n\n\n<p><strong>Zur genauen Berechnung Ihrer potenziellen Kraftstoffeinsparungen sind nat\u00fcrlich noch viele weitere Details erforderlich.<\/strong> Wenn Sie Ihren H\u00e4ndler besuchen, um sich zu unserem Kraftstoffeinsparungsprogramm anzumelden, untersuchen wir Ihre durchschnittliche Umgebungstemperatur und ob Sie haupts\u00e4chlich frische oder gefrorene Waren transportieren \u2013 neben anderen Variablen. <\/p>\n\n\n\n<p>Am Ende erhalten Sie eine endg\u00fcltige Berechnung \u2013 und im gleichen Zug <strong>unsere Verpflichtung f\u00fcr Ihre Kraftstoffeinsparungen.<\/strong> Eine Verpflichtung, die so gro\u00df ist, dass wir Ihnen die Differenz zur\u00fcckzahlen, wenn die Advancer ihr Ziel nicht erreicht.<\/p>\n\n\n\n<p>Wenden Sie sich an Ihren Thermo King-H\u00e4ndler, um die TK SmartSaver-Anwendung gemeinsam auszuf\u00fcllen.<\/p>\n\n\n\n<div class=\"wp-block-button\"><a class=\"wp-block-button__link\" href=\"http:\/\/dealers.thermoking.com\/\" target=\"_blank\" rel=\"noreferrer noopener\">Wenden Sie sich an Ihren H\u00e4ndler, um loszulegen<\/a><\/div>\n","protected":false},"excerpt":{"rendered":"<p>Spektakul\u00e4re Einsparungen. 100 % garantiert. Die radikal \u00fcberarbeitete 48V DC Mild-Hybrid-Architektur des Advancer in Kombination mit verbl\u00fcffenden Innovationen \u2013 wie z. B. dem vollvariablen Luftstrom \u2013 erm\u00f6glicht ein bisher nicht gekanntes Ma\u00df an Kraftstoffeffizienz. Wir stehen zu den herausragenden Kraftstoffeinsparungen, der Systemeffizienz und der unvergleichlichen Betriebszeit unserer neuesten Trailer-Transportk\u00e4ltemaschine und sind bereit, Ihnen die Differenz [&hellip;]<\/p>\n","protected":false},"author":1,"featured_media":0,"parent":29245,"menu_order":0,"comment_status":"closed","ping_status":"closed","template":"","meta":{"_acf_changed":false,"footnotes":""},"class_list":["post-42967","page","type-page","status-publish","hentry"],"acf":[],"_links":{"self":[{"href":"https:\/\/www.staging.europe.thermoking.com\/de\/wp-json\/wp\/v2\/pages\/42967","targetHints":{"allow":["GET"]}}],"collection":[{"href":"https:\/\/www.staging.europe.thermoking.com\/de\/wp-json\/wp\/v2\/pages"}],"about":[{"href":"https:\/\/www.staging.europe.thermoking.com\/de\/wp-json\/wp\/v2\/types\/page"}],"author":[{"embeddable":true,"href":"https:\/\/www.staging.europe.thermoking.com\/de\/wp-json\/wp\/v2\/users\/1"}],"replies":[{"embeddable":true,"href":"https:\/\/www.staging.europe.thermoking.com\/de\/wp-json\/wp\/v2\/comments?post=42967"}],"version-history":[{"count":0,"href":"https:\/\/www.staging.europe.thermoking.com\/de\/wp-json\/wp\/v2\/pages\/42967\/revisions"}],"up":[{"embeddable":true,"href":"https:\/\/www.staging.europe.thermoking.com\/de\/wp-json\/wp\/v2\/pages\/29245"}],"wp:attachment":[{"href":"https:\/\/www.staging.europe.thermoking.com\/de\/wp-json\/wp\/v2\/media?parent=42967"}],"curies":[{"name":"wp","href":"https:\/\/api.w.org\/{rel}","templated":true}]}}