{"id":3663,"date":"2019-11-08T06:00:00","date_gmt":"2019-11-08T05:00:00","guid":{"rendered":"http:\/\/europe.thermoking.new.local\/home\/"},"modified":"2025-01-10T10:08:04","modified_gmt":"2025-01-10T09:08:04","slug":"home-2","status":"publish","type":"page","link":"https:\/\/www.staging.europe.thermoking.com\/de","title":{"rendered":"Thermo King"},"content":{"rendered":"\n\n<div class=\"wp-block-cover alignfull is-light has-custom-content-position is-position-bottom-left has-white-color has-text-color has-link-color wp-elements-341373e541d26fd27264add10362c8e5\"><span aria-hidden=\"true\" class=\"wp-block-cover__background has-background-dim wp-block-cover__gradient-background has-background-gradient has-cover-b-100-40-0-vertical-gradient-background\"><\/span><img decoding=\"async\" class=\"wp-block-cover__image-background wp-image-71194\" alt=\"\" src=\"https:\/\/europe-thermoking.s3.eu-west-3.amazonaws.com\/wp-content\/uploads\/2024\/10\/25092335\/v2-home-cover.jpg\" data-object-fit=\"cover\"\/><div class=\"wp-block-cover__inner-container is-layout-flow wp-block-cover-is-layout-flow\">\n<h1 class=\"wp-block-heading has-white-color has-text-color has-link-color wp-elements-ae6d02a0692d498cdae639ab27066aee\">Die Zukunft ist elektrisch<\/h1>\n\n\n\n<p class=\"has-2-xl-font-size\" style=\"text-transform:none\">Reduzierte Abh\u00e4ngigkeit von fossilen Brennstoffen und Elektrifizieren Ihrer Flotte<\/p>\n\n\n\n<div class=\"wp-block-buttons is-layout-flex wp-block-buttons-is-layout-flex\">\n<div class=\"wp-block-button has-custom-font-size is-style-outline tw-hidden has-lg-font-size is-style-outline--1\"><a class=\"wp-block-button__link wp-element-button\" style=\"border-style:none;border-width:0px;padding-top:0;padding-right:0;padding-bottom:0;padding-left:0\">Mehr lesen<\/a><\/div>\n<\/div>\n<\/div><\/div>\n\n\n\n\n<section class=\"wp-block-group alignwide\"><div class=\"wp-block-group__inner-container is-layout-flow wp-block-group-is-layout-flow\">\n<h2 class=\"wp-block-heading has-innovation-blue-color has-text-color has-link-color wp-elements-78b958903181112ebeb58a9949e9b5f3\" style=\"margin-right:var(--wp--preset--spacing--0400);margin-bottom:var(--wp--preset--spacing--0400);margin-left:var(--wp--preset--spacing--0400)\">Im fokus<\/h2>\n\n\n\n<div class=\"wp-block-columns tw-gap-6 is-layout-flex wp-container-core-columns-is-layout-9d6595d7 wp-block-columns-is-layout-flex\">\n<div class=\"wp-block-column is-layout-flow wp-block-column-is-layout-flow\"><\/div>\n\n\n\n<div class=\"wp-block-column is-layout-flow wp-block-column-is-layout-flow\"><\/div>\n\n\n\n<div class=\"wp-block-column is-layout-flow wp-block-column-is-layout-flow\"><\/div>\n<\/div>\n<\/div><\/section>\n\n\n\n\n\n<h5 class=\"wp-block-heading has-white-color has-text-color has-link-color wp-elements-f36bb5429417303ac5f8f6d1f3c1e258\">Connectivity<\/h5>\n\n\n\n<h4 class=\"wp-block-heading has-white-color has-text-color has-link-color wp-elements-828adb9add1f6a71173b3db9e0930634\">Connected<br>Solutions<\/h4>\n\n\n\n<p class=\"has-white-color has-text-color has-link-color wp-elements-eecfccd2313b4377b51589deba20c09d\">Thermo King&nbsp;stellt ein umfassendes Angebot an Produktl\u00f6sungen bereit, die speziell f\u00fcr die Transportk\u00fchlbranche entwickelt wurden. Wir sind stolz auf unsere Forschungs- und Entwicklungsarbeit im Bereich marktf\u00fchrende und innovative L\u00f6sungen und m\u00f6chten auch in Zukunft sicherstellen, dass wir unseren Kunden die zuverl\u00e4ssigsten, effizientesten und effektivsten Produkte anbieten k\u00f6nnen.<\/p>\n\n\n\n<p class=\"has-white-color has-text-color has-link-color wp-elements-792f0fa97620dd600920682ab1cb7790\">Durch den Zusammenschluss mit Frigoblock verf\u00fcgen wir \u00fcber das umfassendste Produkt- und Serviceangebot in der K\u00fchltransportindustrie. Wo immer Sie Ihre Gesch\u00e4fte auch t\u00e4tigen, unser Kundendienst und Service sind schon da.&nbsp;Thermo King&nbsp;verf\u00fcgt \u00fcber das weltweit gr\u00f6\u00dfte H\u00e4ndlernetz mit zertifizierten Technikern f\u00fcr Bus-, Lkw-, Sattelauflieger-, Schienenwagen- und Schiffsk\u00fchlger\u00e4te.<\/p>\n\n\n\n<div class=\"wp-block-buttons is-layout-flex wp-block-buttons-is-layout-flex\">\n<div class=\"wp-block-button\"><a class=\"wp-block-button__link has-ice-blue-background-color has-background wp-element-button\" href=\"https:\/\/www.staging.europe.thermoking.com\/de\/anwendungen\/connected-solutions\">Entdecken Sie<\/a><\/div>\n<\/div>\n\n\n\n\n<div class=\"wp-block-cover alignfull\"><span aria-hidden=\"true\" class=\"wp-block-cover__background has-background-dim-0 has-background-dim\"><\/span><img decoding=\"async\" class=\"wp-block-cover__image-background wp-image-70309\" alt=\"\" src=\"https:\/\/europe-thermoking.s3.eu-west-3.amazonaws.com\/wp-content\/uploads\/2024\/07\/16152208\/v2-cs-cover.jpg\" style=\"object-position:50% 50%\" data-object-fit=\"cover\" data-object-position=\"50% 50%\"\/><div class=\"wp-block-cover__inner-container is-layout-flow wp-block-cover-is-layout-flow\">\n<p class=\"has-text-align-center has-large-font-size\"><\/p>\n<\/div><\/div>\n\n\n\n\n<section class=\"wp-block-group alignwide\" style=\"padding-bottom:var(--wp--preset--spacing--section-vertical-offset)\"><div class=\"wp-block-group__inner-container is-layout-constrained wp-block-group-is-layout-constrained\">\n\n\n<h4 class=\"wp-block-heading has-white-color has-text-color has-link-color wp-elements-35b4a507a26e5422b690b35e48f0418b\">Grosse schritte hin zu den geringsten umweltauswirkungen<\/h4>\n\n\n\n<p class=\"has-white-color has-text-color has-link-color wp-elements-0c346a1a2003cc84823177f9191a0fc2\">Thermo King ist sich schon seit langer Zeit der Verantwortung als Branchenf\u00fchrer der Transportk\u00fchlung bewusst, die h\u00f6chsten Standards hinsichtlich des Umweltschutzes zu setzen. Diese Zielstrebigkeit setzen wir in allen Bereichen um. Bahnbrechende CO2-Technologie, erstes Unternehmen, das das K\u00e4ltemittel R-452A mit niedrigem Treibhauspotenzial eingef\u00fchrt hat, Optionen f\u00fcr einen extrem ger\u00e4uscharmen Betrieb, au\u00dfergew\u00f6hnlich niedrige Emissionen und modernste geringe Umweltauswirkungen.<\/p>\n\n\n\n<div class=\"wp-block-buttons is-layout-flex wp-block-buttons-is-layout-flex\">\n<div class=\"wp-block-button is-style-outline is-style-outline--2\"><a class=\"wp-block-button__link has-white-color has-text-color has-link-color wp-element-button\" href=\"https:\/\/www.staging.europe.thermoking.com\/de\/sustainable-solutions\" style=\"border-style:none;border-width:0px;padding-top:0;padding-right:0;padding-bottom:0;padding-left:0\">Mehr erfahren<\/a><\/div>\n<\/div>\n\n\n\n\n<div class=\"wp-block-cover alignfull is-light\" style=\"padding-top:0;padding-right:0;padding-bottom:0;padding-left:0\"><span aria-hidden=\"true\" class=\"wp-block-cover__background has-background-dim-0 has-background-dim\" style=\"background-color:#FFF\"><\/span><img loading=\"lazy\" decoding=\"async\" width=\"1600\" height=\"1332\" class=\"wp-block-cover__image-background wp-image-73704\" alt=\"\" src=\"https:\/\/europe-thermoking.s3.eu-west-3.amazonaws.com\/wp-content\/uploads\/2024\/11\/15125704\/Thermoking-sustainability.jpg\" data-object-fit=\"cover\" srcset=\"https:\/\/europe-thermoking.s3.eu-west-3.amazonaws.com\/wp-content\/uploads\/2024\/11\/15125704\/Thermoking-sustainability.jpg 1600w, https:\/\/europe-thermoking.s3.eu-west-3.amazonaws.com\/wp-content\/uploads\/2024\/11\/15125704\/Thermoking-sustainability-160x133.jpg 160w, https:\/\/europe-thermoking.s3.eu-west-3.amazonaws.com\/wp-content\/uploads\/2024\/11\/15125704\/Thermoking-sustainability-320x266.jpg 320w, https:\/\/europe-thermoking.s3.eu-west-3.amazonaws.com\/wp-content\/uploads\/2024\/11\/15125704\/Thermoking-sustainability-40x33.jpg 40w, https:\/\/europe-thermoking.s3.eu-west-3.amazonaws.com\/wp-content\/uploads\/2024\/11\/15125704\/Thermoking-sustainability-80x67.jpg 80w, https:\/\/europe-thermoking.s3.eu-west-3.amazonaws.com\/wp-content\/uploads\/2024\/11\/15125704\/Thermoking-sustainability-432x360.jpg 432w, https:\/\/europe-thermoking.s3.eu-west-3.amazonaws.com\/wp-content\/uploads\/2024\/11\/15125704\/Thermoking-sustainability-541x450.jpg 541w, https:\/\/europe-thermoking.s3.eu-west-3.amazonaws.com\/wp-content\/uploads\/2024\/11\/15125704\/Thermoking-sustainability-640x533.jpg 640w, https:\/\/europe-thermoking.s3.eu-west-3.amazonaws.com\/wp-content\/uploads\/2024\/11\/15125704\/Thermoking-sustainability-960x799.jpg 960w, https:\/\/europe-thermoking.s3.eu-west-3.amazonaws.com\/wp-content\/uploads\/2024\/11\/15125704\/Thermoking-sustainability-1024x852.jpg 1024w, https:\/\/europe-thermoking.s3.eu-west-3.amazonaws.com\/wp-content\/uploads\/2024\/11\/15125704\/Thermoking-sustainability-1280x1066.jpg 1280w\" sizes=\"auto, (max-width: 1600px) 100vw, 1600px\" \/><div class=\"wp-block-cover__inner-container is-layout-flow wp-block-cover-is-layout-flow\">\n<p class=\"has-text-align-center has-large-font-size\"><\/p>\n<\/div><\/div>\n\n<\/div><\/section>\n\n\n\n<section class=\"wp-block-group alignfull has-white-smoke-background-color has-background\"><div class=\"wp-block-group__inner-container is-layout-constrained wp-block-group-is-layout-constrained\">\n\n<h3 class=\"wp-block-heading\">Unser h\u00e4ndler-servicenetz. Jederzeit und \u00fcberall f\u00fcr sie da<\/h3>\n\n\n\n<p>Thermo&nbsp;King-Kunden genie\u00dfen die Vorteile des umfassendsten Kundendienstnetzes der Branche. Experten stehen Ihnen rund um die Uhr telefonisch bereit. Wohin es Ihre Fahrzeuge auch verschl\u00e4gt, sie werden nirgendwo im Stich gelassen.<\/p>\n\n\n\n<ul class=\"wp-block-list\">\n<li>7 tage die woche, rund um die uhr f\u00fcr sie da<\/li>\n\n\n\n<li>Mehr als 500 autorisierte standorte in 75 l\u00e4ndern<\/li>\n\n\n\n<li>\u00dcber 1400 zertifizierte techniker<\/li>\n<\/ul>\n\n<\/div><\/section>\n","protected":false},"excerpt":{"rendered":"<p>Im fokus<\/p>\n","protected":false},"author":1,"featured_media":0,"parent":0,"menu_order":0,"comment_status":"closed","ping_status":"open","template":"","meta":{"_acf_changed":false,"footnotes":""},"class_list":["post-3663","page","type-page","status-publish","hentry"],"acf":[],"_links":{"self":[{"href":"https:\/\/www.staging.europe.thermoking.com\/de\/wp-json\/wp\/v2\/pages\/3663","targetHints":{"allow":["GET"]}}],"collection":[{"href":"https:\/\/www.staging.europe.thermoking.com\/de\/wp-json\/wp\/v2\/pages"}],"about":[{"href":"https:\/\/www.staging.europe.thermoking.com\/de\/wp-json\/wp\/v2\/types\/page"}],"author":[{"embeddable":true,"href":"https:\/\/www.staging.europe.thermoking.com\/de\/wp-json\/wp\/v2\/users\/1"}],"replies":[{"embeddable":true,"href":"https:\/\/www.staging.europe.thermoking.com\/de\/wp-json\/wp\/v2\/comments?post=3663"}],"version-history":[{"count":16,"href":"https:\/\/www.staging.europe.thermoking.com\/de\/wp-json\/wp\/v2\/pages\/3663\/revisions"}],"predecessor-version":[{"id":74914,"href":"https:\/\/www.staging.europe.thermoking.com\/de\/wp-json\/wp\/v2\/pages\/3663\/revisions\/74914"}],"wp:attachment":[{"href":"https:\/\/www.staging.europe.thermoking.com\/de\/wp-json\/wp\/v2\/media?parent=3663"}],"curies":[{"name":"wp","href":"https:\/\/api.w.org\/{rel}","templated":true}]}}