{"id":3645,"date":"2018-06-08T13:31:55","date_gmt":"2018-06-08T12:31:55","guid":{"rendered":"http:\/\/europe.thermoking.new.local\/telematics\/usb-datalogger\/"},"modified":"2019-07-16T12:34:30","modified_gmt":"2019-07-16T11:34:30","slug":"usb-datalogger","status":"publish","type":"page","link":"https:\/\/www.staging.europe.thermoking.com\/de\/anwendungen\/connected-solutions\/usb-datalogger","title":{"rendered":"USB-Datenlogger"},"content":{"rendered":"\n<div class=\"wp-block-columns has-2-columns is-layout-flex wp-container-core-columns-is-layout-9d6595d7 wp-block-columns-is-layout-flex\">\n<div class=\"wp-block-column is-layout-flow wp-block-column-is-layout-flow\">\n<h1 class=\"wp-block-heading\">USB-Datenlogger<\/h1>\n<\/div>\n\n\n\n<div class=\"wp-block-column is-layout-flow wp-block-column-is-layout-flow\"><\/div>\n<\/div>\n\n\n\n<h2 class=\"wp-block-heading\">Temperaturaufzeichnungsger\u00e4t<\/h2>\n\n\n\n<p>Dieser USB-Datenlogger misst und speichert bis zu 16.382 Temperaturlesungen zwischen -35\u00a0\u00b0C und +80\u00a0\u00b0C. Der Benutzer kann das Modul direkt an den USB-Port eines PCs anschlie\u00dfen, die Konfiguration des Datenloggers vornehmen (Aufzeichnungsrate, Startzeit, Alarme) und die gespeicherten Daten \u00fcber die Windows-Software herunterladen.<\/p>\n\n\n\n<h2 class=\"wp-block-heading\">Aufzeichnung von Temperatur, Feuchtigkeit und Taupunkt<\/h2>\n\n\n\n<p>Im Gegensatz zum obigen Modell zeichnet dieser USB-Datenlogger zus\u00e4tzlich zur Temperatur auch die relative Luftfeuchte zwischen 0\u00a0% und 100\u00a0% auf.<\/p>\n\n\n\n<p>Beide Ger\u00e4te sind mit einer langlebigen Lithiumbatterie ausgestattet und funktionieren mindestens 1\u00a0Jahr autonom. Gr\u00fcne\/rote LEDs auf den Ger\u00e4ten informieren \u00fcber ihren Status und Alarme.<\/p>\n\n\n\n<p>Diese Datenlogger sind ideal f\u00fcr Anwendungen, die nicht EN 12830 unterliegen (Laderaumgr\u00f6\u00dfe kleiner als 10 m\u00b3).<\/p>\n\n\n\n<h3 class=\"wp-block-heading\">Hauptfunktionen<\/h3>\n\n\n\n<div class=\"wp-block-image\"><figure class=\"alignright is-resized\"><img decoding=\"async\" src=\"https:\/\/europe-thermoking.s3.eu-west-3.amazonaws.com\/wp-content\/uploads\/2019\/07\/17154730\/temperature-usb-datalogger.png\" alt=\"\" class=\"wp-image-11064\" width=\"160\" srcset=\"https:\/\/europe-thermoking.s3.eu-west-3.amazonaws.com\/wp-content\/uploads\/2019\/07\/17154730\/temperature-usb-datalogger.png 260w, https:\/\/europe-thermoking.s3.eu-west-3.amazonaws.com\/wp-content\/uploads\/2019\/07\/17154730\/temperature-usb-datalogger-160x60.png 160w, https:\/\/europe-thermoking.s3.eu-west-3.amazonaws.com\/wp-content\/uploads\/2019\/07\/17154730\/temperature-usb-datalogger-40x15.png 40w, https:\/\/europe-thermoking.s3.eu-west-3.amazonaws.com\/wp-content\/uploads\/2019\/07\/17154730\/temperature-usb-datalogger-80x30.png 80w\" sizes=\"(max-width: 260px) 100vw, 260px\" \/><\/figure><\/div>\n\n\n\n<ul class=\"wp-block-list\"><li>USB-Schnittstelle zur Konfiguration und zum Downloaden von Daten<\/li><li>Benutzerprogrammierbare Alarmgrenzwerte f\u00fcr rF-% und Temperatur<\/li><li>Grafikanzeige mit allen Parametern (einschl. Anzeige des Taupunkts) \u00fcber Benutzersoftware (Windows 98, 2000, XP und Vista)<\/li><\/ul>\n\n\n\n<p>[spacer]<\/p>\n\n\n","protected":false},"excerpt":{"rendered":"<p>USB-Datenlogger Temperaturaufzeichnungsger\u00e4t Dieser USB-Datenlogger misst und speichert bis zu 16.382 Temperaturlesungen zwischen -35\u00a0\u00b0C und +80\u00a0\u00b0C. Der Benutzer kann das Modul direkt an den USB-Port eines PCs anschlie\u00dfen, die Konfiguration des Datenloggers vornehmen (Aufzeichnungsrate, Startzeit, Alarme) und die gespeicherten Daten \u00fcber die Windows-Software herunterladen. Aufzeichnung von Temperatur, Feuchtigkeit und Taupunkt Im Gegensatz zum obigen Modell zeichnet [&hellip;]<\/p>\n","protected":false},"author":1,"featured_media":0,"parent":2655,"menu_order":0,"comment_status":"closed","ping_status":"closed","template":"","meta":{"_acf_changed":false,"footnotes":""},"class_list":["post-3645","page","type-page","status-publish","hentry"],"acf":[],"_links":{"self":[{"href":"https:\/\/www.staging.europe.thermoking.com\/de\/wp-json\/wp\/v2\/pages\/3645","targetHints":{"allow":["GET"]}}],"collection":[{"href":"https:\/\/www.staging.europe.thermoking.com\/de\/wp-json\/wp\/v2\/pages"}],"about":[{"href":"https:\/\/www.staging.europe.thermoking.com\/de\/wp-json\/wp\/v2\/types\/page"}],"author":[{"embeddable":true,"href":"https:\/\/www.staging.europe.thermoking.com\/de\/wp-json\/wp\/v2\/users\/1"}],"replies":[{"embeddable":true,"href":"https:\/\/www.staging.europe.thermoking.com\/de\/wp-json\/wp\/v2\/comments?post=3645"}],"version-history":[{"count":0,"href":"https:\/\/www.staging.europe.thermoking.com\/de\/wp-json\/wp\/v2\/pages\/3645\/revisions"}],"up":[{"embeddable":true,"href":"https:\/\/www.staging.europe.thermoking.com\/de\/wp-json\/wp\/v2\/pages\/2655"}],"wp:attachment":[{"href":"https:\/\/www.staging.europe.thermoking.com\/de\/wp-json\/wp\/v2\/media?parent=3645"}],"curies":[{"name":"wp","href":"https:\/\/api.w.org\/{rel}","templated":true}]}}