{"id":3626,"date":"2018-06-08T13:30:48","date_gmt":"2018-06-08T12:30:48","guid":{"rendered":"http:\/\/europe.thermoking.new.local\/telematics\/touchprint\/"},"modified":"2019-11-12T08:56:55","modified_gmt":"2019-11-12T08:56:55","slug":"touchprint","status":"publish","type":"page","link":"https:\/\/www.staging.europe.thermoking.com\/de\/anwendungen\/connected-solutions\/touchprint","title":{"rendered":"TouchLog"},"content":{"rendered":"\n\n\n<div class=\"wp-block-columns has-2-columns is-layout-flex wp-container-core-columns-is-layout-9d6595d7 wp-block-columns-is-layout-flex\">\n<div class=\"wp-block-column is-layout-flow wp-block-column-is-layout-flow\">\n<h1 class=\"wp-block-heading\">TouchLog<\/h1>\n<\/div>\n\n\n\n<div class=\"wp-block-column is-layout-flow wp-block-column-is-layout-flow\"><\/div>\n<\/div>\n\n\n\n<h6 class=\"wp-block-heading\">Erfassung und Ausdruck von Temperaturdaten f\u00fcr alle K\u00fchlfahrzeuge<\/h6>\n\n\n\n<p>Der TouchLog-Datenlogger von Thermo King ist kompakt, benutzerfreundlich, bietet Flexibilit\u00e4t beim Herunterladen und schnelles Drucken.<\/p>\n\n\n\n<p>TouchLog ist ein innovativer Datenlogger mit fortschrittlichen Funktionen, um zahlreichen Anforderungen gerecht zu werden. Der Schwerpunkt liegt auf korrekten Messergebnissen, flexiblen Exportoptionen und einer intuitiven Schnittstelle.<\/p>\n\n\n\n<p>TouchLog zeichnet sich durch eine Genauigkeit von 0,5&nbsp;K zwischen -25&nbsp;\u00b0C und +8&nbsp;\u00b0C, und 1&nbsp;K zwischen -30&nbsp;\u00b0C bis -25&nbsp;\u00b0C und +8&nbsp;\u00b0C bis +30&nbsp;\u00b0C aus. Das bedeutet Folgendes: Wenn ein empfindliches Produkt im Temperaturbereich von +4&nbsp;\u00b0C bis +8&nbsp;\u00b0C transportiert werden muss und der unabh\u00e4ngige Datenlogger eine Temperatur von 7,5&nbsp;\u00b0C anzeigt:<\/p>\n\n\n\n<ul class=\"wp-block-list\"><li>Bei einem Datenlogger der Klasse I mit einer Genauigkeit von 1&nbsp;Grad hei\u00dft das, dass die Produkttemperatur im Bereich von 6,5&nbsp;\u00b0C bis 8,5&nbsp;\u00b0C liegen kann \u2013 m\u00f6glicherweise also au\u00dferhalb des erforderlichen Bereichs.<\/li><li>Bei einem TouchLog-Datenlogger mit einer Genauigkeit von 0,5&nbsp;K befindet sich das Produkt innerhalb des erforderlichen Temperaturbereichs von 7 bis 8&nbsp;\u00b0C.<\/li><\/ul>\n\n\n\n<p>TouchLog-Daten lassen sich \u00fcber die TracKing-Plattform von Thermo&nbsp;King abrufen. Sie k\u00f6nnen deshalb die Temperaturbedingungen Ihrer Ladung vollst\u00e4ndig transparent einsehen.<\/p>\n\n\n\n<p>In Bezug auf die Zertifizierung erf\u00fcllt dieses Temperaturaufzeichnungsger\u00e4t alle Normen f\u00fcr den Lebensmitteltransport: EN 12830, Zulassung Typ E und WELMEC 7.2. Dieses Produkt ist modular aufgebaut und passt in einen standardm\u00e4\u00dfigen DIN-Radioschacht, der mit einem IP&nbsp;65-Geh\u00e4use f\u00fcr die externe Montage ausgestattet ist. Dank seiner kompakten Gr\u00f6\u00dfe und seinem leichten Gewicht passt es auch problemlos auf das Armaturenbrett.<\/p>\n\n\n\n<p>Dieses Temperatur\u00fcberwachungsger\u00e4t besitzt seine eigenen Sensoren und ist f\u00fcr Temperaturregelsysteme jeder Art geeignet.<\/p>\n\n\n\n<h2 class=\"wp-block-heading\"><strong>Hauptmerkmale<\/strong><strong><\/strong><\/h2>\n\n\n\n<ul class=\"wp-block-list\"><li>Kapazitiver Touchscreen f\u00fcr eine schnelle, symbolbasierte Navigation<\/li><li>Mini-USB-Anschluss f\u00fcr den Export von Ticket-Dateien (.pdf und .txt)<\/li><li>Hochgeschwindigkeits-Thermodrucker f\u00fcr tabellarische und grafische Ausdrucke<\/li><li>Gro\u00dfer Flashspeicher, auf dem sich die Daten von mindestens 1&nbsp;Jahr speichern lassen<\/li><li>Bis zu 3 serielle Kommunikationsports (RS232\/RS485) f\u00fcr den Anschluss an einem:<ul><li>TracKing-Plattform von Thermo King<\/li><li>Thermo&nbsp;King-K\u00fchlger\u00e4teregler f\u00fcr Temperatursollwert<\/li><\/ul><\/li><\/ul>\n\n\n\n<div class=\"wp-block-image\"><figure class=\"aligncenter\"><img loading=\"lazy\" decoding=\"async\" width=\"600\" height=\"178\" src=\"https:\/\/europe-thermoking.s3.eu-west-3.amazonaws.com\/wp-content\/uploads\/2019\/11\/17152751\/TouchLog-visual.png\" alt=\"\" class=\"wp-image-22333\" srcset=\"https:\/\/europe-thermoking.s3.eu-west-3.amazonaws.com\/wp-content\/uploads\/2019\/11\/17152751\/TouchLog-visual.png 600w, https:\/\/europe-thermoking.s3.eu-west-3.amazonaws.com\/wp-content\/uploads\/2019\/11\/17152751\/TouchLog-visual-300x89.png 300w, https:\/\/europe-thermoking.s3.eu-west-3.amazonaws.com\/wp-content\/uploads\/2019\/11\/17152751\/TouchLog-visual-320x95.png 320w, https:\/\/europe-thermoking.s3.eu-west-3.amazonaws.com\/wp-content\/uploads\/2019\/11\/17152751\/TouchLog-visual-160x47.png 160w\" sizes=\"auto, (max-width: 600px) 100vw, 600px\" \/><\/figure><\/div>\n\n\n\n<p>[spacer]<\/p>\n\n\n","protected":false},"excerpt":{"rendered":"<p>TouchLog Erfassung und Ausdruck von Temperaturdaten f\u00fcr alle K\u00fchlfahrzeuge Der TouchLog-Datenlogger von Thermo King ist kompakt, benutzerfreundlich, bietet Flexibilit\u00e4t beim Herunterladen und schnelles Drucken. TouchLog ist ein innovativer Datenlogger mit fortschrittlichen Funktionen, um zahlreichen Anforderungen gerecht zu werden. Der Schwerpunkt liegt auf korrekten Messergebnissen, flexiblen Exportoptionen und einer intuitiven Schnittstelle. TouchLog zeichnet sich durch eine [&hellip;]<\/p>\n","protected":false},"author":1,"featured_media":17981,"parent":2655,"menu_order":0,"comment_status":"closed","ping_status":"closed","template":"","meta":{"_acf_changed":false,"footnotes":""},"class_list":["post-3626","page","type-page","status-publish","has-post-thumbnail","hentry"],"acf":[],"_links":{"self":[{"href":"https:\/\/www.staging.europe.thermoking.com\/de\/wp-json\/wp\/v2\/pages\/3626","targetHints":{"allow":["GET"]}}],"collection":[{"href":"https:\/\/www.staging.europe.thermoking.com\/de\/wp-json\/wp\/v2\/pages"}],"about":[{"href":"https:\/\/www.staging.europe.thermoking.com\/de\/wp-json\/wp\/v2\/types\/page"}],"author":[{"embeddable":true,"href":"https:\/\/www.staging.europe.thermoking.com\/de\/wp-json\/wp\/v2\/users\/1"}],"replies":[{"embeddable":true,"href":"https:\/\/www.staging.europe.thermoking.com\/de\/wp-json\/wp\/v2\/comments?post=3626"}],"version-history":[{"count":0,"href":"https:\/\/www.staging.europe.thermoking.com\/de\/wp-json\/wp\/v2\/pages\/3626\/revisions"}],"up":[{"embeddable":true,"href":"https:\/\/www.staging.europe.thermoking.com\/de\/wp-json\/wp\/v2\/pages\/2655"}],"wp:featuredmedia":[{"embeddable":true,"href":"https:\/\/www.staging.europe.thermoking.com\/de\/wp-json\/wp\/v2\/media\/17981"}],"wp:attachment":[{"href":"https:\/\/www.staging.europe.thermoking.com\/de\/wp-json\/wp\/v2\/media?parent=3626"}],"curies":[{"name":"wp","href":"https:\/\/api.w.org\/{rel}","templated":true}]}}